{"id":582,"date":"2021-12-13T05:24:19","date_gmt":"2021-12-13T05:24:19","guid":{"rendered":"https:\/\/blockart-agency.sites.qsandbox.com\/?page_id=582"},"modified":"2025-02-19T13:26:34","modified_gmt":"2025-02-19T13:26:34","slug":"contact","status":"publish","type":"page","link":"https:\/\/didvirtualnumbers.com\/tr\/contact\/","title":{"rendered":"Ki\u015filer"},"content":{"rendered":"<div class=\"blockart-section blockart-section-73441fc0\"><div class=\"blockart-container\"><div class=\"blockart-section-inner\">\n<div class=\"blockart-column blockart-column-19d4e79a\"><div class=\"blockart-column-inner\">\n<h2 class=\"blockart-heading blockart-heading-ed8ed03b\">Adres<\/h2>\n\n\n\n<p class=\"blockart-paragraph blockart-paragraph-d195d6a0\">cadde. Kabanbay Bat\u0131r, 28; Astana, Kazakistan<\/p>\n<\/div><\/div>\n<\/div><\/div><\/div>\n\n\n\n<div class=\"blockart-section blockart-section-979ffdef\"><div class=\"blockart-container-fluid\"><div class=\"blockart-section-inner\"><\/div><\/div><\/div>\n\n\n\n<div style=\"height:40px\" aria-hidden=\"true\" class=\"wp-block-spacer\"><\/div>\n\n\n\n<div class=\"blockart-section blockart-section-776ec069\"><div class=\"blockart-container\"><div class=\"blockart-section-inner\">\n<div class=\"blockart-column blockart-column-9a588b9d\"><div class=\"blockart-column-inner\">\n<div class=\"blockart-column blockart-column-b61c9606\"><div class=\"blockart-column-inner\">\n<h2 class=\"blockart-heading blockart-heading-9771e43a\">E-posta<\/h2>\n\n\n\n<p class=\"has-text-align-center\"><a href=\"mailto:customer.care@didvirtualnumbers.com\">customer.care@didvirtualnumbers.com<\/a><\/p>\n<\/div><\/div>\n<\/div><\/div>\n<\/div><\/div><\/div>\n\n\n\n<div class=\"blockart-section blockart-section-a9a18415\"><div class=\"blockart-container\"><div class=\"blockart-section-inner\">\n<div class=\"blockart-column blockart-column-732ad47e\"><div class=\"blockart-column-inner\">\n<div class=\"blockart-column blockart-column-330aed76\"><div class=\"blockart-column-inner\">\n<h2 class=\"blockart-heading blockart-heading-4e26de0b\">Aramalar i\u00e7in telefon numaras\u0131<\/h2>\n\n\n\n<p class=\"blockart-paragraph blockart-paragraph-08122eef\"><a href=\"tel:+77172973425\">+7(717) 297-3425<\/a><\/p>\n<\/div><\/div>\n<\/div><\/div>\n<\/div><\/div><\/div>\n\n\n\n<div class=\"blockart-section blockart-section-6d9887c3\"><div class=\"blockart-container-fluid\"><div class=\"blockart-section-inner\">\n<div class=\"blockart-column blockart-column-946d1c71\"><div class=\"blockart-column-inner\">\n<figure class=\"blockart-image blockart-image-cb9e1b82\"><img loading=\"lazy\" decoding=\"async\" class=\"wp-image-1073 hover-effect-static filter-none mask mask-none\" src=\"https:\/\/didvirtualnumbers.com\/wp-content\/uploads\/2021\/12\/contact-cta.png\" alt=\"\" height=\"151\" width=\"800\" srcset=\"https:\/\/didvirtualnumbers.com\/wp-content\/uploads\/2021\/12\/contact-cta.png 800w, https:\/\/didvirtualnumbers.com\/wp-content\/uploads\/2021\/12\/contact-cta-600x113.png 600w, https:\/\/didvirtualnumbers.com\/wp-content\/uploads\/2021\/12\/contact-cta-300x57.png 300w, https:\/\/didvirtualnumbers.com\/wp-content\/uploads\/2021\/12\/contact-cta-768x145.png 768w\" sizes=\"auto, (max-width: 800px) 100vw, 800px\" \/><\/figure>\n<\/div><\/div>\n<\/div><\/div><\/div>\n\n\n\n<div class=\"blockart-section blockart-section-a8c7c151\"><div class=\"blockart-container\"><div class=\"blockart-section-inner\">\n<div class=\"blockart-column blockart-column-dab34859\"><div class=\"blockart-column-inner\"><\/div><\/div>\n\n\n\n<div class=\"blockart-column blockart-column-4d4d4da2\"><div class=\"blockart-column-inner\">\n<h2 class=\"blockart-heading blockart-heading-4d52da07\">Hadi Konu\u015fal\u0131m<\/h2>\n\n\n\n<p class=\"blockart-paragraph blockart-paragraph-3b27db7b\"> \u0130leti\u015fim halindeyiz ve m\u00fc\u015fterilerimizin ve ortaklar\u0131m\u0131z\u0131n mevcut sorunlar\u0131 \u00e7\u00f6zmelerine yard\u0131mc\u0131 olmaya haz\u0131r\u0131z.<\/p>\n\n\n\n<div class=\"blockart-buttons blockart-buttons-9b8a5ac4 is-wrap is-horizontal justify-center\">\n<div class=\"blockart-button blockart-button-88163c98\"><a class=\"blockart-button-link is-large is-style-filled\" href=\"tel:+77172973425\" target=\"_blank\" rel=\"noopener\">Bizi aray\u0131n<\/a><\/div>\n<\/div>\n<\/div><\/div>\n\n\n\n<div class=\"blockart-column blockart-column-119d63ce\"><div class=\"blockart-column-inner\"><\/div><\/div>\n<\/div><\/div><\/div>","protected":false},"excerpt":{"rendered":"","protected":false},"author":1,"featured_media":0,"parent":0,"menu_order":0,"comment_status":"closed","ping_status":"closed","template":"page-templates\/pagebuilder.php","meta":{"zakra_sidebar_layout":"stretched","zakra_remove_content_margin":true,"zakra_sidebar":"customizer","zakra_transparent_header":"customizer","zakra_logo":0,"zakra_main_header_style":"default","zakra_menu_item_color":"","zakra_menu_item_hover_color":"#000000","zakra_menu_item_active_color":"#23ab70","zakra_menu_active_style":"","zakra_page_header":true,"footnotes":""},"class_list":["post-582","page","type-page","status-publish","hentry"],"yoast_head":"<!-- This site is optimized with the Yoast SEO plugin v27.0 - https:\/\/yoast.com\/product\/yoast-seo-wordpress\/ -->\n<title>\u041a\u043e\u043d\u0442\u0430\u043a\u0442\u044b - DID Virtual Numbers<\/title>\n<meta name=\"description\" content=\"\u041a\u043e\u043d\u0442\u0430\u043a\u0442\u043d\u0430\u044f \u0438\u043d\u0444\u043e\u0440\u043c\u0430\u0446\u0438\u044f DID Virtual Numbers. \u0411\u044b\u0441\u0442\u0440\u043e\u0435 \u043f\u043e\u0434\u043a\u043b\u044e\u0447\u0435\u043d\u0438\u0435 \u0438 \u0437\u0430\u0449\u0438\u0449\u0451\u043d\u043d\u043e\u0441\u0442\u044c \u23e9 \u0411\u043e\u043b\u0435\u0435 90+ \u0441\u0442\u0440\u0430\u043d \u0434\u043e\u0441\u0442\u0443\u043f\u043d\u043e \ud83d\udcb2 \u041f\u0440\u0438\u043d\u0438\u043c\u0430\u0435\u043c \u043a\u0440\u0438\u043f\u0442\u0443\" \/>\n<meta name=\"robots\" content=\"index, follow, max-snippet:-1, max-image-preview:large, max-video-preview:-1\" \/>\n<link rel=\"canonical\" href=\"https:\/\/didvirtualnumbers.com\/tr\/contact\/\" \/>\n<meta property=\"og:locale\" content=\"tr_TR\" \/>\n<meta property=\"og:type\" content=\"article\" \/>\n<meta property=\"og:title\" content=\"\u041a\u043e\u043d\u0442\u0430\u043a\u0442\u044b - DID Virtual Numbers\" \/>\n<meta property=\"og:description\" content=\"\u041a\u043e\u043d\u0442\u0430\u043a\u0442\u043d\u0430\u044f \u0438\u043d\u0444\u043e\u0440\u043c\u0430\u0446\u0438\u044f DID Virtual Numbers. \u0411\u044b\u0441\u0442\u0440\u043e\u0435 \u043f\u043e\u0434\u043a\u043b\u044e\u0447\u0435\u043d\u0438\u0435 \u0438 \u0437\u0430\u0449\u0438\u0449\u0451\u043d\u043d\u043e\u0441\u0442\u044c \u23e9 \u0411\u043e\u043b\u0435\u0435 90+ \u0441\u0442\u0440\u0430\u043d \u0434\u043e\u0441\u0442\u0443\u043f\u043d\u043e \ud83d\udcb2 \u041f\u0440\u0438\u043d\u0438\u043c\u0430\u0435\u043c \u043a\u0440\u0438\u043f\u0442\u0443\" \/>\n<meta property=\"og:url\" content=\"https:\/\/didvirtualnumbers.com\/tr\/contact\/\" \/>\n<meta property=\"og:site_name\" content=\"DIDVirtualNumbers.com\" \/>\n<meta property=\"article:modified_time\" content=\"2025-02-19T13:26:34+00:00\" \/>\n<meta property=\"og:image\" content=\"https:\/\/didvirtualnumbers.com\/wp-content\/uploads\/2021\/12\/contact-cta.png\" \/>\n\t<meta property=\"og:image:width\" content=\"800\" \/>\n\t<meta property=\"og:image:height\" content=\"151\" \/>\n\t<meta property=\"og:image:type\" content=\"image\/png\" \/>\n<meta name=\"twitter:card\" content=\"summary_large_image\" \/>\n<meta name=\"twitter:title\" content=\"\u041a\u043e\u043d\u0442\u0430\u043a\u0442\u044b - DID Virtual Numbers\" \/>\n<meta name=\"twitter:description\" content=\"\u041a\u043e\u043d\u0442\u0430\u043a\u0442\u043d\u0430\u044f \u0438\u043d\u0444\u043e\u0440\u043c\u0430\u0446\u0438\u044f DID Virtual Numbers. \u0411\u044b\u0441\u0442\u0440\u043e\u0435 \u043f\u043e\u0434\u043a\u043b\u044e\u0447\u0435\u043d\u0438\u0435 \u0438 \u0437\u0430\u0449\u0438\u0449\u0451\u043d\u043d\u043e\u0441\u0442\u044c \u23e9 \u0411\u043e\u043b\u0435\u0435 90+ \u0441\u0442\u0440\u0430\u043d \u0434\u043e\u0441\u0442\u0443\u043f\u043d\u043e \ud83d\udcb2 \u041f\u0440\u0438\u043d\u0438\u043c\u0430\u0435\u043c \u043a\u0440\u0438\u043f\u0442\u0443\" \/>\n<meta name=\"twitter:label1\" content=\"Tahmini okuma s\u00fcresi\" \/>\n\t<meta name=\"twitter:data1\" content=\"1 dakika\" \/>\n<script type=\"application\/ld+json\" class=\"yoast-schema-graph\">{\"@context\":\"https:\/\/schema.org\",\"@graph\":[{\"@type\":\"WebPage\",\"@id\":\"https:\/\/didvirtualnumbers.com\/contact\/\",\"url\":\"https:\/\/didvirtualnumbers.com\/contact\/\",\"name\":\"\u041a\u043e\u043d\u0442\u0430\u043a\u0442\u044b - DID Virtual Numbers\",\"isPartOf\":{\"@id\":\"https:\/\/didvirtualnumbers.com\/#website\"},\"primaryImageOfPage\":{\"@id\":\"https:\/\/didvirtualnumbers.com\/contact\/#primaryimage\"},\"image\":{\"@id\":\"https:\/\/didvirtualnumbers.com\/contact\/#primaryimage\"},\"thumbnailUrl\":\"https:\/\/didvirtualnumbers.com\/wp-content\/uploads\/2021\/12\/contact-cta.png\",\"datePublished\":\"2021-12-13T05:24:19+00:00\",\"dateModified\":\"2025-02-19T13:26:34+00:00\",\"description\":\"\u041a\u043e\u043d\u0442\u0430\u043a\u0442\u043d\u0430\u044f \u0438\u043d\u0444\u043e\u0440\u043c\u0430\u0446\u0438\u044f DID Virtual Numbers. \u0411\u044b\u0441\u0442\u0440\u043e\u0435 \u043f\u043e\u0434\u043a\u043b\u044e\u0447\u0435\u043d\u0438\u0435 \u0438 \u0437\u0430\u0449\u0438\u0449\u0451\u043d\u043d\u043e\u0441\u0442\u044c \u23e9 \u0411\u043e\u043b\u0435\u0435 90+ \u0441\u0442\u0440\u0430\u043d \u0434\u043e\u0441\u0442\u0443\u043f\u043d\u043e \ud83d\udcb2 \u041f\u0440\u0438\u043d\u0438\u043c\u0430\u0435\u043c \u043a\u0440\u0438\u043f\u0442\u0443\",\"breadcrumb\":{\"@id\":\"https:\/\/didvirtualnumbers.com\/contact\/#breadcrumb\"},\"inLanguage\":\"tr\",\"potentialAction\":[{\"@type\":\"ReadAction\",\"target\":[\"https:\/\/didvirtualnumbers.com\/contact\/\"]}]},{\"@type\":\"ImageObject\",\"inLanguage\":\"tr\",\"@id\":\"https:\/\/didvirtualnumbers.com\/contact\/#primaryimage\",\"url\":\"https:\/\/didvirtualnumbers.com\/wp-content\/uploads\/2021\/12\/contact-cta.png\",\"contentUrl\":\"https:\/\/didvirtualnumbers.com\/wp-content\/uploads\/2021\/12\/contact-cta.png\"},{\"@type\":\"BreadcrumbList\",\"@id\":\"https:\/\/didvirtualnumbers.com\/contact\/#breadcrumb\",\"itemListElement\":[{\"@type\":\"ListItem\",\"position\":1,\"name\":\"\u0413\u043b\u0430\u0432\u043d\u0430\u044f \u0441\u0442\u0440\u0430\u043d\u0438\u0446\u0430\",\"item\":\"https:\/\/didvirtualnumbers.com\/\"},{\"@type\":\"ListItem\",\"position\":2,\"name\":\"\u041a\u043e\u043d\u0442\u0430\u043a\u0442\u044b\"}]},{\"@type\":\"WebSite\",\"@id\":\"https:\/\/didvirtualnumbers.com\/#website\",\"url\":\"https:\/\/didvirtualnumbers.com\/\",\"name\":\"DIDVirtualNumbers.com\",\"description\":\"\u0412\u0438\u0440\u0442\u0443\u0430\u043b\u044c\u043d\u044b\u0435 \u043d\u043e\u043c\u0435\u0440\u0430 \u0442\u0435\u043b\u0435\u0444\u043e\u043d\u043e\u0432\",\"publisher\":{\"@id\":\"https:\/\/didvirtualnumbers.com\/#organization\"},\"potentialAction\":[{\"@type\":\"SearchAction\",\"target\":{\"@type\":\"EntryPoint\",\"urlTemplate\":\"https:\/\/didvirtualnumbers.com\/?s={search_term_string}\"},\"query-input\":{\"@type\":\"PropertyValueSpecification\",\"valueRequired\":true,\"valueName\":\"search_term_string\"}}],\"inLanguage\":\"tr\"},{\"@type\":\"Organization\",\"@id\":\"https:\/\/didvirtualnumbers.com\/#organization\",\"name\":\"DID Virtual Numbers\",\"url\":\"https:\/\/didvirtualnumbers.com\/\",\"logo\":{\"@type\":\"ImageObject\",\"inLanguage\":\"tr\",\"@id\":\"https:\/\/didvirtualnumbers.com\/#\/schema\/logo\/image\/\",\"url\":\"https:\/\/didvirtualnumbers.com\/wp-content\/uploads\/2023\/03\/Logo-3.png\",\"contentUrl\":\"https:\/\/didvirtualnumbers.com\/wp-content\/uploads\/2023\/03\/Logo-3.png\",\"width\":121,\"height\":69,\"caption\":\"DID Virtual Numbers\"},\"image\":{\"@id\":\"https:\/\/didvirtualnumbers.com\/#\/schema\/logo\/image\/\"}}]}<\/script>\n<!-- \/ Yoast SEO plugin. -->","yoast_head_json":{"title":"Ki\u015filer - DID Sanal Numaralar\u0131","description":"DID Sanal Numaralar\u0131 i\u00e7in ileti\u015fim bilgileri. H\u0131zl\u0131 ba\u011flant\u0131 ve g\u00fcvenlik \u23e9 90&#039;dan fazla \u00fclkede mevcut \ud83d\udcb2 Kripto kabul ediyoruz","robots":{"index":"index","follow":"follow","max-snippet":"max-snippet:-1","max-image-preview":"max-image-preview:large","max-video-preview":"max-video-preview:-1"},"canonical":"https:\/\/didvirtualnumbers.com\/tr\/contact\/","og_locale":"tr_TR","og_type":"article","og_title":"\u041a\u043e\u043d\u0442\u0430\u043a\u0442\u044b - DID Virtual Numbers","og_description":"\u041a\u043e\u043d\u0442\u0430\u043a\u0442\u043d\u0430\u044f \u0438\u043d\u0444\u043e\u0440\u043c\u0430\u0446\u0438\u044f DID Virtual Numbers. \u0411\u044b\u0441\u0442\u0440\u043e\u0435 \u043f\u043e\u0434\u043a\u043b\u044e\u0447\u0435\u043d\u0438\u0435 \u0438 \u0437\u0430\u0449\u0438\u0449\u0451\u043d\u043d\u043e\u0441\u0442\u044c \u23e9 \u0411\u043e\u043b\u0435\u0435 90+ \u0441\u0442\u0440\u0430\u043d \u0434\u043e\u0441\u0442\u0443\u043f\u043d\u043e \ud83d\udcb2 \u041f\u0440\u0438\u043d\u0438\u043c\u0430\u0435\u043c \u043a\u0440\u0438\u043f\u0442\u0443","og_url":"https:\/\/didvirtualnumbers.com\/tr\/contact\/","og_site_name":"DIDVirtualNumbers.com","article_modified_time":"2025-02-19T13:26:34+00:00","og_image":[{"width":800,"height":151,"url":"https:\/\/didvirtualnumbers.com\/wp-content\/uploads\/2021\/12\/contact-cta.png","type":"image\/png"}],"twitter_card":"summary_large_image","twitter_title":"\u041a\u043e\u043d\u0442\u0430\u043a\u0442\u044b - DID Virtual Numbers","twitter_description":"\u041a\u043e\u043d\u0442\u0430\u043a\u0442\u043d\u0430\u044f \u0438\u043d\u0444\u043e\u0440\u043c\u0430\u0446\u0438\u044f DID Virtual Numbers. \u0411\u044b\u0441\u0442\u0440\u043e\u0435 \u043f\u043e\u0434\u043a\u043b\u044e\u0447\u0435\u043d\u0438\u0435 \u0438 \u0437\u0430\u0449\u0438\u0449\u0451\u043d\u043d\u043e\u0441\u0442\u044c \u23e9 \u0411\u043e\u043b\u0435\u0435 90+ \u0441\u0442\u0440\u0430\u043d \u0434\u043e\u0441\u0442\u0443\u043f\u043d\u043e \ud83d\udcb2 \u041f\u0440\u0438\u043d\u0438\u043c\u0430\u0435\u043c \u043a\u0440\u0438\u043f\u0442\u0443","twitter_misc":{"Tahmini okuma s\u00fcresi":"1 dakika"},"schema":{"@context":"https:\/\/schema.org","@graph":[{"@type":"WebPage","@id":"https:\/\/didvirtualnumbers.com\/contact\/","url":"https:\/\/didvirtualnumbers.com\/contact\/","name":"Ki\u015filer - DID Sanal Numaralar\u0131","isPartOf":{"@id":"https:\/\/didvirtualnumbers.com\/#website"},"primaryImageOfPage":{"@id":"https:\/\/didvirtualnumbers.com\/contact\/#primaryimage"},"image":{"@id":"https:\/\/didvirtualnumbers.com\/contact\/#primaryimage"},"thumbnailUrl":"https:\/\/didvirtualnumbers.com\/wp-content\/uploads\/2021\/12\/contact-cta.png","datePublished":"2021-12-13T05:24:19+00:00","dateModified":"2025-02-19T13:26:34+00:00","description":"DID Sanal Numaralar\u0131 i\u00e7in ileti\u015fim bilgileri. H\u0131zl\u0131 ba\u011flant\u0131 ve g\u00fcvenlik \u23e9 90&#039;dan fazla \u00fclkede mevcut \ud83d\udcb2 Kripto kabul ediyoruz","breadcrumb":{"@id":"https:\/\/didvirtualnumbers.com\/contact\/#breadcrumb"},"inLanguage":"tr","potentialAction":[{"@type":"ReadAction","target":["https:\/\/didvirtualnumbers.com\/contact\/"]}]},{"@type":"ImageObject","inLanguage":"tr","@id":"https:\/\/didvirtualnumbers.com\/contact\/#primaryimage","url":"https:\/\/didvirtualnumbers.com\/wp-content\/uploads\/2021\/12\/contact-cta.png","contentUrl":"https:\/\/didvirtualnumbers.com\/wp-content\/uploads\/2021\/12\/contact-cta.png"},{"@type":"BreadcrumbList","@id":"https:\/\/didvirtualnumbers.com\/contact\/#breadcrumb","itemListElement":[{"@type":"ListItem","position":1,"name":"\u0413\u043b\u0430\u0432\u043d\u0430\u044f \u0441\u0442\u0440\u0430\u043d\u0438\u0446\u0430","item":"https:\/\/didvirtualnumbers.com\/"},{"@type":"ListItem","position":2,"name":"\u041a\u043e\u043d\u0442\u0430\u043a\u0442\u044b"}]},{"@type":"WebSite","@id":"https:\/\/didvirtualnumbers.com\/#website","url":"https:\/\/didvirtualnumbers.com\/","name":"DIDVirtualNumbers.com","description":"Sanal telefon numaralar\u0131","publisher":{"@id":"https:\/\/didvirtualnumbers.com\/#organization"},"potentialAction":[{"@type":"SearchAction","target":{"@type":"EntryPoint","urlTemplate":"https:\/\/didvirtualnumbers.com\/?s={search_term_string}"},"query-input":{"@type":"PropertyValueSpecification","valueRequired":true,"valueName":"search_term_string"}}],"inLanguage":"tr"},{"@type":"Organization","@id":"https:\/\/didvirtualnumbers.com\/#organization","name":"DID Sanal Numaralar\u0131","url":"https:\/\/didvirtualnumbers.com\/","logo":{"@type":"ImageObject","inLanguage":"tr","@id":"https:\/\/didvirtualnumbers.com\/#\/schema\/logo\/image\/","url":"https:\/\/didvirtualnumbers.com\/wp-content\/uploads\/2023\/03\/Logo-3.png","contentUrl":"https:\/\/didvirtualnumbers.com\/wp-content\/uploads\/2023\/03\/Logo-3.png","width":121,"height":69,"caption":"DID Virtual Numbers"},"image":{"@id":"https:\/\/didvirtualnumbers.com\/#\/schema\/logo\/image\/"}}]}},"_links":{"self":[{"href":"https:\/\/didvirtualnumbers.com\/tr\/wp-json\/wp\/v2\/pages\/582","targetHints":{"allow":["GET"]}}],"collection":[{"href":"https:\/\/didvirtualnumbers.com\/tr\/wp-json\/wp\/v2\/pages"}],"about":[{"href":"https:\/\/didvirtualnumbers.com\/tr\/wp-json\/wp\/v2\/types\/page"}],"author":[{"embeddable":true,"href":"https:\/\/didvirtualnumbers.com\/tr\/wp-json\/wp\/v2\/users\/1"}],"replies":[{"embeddable":true,"href":"https:\/\/didvirtualnumbers.com\/tr\/wp-json\/wp\/v2\/comments?post=582"}],"version-history":[{"count":29,"href":"https:\/\/didvirtualnumbers.com\/tr\/wp-json\/wp\/v2\/pages\/582\/revisions"}],"predecessor-version":[{"id":3200,"href":"https:\/\/didvirtualnumbers.com\/tr\/wp-json\/wp\/v2\/pages\/582\/revisions\/3200"}],"wp:attachment":[{"href":"https:\/\/didvirtualnumbers.com\/tr\/wp-json\/wp\/v2\/media?parent=582"}],"curies":[{"name":"wp","href":"https:\/\/api.w.org\/{rel}","templated":true}]}}