{"id":563,"date":"2021-12-13T04:15:18","date_gmt":"2021-12-13T04:15:18","guid":{"rendered":"https:\/\/blockart-agency.sites.qsandbox.com\/?page_id=563"},"modified":"2024-02-06T19:32:22","modified_gmt":"2024-02-06T19:32:22","slug":"about","status":"publish","type":"page","link":"https:\/\/didvirtualnumbers.com\/tr\/about\/","title":{"rendered":"Hakk\u0131m\u0131zda"},"content":{"rendered":"<div class=\"blockart-section blockart-section-05875b6b\"><div class=\"blockart-container\"><div class=\"blockart-section-inner\">\n<div class=\"blockart-column blockart-column-8dfdd3dd\"><div class=\"blockart-column-inner\">\n<p>Siteye ho\u015f geldiniz <a href=\"https:\/\/didvirtulnumbers.com\">DID Sanal Numaralar\u0131<\/a> - sanal telefon, IP telefonu ve sanal numaralar\u0131n sat\u0131\u015f\u0131 alan\u0131nda lider bir \u015firket. \u015eirketimizin 2008 y\u0131l\u0131na dayanan zengin bir ge\u00e7mi\u015fi vard\u0131r.<\/p>\n\n\n\n<p>Faaliyete ba\u015flad\u0131\u011f\u0131m\u0131z ilk y\u0131llarda \u015firketimizin b\u00fcy\u00fcmesine engel olan baz\u0131 teknik sorunlarla kar\u015f\u0131la\u015ft\u0131k. Ama pes etmedik ve \u00e7al\u0131\u015fmaya, \u00fcr\u00fcn\u00fcm\u00fcz\u00fc geli\u015ftirmeye ve pazar\u0131m\u0131z\u0131 geni\u015fletmeye devam ettik. 2010 y\u0131l\u0131na gelindi\u011finde 50&#039;den fazla \u00fclkede hizmet vermeye ba\u015flad\u0131k ve bu da daha fazla m\u00fc\u015fteri \u00e7ekmemizi sa\u011flad\u0131.<\/p>\n\n\n\n<p>2012 y\u0131l\u0131ndan bu yana, \u00e7a\u011fr\u0131 y\u00f6netimi gibi hizmetlerimizin kalitesini art\u0131rmam\u0131za ve m\u00fc\u015fterilerimizin t\u00fcm ihtiya\u00e7lar\u0131n\u0131 kar\u015f\u0131lamam\u0131za olanak tan\u0131yan yeni teknolojiler ve \u00fcr\u00fcnleri piyasaya s\u00fcrd\u00fck.<\/p>\n\n\n\n<p>M\u00fc\u015fterilerimize h\u0131zl\u0131 ve kaliteli hizmet sunmak amac\u0131yla 2015 y\u0131l\u0131nda ekibimizi \u00f6nemli \u00f6l\u00e7\u00fcde geni\u015flettik. Konferans g\u00f6r\u00fc\u015fmeleri ve \u00e7a\u011fr\u0131lar\u0131n mobil cihazlara otomatik aktar\u0131lmas\u0131 gibi yeni \u00fcr\u00fcnler de pazara sunuldu.<\/p>\n\n\n\n<p>Hizmetlerimizin kalitesini art\u0131rmak ve m\u00fc\u015fterilerimize daha fazla f\u0131rsat sunmak amac\u0131yla 2018 y\u0131l\u0131nda yapay zeka ve bulut bili\u015fim gibi yeni yenilik\u00e7i teknolojileri devreye ald\u0131k.<\/p>\n\n\n\n<p>Bug\u00fcn geli\u015fmeye ve geli\u015fmeye, daha ileri ve yenilik\u00e7i olmaya devam ediyoruz. M\u00fc\u015fterilerimize sanal numaralar, sesli mesajlar, SMS mesajlar\u0131, konferans g\u00f6r\u00fc\u015fmeleri, \u00e7a\u011fr\u0131 y\u00f6netimi ve \u00e7ok daha fazlas\u0131 gibi geni\u015f bir hizmet yelpazesi sunuyoruz. T\u00fcm hizmetler rekabet\u00e7i fiyatlarla ve kalite garantisiyle sa\u011flanmaktad\u0131r.<\/p>\n<\/div><\/div>\n<\/div><\/div><\/div>\n\n\n\n<div class=\"blockart-section blockart-section-566c8f4b\"><div class=\"blockart-container\"><div class=\"blockart-section-inner\">\n<div class=\"blockart-column blockart-column-9ff6855a\"><div class=\"blockart-column-inner\"><\/div><\/div>\n<\/div><\/div><\/div>\n\n\n\n<div class=\"blockart-section blockart-section-2e69ecbb\"><div class=\"blockart-container\"><div class=\"blockart-section-inner\">\n<div class=\"blockart-column blockart-column-013c9c67\"><div class=\"blockart-column-inner\"><\/div><\/div>\n\n\n\n<div class=\"blockart-column blockart-column-cf0de680\"><div class=\"blockart-column-inner\">\n<h2 class=\"blockart-heading blockart-heading-3b0ddb89\">Misyonlar\u0131m\u0131z<\/h2>\n\n\n\n<p class=\"blockart-paragraph blockart-paragraph-573d3261\"><em>Sizin i\u015finiz, bizim endi\u015femiz<\/em><\/p>\n<\/div><\/div>\n\n\n\n<div class=\"blockart-column blockart-column-1d0cfb97\"><div class=\"blockart-column-inner\"><\/div><\/div>\n<\/div><\/div><\/div>\n\n\n\n<div class=\"blockart-section blockart-section-c6ea6a51\"><div class=\"blockart-container\"><div class=\"blockart-section-inner\">\n<div class=\"blockart-column blockart-column-d3e8fb46\"><div class=\"blockart-column-inner\">\n<h3 class=\"blockart-heading blockart-heading-aa9f2df7\">Yenilik<\/h3>\n\n\n\n<p class=\"blockart-paragraph blockart-paragraph-4bbf359f\">Pazarda lider olmak ve m\u00fc\u015fterilerimize en ileri hizmetleri sunmak i\u00e7in s\u00fcrekli olarak yeni teknolojiler tan\u0131t\u0131yor ve \u00fcr\u00fcnlerimizi geli\u015ftiriyoruz.<\/p>\n<\/div><\/div>\n\n\n\n<div class=\"blockart-column blockart-column-7251f4d6\"><div class=\"blockart-column-inner\">\n<h3 class=\"blockart-heading blockart-heading-b3380f3a\">Emniyet<\/h3>\n\n\n\n<p class=\"blockart-paragraph blockart-paragraph-bdb7bf36\">M\u00fc\u015fterilerimizin g\u00fcvenli\u011fini ve gizlili\u011fini en ileri teknolojileri ve veri koruma y\u00f6ntemlerini kullanarak sa\u011fl\u0131yoruz.<\/p>\n<\/div><\/div>\n<\/div><\/div><\/div>\n\n\n\n<div class=\"blockart-section blockart-section-467ff805\"><div class=\"blockart-container\"><div class=\"blockart-section-inner\">\n<div class=\"blockart-column blockart-column-a348aa7a\"><div class=\"blockart-column-inner\">\n<h3 class=\"blockart-heading blockart-heading-bef30328\">Sorumluluk<\/h3>\n\n\n\n<p class=\"blockart-paragraph blockart-paragraph-9b899adc\">\u015eirketimizin toplumun sosyo-ekonomik geli\u015fiminden sorumlu oldu\u011funa inan\u0131yoruz ve hizmet ve \u00fcr\u00fcn kalitesinin iyile\u015ftirilmesi i\u00e7in \u00e7aba harc\u0131yoruz.<\/p>\n<\/div><\/div>\n\n\n\n<div class=\"blockart-column blockart-column-cf614b9f\"><div class=\"blockart-column-inner\">\n<h3 class=\"blockart-heading blockart-heading-02a0b435\">K\u00fcresellik<\/h3>\n\n\n\n<p class=\"blockart-paragraph blockart-paragraph-8c2591b4\">Faaliyetlerimizi yeni b\u00f6lge ve \u00fclkelerde geni\u015fleterek sanal telefon ve sanal numaralar\u0131n sat\u0131\u015f\u0131 konusunda k\u00fcresel pazarda lider olmaya \u00e7al\u0131\u015f\u0131yoruz.<\/p>\n<\/div><\/div>\n<\/div><\/div><\/div>\n\n\n\n<div class=\"blockart-section blockart-section-9ade65a0\"><div class=\"blockart-container\"><div class=\"blockart-section-inner\">\n<div class=\"blockart-column blockart-column-9cd1395d\"><div class=\"blockart-column-inner\">\n<h3 class=\"blockart-heading blockart-heading-3c58fe65\">Kullan\u0131labilirlik<\/h3>\n\n\n\n<p class=\"blockart-paragraph blockart-paragraph-a29c7121\">M\u00fc\u015fterilerimize g\u00fcn\u00fcn her saatinde, d\u00fcnyan\u0131n herhangi bir yerinde hizmet sunmaya \u00e7al\u0131\u015f\u0131yoruz, b\u00f6ylece m\u00fc\u015fterilerimizin kendileri i\u00e7in uygun olan her an ula\u015f\u0131labilir olmalar\u0131n\u0131 sa\u011fl\u0131yoruz.<\/p>\n<\/div><\/div>\n\n\n\n<div class=\"blockart-column blockart-column-c0e0831e\"><div class=\"blockart-column-inner\">\n<h3 class=\"blockart-heading blockart-heading-bf956345\">Geli\u015fim<\/h3>\n\n\n\n<p class=\"blockart-paragraph blockart-paragraph-8ce2a8e3\">M\u00fc\u015fterilerimize geli\u015fmi\u015f ileti\u015fim ve \u00e7a\u011fr\u0131 y\u00f6netimi ara\u00e7lar\u0131 sa\u011flayarak i\u015flerini b\u00fcy\u00fctmelerine ve pazarlar\u0131n\u0131 geni\u015fletmelerine yard\u0131mc\u0131 oluyoruz.<\/p>\n<\/div><\/div>\n<\/div><\/div><\/div>\n\n\n\n<div class=\"blockart-section blockart-section-6cffd591\"><div class=\"blockart-container\"><div class=\"blockart-section-inner\">\n<div class=\"blockart-column blockart-column-263dd468\"><div class=\"blockart-column-inner\">\n<h4 class=\"blockart-heading blockart-heading-0a1747ef\">Hala sorular\u0131n\u0131z m\u0131 var?<\/h4>\n\n\n\n<p class=\"blockart-paragraph blockart-paragraph-98be4072\">Sorular\u0131m var? Teknik destek ekibimiz yard\u0131ma haz\u0131r. Web sitesindeki geri bildirim formu arac\u0131l\u0131\u011f\u0131yla bizimle ileti\u015fime ge\u00e7in veya e-postayla yaz\u0131n, gerekli t\u00fcm bilgileri yan\u0131tlay\u0131p sa\u011flayaca\u011f\u0131z.<\/p>\n<\/div><\/div>\n\n\n\n<div class=\"blockart-column blockart-column-edf7c39e\"><div class=\"blockart-column-inner\">\n<div class=\"blockart-buttons blockart-buttons-4a28b5fd is-wrap is-horizontal justify-right\">\n<div class=\"blockart-button blockart-button-5c80f038\"><a class=\"blockart-button-link is-custom is-style-filled\" href=\"mailto:customer.care@didvirtualnumbers.com\">B\u0130Z\u0130MLE \u0130LET\u0130\u015e\u0130ME GE\u00c7\u0130N<\/a><\/div>\n<\/div>\n<\/div><\/div>\n<\/div><\/div><\/div>","protected":false},"excerpt":{"rendered":"","protected":false},"author":1,"featured_media":0,"parent":0,"menu_order":0,"comment_status":"closed","ping_status":"closed","template":"page-templates\/pagebuilder.php","meta":{"zakra_sidebar_layout":"stretched","zakra_remove_content_margin":true,"zakra_sidebar":"customizer","zakra_transparent_header":"customizer","zakra_logo":0,"zakra_main_header_style":"default","zakra_menu_item_color":"","zakra_menu_item_hover_color":"#000000","zakra_menu_item_active_color":"#23ab70","zakra_menu_active_style":"","zakra_page_header":true,"footnotes":""},"class_list":["post-563","page","type-page","status-publish","hentry"],"yoast_head":"<!-- This site is optimized with the Yoast SEO plugin v27.0 - https:\/\/yoast.com\/product\/yoast-seo-wordpress\/ -->\n<title>\u041e\u043f\u0438\u0441\u0430\u043d\u0438\u0435 \u043a\u043e\u043c\u043f\u0430\u043d\u0438\u0438 \u0438 \u0432\u0430\u0436\u043d\u0430\u044f \u0438\u043d\u0444\u043e\u0440\u043c\u0430\u0446\u0438\u044f - DID VN<\/title>\n<meta name=\"description\" content=\"\u0418\u043d\u0444\u043e\u0440\u043c\u0430\u0446\u0438\u044f \u043e \u043a\u043e\u043c\u043f\u0430\u043d\u0438\u0438 \ud83d\udcde DID Virtual Numbers. \u0423\u0434\u043e\u0431\u043d\u043e\u0435 \u043f\u043e\u0434\u043a\u043b\u044e\u0447\u0435\u043d\u0438\u0435 \u2611\ufe0f \u0411\u043e\u043b\u0435\u0435 90+ \u0441\u0442\u0440\u0430\u043d \u0434\u043e\u0441\u0442\u0443\u043f\u043d\u043e \ud83d\udcb2 \u041f\u0440\u0438\u043d\u0438\u043c\u0430\u0435\u043c \u043a\u0440\u0438\u043f\u0442\u043e\u0432\u0430\u043b\u044e\u0442\u044b.\" \/>\n<meta name=\"robots\" content=\"index, follow, max-snippet:-1, max-image-preview:large, max-video-preview:-1\" \/>\n<link rel=\"canonical\" href=\"https:\/\/didvirtualnumbers.com\/tr\/about\/\" \/>\n<meta property=\"og:locale\" content=\"tr_TR\" \/>\n<meta property=\"og:type\" content=\"article\" \/>\n<meta property=\"og:title\" content=\"\u041e\u043f\u0438\u0441\u0430\u043d\u0438\u0435 \u043a\u043e\u043c\u043f\u0430\u043d\u0438\u0438 \u0438 \u0432\u0430\u0436\u043d\u0430\u044f \u0438\u043d\u0444\u043e\u0440\u043c\u0430\u0446\u0438\u044f - DID VN\" \/>\n<meta property=\"og:description\" content=\"\u0418\u043d\u0444\u043e\u0440\u043c\u0430\u0446\u0438\u044f \u043e \u043a\u043e\u043c\u043f\u0430\u043d\u0438\u0438 \ud83d\udcde DID Virtual Numbers. \u0423\u0434\u043e\u0431\u043d\u043e\u0435 \u043f\u043e\u0434\u043a\u043b\u044e\u0447\u0435\u043d\u0438\u0435 \u2611\ufe0f \u0411\u043e\u043b\u0435\u0435 90+ \u0441\u0442\u0440\u0430\u043d \u0434\u043e\u0441\u0442\u0443\u043f\u043d\u043e \ud83d\udcb2 \u041f\u0440\u0438\u043d\u0438\u043c\u0430\u0435\u043c \u043a\u0440\u0438\u043f\u0442\u043e\u0432\u0430\u043b\u044e\u0442\u044b.\" \/>\n<meta property=\"og:url\" content=\"https:\/\/didvirtualnumbers.com\/tr\/about\/\" \/>\n<meta property=\"og:site_name\" content=\"DIDVirtualNumbers.com\" \/>\n<meta property=\"article:modified_time\" content=\"2024-02-06T19:32:22+00:00\" \/>\n<meta name=\"twitter:card\" content=\"summary_large_image\" \/>\n<meta name=\"twitter:title\" content=\"\u041e\u043f\u0438\u0441\u0430\u043d\u0438\u0435 \u043a\u043e\u043c\u043f\u0430\u043d\u0438\u0438 \u0438 \u0432\u0430\u0436\u043d\u0430\u044f \u0438\u043d\u0444\u043e\u0440\u043c\u0430\u0446\u0438\u044f - DID VN\" \/>\n<meta name=\"twitter:description\" content=\"\u0418\u043d\u0444\u043e\u0440\u043c\u0430\u0446\u0438\u044f \u043e \u043a\u043e\u043c\u043f\u0430\u043d\u0438\u0438 \ud83d\udcde DID Virtual Numbers. \u0423\u0434\u043e\u0431\u043d\u043e\u0435 \u043f\u043e\u0434\u043a\u043b\u044e\u0447\u0435\u043d\u0438\u0435 \u2611\ufe0f \u0411\u043e\u043b\u0435\u0435 90+ \u0441\u0442\u0440\u0430\u043d \u0434\u043e\u0441\u0442\u0443\u043f\u043d\u043e \ud83d\udcb2 \u041f\u0440\u0438\u043d\u0438\u043c\u0430\u0435\u043c \u043a\u0440\u0438\u043f\u0442\u043e\u0432\u0430\u043b\u044e\u0442\u044b.\" \/>\n<meta name=\"twitter:label1\" content=\"Tahmini okuma s\u00fcresi\" \/>\n\t<meta name=\"twitter:data1\" content=\"2 dakika\" \/>\n<script type=\"application\/ld+json\" class=\"yoast-schema-graph\">{\"@context\":\"https:\/\/schema.org\",\"@graph\":[{\"@type\":\"WebPage\",\"@id\":\"https:\/\/didvirtualnumbers.com\/about\/\",\"url\":\"https:\/\/didvirtualnumbers.com\/about\/\",\"name\":\"\u041e\u043f\u0438\u0441\u0430\u043d\u0438\u0435 \u043a\u043e\u043c\u043f\u0430\u043d\u0438\u0438 \u0438 \u0432\u0430\u0436\u043d\u0430\u044f \u0438\u043d\u0444\u043e\u0440\u043c\u0430\u0446\u0438\u044f - DID VN\",\"isPartOf\":{\"@id\":\"https:\/\/didvirtualnumbers.com\/#website\"},\"datePublished\":\"2021-12-13T04:15:18+00:00\",\"dateModified\":\"2024-02-06T19:32:22+00:00\",\"description\":\"\u0418\u043d\u0444\u043e\u0440\u043c\u0430\u0446\u0438\u044f \u043e \u043a\u043e\u043c\u043f\u0430\u043d\u0438\u0438 \ud83d\udcde DID Virtual Numbers. \u0423\u0434\u043e\u0431\u043d\u043e\u0435 \u043f\u043e\u0434\u043a\u043b\u044e\u0447\u0435\u043d\u0438\u0435 \u2611\ufe0f \u0411\u043e\u043b\u0435\u0435 90+ \u0441\u0442\u0440\u0430\u043d \u0434\u043e\u0441\u0442\u0443\u043f\u043d\u043e \ud83d\udcb2 \u041f\u0440\u0438\u043d\u0438\u043c\u0430\u0435\u043c \u043a\u0440\u0438\u043f\u0442\u043e\u0432\u0430\u043b\u044e\u0442\u044b.\",\"breadcrumb\":{\"@id\":\"https:\/\/didvirtualnumbers.com\/about\/#breadcrumb\"},\"inLanguage\":\"tr\",\"potentialAction\":[{\"@type\":\"ReadAction\",\"target\":[\"https:\/\/didvirtualnumbers.com\/about\/\"]}]},{\"@type\":\"BreadcrumbList\",\"@id\":\"https:\/\/didvirtualnumbers.com\/about\/#breadcrumb\",\"itemListElement\":[{\"@type\":\"ListItem\",\"position\":1,\"name\":\"\u0413\u043b\u0430\u0432\u043d\u0430\u044f \u0441\u0442\u0440\u0430\u043d\u0438\u0446\u0430\",\"item\":\"https:\/\/didvirtualnumbers.com\/\"},{\"@type\":\"ListItem\",\"position\":2,\"name\":\"\u041e \u043d\u0430\u0441\"}]},{\"@type\":\"WebSite\",\"@id\":\"https:\/\/didvirtualnumbers.com\/#website\",\"url\":\"https:\/\/didvirtualnumbers.com\/\",\"name\":\"DIDVirtualNumbers.com\",\"description\":\"\u0412\u0438\u0440\u0442\u0443\u0430\u043b\u044c\u043d\u044b\u0435 \u043d\u043e\u043c\u0435\u0440\u0430 \u0442\u0435\u043b\u0435\u0444\u043e\u043d\u043e\u0432\",\"publisher\":{\"@id\":\"https:\/\/didvirtualnumbers.com\/#organization\"},\"potentialAction\":[{\"@type\":\"SearchAction\",\"target\":{\"@type\":\"EntryPoint\",\"urlTemplate\":\"https:\/\/didvirtualnumbers.com\/?s={search_term_string}\"},\"query-input\":{\"@type\":\"PropertyValueSpecification\",\"valueRequired\":true,\"valueName\":\"search_term_string\"}}],\"inLanguage\":\"tr\"},{\"@type\":\"Organization\",\"@id\":\"https:\/\/didvirtualnumbers.com\/#organization\",\"name\":\"DID Virtual Numbers\",\"url\":\"https:\/\/didvirtualnumbers.com\/\",\"logo\":{\"@type\":\"ImageObject\",\"inLanguage\":\"tr\",\"@id\":\"https:\/\/didvirtualnumbers.com\/#\/schema\/logo\/image\/\",\"url\":\"https:\/\/didvirtualnumbers.com\/wp-content\/uploads\/2023\/03\/Logo-3.png\",\"contentUrl\":\"https:\/\/didvirtualnumbers.com\/wp-content\/uploads\/2023\/03\/Logo-3.png\",\"width\":121,\"height\":69,\"caption\":\"DID Virtual Numbers\"},\"image\":{\"@id\":\"https:\/\/didvirtualnumbers.com\/#\/schema\/logo\/image\/\"}}]}<\/script>\n<!-- \/ Yoast SEO plugin. -->","yoast_head_json":{"title":"\u015eirket a\u00e7\u0131klamas\u0131 ve \u00f6nemli bilgiler - DID VN","description":"\u015eirket bilgileri \ud83d\udcde DID Sanal Numaralar\u0131. Rahat ba\u011flant\u0131 \u2611\ufe0f 90&#039;dan fazla \u00fclkede mevcut \ud83d\udcb2 Kripto para birimlerini kabul ediyoruz.","robots":{"index":"index","follow":"follow","max-snippet":"max-snippet:-1","max-image-preview":"max-image-preview:large","max-video-preview":"max-video-preview:-1"},"canonical":"https:\/\/didvirtualnumbers.com\/tr\/about\/","og_locale":"tr_TR","og_type":"article","og_title":"\u041e\u043f\u0438\u0441\u0430\u043d\u0438\u0435 \u043a\u043e\u043c\u043f\u0430\u043d\u0438\u0438 \u0438 \u0432\u0430\u0436\u043d\u0430\u044f \u0438\u043d\u0444\u043e\u0440\u043c\u0430\u0446\u0438\u044f - DID VN","og_description":"\u0418\u043d\u0444\u043e\u0440\u043c\u0430\u0446\u0438\u044f \u043e \u043a\u043e\u043c\u043f\u0430\u043d\u0438\u0438 \ud83d\udcde DID Virtual Numbers. \u0423\u0434\u043e\u0431\u043d\u043e\u0435 \u043f\u043e\u0434\u043a\u043b\u044e\u0447\u0435\u043d\u0438\u0435 \u2611\ufe0f \u0411\u043e\u043b\u0435\u0435 90+ \u0441\u0442\u0440\u0430\u043d \u0434\u043e\u0441\u0442\u0443\u043f\u043d\u043e \ud83d\udcb2 \u041f\u0440\u0438\u043d\u0438\u043c\u0430\u0435\u043c \u043a\u0440\u0438\u043f\u0442\u043e\u0432\u0430\u043b\u044e\u0442\u044b.","og_url":"https:\/\/didvirtualnumbers.com\/tr\/about\/","og_site_name":"DIDVirtualNumbers.com","article_modified_time":"2024-02-06T19:32:22+00:00","twitter_card":"summary_large_image","twitter_title":"\u041e\u043f\u0438\u0441\u0430\u043d\u0438\u0435 \u043a\u043e\u043c\u043f\u0430\u043d\u0438\u0438 \u0438 \u0432\u0430\u0436\u043d\u0430\u044f \u0438\u043d\u0444\u043e\u0440\u043c\u0430\u0446\u0438\u044f - DID VN","twitter_description":"\u0418\u043d\u0444\u043e\u0440\u043c\u0430\u0446\u0438\u044f \u043e \u043a\u043e\u043c\u043f\u0430\u043d\u0438\u0438 \ud83d\udcde DID Virtual Numbers. \u0423\u0434\u043e\u0431\u043d\u043e\u0435 \u043f\u043e\u0434\u043a\u043b\u044e\u0447\u0435\u043d\u0438\u0435 \u2611\ufe0f \u0411\u043e\u043b\u0435\u0435 90+ \u0441\u0442\u0440\u0430\u043d \u0434\u043e\u0441\u0442\u0443\u043f\u043d\u043e \ud83d\udcb2 \u041f\u0440\u0438\u043d\u0438\u043c\u0430\u0435\u043c \u043a\u0440\u0438\u043f\u0442\u043e\u0432\u0430\u043b\u044e\u0442\u044b.","twitter_misc":{"Tahmini okuma s\u00fcresi":"2 dakika"},"schema":{"@context":"https:\/\/schema.org","@graph":[{"@type":"WebPage","@id":"https:\/\/didvirtualnumbers.com\/about\/","url":"https:\/\/didvirtualnumbers.com\/about\/","name":"\u015eirket a\u00e7\u0131klamas\u0131 ve \u00f6nemli bilgiler - DID VN","isPartOf":{"@id":"https:\/\/didvirtualnumbers.com\/#website"},"datePublished":"2021-12-13T04:15:18+00:00","dateModified":"2024-02-06T19:32:22+00:00","description":"\u015eirket bilgileri \ud83d\udcde DID Sanal Numaralar\u0131. Rahat ba\u011flant\u0131 \u2611\ufe0f 90&#039;dan fazla \u00fclkede mevcut \ud83d\udcb2 Kripto para birimlerini kabul ediyoruz.","breadcrumb":{"@id":"https:\/\/didvirtualnumbers.com\/about\/#breadcrumb"},"inLanguage":"tr","potentialAction":[{"@type":"ReadAction","target":["https:\/\/didvirtualnumbers.com\/about\/"]}]},{"@type":"BreadcrumbList","@id":"https:\/\/didvirtualnumbers.com\/about\/#breadcrumb","itemListElement":[{"@type":"ListItem","position":1,"name":"\u0413\u043b\u0430\u0432\u043d\u0430\u044f \u0441\u0442\u0440\u0430\u043d\u0438\u0446\u0430","item":"https:\/\/didvirtualnumbers.com\/"},{"@type":"ListItem","position":2,"name":"\u041e \u043d\u0430\u0441"}]},{"@type":"WebSite","@id":"https:\/\/didvirtualnumbers.com\/#website","url":"https:\/\/didvirtualnumbers.com\/","name":"DIDVirtualNumbers.com","description":"Sanal telefon numaralar\u0131","publisher":{"@id":"https:\/\/didvirtualnumbers.com\/#organization"},"potentialAction":[{"@type":"SearchAction","target":{"@type":"EntryPoint","urlTemplate":"https:\/\/didvirtualnumbers.com\/?s={search_term_string}"},"query-input":{"@type":"PropertyValueSpecification","valueRequired":true,"valueName":"search_term_string"}}],"inLanguage":"tr"},{"@type":"Organization","@id":"https:\/\/didvirtualnumbers.com\/#organization","name":"DID Sanal Numaralar\u0131","url":"https:\/\/didvirtualnumbers.com\/","logo":{"@type":"ImageObject","inLanguage":"tr","@id":"https:\/\/didvirtualnumbers.com\/#\/schema\/logo\/image\/","url":"https:\/\/didvirtualnumbers.com\/wp-content\/uploads\/2023\/03\/Logo-3.png","contentUrl":"https:\/\/didvirtualnumbers.com\/wp-content\/uploads\/2023\/03\/Logo-3.png","width":121,"height":69,"caption":"DID Virtual Numbers"},"image":{"@id":"https:\/\/didvirtualnumbers.com\/#\/schema\/logo\/image\/"}}]}},"_links":{"self":[{"href":"https:\/\/didvirtualnumbers.com\/tr\/wp-json\/wp\/v2\/pages\/563","targetHints":{"allow":["GET"]}}],"collection":[{"href":"https:\/\/didvirtualnumbers.com\/tr\/wp-json\/wp\/v2\/pages"}],"about":[{"href":"https:\/\/didvirtualnumbers.com\/tr\/wp-json\/wp\/v2\/types\/page"}],"author":[{"embeddable":true,"href":"https:\/\/didvirtualnumbers.com\/tr\/wp-json\/wp\/v2\/users\/1"}],"replies":[{"embeddable":true,"href":"https:\/\/didvirtualnumbers.com\/tr\/wp-json\/wp\/v2\/comments?post=563"}],"version-history":[{"count":21,"href":"https:\/\/didvirtualnumbers.com\/tr\/wp-json\/wp\/v2\/pages\/563\/revisions"}],"predecessor-version":[{"id":2804,"href":"https:\/\/didvirtualnumbers.com\/tr\/wp-json\/wp\/v2\/pages\/563\/revisions\/2804"}],"wp:attachment":[{"href":"https:\/\/didvirtualnumbers.com\/tr\/wp-json\/wp\/v2\/media?parent=563"}],"curies":[{"name":"wp","href":"https:\/\/api.w.org\/{rel}","templated":true}]}}