{"id":3,"date":"2023-03-02T21:41:45","date_gmt":"2023-03-02T21:41:45","guid":{"rendered":"https:\/\/didvirtualnumbers.com\/?page_id=3"},"modified":"2026-04-14T17:29:11","modified_gmt":"2026-04-14T17:29:11","slug":"privacy-policy","status":"publish","type":"page","link":"https:\/\/didvirtualnumbers.com\/tr\/privacy-policy\/","title":{"rendered":"Gizlilik Politikas\u0131"},"content":{"rendered":"<p>\u00abBiz,\u00bb \u00abbize\u00bb veya \u00abbizim\u00bb dedi\u011fimizde, \u015firketi kastediyoruz. <a href=\"https:\/\/didvirtualnumbers.com\/tr\/\" target=\"_blank\" rel=\"noreferrer noopener\">didvirtualnumbers.com<\/a> (Beta \u015firketi sp. z oo taraf\u0131ndan y\u00f6netilmektedir, REGON 146444560). Gizlili\u011finize sayg\u0131 duyuyoruz ve ki\u015fisel verilerinizi korumak i\u00e7in gerekli her \u015feyi yap\u0131yoruz.<\/p>\n\n\n\n<p>Bu Politika, Genel Veri Koruma Y\u00f6netmeli\u011fi (GDPR) ve di\u011fer veri koruma yasalar\u0131na uygun olarak bilgilerinizi nas\u0131l toplad\u0131\u011f\u0131m\u0131z\u0131, kulland\u0131\u011f\u0131m\u0131z\u0131 ve korudu\u011fumuzu a\u00e7\u0131klamaktad\u0131r. didvirtualnumbers.com arac\u0131l\u0131\u011f\u0131yla sa\u011flad\u0131\u011f\u0131m\u0131z t\u00fcm hizmetler ve ki\u015fisel hesab\u0131n\u0131z i\u00e7in ge\u00e7erlidir.<\/p>\n\n\n\n<h2 class=\"wp-block-heading\">Hangi verileri topluyoruz?<\/h2>\n\n\n\n<p>Hizmetlerimizi sunabilmek i\u00e7in a\u015fa\u011f\u0131daki veri t\u00fcrlerini topluyor ve i\u015fliyoruz:<\/p>\n\n\n\n<ul class=\"wp-block-list\">\n<li><strong>\u0130leti\u015fim bilgileri:<\/strong> \u0130sim, e-posta, telefon numaras\u0131, \u00fclke, \u015firket ad\u0131.<\/li>\n\n\n\n<li><strong>Hesap bilgileri:<\/strong> Giri\u015f e-postas\u0131, \u00fc\u00e7\u00fcnc\u00fc taraf yetkilendirme hizmetlerinin kimli\u011fi (\u00f6rne\u011fin, Google).<\/li>\n\n\n\n<li><strong>\u00d6deme bilgileri:<\/strong> Hesaplar, \u00f6deme ge\u00e7mi\u015fi, se\u00e7ilen \u00f6deme y\u00f6ntemleri.<\/li>\n\n\n\n<li><strong>Kimlik do\u011frulama belgeleri (KYC):<\/strong> Pasaport veya kimlik taramalar\u0131, adres kan\u0131t\u0131, belgeyle \u00e7ekilmi\u015f \u00f6z\u00e7ekim.<\/li>\n\n\n\n<li><strong>Hizmet detaylar\u0131:<\/strong> Sanal numaralar\u0131n kullan\u0131m\u0131, \u00e7a\u011fr\u0131 ve SMS y\u00f6nlendirme ayarlar\u0131, zaman damgalar\u0131 ve IP adreslerine ili\u015fkin istatistikler.<\/li>\n\n\n\n<li><strong>\u0130leti\u015fim:<\/strong> Sohbet mesajlar\u0131, destek talepleri, e-posta yaz\u0131\u015fmalar\u0131.<\/li>\n<\/ul>\n\n\n\n<h2 class=\"wp-block-heading\">\u00dc\u00e7\u00fcnc\u00fc taraf hizmetleri<\/h2>\n\n\n\n<p>Verilerimizin bir k\u0131sm\u0131n\u0131 bizim ad\u0131m\u0131za i\u015fleyebilecek g\u00fcvenilir i\u015f orta\u011f\u0131 hizmetleriyle \u00e7al\u0131\u015f\u0131yoruz. \u0130\u015fte bunlar\u0131n ba\u015fl\u0131ca kategorileri:<\/p>\n\n\n\n<h3 class=\"wp-block-heading\">Analiz ve izleme<\/h3>\n\n\n\n<p>Bu ara\u00e7lar, site performans\u0131n\u0131 izlememize ve deneyiminizi iyile\u015ftirmemize yard\u0131mc\u0131 olur:<\/p>\n\n\n\n<ul class=\"wp-block-list\">\n<li>Google Analytics<\/li>\n\n\n\n<li>Google Etiket Y\u00f6neticisi<\/li>\n\n\n\n<li>Microsoft Clarity<\/li>\n\n\n\n<li>Facebook Analiti\u011fi<\/li>\n\n\n\n<li>Bing Analiti\u011fi<\/li>\n<\/ul>\n\n\n\n<p><strong>Toplanan veriler:<\/strong> \u00c7erezler, web sitesi davran\u0131\u015f\u0131, IP adresi, g\u00f6r\u00fcnt\u00fclenen sayfalar, cihaz verileri.<\/p>\n\n\n\n<h3 class=\"wp-block-heading\">M\u00fc\u015fteri deste\u011fi<\/h3>\n\n\n\n<ul class=\"wp-block-list\">\n<li>HelpCrunch (canl\u0131 sohbet ve destek talebi sistemi)<\/li>\n\n\n\n<li>WordPress (e-postalar\u0131 ve geri bildirim formlar\u0131n\u0131 i\u015flemek i\u00e7in)<\/li>\n<\/ul>\n\n\n\n<p><strong>Toplanan veriler:<\/strong> Mesaj metni, ileti\u015fim bilgileri, IP adresi, istek ge\u00e7mi\u015fi.<\/p>\n\n\n\n<h3 class=\"wp-block-heading\">E-posta pazarlamas\u0131<\/h3>\n\n\n\n<ul class=\"wp-block-list\">\n<li>Mailchimp (haberler, sistem bildirimleri ve promosyonlar i\u00e7in)<\/li>\n<\/ul>\n\n\n\n<p><strong>Toplanan veriler:<\/strong> E-posta, isim, e-posta etkile\u015fim istatistikleri (a\u00e7\u0131lmalar, t\u0131klamalar).<\/p>\n\n\n\n<h3 class=\"wp-block-heading\">Yetkilendirme<\/h3>\n\n\n\n<ul class=\"wp-block-list\">\n<li>Google OAuth (Google hesab\u0131yla oturum a\u00e7mak i\u00e7in)<\/li>\n\n\n\n<li>WordPress&#039;in yerle\u015fik kimlik do\u011frulama sistemi<\/li>\n<\/ul>\n\n\n\n<h3 class=\"wp-block-heading\">\u00d6deme ve faturalar<\/h3>\n\n\n\n<p>\u00d6demeleri a\u015fa\u011f\u0131daki y\u00f6ntemleri kullanarak g\u00fcvenli bir \u015fekilde i\u015fliyoruz:<\/p>\n\n\n\n<ul class=\"wp-block-list\">\n<li>Stripe (banka kart\u0131 \u00f6demeleri i\u00e7in)<\/li>\n\n\n\n<li>PayPal (e-c\u00fczdanlar i\u00e7in)<\/li>\n<\/ul>\n\n\n\n<p><strong>\u00d6nemli:<\/strong> Banka kart\u0131 bilgileriniz bizde saklanmaz. T\u00fcm i\u015flemler, ortaklar\u0131m\u0131z taraf\u0131ndan i\u015fletilen \u015fifreli \u00f6deme a\u011f ge\u00e7itleri \u00fczerinden ger\u00e7ekle\u015ftirilir.<\/p>\n\n\n\n<h3 class=\"wp-block-heading\">Bar\u0131nd\u0131rma ve optimizasyon<\/h3>\n\n\n\n<ul class=\"wp-block-list\">\n<li>NitroPack (web sitesi \u00f6nbellekleme ve h\u0131zland\u0131rma)<\/li>\n\n\n\n<li>Namecheap (hosting ve alan ad\u0131)<\/li>\n<\/ul>\n\n\n\n<h2 class=\"wp-block-heading\">Bilgilerinizi nas\u0131l kullan\u0131yoruz?<\/h2>\n\n\n\n<p>Verilerinizi yaln\u0131zca \u015fu ama\u00e7larla kullan\u0131yoruz:<\/p>\n\n\n\n<ol class=\"wp-block-list\">\n<li>Hesab\u0131n\u0131za eri\u015fim izni verin ve hesab\u0131n\u0131z\u0131 y\u00f6netin.<\/li>\n\n\n\n<li>Hizmetler sa\u011flay\u0131n (sanal numaralar, SMS ve \u00e7a\u011fr\u0131 y\u00f6nlendirme, IVR).<\/li>\n\n\n\n<li>\u00d6demeleri i\u015fleyin ve faturalar\u0131 olu\u015fturun.<\/li>\n\n\n\n<li>Yasal gerekliliklere uygun olarak m\u00fc\u015fterinin kimli\u011fini do\u011frulay\u0131n (KYC).<\/li>\n\n\n\n<li>Sorular\u0131 yan\u0131tlay\u0131n ve teknik destek sa\u011flay\u0131n.<\/li>\n\n\n\n<li>\u00d6nemli g\u00fcncellemeleri ve pazarlama materyallerini (yaln\u0131zca sizin onay\u0131n\u0131zla) g\u00f6nderece\u011fiz.<\/li>\n\n\n\n<li>Web sitesinin g\u00fcvenli\u011fini ve istikrar\u0131n\u0131 izleyin.<\/li>\n<\/ol>\n\n\n\n<h2 class=\"wp-block-heading\">Veri i\u015fleme i\u00e7in yasal dayanak (GDPR)<\/h2>\n\n\n\n<p>Verilerinizi a\u015fa\u011f\u0131daki yasal dayanaklara g\u00f6re i\u015fliyoruz:<\/p>\n\n\n\n<ol class=\"wp-block-list\">\n<li>Ki\u015fisel onay\u0131n\u0131z.<\/li>\n\n\n\n<li>S\u00f6zle\u015fme \u015fartlar\u0131n\u0131n yerine getirilmesi (\u00f6rne\u011fin, sat\u0131n ald\u0131\u011f\u0131n\u0131z numaran\u0131n size teslim edilmesi).<\/li>\n\n\n\n<li>Yasal y\u00fck\u00fcml\u00fcl\u00fcklere uyum.<\/li>\n\n\n\n<li>Me\u015fru \u00e7\u0131karlar\u0131m\u0131z (doland\u0131r\u0131c\u0131l\u0131\u011fa kar\u015f\u0131 koruma, sunucu g\u00fcvenli\u011fi).<\/li>\n<\/ol>\n\n\n\n<h2 class=\"wp-block-heading\">Verilerin aktar\u0131lmas\u0131 ve if\u015fa edilmesi<\/h2>\n\n\n\n<p>Ki\u015fisel bilgilerinizi asla satm\u0131yoruz. Sadece a\u015fa\u011f\u0131daki durumlarda payla\u015fabiliriz:<\/p>\n\n\n\n<ul class=\"wp-block-list\">\n<li>Web sitesinin sorunsuz \u00e7al\u0131\u015fmas\u0131n\u0131 sa\u011flamak i\u00e7in hizmet sa\u011flay\u0131c\u0131lar\u0131m\u0131za (hosting, \u00f6deme sistemleri).<\/li>\n\n\n\n<li>H\u00fck\u00fcmet veya kolluk kuvvetlerinin resmi ve yasal talebi \u00fczerine.<\/li>\n\n\n\n<li>Sahtekarl\u0131\u011f\u0131 \u00f6nlemek ve hizmetin g\u00fcvenli\u011fini korumak i\u00e7in.<\/li>\n<\/ul>\n\n\n\n<h2 class=\"wp-block-heading\">Veri depolama<\/h2>\n\n\n\n<p>Bilgileriniz g\u00fcvenli bir \u015fekilde saklan\u0131r ve yaln\u0131zca hizmet sunmak i\u00e7in veya kanun gerektirdi\u011fi s\u00fcrece muhafaza edilir. Bundan sonra veriler tamamen silinir veya anonimle\u015ftirilir.<\/p>\n\n\n\n<h2 class=\"wp-block-heading\">\u00c7erezler<\/h2>\n\n\n\n<p>Tercihlerinizi kaydetmek, analizler yapmak ve web sitesinin d\u00fczg\u00fcn \u00e7al\u0131\u015fmas\u0131n\u0131 sa\u011flamak i\u00e7in \u00e7erezler kullan\u0131yoruz. \u00c7erezleri nas\u0131l kulland\u0131\u011f\u0131m\u0131z ve bunlar\u0131 nas\u0131l y\u00f6netebilece\u011finiz hakk\u0131nda ayr\u0131nt\u0131l\u0131 bilgileri Gizlilik Politikam\u0131zda bulabilirsiniz. <a href=\"https:\/\/didvirtualnumbers.com\/tr\/cookie-statement\/\" target=\"_blank\" rel=\"noreferrer noopener\">\u00c7erez Politikas\u0131<\/a>.<\/p>\n\n\n\n<h2 class=\"wp-block-heading\">Haklar\u0131n\u0131z<\/h2>\n\n\n\n<p>GDPR&#039;ye g\u00f6re, a\u015fa\u011f\u0131dakilere hakk\u0131n\u0131z vard\u0131r:<\/p>\n\n\n\n<ol class=\"wp-block-list\">\n<li>Ki\u015fisel verilerinize eri\u015fim talebinde bulunun.<\/li>\n\n\n\n<li>Bilgileri d\u00fczeltin veya g\u00fcncelleyin.<\/li>\n\n\n\n<li>Verilerinizin tamamen silinmesini talep edin (&quot;unutulma hakk\u0131&quot;).<\/li>\n\n\n\n<li>Verilerinizin i\u015flenmesini k\u0131s\u0131tlay\u0131n veya yasaklay\u0131n.<\/li>\n\n\n\n<li>Onay\u0131n\u0131z\u0131 istedi\u011finiz zaman geri \u00e7ekebilirsiniz.<\/li>\n\n\n\n<li>Veri aktar\u0131m\u0131n\u0131 talep et.<\/li>\n\n\n\n<li>Veri koruma denetleme otoritesine \u015fikayette bulunun.<\/li>\n<\/ol>\n\n\n\n<h2 class=\"wp-block-heading\">Emniyet<\/h2>\n\n\n\n<p>Bilgilerinizi yetkisiz eri\u015fime, de\u011fi\u015fikli\u011fe veya yok edilmeye kar\u015f\u0131 korumak i\u00e7in modern teknik \u00e7\u00f6z\u00fcmler kullan\u0131yoruz. Bu \u00e7\u00f6z\u00fcmler aras\u0131nda trafik \u015fifreleme, g\u00fcvenli sunucular ve s\u0131k\u0131 eri\u015fim kontrolleri yer almaktad\u0131r.<\/p>\n\n\n\n<h2 class=\"wp-block-heading\">Politika De\u011fi\u015fiklikleri<\/h2>\n\n\n\n<p>Bu Gizlilik Politikas\u0131n\u0131 zaman zaman g\u00fcncelleyebiliriz. \u00d6nemli de\u011fi\u015fiklikler hakk\u0131nda sizi e-posta yoluyla veya ki\u015fisel hesab\u0131n\u0131zdaki bir bildirim arac\u0131l\u0131\u011f\u0131yla bilgilendirece\u011fiz. En g\u00fcncel s\u00fcr\u00fcm her zaman bu sayfada mevcuttur.<\/p>\n\n\n\n<h2 class=\"wp-block-heading\">Ki\u015filer<\/h2>\n\n\n\n<p>Veri sorumlusu: Beta company sp. z oo (REGON 146444560)<br>E-posta: <a href=\"mailto:info@betacompany.net\">info@betacompany.net<\/a><\/p>\n\n\n\n<p>Ki\u015fisel verileriniz veya bu Gizlilik Politikas\u0131 hakk\u0131nda herhangi bir sorunuz varsa, l\u00fctfen bizimle ileti\u015fime ge\u00e7mekten \u00e7ekinmeyin.<\/p>","protected":false},"excerpt":{"rendered":"<p>\u041a\u043e\u0433\u0434\u0430 \u043c\u044b \u0433\u043e\u0432\u043e\u0440\u0438\u043c \u00ab\u043c\u044b\u00bb, \u00ab\u043d\u0430\u0441\u00bb \u0438\u043b\u0438 \u00ab\u043d\u0430\u0448\u00bb, \u043c\u044b \u0438\u043c\u0435\u0435\u043c \u0432 \u0432\u0438\u0434\u0443 \u043a\u043e\u043c\u043f\u0430\u043d\u0438\u044e didvirtualnumbers.com (\u043f\u043e\u0434 \u0443\u043f\u0440\u0430\u0432\u043b\u0435\u043d\u0438\u0435\u043c Beta company sp. z o.o., REGON 146444560). \u041c\u044b \u0443\u0432\u0430\u0436\u0430\u0435\u043c \u0432\u0430\u0448\u0443 \u043a\u043e\u043d\u0444\u0438\u0434\u0435\u043d\u0446\u0438\u0430\u043b\u044c\u043d\u043e\u0441\u0442\u044c \u0438 \u0434\u0435\u043b\u0430\u0435\u043c \u0432\u0441\u0435 \u043d\u0435\u043e\u0431\u0445\u043e\u0434\u0438\u043c\u043e\u0435 \u0434\u043b\u044f \u0437\u0430\u0449\u0438\u0442\u044b \u0432\u0430\u0448\u0438\u0445 \u043b\u0438\u0447\u043d\u044b\u0445 \u0434\u0430\u043d\u043d\u044b\u0445. \u042d\u0442\u0430 \u041f\u043e\u043b\u0438\u0442\u0438\u043a\u0430 \u043e\u0431\u044a\u044f\u0441\u043d\u044f\u0435\u0442, \u043a\u0430\u043a \u043c\u044b \u0441\u043e\u0431\u0438\u0440\u0430\u0435\u043c, \u0438\u0441\u043f\u043e\u043b\u044c\u0437\u0443\u0435\u043c \u0438 \u0437\u0430\u0449\u0438\u0449\u0430\u0435\u043c \u0432\u0430\u0448\u0443 \u0438\u043d\u0444\u043e\u0440\u043c\u0430\u0446\u0438\u044e \u0432 \u0441\u043e\u043e\u0442\u0432\u0435\u0442\u0441\u0442\u0432\u0438\u0438 \u0441 \u041e\u0431\u0449\u0438\u043c \u0440\u0435\u0433\u043b\u0430\u043c\u0435\u043d\u0442\u043e\u043c \u043f\u043e \u0437\u0430\u0449\u0438\u0442\u0435 \u0434\u0430\u043d\u043d\u044b\u0445 (GDPR) [&hellip;]<\/p>\n","protected":false},"author":1,"featured_media":0,"parent":0,"menu_order":0,"comment_status":"closed","ping_status":"open","template":"","meta":{"zakra_sidebar_layout":"customizer","zakra_remove_content_margin":false,"zakra_sidebar":"customizer","zakra_transparent_header":"customizer","zakra_logo":0,"zakra_main_header_style":"default","zakra_menu_item_color":"","zakra_menu_item_hover_color":"","zakra_menu_item_active_color":"","zakra_menu_active_style":"","zakra_page_header":true,"footnotes":""},"class_list":["post-3","page","type-page","status-publish","hentry"],"yoast_head":"<!-- This site is optimized with the Yoast SEO plugin v27.0 - https:\/\/yoast.com\/product\/yoast-seo-wordpress\/ -->\n<title>\u041f\u043e\u043b\u0438\u0442\u0438\u043a\u0430 \u043a\u043e\u043d\u0444\u0438\u0434\u0435\u043d\u0446\u0438\u0430\u043b\u044c\u043d\u043e\u0441\u0442\u0438 - DIDVN<\/title>\n<meta name=\"description\" content=\"\u041f\u043e\u043b\u0438\u0442\u0438\u043a\u0430 \u043a\u043e\u043d\u0444\u0438\u0434\u0435\u043d\u0446\u0438\u0430\u043b\u044c\u043d\u043e\u0441\u0442\u0438 DID Virtual Numbers. \u0411\u044b\u0441\u0442\u0440\u043e\u0435 \u043f\u043e\u0434\u043a\u043b\u044e\u0447\u0435\u043d\u0438\u0435 \u0438 \u0437\u0430\u0449\u0438\u0449\u0451\u043d\u043d\u043e\u0441\u0442\u044c \ud83d\udd12 \u0411\u043e\u043b\u0435\u0435 90+ \u0441\u0442\u0440\u0430\u043d \u0434\u043e\u0441\u0442\u0443\u043f\u043d\u043e \ud83d\udcb0 \u041f\u0440\u0438\u043d\u0438\u043c\u0430\u0435\u043c \u043a\u0440\u0438\u043f\u0442\u0443.\" \/>\n<meta name=\"robots\" content=\"index, follow, max-snippet:-1, max-image-preview:large, max-video-preview:-1\" \/>\n<link rel=\"canonical\" href=\"https:\/\/didvirtualnumbers.com\/tr\/privacy-policy\/\" \/>\n<meta property=\"og:locale\" content=\"tr_TR\" \/>\n<meta property=\"og:type\" content=\"article\" \/>\n<meta property=\"og:title\" content=\"\u041f\u043e\u043b\u0438\u0442\u0438\u043a\u0430 \u043a\u043e\u043d\u0444\u0438\u0434\u0435\u043d\u0446\u0438\u0430\u043b\u044c\u043d\u043e\u0441\u0442\u0438 - DIDVN\" \/>\n<meta property=\"og:description\" content=\"\u041f\u043e\u043b\u0438\u0442\u0438\u043a\u0430 \u043a\u043e\u043d\u0444\u0438\u0434\u0435\u043d\u0446\u0438\u0430\u043b\u044c\u043d\u043e\u0441\u0442\u0438 DID Virtual Numbers. \u0411\u044b\u0441\u0442\u0440\u043e\u0435 \u043f\u043e\u0434\u043a\u043b\u044e\u0447\u0435\u043d\u0438\u0435 \u0438 \u0437\u0430\u0449\u0438\u0449\u0451\u043d\u043d\u043e\u0441\u0442\u044c \ud83d\udd12 \u0411\u043e\u043b\u0435\u0435 90+ \u0441\u0442\u0440\u0430\u043d \u0434\u043e\u0441\u0442\u0443\u043f\u043d\u043e \ud83d\udcb0 \u041f\u0440\u0438\u043d\u0438\u043c\u0430\u0435\u043c \u043a\u0440\u0438\u043f\u0442\u0443.\" \/>\n<meta property=\"og:url\" content=\"https:\/\/didvirtualnumbers.com\/tr\/privacy-policy\/\" \/>\n<meta property=\"og:site_name\" content=\"DIDVirtualNumbers.com\" \/>\n<meta property=\"article:modified_time\" content=\"2026-04-14T17:29:11+00:00\" \/>\n<meta name=\"twitter:card\" content=\"summary_large_image\" \/>\n<meta name=\"twitter:title\" content=\"\u041f\u043e\u043b\u0438\u0442\u0438\u043a\u0430 \u043a\u043e\u043d\u0444\u0438\u0434\u0435\u043d\u0446\u0438\u0430\u043b\u044c\u043d\u043e\u0441\u0442\u0438 - DIDVN\" \/>\n<meta name=\"twitter:description\" content=\"\u041f\u043e\u043b\u0438\u0442\u0438\u043a\u0430 \u043a\u043e\u043d\u0444\u0438\u0434\u0435\u043d\u0446\u0438\u0430\u043b\u044c\u043d\u043e\u0441\u0442\u0438 DID Virtual Numbers. \u0411\u044b\u0441\u0442\u0440\u043e\u0435 \u043f\u043e\u0434\u043a\u043b\u044e\u0447\u0435\u043d\u0438\u0435 \u0438 \u0437\u0430\u0449\u0438\u0449\u0451\u043d\u043d\u043e\u0441\u0442\u044c \ud83d\udd12 \u0411\u043e\u043b\u0435\u0435 90+ \u0441\u0442\u0440\u0430\u043d \u0434\u043e\u0441\u0442\u0443\u043f\u043d\u043e \ud83d\udcb0 \u041f\u0440\u0438\u043d\u0438\u043c\u0430\u0435\u043c \u043a\u0440\u0438\u043f\u0442\u0443.\" \/>\n<meta name=\"twitter:label1\" content=\"Tahmini okuma s\u00fcresi\" \/>\n\t<meta name=\"twitter:data1\" content=\"4 dakika\" \/>\n<script type=\"application\/ld+json\" class=\"yoast-schema-graph\">{\"@context\":\"https:\/\/schema.org\",\"@graph\":[{\"@type\":\"WebPage\",\"@id\":\"https:\/\/didvirtualnumbers.com\/privacy-policy\/\",\"url\":\"https:\/\/didvirtualnumbers.com\/privacy-policy\/\",\"name\":\"\u041f\u043e\u043b\u0438\u0442\u0438\u043a\u0430 \u043a\u043e\u043d\u0444\u0438\u0434\u0435\u043d\u0446\u0438\u0430\u043b\u044c\u043d\u043e\u0441\u0442\u0438 - DIDVN\",\"isPartOf\":{\"@id\":\"https:\/\/didvirtualnumbers.com\/#website\"},\"datePublished\":\"2023-03-02T21:41:45+00:00\",\"dateModified\":\"2026-04-14T17:29:11+00:00\",\"description\":\"\u041f\u043e\u043b\u0438\u0442\u0438\u043a\u0430 \u043a\u043e\u043d\u0444\u0438\u0434\u0435\u043d\u0446\u0438\u0430\u043b\u044c\u043d\u043e\u0441\u0442\u0438 DID Virtual Numbers. \u0411\u044b\u0441\u0442\u0440\u043e\u0435 \u043f\u043e\u0434\u043a\u043b\u044e\u0447\u0435\u043d\u0438\u0435 \u0438 \u0437\u0430\u0449\u0438\u0449\u0451\u043d\u043d\u043e\u0441\u0442\u044c \ud83d\udd12 \u0411\u043e\u043b\u0435\u0435 90+ \u0441\u0442\u0440\u0430\u043d \u0434\u043e\u0441\u0442\u0443\u043f\u043d\u043e \ud83d\udcb0 \u041f\u0440\u0438\u043d\u0438\u043c\u0430\u0435\u043c \u043a\u0440\u0438\u043f\u0442\u0443.\",\"breadcrumb\":{\"@id\":\"https:\/\/didvirtualnumbers.com\/privacy-policy\/#breadcrumb\"},\"inLanguage\":\"tr\",\"potentialAction\":[{\"@type\":\"ReadAction\",\"target\":[\"https:\/\/didvirtualnumbers.com\/privacy-policy\/\"]}]},{\"@type\":\"BreadcrumbList\",\"@id\":\"https:\/\/didvirtualnumbers.com\/privacy-policy\/#breadcrumb\",\"itemListElement\":[{\"@type\":\"ListItem\",\"position\":1,\"name\":\"\u0413\u043b\u0430\u0432\u043d\u0430\u044f \u0441\u0442\u0440\u0430\u043d\u0438\u0446\u0430\",\"item\":\"https:\/\/didvirtualnumbers.com\/\"},{\"@type\":\"ListItem\",\"position\":2,\"name\":\"\u041f\u043e\u043b\u0438\u0442\u0438\u043a\u0430 \u043a\u043e\u043d\u0444\u0438\u0434\u0435\u043d\u0446\u0438\u0430\u043b\u044c\u043d\u043e\u0441\u0442\u0438\"}]},{\"@type\":\"WebSite\",\"@id\":\"https:\/\/didvirtualnumbers.com\/#website\",\"url\":\"https:\/\/didvirtualnumbers.com\/\",\"name\":\"DIDVirtualNumbers.com\",\"description\":\"\u0412\u0438\u0440\u0442\u0443\u0430\u043b\u044c\u043d\u044b\u0435 \u043d\u043e\u043c\u0435\u0440\u0430 \u0442\u0435\u043b\u0435\u0444\u043e\u043d\u043e\u0432\",\"publisher\":{\"@id\":\"https:\/\/didvirtualnumbers.com\/#organization\"},\"potentialAction\":[{\"@type\":\"SearchAction\",\"target\":{\"@type\":\"EntryPoint\",\"urlTemplate\":\"https:\/\/didvirtualnumbers.com\/?s={search_term_string}\"},\"query-input\":{\"@type\":\"PropertyValueSpecification\",\"valueRequired\":true,\"valueName\":\"search_term_string\"}}],\"inLanguage\":\"tr\"},{\"@type\":\"Organization\",\"@id\":\"https:\/\/didvirtualnumbers.com\/#organization\",\"name\":\"DID Virtual Numbers\",\"url\":\"https:\/\/didvirtualnumbers.com\/\",\"logo\":{\"@type\":\"ImageObject\",\"inLanguage\":\"tr\",\"@id\":\"https:\/\/didvirtualnumbers.com\/#\/schema\/logo\/image\/\",\"url\":\"https:\/\/didvirtualnumbers.com\/wp-content\/uploads\/2023\/03\/Logo-3.png\",\"contentUrl\":\"https:\/\/didvirtualnumbers.com\/wp-content\/uploads\/2023\/03\/Logo-3.png\",\"width\":121,\"height\":69,\"caption\":\"DID Virtual Numbers\"},\"image\":{\"@id\":\"https:\/\/didvirtualnumbers.com\/#\/schema\/logo\/image\/\"}}]}<\/script>\n<!-- \/ Yoast SEO plugin. -->","yoast_head_json":{"title":"Gizlilik Politikas\u0131 - DIDVN","description":"DID Sanal Numaralar Gizlilik Politikas\u0131. H\u0131zl\u0131 ba\u011flant\u0131 ve g\u00fcvenlik \ud83d\udd12 90&#039;dan fazla \u00fclkede mevcut \ud83d\udcb0 Kripto kabul ediyoruz.","robots":{"index":"index","follow":"follow","max-snippet":"max-snippet:-1","max-image-preview":"max-image-preview:large","max-video-preview":"max-video-preview:-1"},"canonical":"https:\/\/didvirtualnumbers.com\/tr\/privacy-policy\/","og_locale":"tr_TR","og_type":"article","og_title":"\u041f\u043e\u043b\u0438\u0442\u0438\u043a\u0430 \u043a\u043e\u043d\u0444\u0438\u0434\u0435\u043d\u0446\u0438\u0430\u043b\u044c\u043d\u043e\u0441\u0442\u0438 - DIDVN","og_description":"\u041f\u043e\u043b\u0438\u0442\u0438\u043a\u0430 \u043a\u043e\u043d\u0444\u0438\u0434\u0435\u043d\u0446\u0438\u0430\u043b\u044c\u043d\u043e\u0441\u0442\u0438 DID Virtual Numbers. \u0411\u044b\u0441\u0442\u0440\u043e\u0435 \u043f\u043e\u0434\u043a\u043b\u044e\u0447\u0435\u043d\u0438\u0435 \u0438 \u0437\u0430\u0449\u0438\u0449\u0451\u043d\u043d\u043e\u0441\u0442\u044c \ud83d\udd12 \u0411\u043e\u043b\u0435\u0435 90+ \u0441\u0442\u0440\u0430\u043d \u0434\u043e\u0441\u0442\u0443\u043f\u043d\u043e \ud83d\udcb0 \u041f\u0440\u0438\u043d\u0438\u043c\u0430\u0435\u043c \u043a\u0440\u0438\u043f\u0442\u0443.","og_url":"https:\/\/didvirtualnumbers.com\/tr\/privacy-policy\/","og_site_name":"DIDVirtualNumbers.com","article_modified_time":"2026-04-14T17:29:11+00:00","twitter_card":"summary_large_image","twitter_title":"\u041f\u043e\u043b\u0438\u0442\u0438\u043a\u0430 \u043a\u043e\u043d\u0444\u0438\u0434\u0435\u043d\u0446\u0438\u0430\u043b\u044c\u043d\u043e\u0441\u0442\u0438 - DIDVN","twitter_description":"\u041f\u043e\u043b\u0438\u0442\u0438\u043a\u0430 \u043a\u043e\u043d\u0444\u0438\u0434\u0435\u043d\u0446\u0438\u0430\u043b\u044c\u043d\u043e\u0441\u0442\u0438 DID Virtual Numbers. \u0411\u044b\u0441\u0442\u0440\u043e\u0435 \u043f\u043e\u0434\u043a\u043b\u044e\u0447\u0435\u043d\u0438\u0435 \u0438 \u0437\u0430\u0449\u0438\u0449\u0451\u043d\u043d\u043e\u0441\u0442\u044c \ud83d\udd12 \u0411\u043e\u043b\u0435\u0435 90+ \u0441\u0442\u0440\u0430\u043d \u0434\u043e\u0441\u0442\u0443\u043f\u043d\u043e \ud83d\udcb0 \u041f\u0440\u0438\u043d\u0438\u043c\u0430\u0435\u043c \u043a\u0440\u0438\u043f\u0442\u0443.","twitter_misc":{"Tahmini okuma s\u00fcresi":"4 dakika"},"schema":{"@context":"https:\/\/schema.org","@graph":[{"@type":"WebPage","@id":"https:\/\/didvirtualnumbers.com\/privacy-policy\/","url":"https:\/\/didvirtualnumbers.com\/privacy-policy\/","name":"Gizlilik Politikas\u0131 - DIDVN","isPartOf":{"@id":"https:\/\/didvirtualnumbers.com\/#website"},"datePublished":"2023-03-02T21:41:45+00:00","dateModified":"2026-04-14T17:29:11+00:00","description":"DID Sanal Numaralar Gizlilik Politikas\u0131. H\u0131zl\u0131 ba\u011flant\u0131 ve g\u00fcvenlik \ud83d\udd12 90&#039;dan fazla \u00fclkede mevcut \ud83d\udcb0 Kripto kabul ediyoruz.","breadcrumb":{"@id":"https:\/\/didvirtualnumbers.com\/privacy-policy\/#breadcrumb"},"inLanguage":"tr","potentialAction":[{"@type":"ReadAction","target":["https:\/\/didvirtualnumbers.com\/privacy-policy\/"]}]},{"@type":"BreadcrumbList","@id":"https:\/\/didvirtualnumbers.com\/privacy-policy\/#breadcrumb","itemListElement":[{"@type":"ListItem","position":1,"name":"\u0413\u043b\u0430\u0432\u043d\u0430\u044f \u0441\u0442\u0440\u0430\u043d\u0438\u0446\u0430","item":"https:\/\/didvirtualnumbers.com\/"},{"@type":"ListItem","position":2,"name":"\u041f\u043e\u043b\u0438\u0442\u0438\u043a\u0430 \u043a\u043e\u043d\u0444\u0438\u0434\u0435\u043d\u0446\u0438\u0430\u043b\u044c\u043d\u043e\u0441\u0442\u0438"}]},{"@type":"WebSite","@id":"https:\/\/didvirtualnumbers.com\/#website","url":"https:\/\/didvirtualnumbers.com\/","name":"DIDVirtualNumbers.com","description":"Sanal telefon numaralar\u0131","publisher":{"@id":"https:\/\/didvirtualnumbers.com\/#organization"},"potentialAction":[{"@type":"SearchAction","target":{"@type":"EntryPoint","urlTemplate":"https:\/\/didvirtualnumbers.com\/?s={search_term_string}"},"query-input":{"@type":"PropertyValueSpecification","valueRequired":true,"valueName":"search_term_string"}}],"inLanguage":"tr"},{"@type":"Organization","@id":"https:\/\/didvirtualnumbers.com\/#organization","name":"DID Sanal Numaralar\u0131","url":"https:\/\/didvirtualnumbers.com\/","logo":{"@type":"ImageObject","inLanguage":"tr","@id":"https:\/\/didvirtualnumbers.com\/#\/schema\/logo\/image\/","url":"https:\/\/didvirtualnumbers.com\/wp-content\/uploads\/2023\/03\/Logo-3.png","contentUrl":"https:\/\/didvirtualnumbers.com\/wp-content\/uploads\/2023\/03\/Logo-3.png","width":121,"height":69,"caption":"DID Virtual Numbers"},"image":{"@id":"https:\/\/didvirtualnumbers.com\/#\/schema\/logo\/image\/"}}]}},"_links":{"self":[{"href":"https:\/\/didvirtualnumbers.com\/tr\/wp-json\/wp\/v2\/pages\/3","targetHints":{"allow":["GET"]}}],"collection":[{"href":"https:\/\/didvirtualnumbers.com\/tr\/wp-json\/wp\/v2\/pages"}],"about":[{"href":"https:\/\/didvirtualnumbers.com\/tr\/wp-json\/wp\/v2\/types\/page"}],"author":[{"embeddable":true,"href":"https:\/\/didvirtualnumbers.com\/tr\/wp-json\/wp\/v2\/users\/1"}],"replies":[{"embeddable":true,"href":"https:\/\/didvirtualnumbers.com\/tr\/wp-json\/wp\/v2\/comments?post=3"}],"version-history":[{"count":5,"href":"https:\/\/didvirtualnumbers.com\/tr\/wp-json\/wp\/v2\/pages\/3\/revisions"}],"predecessor-version":[{"id":3536,"href":"https:\/\/didvirtualnumbers.com\/tr\/wp-json\/wp\/v2\/pages\/3\/revisions\/3536"}],"wp:attachment":[{"href":"https:\/\/didvirtualnumbers.com\/tr\/wp-json\/wp\/v2\/media?parent=3"}],"curies":[{"name":"wp","href":"https:\/\/api.w.org\/{rel}","templated":true}]}}