{"id":2973,"date":"2024-10-17T16:48:57","date_gmt":"2024-10-17T16:48:57","guid":{"rendered":"https:\/\/didvirtualnumbers.com\/?page_id=2973"},"modified":"2025-02-19T13:47:58","modified_gmt":"2025-02-19T13:47:58","slug":"for-partners","status":"publish","type":"page","link":"https:\/\/didvirtualnumbers.com\/tr\/for-partners\/","title":{"rendered":"DID Sanal Numaralar Ortakl\u0131k Program\u0131"},"content":{"rendered":"<p>Ortakl\u0131k program\u0131m\u0131z 5% ile 9% aras\u0131nda de\u011fi\u015fen komisyonlar kazanmak i\u00e7in e\u015fsiz bir f\u0131rsat sunuyor. Y\u00f6nlendirilen m\u00fc\u015fterilerimizin sanal telefon hizmetlerimizi kullanma s\u00fcresine ba\u011fl\u0131d\u0131r. Ne kadar \u00e7ok konu\u015furlarsa, geliriniz o kadar y\u00fcksek olur.<\/p>\n\n\n\n<div style=\"height:40px\" aria-hidden=\"true\" class=\"wp-block-spacer\"><\/div>\n\n\n\n<h2 class=\"wp-block-heading\">\u00c7e\u015fitli sekt\u00f6rler i\u00e7in ideal<\/h2>\n\n\n\n<div class=\"wp-block-media-text is-stacked-on-mobile\" style=\"grid-template-columns:62% auto\"><figure class=\"wp-block-media-text__media\"><img loading=\"lazy\" decoding=\"async\" width=\"793\" height=\"499\" src=\"https:\/\/didvirtualnumbers.com\/wp-content\/uploads\/2024\/10\/image-1.png\" alt=\"\" class=\"wp-image-2975 size-full\" srcset=\"https:\/\/didvirtualnumbers.com\/wp-content\/uploads\/2024\/10\/image-1.png 793w, https:\/\/didvirtualnumbers.com\/wp-content\/uploads\/2024\/10\/image-1-300x189.png 300w, https:\/\/didvirtualnumbers.com\/wp-content\/uploads\/2024\/10\/image-1-768x483.png 768w, https:\/\/didvirtualnumbers.com\/wp-content\/uploads\/2024\/10\/image-1-18x12.png 18w\" sizes=\"auto, (max-width: 793px) 100vw, 793px\" \/><\/figure><div class=\"wp-block-media-text__content\">\n<div style=\"height:40px\" aria-hidden=\"true\" class=\"wp-block-spacer\"><\/div>\n\n\n\n<p>Bu y\u00f6nlendirme program\u0131 i\u015fletme sahipleri, e\u011fitim merkezi y\u00f6neticileri ve B2B a\u011f y\u00f6neticileri i\u00e7in idealdir. <\/p>\n\n\n\n<p>\u00c7evrimi\u00e7i perakendeciler, hizmet sa\u011flay\u0131c\u0131lar ve sanal numaralar\u0131 ve bulut ileti\u015fimlerini kullanan i\u015fletmeler bu tekliften b\u00fcy\u00fck \u00f6l\u00e7\u00fcde yararlanabilir.<\/p>\n<\/div><\/div>\n\n\n\n<div style=\"height:40px\" aria-hidden=\"true\" class=\"wp-block-spacer\"><\/div>\n\n\n\n<h2 class=\"wp-block-heading\">Bayiler ve dan\u0131\u015fmanlar i\u00e7in faydal\u0131d\u0131r<\/h2>\n\n\n\n<p>Bu ortakl\u0131k program\u0131 portf\u00f6y\u00fcn\u00fcz\u00fc tamamlar ve yeni bir gelir kayna\u011f\u0131 sunar. Teklif: <a href=\"https:\/\/didvirtualnumbers.com\/tr\/\" target=\"_blank\" rel=\"noreferrer noopener\">DID Sanal Numaralar\u0131<\/a> telefon hizmetlerini yeniden satanlar veya sanal numaralara ihtiya\u00e7 duyan \u015firketlere dan\u0131\u015fmanl\u0131k yapanlar i\u00e7in ge\u00e7erlidir. A\u011f\u0131n\u0131z\u0131 premium hizmetlerimize ba\u011flamak s\u00fcrd\u00fcr\u00fclebilir faydalar sa\u011flar.<\/p>\n\n\n\n<p>\u015eirketlerin ileti\u015fimlerini optimize etmelerine yard\u0131mc\u0131 olurken a\u011f\u0131n\u0131z \u00fczerinden kazan\u00e7 potansiyelinizi art\u0131rmak i\u00e7in bug\u00fcn kat\u0131l\u0131n!<\/p>\n\n\n\n<div style=\"height:40px\" aria-hidden=\"true\" class=\"wp-block-spacer\"><\/div>\n\n\n\n<div class=\"blockart-section blockart-section-6cffd591\"><div class=\"blockart-container\"><div class=\"blockart-section-inner\">\n<div class=\"blockart-column blockart-column-263dd468\"><div class=\"blockart-column-inner\">\n<h3 class=\"blockart-heading blockart-heading-0a1747ef\">Sorular\u0131n\u0131z m\u0131 var? Onlar\u0131 bize sorun!<\/h3>\n\n\n\n<p class=\"blockart-paragraph blockart-paragraph-98be4072\">Sizin i\u00e7in uygun olan herhangi bir \u015fekilde bizimle ileti\u015fime ge\u00e7in.<\/p>\n<\/div><\/div>\n\n\n\n<div class=\"blockart-column blockart-column-edf7c39e\"><div class=\"blockart-column-inner\">\n<div class=\"blockart-buttons blockart-buttons-4a28b5fd is-wrap is-horizontal justify-right\">\n<div class=\"blockart-button blockart-button-5c80f038\"><a class=\"blockart-button-link is-custom is-style-filled\" href=\"mailto:customer.care@didvirtualnumbers.com\">B\u0130Z\u0130MLE \u0130LET\u0130\u015e\u0130ME GE\u00c7\u0130N<\/a><\/div>\n<\/div>\n<\/div><\/div>\n<\/div><\/div><\/div>","protected":false},"excerpt":{"rendered":"<p>\u041d\u0430\u0448\u0430 \u043f\u0430\u0440\u0442\u043d\u0435\u0440\u0441\u043a\u0430\u044f \u043f\u0440\u043e\u0433\u0440\u0430\u043c\u043c\u0430 \u043f\u0440\u0435\u0434\u043e\u0441\u0442\u0430\u0432\u043b\u044f\u0435\u0442 \u0443\u043d\u0438\u043a\u0430\u043b\u044c\u043d\u0443\u044e \u0432\u043e\u0437\u043c\u043e\u0436\u043d\u043e\u0441\u0442\u044c \u0437\u0430\u0440\u0430\u0431\u0430\u0442\u044b\u0432\u0430\u0442\u044c \u043a\u043e\u043c\u0438\u0441\u0441\u0438\u043e\u043d\u043d\u044b\u0435 \u0432 \u0440\u0430\u0437\u043c\u0435\u0440\u0435 \u043e\u0442 5% \u0434\u043e 9%. \u0412 \u0437\u0430\u0432\u0438\u0441\u0438\u043c\u043e\u0441\u0442\u0438 \u043e\u0442 \u043f\u0440\u043e\u0434\u043e\u043b\u0436\u0438\u0442\u0435\u043b\u044c\u043d\u043e\u0441\u0442\u0438 \u0438\u0441\u043f\u043e\u043b\u044c\u0437\u043e\u0432\u0430\u043d\u0438\u044f \u043f\u0440\u0438\u0432\u043b\u0435\u0447\u0435\u043d\u043d\u044b\u043c\u0438 \u043a\u043b\u0438\u0435\u043d\u0442\u0430\u043c\u0438 \u043d\u0430\u0448\u0438\u0445 \u0432\u0438\u0440\u0442\u0443\u0430\u043b\u044c\u043d\u044b\u0445 \u0442\u0435\u043b\u0435\u0444\u043e\u043d\u043d\u044b\u0445 \u0443\u0441\u043b\u0443\u0433. \u0427\u0435\u043c \u0431\u043e\u043b\u044c\u0448\u0435 \u0438\u0445 \u0440\u0430\u0437\u0433\u043e\u0432\u043e\u0440\u043e\u0432, \u0442\u0435\u043c \u0432\u044b\u0448\u0435 \u0432\u0430\u0448 \u0434\u043e\u0445\u043e\u0434. \u041e\u043f\u0442\u0438\u043c\u0430\u043b\u044c\u043d\u043e \u0434\u043b\u044f \u0440\u0430\u0437\u043b\u0438\u0447\u043d\u044b\u0445 \u0441\u0435\u043a\u0442\u043e\u0440\u043e\u0432 \u0412\u044b\u0433\u043e\u0434\u043d\u043e \u0434\u043b\u044f \u0440\u0435\u0441\u0435\u043b\u043b\u0435\u0440\u043e\u0432 \u0438 \u043a\u043e\u043d\u0441\u0443\u043b\u044c\u0442\u0430\u043d\u0442\u043e\u0432 \u042d\u0442\u0430 \u043f\u0430\u0440\u0442\u043d\u0435\u0440\u0441\u043a\u0430\u044f \u043f\u0440\u043e\u0433\u0440\u0430\u043c\u043c\u0430 \u0434\u043e\u043f\u043e\u043b\u043d\u044f\u0435\u0442 \u0432\u0430\u0448 \u043f\u043e\u0440\u0442\u0444\u0435\u043b\u044c \u0438 \u043f\u0440\u0435\u0434\u0441\u0442\u0430\u0432\u043b\u044f\u0435\u0442 \u043d\u043e\u0432\u044b\u0439 \u0438\u0441\u0442\u043e\u0447\u043d\u0438\u043a \u0434\u043e\u0445\u043e\u0434\u0430. \u041f\u0440\u0435\u0434\u043b\u043e\u0436\u0435\u043d\u0438\u0435 \u043e\u0442 [&hellip;]<\/p>\n","protected":false},"author":1,"featured_media":0,"parent":0,"menu_order":0,"comment_status":"closed","ping_status":"closed","template":"","meta":{"zakra_sidebar_layout":"customizer","zakra_remove_content_margin":false,"zakra_sidebar":"customizer","zakra_transparent_header":"customizer","zakra_logo":0,"zakra_main_header_style":"default","zakra_menu_item_color":"","zakra_menu_item_hover_color":"","zakra_menu_item_active_color":"","zakra_menu_active_style":"","zakra_page_header":true,"footnotes":""},"class_list":["post-2973","page","type-page","status-publish","hentry"],"yoast_head":"<!-- This site is optimized with the Yoast SEO plugin v27.0 - https:\/\/yoast.com\/product\/yoast-seo-wordpress\/ -->\n<title>\u041f\u0430\u0440\u0442\u043d\u0435\u0440\u0441\u043a\u0430\u044f \u043f\u0440\u043e\u0433\u0440\u0430\u043c\u043c\u0430 \u043e\u0442 DID Virtual Numbers<\/title>\n<meta name=\"description\" content=\"\u0417\u0430\u0440\u0430\u0431\u0430\u0442\u044b\u0432\u0430\u0439\u0442\u0435 \u0434\u043e 9%, \u043f\u0440\u0438\u0432\u043b\u0435\u043a\u0430\u044f \u043d\u043e\u0432\u044b\u0445 \u043a\u043b\u0438\u0435\u043d\u0442\u043e\u0432 \u043a \u043d\u0430\u0448\u0438\u043c \u0443\u0441\u043b\u0443\u0433\u0430\u043c \ud83d\udcf2 \u041f\u0440\u0435\u0432\u0440\u0430\u0449\u0430\u0439\u0442\u0435 \u043a\u0430\u0436\u0434\u0443\u044e \u043c\u0438\u043d\u0443\u0442\u0443 \u0432 \u043f\u0440\u0438\u0431\u044b\u043b\u044c \ud83d\udcb0 \u0441 \u043d\u0430\u0448\u0435\u0439 \u043f\u0430\u0440\u0442\u043d\u0435\u0440\u0441\u043a\u043e\u0439 \u043f\u0440\u043e\u0433\u0440\u0430\u043c\u043c\u043e\u0439!\" \/>\n<meta name=\"robots\" content=\"index, follow, max-snippet:-1, max-image-preview:large, max-video-preview:-1\" \/>\n<link rel=\"canonical\" href=\"https:\/\/didvirtualnumbers.com\/tr\/for-partners\/\" \/>\n<meta property=\"og:locale\" content=\"tr_TR\" \/>\n<meta property=\"og:type\" content=\"article\" \/>\n<meta property=\"og:title\" content=\"\u041f\u0430\u0440\u0442\u043d\u0435\u0440\u0441\u043a\u0430\u044f \u043f\u0440\u043e\u0433\u0440\u0430\u043c\u043c\u0430 \u043e\u0442 DID Virtual Numbers\" \/>\n<meta property=\"og:description\" content=\"\u0417\u0430\u0440\u0430\u0431\u0430\u0442\u044b\u0432\u0430\u0439\u0442\u0435 \u0434\u043e 9%, \u043f\u0440\u0438\u0432\u043b\u0435\u043a\u0430\u044f \u043d\u043e\u0432\u044b\u0445 \u043a\u043b\u0438\u0435\u043d\u0442\u043e\u0432 \u043a \u043d\u0430\u0448\u0438\u043c \u0443\u0441\u043b\u0443\u0433\u0430\u043c \ud83d\udcf2 \u041f\u0440\u0435\u0432\u0440\u0430\u0449\u0430\u0439\u0442\u0435 \u043a\u0430\u0436\u0434\u0443\u044e \u043c\u0438\u043d\u0443\u0442\u0443 \u0432 \u043f\u0440\u0438\u0431\u044b\u043b\u044c \ud83d\udcb0 \u0441 \u043d\u0430\u0448\u0435\u0439 \u043f\u0430\u0440\u0442\u043d\u0435\u0440\u0441\u043a\u043e\u0439 \u043f\u0440\u043e\u0433\u0440\u0430\u043c\u043c\u043e\u0439!\" \/>\n<meta property=\"og:url\" content=\"https:\/\/didvirtualnumbers.com\/tr\/for-partners\/\" \/>\n<meta property=\"og:site_name\" content=\"DIDVirtualNumbers.com\" \/>\n<meta property=\"article:modified_time\" content=\"2025-02-19T13:47:58+00:00\" \/>\n<meta property=\"og:image\" content=\"https:\/\/didvirtualnumbers.com\/wp-content\/uploads\/2024\/10\/image-1.png\" \/>\n\t<meta property=\"og:image:width\" content=\"793\" \/>\n\t<meta property=\"og:image:height\" content=\"499\" \/>\n\t<meta property=\"og:image:type\" content=\"image\/png\" \/>\n<meta name=\"twitter:card\" content=\"summary_large_image\" \/>\n<meta name=\"twitter:title\" content=\"\u041f\u0430\u0440\u0442\u043d\u0435\u0440\u0441\u043a\u0430\u044f \u043f\u0440\u043e\u0433\u0440\u0430\u043c\u043c\u0430 \u043e\u0442 DID Virtual Numbers\" \/>\n<meta name=\"twitter:description\" content=\"\u0417\u0430\u0440\u0430\u0431\u0430\u0442\u044b\u0432\u0430\u0439\u0442\u0435 \u0434\u043e 9%, \u043f\u0440\u0438\u0432\u043b\u0435\u043a\u0430\u044f \u043d\u043e\u0432\u044b\u0445 \u043a\u043b\u0438\u0435\u043d\u0442\u043e\u0432 \u043a \u043d\u0430\u0448\u0438\u043c \u0443\u0441\u043b\u0443\u0433\u0430\u043c \ud83d\udcf2 \u041f\u0440\u0435\u0432\u0440\u0430\u0449\u0430\u0439\u0442\u0435 \u043a\u0430\u0436\u0434\u0443\u044e \u043c\u0438\u043d\u0443\u0442\u0443 \u0432 \u043f\u0440\u0438\u0431\u044b\u043b\u044c \ud83d\udcb0 \u0441 \u043d\u0430\u0448\u0435\u0439 \u043f\u0430\u0440\u0442\u043d\u0435\u0440\u0441\u043a\u043e\u0439 \u043f\u0440\u043e\u0433\u0440\u0430\u043c\u043c\u043e\u0439!\" \/>\n<meta name=\"twitter:image\" content=\"https:\/\/didvirtualnumbers.com\/wp-content\/uploads\/2024\/10\/image-1.png\" \/>\n<meta name=\"twitter:label1\" content=\"Tahmini okuma s\u00fcresi\" \/>\n\t<meta name=\"twitter:data1\" content=\"1 dakika\" \/>\n<script type=\"application\/ld+json\" class=\"yoast-schema-graph\">{\"@context\":\"https:\/\/schema.org\",\"@graph\":[{\"@type\":\"WebPage\",\"@id\":\"https:\/\/didvirtualnumbers.com\/for-partners\/\",\"url\":\"https:\/\/didvirtualnumbers.com\/for-partners\/\",\"name\":\"\u041f\u0430\u0440\u0442\u043d\u0435\u0440\u0441\u043a\u0430\u044f \u043f\u0440\u043e\u0433\u0440\u0430\u043c\u043c\u0430 \u043e\u0442 DID Virtual Numbers\",\"isPartOf\":{\"@id\":\"https:\/\/didvirtualnumbers.com\/#website\"},\"primaryImageOfPage\":{\"@id\":\"https:\/\/didvirtualnumbers.com\/for-partners\/#primaryimage\"},\"image\":{\"@id\":\"https:\/\/didvirtualnumbers.com\/for-partners\/#primaryimage\"},\"thumbnailUrl\":\"https:\/\/didvirtualnumbers.com\/wp-content\/uploads\/2024\/10\/image-1.png\",\"datePublished\":\"2024-10-17T16:48:57+00:00\",\"dateModified\":\"2025-02-19T13:47:58+00:00\",\"description\":\"\u0417\u0430\u0440\u0430\u0431\u0430\u0442\u044b\u0432\u0430\u0439\u0442\u0435 \u0434\u043e 9%, \u043f\u0440\u0438\u0432\u043b\u0435\u043a\u0430\u044f \u043d\u043e\u0432\u044b\u0445 \u043a\u043b\u0438\u0435\u043d\u0442\u043e\u0432 \u043a \u043d\u0430\u0448\u0438\u043c \u0443\u0441\u043b\u0443\u0433\u0430\u043c \ud83d\udcf2 \u041f\u0440\u0435\u0432\u0440\u0430\u0449\u0430\u0439\u0442\u0435 \u043a\u0430\u0436\u0434\u0443\u044e \u043c\u0438\u043d\u0443\u0442\u0443 \u0432 \u043f\u0440\u0438\u0431\u044b\u043b\u044c \ud83d\udcb0 \u0441 \u043d\u0430\u0448\u0435\u0439 \u043f\u0430\u0440\u0442\u043d\u0435\u0440\u0441\u043a\u043e\u0439 \u043f\u0440\u043e\u0433\u0440\u0430\u043c\u043c\u043e\u0439!\",\"breadcrumb\":{\"@id\":\"https:\/\/didvirtualnumbers.com\/for-partners\/#breadcrumb\"},\"inLanguage\":\"tr\",\"potentialAction\":[{\"@type\":\"ReadAction\",\"target\":[\"https:\/\/didvirtualnumbers.com\/for-partners\/\"]}]},{\"@type\":\"ImageObject\",\"inLanguage\":\"tr\",\"@id\":\"https:\/\/didvirtualnumbers.com\/for-partners\/#primaryimage\",\"url\":\"https:\/\/didvirtualnumbers.com\/wp-content\/uploads\/2024\/10\/image-1.png\",\"contentUrl\":\"https:\/\/didvirtualnumbers.com\/wp-content\/uploads\/2024\/10\/image-1.png\"},{\"@type\":\"BreadcrumbList\",\"@id\":\"https:\/\/didvirtualnumbers.com\/for-partners\/#breadcrumb\",\"itemListElement\":[{\"@type\":\"ListItem\",\"position\":1,\"name\":\"\u0413\u043b\u0430\u0432\u043d\u0430\u044f \u0441\u0442\u0440\u0430\u043d\u0438\u0446\u0430\",\"item\":\"https:\/\/didvirtualnumbers.com\/\"},{\"@type\":\"ListItem\",\"position\":2,\"name\":\"\u041f\u0430\u0440\u0442\u043d\u0435\u0440\u0441\u043a\u0430\u044f \u043f\u0440\u043e\u0433\u0440\u0430\u043c\u043c\u0430 DID Virtual Numbers\"}]},{\"@type\":\"WebSite\",\"@id\":\"https:\/\/didvirtualnumbers.com\/#website\",\"url\":\"https:\/\/didvirtualnumbers.com\/\",\"name\":\"DIDVirtualNumbers.com\",\"description\":\"\u0412\u0438\u0440\u0442\u0443\u0430\u043b\u044c\u043d\u044b\u0435 \u043d\u043e\u043c\u0435\u0440\u0430 \u0442\u0435\u043b\u0435\u0444\u043e\u043d\u043e\u0432\",\"publisher\":{\"@id\":\"https:\/\/didvirtualnumbers.com\/#organization\"},\"potentialAction\":[{\"@type\":\"SearchAction\",\"target\":{\"@type\":\"EntryPoint\",\"urlTemplate\":\"https:\/\/didvirtualnumbers.com\/?s={search_term_string}\"},\"query-input\":{\"@type\":\"PropertyValueSpecification\",\"valueRequired\":true,\"valueName\":\"search_term_string\"}}],\"inLanguage\":\"tr\"},{\"@type\":\"Organization\",\"@id\":\"https:\/\/didvirtualnumbers.com\/#organization\",\"name\":\"DID Virtual Numbers\",\"url\":\"https:\/\/didvirtualnumbers.com\/\",\"logo\":{\"@type\":\"ImageObject\",\"inLanguage\":\"tr\",\"@id\":\"https:\/\/didvirtualnumbers.com\/#\/schema\/logo\/image\/\",\"url\":\"https:\/\/didvirtualnumbers.com\/wp-content\/uploads\/2023\/03\/Logo-3.png\",\"contentUrl\":\"https:\/\/didvirtualnumbers.com\/wp-content\/uploads\/2023\/03\/Logo-3.png\",\"width\":121,\"height\":69,\"caption\":\"DID Virtual Numbers\"},\"image\":{\"@id\":\"https:\/\/didvirtualnumbers.com\/#\/schema\/logo\/image\/\"}}]}<\/script>\n<!-- \/ Yoast SEO plugin. -->","yoast_head_json":{"title":"DID Virtual Numbers&#039;\u0131n ortakl\u0131k program\u0131","description":"Hizmetlerimize yeni m\u00fc\u015fteriler y\u00f6nlendirerek 9%&#039;ye kadar kazan\u0131n \ud83d\udcf2 Ortakl\u0131k program\u0131m\u0131zla her dakikay\u0131 kazanca \ud83d\udcb0 d\u00f6n\u00fc\u015ft\u00fcr\u00fcn!","robots":{"index":"index","follow":"follow","max-snippet":"max-snippet:-1","max-image-preview":"max-image-preview:large","max-video-preview":"max-video-preview:-1"},"canonical":"https:\/\/didvirtualnumbers.com\/tr\/for-partners\/","og_locale":"tr_TR","og_type":"article","og_title":"\u041f\u0430\u0440\u0442\u043d\u0435\u0440\u0441\u043a\u0430\u044f \u043f\u0440\u043e\u0433\u0440\u0430\u043c\u043c\u0430 \u043e\u0442 DID Virtual Numbers","og_description":"\u0417\u0430\u0440\u0430\u0431\u0430\u0442\u044b\u0432\u0430\u0439\u0442\u0435 \u0434\u043e 9%, \u043f\u0440\u0438\u0432\u043b\u0435\u043a\u0430\u044f \u043d\u043e\u0432\u044b\u0445 \u043a\u043b\u0438\u0435\u043d\u0442\u043e\u0432 \u043a \u043d\u0430\u0448\u0438\u043c \u0443\u0441\u043b\u0443\u0433\u0430\u043c \ud83d\udcf2 \u041f\u0440\u0435\u0432\u0440\u0430\u0449\u0430\u0439\u0442\u0435 \u043a\u0430\u0436\u0434\u0443\u044e \u043c\u0438\u043d\u0443\u0442\u0443 \u0432 \u043f\u0440\u0438\u0431\u044b\u043b\u044c \ud83d\udcb0 \u0441 \u043d\u0430\u0448\u0435\u0439 \u043f\u0430\u0440\u0442\u043d\u0435\u0440\u0441\u043a\u043e\u0439 \u043f\u0440\u043e\u0433\u0440\u0430\u043c\u043c\u043e\u0439!","og_url":"https:\/\/didvirtualnumbers.com\/tr\/for-partners\/","og_site_name":"DIDVirtualNumbers.com","article_modified_time":"2025-02-19T13:47:58+00:00","og_image":[{"width":793,"height":499,"url":"https:\/\/didvirtualnumbers.com\/wp-content\/uploads\/2024\/10\/image-1.png","type":"image\/png"}],"twitter_card":"summary_large_image","twitter_title":"\u041f\u0430\u0440\u0442\u043d\u0435\u0440\u0441\u043a\u0430\u044f \u043f\u0440\u043e\u0433\u0440\u0430\u043c\u043c\u0430 \u043e\u0442 DID Virtual Numbers","twitter_description":"\u0417\u0430\u0440\u0430\u0431\u0430\u0442\u044b\u0432\u0430\u0439\u0442\u0435 \u0434\u043e 9%, \u043f\u0440\u0438\u0432\u043b\u0435\u043a\u0430\u044f \u043d\u043e\u0432\u044b\u0445 \u043a\u043b\u0438\u0435\u043d\u0442\u043e\u0432 \u043a \u043d\u0430\u0448\u0438\u043c \u0443\u0441\u043b\u0443\u0433\u0430\u043c \ud83d\udcf2 \u041f\u0440\u0435\u0432\u0440\u0430\u0449\u0430\u0439\u0442\u0435 \u043a\u0430\u0436\u0434\u0443\u044e \u043c\u0438\u043d\u0443\u0442\u0443 \u0432 \u043f\u0440\u0438\u0431\u044b\u043b\u044c \ud83d\udcb0 \u0441 \u043d\u0430\u0448\u0435\u0439 \u043f\u0430\u0440\u0442\u043d\u0435\u0440\u0441\u043a\u043e\u0439 \u043f\u0440\u043e\u0433\u0440\u0430\u043c\u043c\u043e\u0439!","twitter_image":"https:\/\/didvirtualnumbers.com\/wp-content\/uploads\/2024\/10\/image-1.png","twitter_misc":{"Tahmini okuma s\u00fcresi":"1 dakika"},"schema":{"@context":"https:\/\/schema.org","@graph":[{"@type":"WebPage","@id":"https:\/\/didvirtualnumbers.com\/for-partners\/","url":"https:\/\/didvirtualnumbers.com\/for-partners\/","name":"DID Virtual Numbers&#039;\u0131n ortakl\u0131k program\u0131","isPartOf":{"@id":"https:\/\/didvirtualnumbers.com\/#website"},"primaryImageOfPage":{"@id":"https:\/\/didvirtualnumbers.com\/for-partners\/#primaryimage"},"image":{"@id":"https:\/\/didvirtualnumbers.com\/for-partners\/#primaryimage"},"thumbnailUrl":"https:\/\/didvirtualnumbers.com\/wp-content\/uploads\/2024\/10\/image-1.png","datePublished":"2024-10-17T16:48:57+00:00","dateModified":"2025-02-19T13:47:58+00:00","description":"Hizmetlerimize yeni m\u00fc\u015fteriler y\u00f6nlendirerek 9%&#039;ye kadar kazan\u0131n \ud83d\udcf2 Ortakl\u0131k program\u0131m\u0131zla her dakikay\u0131 kazanca \ud83d\udcb0 d\u00f6n\u00fc\u015ft\u00fcr\u00fcn!","breadcrumb":{"@id":"https:\/\/didvirtualnumbers.com\/for-partners\/#breadcrumb"},"inLanguage":"tr","potentialAction":[{"@type":"ReadAction","target":["https:\/\/didvirtualnumbers.com\/for-partners\/"]}]},{"@type":"ImageObject","inLanguage":"tr","@id":"https:\/\/didvirtualnumbers.com\/for-partners\/#primaryimage","url":"https:\/\/didvirtualnumbers.com\/wp-content\/uploads\/2024\/10\/image-1.png","contentUrl":"https:\/\/didvirtualnumbers.com\/wp-content\/uploads\/2024\/10\/image-1.png"},{"@type":"BreadcrumbList","@id":"https:\/\/didvirtualnumbers.com\/for-partners\/#breadcrumb","itemListElement":[{"@type":"ListItem","position":1,"name":"\u0413\u043b\u0430\u0432\u043d\u0430\u044f \u0441\u0442\u0440\u0430\u043d\u0438\u0446\u0430","item":"https:\/\/didvirtualnumbers.com\/"},{"@type":"ListItem","position":2,"name":"\u041f\u0430\u0440\u0442\u043d\u0435\u0440\u0441\u043a\u0430\u044f \u043f\u0440\u043e\u0433\u0440\u0430\u043c\u043c\u0430 DID Virtual Numbers"}]},{"@type":"WebSite","@id":"https:\/\/didvirtualnumbers.com\/#website","url":"https:\/\/didvirtualnumbers.com\/","name":"DIDVirtualNumbers.com","description":"Sanal telefon numaralar\u0131","publisher":{"@id":"https:\/\/didvirtualnumbers.com\/#organization"},"potentialAction":[{"@type":"SearchAction","target":{"@type":"EntryPoint","urlTemplate":"https:\/\/didvirtualnumbers.com\/?s={search_term_string}"},"query-input":{"@type":"PropertyValueSpecification","valueRequired":true,"valueName":"search_term_string"}}],"inLanguage":"tr"},{"@type":"Organization","@id":"https:\/\/didvirtualnumbers.com\/#organization","name":"DID Sanal Numaralar\u0131","url":"https:\/\/didvirtualnumbers.com\/","logo":{"@type":"ImageObject","inLanguage":"tr","@id":"https:\/\/didvirtualnumbers.com\/#\/schema\/logo\/image\/","url":"https:\/\/didvirtualnumbers.com\/wp-content\/uploads\/2023\/03\/Logo-3.png","contentUrl":"https:\/\/didvirtualnumbers.com\/wp-content\/uploads\/2023\/03\/Logo-3.png","width":121,"height":69,"caption":"DID Virtual Numbers"},"image":{"@id":"https:\/\/didvirtualnumbers.com\/#\/schema\/logo\/image\/"}}]}},"_links":{"self":[{"href":"https:\/\/didvirtualnumbers.com\/tr\/wp-json\/wp\/v2\/pages\/2973","targetHints":{"allow":["GET"]}}],"collection":[{"href":"https:\/\/didvirtualnumbers.com\/tr\/wp-json\/wp\/v2\/pages"}],"about":[{"href":"https:\/\/didvirtualnumbers.com\/tr\/wp-json\/wp\/v2\/types\/page"}],"author":[{"embeddable":true,"href":"https:\/\/didvirtualnumbers.com\/tr\/wp-json\/wp\/v2\/users\/1"}],"replies":[{"embeddable":true,"href":"https:\/\/didvirtualnumbers.com\/tr\/wp-json\/wp\/v2\/comments?post=2973"}],"version-history":[{"count":3,"href":"https:\/\/didvirtualnumbers.com\/tr\/wp-json\/wp\/v2\/pages\/2973\/revisions"}],"predecessor-version":[{"id":2978,"href":"https:\/\/didvirtualnumbers.com\/tr\/wp-json\/wp\/v2\/pages\/2973\/revisions\/2978"}],"wp:attachment":[{"href":"https:\/\/didvirtualnumbers.com\/tr\/wp-json\/wp\/v2\/media?parent=2973"}],"curies":[{"name":"wp","href":"https:\/\/api.w.org\/{rel}","templated":true}]}}