{"id":1878,"date":"2023-04-07T12:16:30","date_gmt":"2023-04-07T12:16:30","guid":{"rendered":"https:\/\/didvirtualnumbers.com\/?page_id=1878"},"modified":"2023-05-02T11:07:27","modified_gmt":"2023-05-02T11:07:27","slug":"payments","status":"publish","type":"page","link":"https:\/\/didvirtualnumbers.com\/tr\/payments\/","title":{"rendered":"\u00d6deme y\u00f6ntemleri listesi"},"content":{"rendered":"<p>DID Sanal Numaralar, d\u00fcnyan\u0131n her yerindeki m\u00fc\u015fterilerden \u00f6deme kabul etmenin kullan\u0131\u015fl\u0131 ve g\u00fcvenilir bir yolunu sa\u011flar. Kredi kartlar\u0131, elektronik \u00f6deme sistemleri ve kripto para birimlerinin yan\u0131 s\u0131ra \u00e7e\u015fitli b\u00f6lgelerdeki di\u011fer bir\u00e7ok pop\u00fcler y\u00f6ntemi de i\u00e7eren \u00e7ok \u00e7e\u015fitli \u00f6deme y\u00f6ntemlerini destekliyoruz. Amac\u0131m\u0131z siz ve m\u00fc\u015fterileriniz i\u00e7in \u00f6deme s\u00fcrecini m\u00fcmk\u00fcn oldu\u011funca basit ve kullan\u0131\u015fl\u0131 hale getirmektir.<\/p>\n\n\n\n<h2 class=\"wp-block-heading\">Avrupa<\/h2>\n\n\n\n<div class=\"wp-block-columns is-layout-flex wp-container-core-columns-is-layout-28f84493 wp-block-columns-is-layout-flex\">\n<div class=\"wp-block-column is-layout-flow wp-block-column-is-layout-flow\">\n<ul class=\"wp-block-list\">\n<li>Banka Havalesi EUR, USD<\/li>\n\n\n\n<li>M\u00fckemmel Para USD<\/li>\n\n\n\n<li>Kredi Kart\u0131 (Visa, Mastercard)<\/li>\n\n\n\n<li>Bitcoin<\/li>\n\n\n\n<li>Kripto para birimi (BTC, BCH, ETH, Ripple, BUSD, Doge)<\/li>\n\n\n\n<li>PayPal<\/li>\n\n\n\n<li>WMZ, WME<\/li>\n\n\n\n<li>Konfor<\/li>\n\n\n\n<li>Giropay<\/li>\n\n\n\n<li>ideal<\/li>\n\n\n\n<li>\u0130leti\u015fimi yasakla<\/li>\n<\/ul>\n<\/div>\n\n\n\n<div class=\"wp-block-column is-layout-flow wp-block-column-is-layout-flow\">\n<ul class=\"wp-block-list\">\n<li>EPS<\/li>\n\n\n\n<li>Carte Bancaire<\/li>\n\n\n\n<li>CartaSi<\/li>\n\n\n\n<li>Dankort<\/li>\n\n\n\n<li>Euro6000<\/li>\n\n\n\n<li>Girocard<\/li>\n\n\n\n<li>KBC\/CBC \u00d6deme D\u00fc\u011fmesi<\/li>\n\n\n\n<li>Bay Nakit<\/li>\n\n\n\n<li>Multibanco<\/li>\n\n\n\n<li>Przelewy24<\/li>\n\n\n\n<li>tatmin edici<\/li>\n<\/ul>\n<\/div>\n\n\n\n<div class=\"wp-block-column is-layout-flow wp-block-column-is-layout-flow\">\n<ul class=\"wp-block-list\">\n<li>Swish<\/li>\n\n\n\n<li>Tikkie<\/li>\n\n\n\n<li>VIP&#039;ler<\/li>\n\n\n\n<li>Yandex Para<\/li>\n\n\n\n<li>Paysera<\/li>\n\n\n\n<li>Payoneer<\/li>\n\n\n\n<li>isyan<\/li>\n\n\n\n<li>G\u00fcvenle<\/li>\n\n\n\n<li>Skrill<\/li>\n\n\n\n<li>Neteller<\/li>\n<\/ul>\n<\/div>\n<\/div>\n\n\n\n<h2 class=\"wp-block-heading\">Asya<\/h2>\n\n\n\n<div class=\"wp-block-columns is-layout-flex wp-container-core-columns-is-layout-28f84493 wp-block-columns-is-layout-flex\">\n<div class=\"wp-block-column is-layout-flow wp-block-column-is-layout-flow\">\n<ul class=\"wp-block-list\">\n<li>7 onbir<\/li>\n\n\n\n<li>Affin Bankas\u0131<\/li>\n\n\n\n<li>Alfamart<\/li>\n\n\n\n<li>Alipay<\/li>\n\n\n\n<li>\u00c7evrimi\u00e7iyim<\/li>\n\n\n\n<li>ATM Bersama<\/li>\n\n\n\n<li>Bancnet \u00c7evrimi\u00e7i<\/li>\n\n\n\n<li>Bayad Merkezi<\/li>\n\n\n\n<li>Bitcoin<\/li>\n\n\n\n<li>Cebuana Lhuillier<\/li>\n\n\n\n<li>Kiraz Kredileri<\/li>\n\n\n\n<li>CIMB T\u0131klamalar\u0131 (Malezya)<\/li>\n\n\n\n<li>Market<\/li>\n\n\n\n<li>Docomo Operat\u00f6r Faturaland\u0131rmas\u0131<\/li>\n\n\n\n<li>Doku<\/li>\n\n\n\n<li>Dragonpay<\/li>\n<\/ul>\n<\/div>\n\n\n\n<div class=\"wp-block-column is-layout-flow wp-block-column-is-layout-flow\">\n<ul class=\"wp-block-list\">\n<li>ECPay<\/li>\n\n\n\n<li>ENetler<\/li>\n\n\n\n<li>E-\u00f6de<\/li>\n\n\n\n<li>Esapay<\/li>\n\n\n\n<li>Yara<\/li>\n\n\n\n<li>K\u00fcre Gcash<\/li>\n\n\n\n<li>Hong Leong (Malezya)<\/li>\n\n\n\n<li>L.B.C.<\/li>\n\n\n\n<li>M. Lhuillier<\/li>\n\n\n\n<li>Mandiri T\u0131klama \u00d6demesi<\/li>\n\n\n\n<li>Maybank2u (Malezya)<\/li>\n\n\n\n<li>MOLPuanlar\u0131<\/li>\n\n\n\n<li>MOL C\u00fczdan<\/li>\n\n\n\n<li>MoMo<\/li>\n\n\n\n<li>Myclear FPX (Malezya)<\/li>\n\n\n\n<li>Netcash<\/li>\n<\/ul>\n<\/div>\n\n\n\n<div class=\"wp-block-column is-layout-flow wp-block-column-is-layout-flow\">\n<ul class=\"wp-block-list\">\n<li>Kripto para birimi (BTC, BCH, ETH, Ripple, BUSD, Doge)<\/li>\n\n\n\n<li>Ooredoo<\/li>\n\n\n\n<li>Paysbuy<\/li>\n\n\n\n<li>Tav\u015fan HATTI \u00d6demesi<\/li>\n\n\n\n<li>K\u0131rm\u0131z\u0131 Nokta \u00d6demesi<\/li>\n\n\n\n<li>\u015eimdi RHB<\/li>\n\n\n\n<li>Robinsons Ma\u011fazas\u0131<\/li>\n\n\n\n<li>SingPost&#039;tan SAM<\/li>\n\n\n\n<li>SM \u00d6deme Saya\u00e7lar\u0131<\/li>\n\n\n\n<li>Telenor<\/li>\n\n\n\n<li>Tenpay<\/li>\n\n\n\n<li>Unionpay<\/li>\n\n\n\n<li>VTCPay<\/li>\n\n\n\n<li>Dalga Paras\u0131<\/li>\n\n\n\n<li>Web Nakit<\/li>\n<\/ul>\n<\/div>\n<\/div>\n\n\n\n<h2 class=\"wp-block-heading\">Kuzey Amerika<\/h2>\n\n\n\n<div class=\"wp-block-columns is-layout-flex wp-container-core-columns-is-layout-28f84493 wp-block-columns-is-layout-flex\">\n<div class=\"wp-block-column is-layout-flow wp-block-column-is-layout-flow\">\n<ul class=\"wp-block-list\">\n<li>Kredi kartlar\u0131: Visa, Mastercard, American Express, Discover<\/li>\n\n\n\n<li>PayPal<\/li>\n\n\n\n<li>Apple Pay<\/li>\n\n\n\n<li>Google Pay<\/li>\n\n\n\n<li>Samsung Pay<\/li>\n\n\n\n<li>Venmo<\/li>\n<\/ul>\n<\/div>\n\n\n\n<div class=\"wp-block-column is-layout-flow wp-block-column-is-layout-flow\">\n<ul class=\"wp-block-list\">\n<li>Kripto para birimi (BTC, BCH, ETH, Ripple, BUSD, Doge)<\/li>\n\n\n\n<li>Zelle<\/li>\n\n\n\n<li>\u015eerit<\/li>\n\n\n\n<li>Kare<\/li>\n\n\n\n<li>Amazon \u00d6demesi<\/li>\n\n\n\n<li>Payoneer<\/li>\n\n\n\n<li>Dwolla<\/li>\n<\/ul>\n<\/div>\n\n\n\n<div class=\"wp-block-column is-layout-flow wp-block-column-is-layout-flow\">\n<ul class=\"wp-block-list\">\n<li>Biz \u00f6deriz<\/li>\n\n\n\n<li>QuickBooks \u00d6demeleri<\/li>\n\n\n\n<li>BlueSnap<\/li>\n\n\n\n<li>\u0130lk Veriler<\/li>\n\n\n\n<li>Authorize.net<\/li>\n\n\n\n<li>Dwolla<\/li>\n<\/ul>\n<\/div>\n<\/div>\n\n\n\n<h2 class=\"wp-block-heading\">G\u00fcney Amerika<\/h2>\n\n\n\n<div class=\"wp-block-columns is-layout-flex wp-container-core-columns-is-layout-28f84493 wp-block-columns-is-layout-flex\">\n<div class=\"wp-block-column is-layout-flow wp-block-column-is-layout-flow\">\n<ul class=\"wp-block-list\">\n<li>Kredi kartlar\u0131: Visa, Mastercard, American Express<\/li>\n\n\n\n<li>PayPal<\/li>\n\n\n\n<li>MercadoPago (bir\u00e7ok G\u00fcney Amerika \u00fclkesinde mevcuttur)<\/li>\n\n\n\n<li>PagSeguro (Brezilya&#039;da mevcut)<\/li>\n\n\n\n<li>Boletos Banc\u00e1rios (Brezilya&#039;da mevcuttur)<\/li>\n<\/ul>\n<\/div>\n\n\n\n<div class=\"wp-block-column is-layout-flow wp-block-column-is-layout-flow\">\n<ul class=\"wp-block-list\">\n<li>Kripto para birimi (BTC, BCH, ETH, Ripple, BUSD, Doge)<\/li>\n\n\n\n<li>Cielo (Brezilya&#039;da mevcut)<\/li>\n\n\n\n<li>Pago F\u00e1cil (Arjantin&#039;de mevcuttur)<\/li>\n\n\n\n<li>RapiPago (Arjantin&#039;de mevcut)<\/li>\n\n\n\n<li>Todo Pago (Arjantin&#039;de mevcut)<\/li>\n<\/ul>\n<\/div>\n\n\n\n<div class=\"wp-block-column is-layout-flow wp-block-column-is-layout-flow\">\n<ul class=\"wp-block-list\">\n<li>Redpagos (Uruguay&#039;da mevcut)<\/li>\n\n\n\n<li>OXXO (Meksika&#039;da mevcuttur)<\/li>\n\n\n\n<li>Baloto (Kolombiya&#039;da mevcuttur)<\/li>\n\n\n\n<li>Davivienda (Kolombiya&#039;da mevcuttur)<\/li>\n<\/ul>\n<\/div>\n<\/div>\n\n\n\n<h2 class=\"wp-block-heading\">Afrika<\/h2>\n\n\n\n<div class=\"wp-block-columns is-layout-flex wp-container-core-columns-is-layout-28f84493 wp-block-columns-is-layout-flex\">\n<div class=\"wp-block-column is-layout-flow wp-block-column-is-layout-flow\">\n<ul class=\"wp-block-list\">\n<li>Banka Havalesi EUR, USD<\/li>\n\n\n\n<li>Kredi Kart\u0131 (Visa, Mastercard)<\/li>\n\n\n\n<li>PayPal<\/li>\n\n\n\n<li>Payoneer<\/li>\n\n\n\n<li>\u00c7arp\u0131nt\u0131 dalgas\u0131<\/li>\n\n\n\n<li>Maa\u015f y\u0131\u011f\u0131n\u0131<\/li>\n\n\n\n<li>M-Pesa<\/li>\n\n\n\n<li>Paga&#039;da<\/li>\n<\/ul>\n<\/div>\n\n\n\n<div class=\"wp-block-column is-layout-flow wp-block-column-is-layout-flow\">\n<ul class=\"wp-block-list\">\n<li>Kripto para birimi (BTC, BCH, ETH, Ripple, BUSD, Doge)<\/li>\n\n\n\n<li>Anahtarlar Aras\u0131 Web Pay<\/li>\n\n\n\n<li>UBA UCollect<\/li>\n\n\n\n<li>VoguePay<\/li>\n\n\n\n<li>Ekobank Mobil Uygulamas\u0131<\/li>\n\n\n\n<li>\u00c7abuk anlatan<\/li>\n\n\n\n<li>Nakit El\u00e7isi<\/li>\n\n\n\n<li>GTPay<\/li>\n\n\n\n<li>eTranzact<\/li>\n<\/ul>\n<\/div>\n\n\n\n<div class=\"wp-block-column is-layout-flow wp-block-column-is-layout-flow\">\n<ul class=\"wp-block-list\">\n<li>Basit \u00d6deme<\/li>\n\n\n\n<li>H\u0131zl\u0131 \u00d6deme<\/li>\n\n\n\n<li>ben \u00f6derim<\/li>\n\n\n\n<li>\u015eeftali \u00d6demeleri<\/li>\n\n\n\n<li>Mavi kod<\/li>\n\n\n\n<li>Yoko<\/li>\n\n\n\n<li>Anl\u0131k Tarama<\/li>\n\n\n\n<li>Ozow<\/li>\n<\/ul>\n<\/div>\n<\/div>\n\n\n\n<h2 class=\"wp-block-heading\">Okyanusya<\/h2>\n\n\n\n<div class=\"wp-block-columns is-layout-flex wp-container-core-columns-is-layout-28f84493 wp-block-columns-is-layout-flex\">\n<div class=\"wp-block-column is-layout-flow wp-block-column-is-layout-flow\">\n<ul class=\"wp-block-list\">\n<li>Kredi kartlar\u0131: Visa, Mastercard, American Express<\/li>\n\n\n\n<li>PayPal<\/li>\n\n\n\n<li>Apple Pay<\/li>\n\n\n\n<li>Google Pay<\/li>\n\n\n\n<li>Samsung Pay<\/li>\n\n\n\n<li>Sonradan \u00f6deme<\/li>\n\n\n\n<li>Postayla \u00d6deme<\/li>\n\n\n\n<li>A\u00e7\u0131k \u00f6deme<\/li>\n<\/ul>\n<\/div>\n\n\n\n<div class=\"wp-block-column is-layout-flow wp-block-column-is-layout-flow\">\n<ul class=\"wp-block-list\">\n<li>Kripto para birimi (BTC, BCH, ETH, Ripple, BUSD, Doge)<\/li>\n\n\n\n<li>Klarna<\/li>\n\n\n\n<li>Laybuy<\/li>\n\n\n\n<li>H\u0131mm<\/li>\n\n\n\n<li>LatitudePay<\/li>\n\n\n\n<li>Hakk\u0131n\u0131 \u00d6de<\/li>\n\n\n\n<li>Daha Sonra \u00d6de<\/li>\n\n\n\n<li>\u00d6deme Kimli\u011fi<\/li>\n\n\n\n<li>BPAY<\/li>\n<\/ul>\n<\/div>\n\n\n\n<div class=\"wp-block-column is-layout-flow wp-block-column-is-layout-flow\">\n<ul class=\"wp-block-list\">\n<li>Poli<\/li>\n\n\n\n<li>banka transferi<\/li>\n\n\n\n<li>Paymate<\/li>\n\n\n\n<li>Pin \u00d6demeleri<\/li>\n\n\n\n<li>e-Yol<\/li>\n\n\n\n<li>G\u00fcvenli \u00d6deme<\/li>\n\n\n\n<li>\u015ei\u015fman Zebra<\/li>\n\n\n\n<li>CoinJar<\/li>\n<\/ul>\n<\/div>\n<\/div>\n\n\n\n<p><em>*Herhangi bir nedenle bir veya daha fazla \u00f6deme y\u00f6ntemi kullan\u0131lam\u0131yorsa veya \u00f6demeyle ilgili sorun ya\u015f\u0131yorsan\u0131z l\u00fctfen e-posta veya \u00e7evrimi\u00e7i sohbet deste\u011fi arac\u0131l\u0131\u011f\u0131yla bizimle ileti\u015fime ge\u00e7in. M\u00fc\u015fteri hizmetleri departman\u0131m\u0131z bu durumda yard\u0131mc\u0131 olacak ve DID Sanal Numaralar hizmetleri i\u00e7in alternatif bir \u00f6deme y\u00f6ntemi sunacakt\u0131r.<\/em><\/p>\n\n\n\n<div style=\"height:40px\" aria-hidden=\"true\" class=\"wp-block-spacer\"><\/div>\n\n\n\n<div class=\"blockart-section blockart-section-6cffd591\"><div class=\"blockart-container\"><div class=\"blockart-section-inner\">\n<div class=\"blockart-column blockart-column-263dd468\"><div class=\"blockart-column-inner\">\n<h4 class=\"blockart-heading blockart-heading-0a1747ef\">Hala sorular\u0131n\u0131z m\u0131 var?<\/h4>\n\n\n\n<p class=\"blockart-paragraph blockart-paragraph-98be4072\">Sorular\u0131m var? Teknik destek ekibimiz yard\u0131ma haz\u0131r. Web sitesindeki geri bildirim formu arac\u0131l\u0131\u011f\u0131yla bizimle ileti\u015fime ge\u00e7in veya e-postayla yaz\u0131n, gerekli t\u00fcm bilgileri yan\u0131tlay\u0131p sa\u011flayaca\u011f\u0131z.<\/p>\n<\/div><\/div>\n\n\n\n<div class=\"blockart-column blockart-column-edf7c39e\"><div class=\"blockart-column-inner\">\n<div class=\"blockart-buttons blockart-buttons-4a28b5fd is-justification-right is-horizontal is-wrap\">\n<div class=\"blockart-button blockart-button-5c80f038\"><a class=\"blockart-button-link is-custom is-style-filled\" href=\"mailto:customer.care@didvirtualnumbers.com\">B\u0130Z\u0130MLE \u0130LET\u0130\u015e\u0130ME GE\u00c7\u0130N<\/a><\/div>\n<\/div>\n<\/div><\/div>\n<\/div><\/div><\/div>","protected":false},"excerpt":{"rendered":"<p>DID Virtual Numbers \u043f\u0440\u0435\u0434\u043e\u0441\u0442\u0430\u0432\u043b\u044f\u0435\u0442 \u0443\u0434\u043e\u0431\u043d\u044b\u0439 \u0438 \u043d\u0430\u0434\u0435\u0436\u043d\u044b\u0439 \u0441\u043f\u043e\u0441\u043e\u0431 \u043f\u0440\u0438\u0435\u043c\u0430 \u043f\u043b\u0430\u0442\u0435\u0436\u0435\u0439 \u043e\u0442 \u043a\u043b\u0438\u0435\u043d\u0442\u043e\u0432 \u0441\u043e \u0432\u0441\u0435\u0433\u043e \u043c\u0438\u0440\u0430. \u041c\u044b \u043f\u043e\u0434\u0434\u0435\u0440\u0436\u0438\u0432\u0430\u0435\u043c \u0448\u0438\u0440\u043e\u043a\u0438\u0439 \u0441\u043f\u0435\u043a\u0442\u0440 \u043f\u043b\u0430\u0442\u0435\u0436\u043d\u044b\u0445 \u043c\u0435\u0442\u043e\u0434\u043e\u0432, \u0432\u043a\u043b\u044e\u0447\u0430\u044f \u043a\u0440\u0435\u0434\u0438\u0442\u043d\u044b\u0435 \u043a\u0430\u0440\u0442\u044b, \u0441\u0438\u0441\u0442\u0435\u043c\u044b \u044d\u043b\u0435\u043a\u0442\u0440\u043e\u043d\u043d\u044b\u0445 \u043f\u043b\u0430\u0442\u0435\u0436\u0435\u0439 \u0438 \u043a\u0440\u0438\u043f\u0442\u043e\u0432\u0430\u043b\u044e\u0442\u044b, \u0430 \u0442\u0430\u043a \u0436\u0435 \u043c\u043d\u043e\u0436\u0435\u0441\u0442\u0432\u043e \u0434\u0440\u0443\u0433\u0438\u0445 \u043f\u043e\u043f\u0443\u043b\u044f\u0440\u043d\u044b\u0445 \u043c\u0435\u0442\u043e\u0434\u043e\u0432 \u0432 \u0440\u0430\u0437\u043b\u0438\u0447\u043d\u044b\u0445 \u0440\u0435\u0433\u0438\u043e\u043d\u0430\u0445. \u041d\u0430\u0448\u0430 \u0446\u0435\u043b\u044c &#8212; \u0441\u0434\u0435\u043b\u0430\u0442\u044c \u043f\u0440\u043e\u0446\u0435\u0441\u0441 \u043f\u043b\u0430\u0442\u0435\u0436\u0435\u0439 \u0434\u043b\u044f \u0432\u0430\u0441 \u0438 \u0432\u0430\u0448\u0438\u0445 \u043a\u043b\u0438\u0435\u043d\u0442\u043e\u0432 \u043c\u0430\u043a\u0441\u0438\u043c\u0430\u043b\u044c\u043d\u043e \u043f\u0440\u043e\u0441\u0442\u044b\u043c \u0438 \u0443\u0434\u043e\u0431\u043d\u044b\u043c. \u0415\u0432\u0440\u043e\u043f\u0430 [&hellip;]<\/p>\n","protected":false},"author":1,"featured_media":0,"parent":0,"menu_order":0,"comment_status":"closed","ping_status":"closed","template":"","meta":{"zakra_sidebar_layout":"customizer","zakra_remove_content_margin":false,"zakra_sidebar":"customizer","zakra_transparent_header":"customizer","zakra_logo":0,"zakra_main_header_style":"default","zakra_menu_item_color":"","zakra_menu_item_hover_color":"","zakra_menu_item_active_color":"","zakra_menu_active_style":"","zakra_page_header":true,"footnotes":""},"class_list":["post-1878","page","type-page","status-publish","hentry"],"yoast_head":"<!-- This site is optimized with the Yoast SEO plugin v27.0 - https:\/\/yoast.com\/product\/yoast-seo-wordpress\/ -->\n<title>\u0421\u043f\u0438\u0441\u043e\u043a \u043f\u043b\u0430\u0442\u0435\u0436\u043d\u044b\u0445 \u043c\u0435\u0442\u043e\u0434\u043e\u0432 - DID Virtual Numbers<\/title>\n<meta name=\"description\" content=\"\u0414\u043e\u0441\u0442\u0443\u043f\u043d\u044b\u0435 \u043f\u043b\u0430\u0442\u0435\u0436\u043d\u044b\u0435 \u043c\u0435\u0442\u043e\u0434\u044b \u0438 \u0441\u0438\u0441\u0442\u0435\u043c\u044b \u043f\u043b\u0430\u0442\u0435\u0436\u0435\u0439 \u2705 DID Virtual Numbers. \u0410\u043d\u043e\u043d\u0438\u043c\u043d\u043e\u0441\u0442\u044c \u0438 \u0437\u0430\u0449\u0438\u0449\u0451\u043d\u043d\u043e\u0441\u0442\u044c \u23e9 \u0411\u043e\u043b\u0435\u0435 90+ \u0441\u0442\u0440\u0430\u043d \u0434\u043e\u0441\u0442\u0443\u043f\u043d\u043e \ud83d\udcb2 \u041f\u0440\u0438\u043d\u0438\u043c\u0430\u0435\u043c \u043a\u0440\u0438\u043f\u0442\u0443.\" \/>\n<meta name=\"robots\" content=\"index, follow, max-snippet:-1, max-image-preview:large, max-video-preview:-1\" \/>\n<link rel=\"canonical\" href=\"https:\/\/didvirtualnumbers.com\/tr\/payments\/\" \/>\n<meta property=\"og:locale\" content=\"tr_TR\" \/>\n<meta property=\"og:type\" content=\"article\" \/>\n<meta property=\"og:title\" content=\"\u0421\u043f\u0438\u0441\u043e\u043a \u043f\u043b\u0430\u0442\u0435\u0436\u043d\u044b\u0445 \u043c\u0435\u0442\u043e\u0434\u043e\u0432 - DID Virtual Numbers\" \/>\n<meta property=\"og:description\" content=\"\u0414\u043e\u0441\u0442\u0443\u043f\u043d\u044b\u0435 \u043f\u043b\u0430\u0442\u0435\u0436\u043d\u044b\u0435 \u043c\u0435\u0442\u043e\u0434\u044b \u0438 \u0441\u0438\u0441\u0442\u0435\u043c\u044b \u043f\u043b\u0430\u0442\u0435\u0436\u0435\u0439 \ud83d\udcf1 DID Virtual Numbers. \u0410\u043d\u043e\u043d\u0438\u043c\u043d\u043e\u0441\u0442\u044c \u0438 \u0437\u0430\u0449\u0438\u0449\u0451\u043d\u043d\u043e\u0441\u0442\u044c \ud83d\udd12 \u0411\u043e\u043b\u0435\u0435 90+ \u0441\u0442\u0440\u0430\u043d \u0434\u043e\u0441\u0442\u0443\u043f\u043d\u043e \ud83d\udcb0 \u041f\u0440\u0438\u043d\u0438\u043c\u0430\u0435\u043c \u043a\u0440\u0438\u043f\u0442\u0443.\" \/>\n<meta property=\"og:url\" content=\"https:\/\/didvirtualnumbers.com\/tr\/payments\/\" \/>\n<meta property=\"og:site_name\" content=\"DIDVirtualNumbers.com\" \/>\n<meta property=\"article:modified_time\" content=\"2023-05-02T11:07:27+00:00\" \/>\n<meta name=\"twitter:card\" content=\"summary_large_image\" \/>\n<meta name=\"twitter:title\" content=\"\u0421\u043f\u0438\u0441\u043e\u043a \u043f\u043b\u0430\u0442\u0435\u0436\u043d\u044b\u0445 \u043c\u0435\u0442\u043e\u0434\u043e\u0432 - DID Virtual Numbers\" \/>\n<meta name=\"twitter:description\" content=\"\u0414\u043e\u0441\u0442\u0443\u043f\u043d\u044b\u0435 \u043f\u043b\u0430\u0442\u0435\u0436\u043d\u044b\u0435 \u043c\u0435\u0442\u043e\u0434\u044b \u0438 \u0441\u0438\u0441\u0442\u0435\u043c\u044b \u043f\u043b\u0430\u0442\u0435\u0436\u0435\u0439 \ud83d\udcf1 DID Virtual Numbers. \u0410\u043d\u043e\u043d\u0438\u043c\u043d\u043e\u0441\u0442\u044c \u0438 \u0437\u0430\u0449\u0438\u0449\u0451\u043d\u043d\u043e\u0441\u0442\u044c \ud83d\udd12 \u0411\u043e\u043b\u0435\u0435 90+ \u0441\u0442\u0440\u0430\u043d \u0434\u043e\u0441\u0442\u0443\u043f\u043d\u043e \ud83d\udcb0 \u041f\u0440\u0438\u043d\u0438\u043c\u0430\u0435\u043c \u043a\u0440\u0438\u043f\u0442\u0443.\" \/>\n<meta name=\"twitter:label1\" content=\"Tahmini okuma s\u00fcresi\" \/>\n\t<meta name=\"twitter:data1\" content=\"3 dakika\" \/>\n<script type=\"application\/ld+json\" class=\"yoast-schema-graph\">{\"@context\":\"https:\/\/schema.org\",\"@graph\":[{\"@type\":\"WebPage\",\"@id\":\"https:\/\/didvirtualnumbers.com\/payments\/\",\"url\":\"https:\/\/didvirtualnumbers.com\/payments\/\",\"name\":\"\u0421\u043f\u0438\u0441\u043e\u043a \u043f\u043b\u0430\u0442\u0435\u0436\u043d\u044b\u0445 \u043c\u0435\u0442\u043e\u0434\u043e\u0432 - DID Virtual Numbers\",\"isPartOf\":{\"@id\":\"https:\/\/didvirtualnumbers.com\/#website\"},\"datePublished\":\"2023-04-07T12:16:30+00:00\",\"dateModified\":\"2023-05-02T11:07:27+00:00\",\"description\":\"\u0414\u043e\u0441\u0442\u0443\u043f\u043d\u044b\u0435 \u043f\u043b\u0430\u0442\u0435\u0436\u043d\u044b\u0435 \u043c\u0435\u0442\u043e\u0434\u044b \u0438 \u0441\u0438\u0441\u0442\u0435\u043c\u044b \u043f\u043b\u0430\u0442\u0435\u0436\u0435\u0439 \u2705 DID Virtual Numbers. \u0410\u043d\u043e\u043d\u0438\u043c\u043d\u043e\u0441\u0442\u044c \u0438 \u0437\u0430\u0449\u0438\u0449\u0451\u043d\u043d\u043e\u0441\u0442\u044c \u23e9 \u0411\u043e\u043b\u0435\u0435 90+ \u0441\u0442\u0440\u0430\u043d \u0434\u043e\u0441\u0442\u0443\u043f\u043d\u043e \ud83d\udcb2 \u041f\u0440\u0438\u043d\u0438\u043c\u0430\u0435\u043c \u043a\u0440\u0438\u043f\u0442\u0443.\",\"breadcrumb\":{\"@id\":\"https:\/\/didvirtualnumbers.com\/payments\/#breadcrumb\"},\"inLanguage\":\"tr\",\"potentialAction\":[{\"@type\":\"ReadAction\",\"target\":[\"https:\/\/didvirtualnumbers.com\/payments\/\"]}]},{\"@type\":\"BreadcrumbList\",\"@id\":\"https:\/\/didvirtualnumbers.com\/payments\/#breadcrumb\",\"itemListElement\":[{\"@type\":\"ListItem\",\"position\":1,\"name\":\"\u0413\u043b\u0430\u0432\u043d\u0430\u044f \u0441\u0442\u0440\u0430\u043d\u0438\u0446\u0430\",\"item\":\"https:\/\/didvirtualnumbers.com\/\"},{\"@type\":\"ListItem\",\"position\":2,\"name\":\"\u0421\u043f\u0438\u0441\u043e\u043a \u043f\u043b\u0430\u0442\u0435\u0436\u043d\u044b\u0445 \u043c\u0435\u0442\u043e\u0434\u043e\u0432\"}]},{\"@type\":\"WebSite\",\"@id\":\"https:\/\/didvirtualnumbers.com\/#website\",\"url\":\"https:\/\/didvirtualnumbers.com\/\",\"name\":\"DIDVirtualNumbers.com\",\"description\":\"\u0412\u0438\u0440\u0442\u0443\u0430\u043b\u044c\u043d\u044b\u0435 \u043d\u043e\u043c\u0435\u0440\u0430 \u0442\u0435\u043b\u0435\u0444\u043e\u043d\u043e\u0432\",\"publisher\":{\"@id\":\"https:\/\/didvirtualnumbers.com\/#organization\"},\"potentialAction\":[{\"@type\":\"SearchAction\",\"target\":{\"@type\":\"EntryPoint\",\"urlTemplate\":\"https:\/\/didvirtualnumbers.com\/?s={search_term_string}\"},\"query-input\":{\"@type\":\"PropertyValueSpecification\",\"valueRequired\":true,\"valueName\":\"search_term_string\"}}],\"inLanguage\":\"tr\"},{\"@type\":\"Organization\",\"@id\":\"https:\/\/didvirtualnumbers.com\/#organization\",\"name\":\"DID Virtual Numbers\",\"url\":\"https:\/\/didvirtualnumbers.com\/\",\"logo\":{\"@type\":\"ImageObject\",\"inLanguage\":\"tr\",\"@id\":\"https:\/\/didvirtualnumbers.com\/#\/schema\/logo\/image\/\",\"url\":\"https:\/\/didvirtualnumbers.com\/wp-content\/uploads\/2023\/03\/Logo-3.png\",\"contentUrl\":\"https:\/\/didvirtualnumbers.com\/wp-content\/uploads\/2023\/03\/Logo-3.png\",\"width\":121,\"height\":69,\"caption\":\"DID Virtual Numbers\"},\"image\":{\"@id\":\"https:\/\/didvirtualnumbers.com\/#\/schema\/logo\/image\/\"}}]}<\/script>\n<!-- \/ Yoast SEO plugin. -->","yoast_head_json":{"title":"\u00d6deme y\u00f6ntemleri listesi - DID Sanal Numaralar","description":"Mevcut \u00f6deme y\u00f6ntemleri ve \u00f6deme sistemleri \u2705 DID Sanal Numaralar. Anonimlik ve g\u00fcvenlik \u23e9 90&#039;dan fazla \u00fclkede mevcut \ud83d\udcb2 Kripto kabul ediyoruz.","robots":{"index":"index","follow":"follow","max-snippet":"max-snippet:-1","max-image-preview":"max-image-preview:large","max-video-preview":"max-video-preview:-1"},"canonical":"https:\/\/didvirtualnumbers.com\/tr\/payments\/","og_locale":"tr_TR","og_type":"article","og_title":"\u0421\u043f\u0438\u0441\u043e\u043a \u043f\u043b\u0430\u0442\u0435\u0436\u043d\u044b\u0445 \u043c\u0435\u0442\u043e\u0434\u043e\u0432 - DID Virtual Numbers","og_description":"\u0414\u043e\u0441\u0442\u0443\u043f\u043d\u044b\u0435 \u043f\u043b\u0430\u0442\u0435\u0436\u043d\u044b\u0435 \u043c\u0435\u0442\u043e\u0434\u044b \u0438 \u0441\u0438\u0441\u0442\u0435\u043c\u044b \u043f\u043b\u0430\u0442\u0435\u0436\u0435\u0439 \ud83d\udcf1 DID Virtual Numbers. \u0410\u043d\u043e\u043d\u0438\u043c\u043d\u043e\u0441\u0442\u044c \u0438 \u0437\u0430\u0449\u0438\u0449\u0451\u043d\u043d\u043e\u0441\u0442\u044c \ud83d\udd12 \u0411\u043e\u043b\u0435\u0435 90+ \u0441\u0442\u0440\u0430\u043d \u0434\u043e\u0441\u0442\u0443\u043f\u043d\u043e \ud83d\udcb0 \u041f\u0440\u0438\u043d\u0438\u043c\u0430\u0435\u043c \u043a\u0440\u0438\u043f\u0442\u0443.","og_url":"https:\/\/didvirtualnumbers.com\/tr\/payments\/","og_site_name":"DIDVirtualNumbers.com","article_modified_time":"2023-05-02T11:07:27+00:00","twitter_card":"summary_large_image","twitter_title":"\u0421\u043f\u0438\u0441\u043e\u043a \u043f\u043b\u0430\u0442\u0435\u0436\u043d\u044b\u0445 \u043c\u0435\u0442\u043e\u0434\u043e\u0432 - DID Virtual Numbers","twitter_description":"\u0414\u043e\u0441\u0442\u0443\u043f\u043d\u044b\u0435 \u043f\u043b\u0430\u0442\u0435\u0436\u043d\u044b\u0435 \u043c\u0435\u0442\u043e\u0434\u044b \u0438 \u0441\u0438\u0441\u0442\u0435\u043c\u044b \u043f\u043b\u0430\u0442\u0435\u0436\u0435\u0439 \ud83d\udcf1 DID Virtual Numbers. \u0410\u043d\u043e\u043d\u0438\u043c\u043d\u043e\u0441\u0442\u044c \u0438 \u0437\u0430\u0449\u0438\u0449\u0451\u043d\u043d\u043e\u0441\u0442\u044c \ud83d\udd12 \u0411\u043e\u043b\u0435\u0435 90+ \u0441\u0442\u0440\u0430\u043d \u0434\u043e\u0441\u0442\u0443\u043f\u043d\u043e \ud83d\udcb0 \u041f\u0440\u0438\u043d\u0438\u043c\u0430\u0435\u043c \u043a\u0440\u0438\u043f\u0442\u0443.","twitter_misc":{"Tahmini okuma s\u00fcresi":"3 dakika"},"schema":{"@context":"https:\/\/schema.org","@graph":[{"@type":"WebPage","@id":"https:\/\/didvirtualnumbers.com\/payments\/","url":"https:\/\/didvirtualnumbers.com\/payments\/","name":"\u00d6deme y\u00f6ntemleri listesi - DID Sanal Numaralar","isPartOf":{"@id":"https:\/\/didvirtualnumbers.com\/#website"},"datePublished":"2023-04-07T12:16:30+00:00","dateModified":"2023-05-02T11:07:27+00:00","description":"Mevcut \u00f6deme y\u00f6ntemleri ve \u00f6deme sistemleri \u2705 DID Sanal Numaralar. Anonimlik ve g\u00fcvenlik \u23e9 90&#039;dan fazla \u00fclkede mevcut \ud83d\udcb2 Kripto kabul ediyoruz.","breadcrumb":{"@id":"https:\/\/didvirtualnumbers.com\/payments\/#breadcrumb"},"inLanguage":"tr","potentialAction":[{"@type":"ReadAction","target":["https:\/\/didvirtualnumbers.com\/payments\/"]}]},{"@type":"BreadcrumbList","@id":"https:\/\/didvirtualnumbers.com\/payments\/#breadcrumb","itemListElement":[{"@type":"ListItem","position":1,"name":"\u0413\u043b\u0430\u0432\u043d\u0430\u044f \u0441\u0442\u0440\u0430\u043d\u0438\u0446\u0430","item":"https:\/\/didvirtualnumbers.com\/"},{"@type":"ListItem","position":2,"name":"\u0421\u043f\u0438\u0441\u043e\u043a \u043f\u043b\u0430\u0442\u0435\u0436\u043d\u044b\u0445 \u043c\u0435\u0442\u043e\u0434\u043e\u0432"}]},{"@type":"WebSite","@id":"https:\/\/didvirtualnumbers.com\/#website","url":"https:\/\/didvirtualnumbers.com\/","name":"DIDVirtualNumbers.com","description":"Sanal telefon numaralar\u0131","publisher":{"@id":"https:\/\/didvirtualnumbers.com\/#organization"},"potentialAction":[{"@type":"SearchAction","target":{"@type":"EntryPoint","urlTemplate":"https:\/\/didvirtualnumbers.com\/?s={search_term_string}"},"query-input":{"@type":"PropertyValueSpecification","valueRequired":true,"valueName":"search_term_string"}}],"inLanguage":"tr"},{"@type":"Organization","@id":"https:\/\/didvirtualnumbers.com\/#organization","name":"DID Sanal Numaralar\u0131","url":"https:\/\/didvirtualnumbers.com\/","logo":{"@type":"ImageObject","inLanguage":"tr","@id":"https:\/\/didvirtualnumbers.com\/#\/schema\/logo\/image\/","url":"https:\/\/didvirtualnumbers.com\/wp-content\/uploads\/2023\/03\/Logo-3.png","contentUrl":"https:\/\/didvirtualnumbers.com\/wp-content\/uploads\/2023\/03\/Logo-3.png","width":121,"height":69,"caption":"DID Virtual Numbers"},"image":{"@id":"https:\/\/didvirtualnumbers.com\/#\/schema\/logo\/image\/"}}]}},"_links":{"self":[{"href":"https:\/\/didvirtualnumbers.com\/tr\/wp-json\/wp\/v2\/pages\/1878","targetHints":{"allow":["GET"]}}],"collection":[{"href":"https:\/\/didvirtualnumbers.com\/tr\/wp-json\/wp\/v2\/pages"}],"about":[{"href":"https:\/\/didvirtualnumbers.com\/tr\/wp-json\/wp\/v2\/types\/page"}],"author":[{"embeddable":true,"href":"https:\/\/didvirtualnumbers.com\/tr\/wp-json\/wp\/v2\/users\/1"}],"replies":[{"embeddable":true,"href":"https:\/\/didvirtualnumbers.com\/tr\/wp-json\/wp\/v2\/comments?post=1878"}],"version-history":[{"count":2,"href":"https:\/\/didvirtualnumbers.com\/tr\/wp-json\/wp\/v2\/pages\/1878\/revisions"}],"predecessor-version":[{"id":2063,"href":"https:\/\/didvirtualnumbers.com\/tr\/wp-json\/wp\/v2\/pages\/1878\/revisions\/2063"}],"wp:attachment":[{"href":"https:\/\/didvirtualnumbers.com\/tr\/wp-json\/wp\/v2\/media?parent=1878"}],"curies":[{"name":"wp","href":"https:\/\/api.w.org\/{rel}","templated":true}]}}