{"id":1638,"date":"2023-04-03T10:50:24","date_gmt":"2023-04-03T10:50:24","guid":{"rendered":"https:\/\/didvirtualnumbers.com\/?page_id=1638"},"modified":"2026-04-14T17:38:54","modified_gmt":"2026-04-14T17:38:54","slug":"cookie-statement","status":"publish","type":"page","link":"https:\/\/didvirtualnumbers.com\/tr\/cookie-statement\/","title":{"rendered":"\u00c7erezlerin i\u015flenmesine ili\u015fkin kurallar"},"content":{"rendered":"<p>\u00abBiz\u00bb, \u00abbize\u00bb, \u00abbizim\u00bb dedi\u011fimizde, kastetti\u011fimiz \u015fey \u015fudur: <a href=\"https:\/\/didvirtualnumbers.com\/tr\/\" target=\"_blank\" rel=\"noreferrer noopener\">didvirtualnumbers.com<\/a> (Beta \u015firketi sp. z oo&#039;nun y\u00f6netimi alt\u0131nda, REGON 146444560).<\/p>\n\n\n\n<p>Bu Politika, web sitelerimizi veya y\u00f6netti\u011fimiz di\u011fer platformlar\u0131 (topluca &quot;Web Siteleri&quot;) ziyaret etti\u011finizde \u00e7erezleri ve benzer teknolojileri nas\u0131l kulland\u0131\u011f\u0131m\u0131z\u0131 a\u00e7\u0131klamaktad\u0131r. Bu teknolojilerin ne oldu\u011funu, neden kulland\u0131\u011f\u0131m\u0131z\u0131 ve bunlar\u0131 nas\u0131l kontrol edebilece\u011finizi a\u00e7\u0131klamaktad\u0131r.<\/p>\n\n\n\n<p>Bu Politika, Kullan\u0131m \u015eartlar\u0131m\u0131z\u0131n bir par\u00e7as\u0131d\u0131r. Burada tan\u0131mlanmayan b\u00fcy\u00fck harfle yaz\u0131lm\u0131\u015f t\u00fcm terimler, Gizlilik Politikam\u0131zdaki anlamlar\u0131yla ayn\u0131d\u0131r.<\/p>\n\n\n\n<p>\u00c7erezler ve di\u011fer izleme ara\u00e7lar\u0131 kullanarak bazen Ki\u015fisel Veriler (veya di\u011fer verilerle birle\u015ftirildi\u011finde Ki\u015fisel Veri haline gelen bilgiler) toplar\u0131z. Ki\u015fisel bilgilerinizi nas\u0131l i\u015fledi\u011fimiz hakk\u0131nda daha fazla bilgi i\u00e7in l\u00fctfen Gizlilik Politikam\u0131za bak\u0131n.<\/p>\n\n\n\n<h2 class=\"wp-block-heading\">\u00c7erezler nedir?<\/h2>\n\n\n\n<p>\u00c7erezler, bir web sitesini ziyaret etti\u011finizde bilgisayar\u0131n\u0131za veya mobil cihaz\u0131n\u0131za kaydedilen k\u00fc\u00e7\u00fck metin dosyalar\u0131d\u0131r. Web sitelerinin daha h\u0131zl\u0131 ve verimli \u00e7al\u0131\u015fmas\u0131na yard\u0131mc\u0131 olurlar ve ayr\u0131ca web sitesi sahipleri i\u00e7in analiz verileri toplarlar.<\/p>\n\n\n\n<ul class=\"wp-block-list\">\n<li><strong>Birinci taraf \u00e7erezleri:<\/strong> Bunlar site sahibi taraf\u0131ndan belirlenir.<\/li>\n\n\n\n<li><strong>\u00dc\u00e7\u00fcnc\u00fc taraf \u00e7erezleri:<\/strong> Bunlar di\u011fer \u015firketler taraf\u0131ndan y\u00fcklenir. Reklam, etkile\u015fimli i\u00e7erik veya analiz gibi ek \u00f6zellikleri etkinle\u015ftirmek i\u00e7in gereklidirler.<\/li>\n<\/ul>\n\n\n\n<h2 class=\"wp-block-heading\">Neden \u00e7erez kullan\u0131yoruz?<\/h2>\n\n\n\n<p>Web sitemizin i\u015flevselli\u011fi i\u00e7in gerekli olan baz\u0131 \u00e7erezler ile kullan\u0131c\u0131 davran\u0131\u015f\u0131n\u0131 analiz etmeye ve platform i\u015flevselli\u011fini geli\u015ftirmeye yard\u0131mc\u0131 olan \u00fc\u00e7\u00fcnc\u00fc taraf \u00e7erezlerini \u00e7e\u015fitli ama\u00e7larla kullan\u0131yoruz.<\/p>\n\n\n\n<h2 class=\"wp-block-heading\">Hangi \u00e7erezler kullan\u0131l\u0131yor?<\/h2>\n\n\n\n<p>\u00c7erezlerin ba\u015fl\u0131ca kategorileri a\u015fa\u011f\u0131da a\u00e7\u0131klanm\u0131\u015ft\u0131r:<\/p>\n\n\n\n<h3 class=\"wp-block-heading\">Temel \u00e7erezler<\/h3>\n\n\n\n<p>Bunlar, web sitesinin d\u00fczg\u00fcn \u00e7al\u0131\u015fmas\u0131 ve ki\u015fisel hesab\u0131n\u0131za eri\u015fmeniz i\u00e7in gereklidir. Bunlar olmadan hizmet d\u00fczg\u00fcn \u00e7al\u0131\u015fmayacakt\u0131r.<\/p>\n\n\n\n<h3 class=\"wp-block-heading\">\u0130\u015flevsel \u00e7erezler<\/h3>\n\n\n\n<p>Web sitesi performans\u0131n\u0131 iyile\u015ftirirler ve ek \u00f6zellikler eklerler. Devre d\u0131\u015f\u0131 b\u0131rak\u0131l\u0131rsa baz\u0131 \u00f6zellikler kullan\u0131lamayabilir.<\/p>\n\n\n\n<h3 class=\"wp-block-heading\">Analitik \u00e7erezler<\/h3>\n\n\n\n<p>Bu bilgiler, kullan\u0131c\u0131lar\u0131n siteyle nas\u0131l etkile\u015fim kurdu\u011funu anlamam\u0131za ve sitenin performans\u0131n\u0131 iyile\u015ftirmemize yard\u0131mc\u0131 olur.<\/p>\n\n\n\n<h3 class=\"wp-block-heading\">Reklam \u00e7erezleri<\/h3>\n\n\n\n<p>\u0130lgili reklamlar\u0131 g\u00f6stermek ve ayn\u0131 reklamlar\u0131 tekrar g\u00f6rme say\u0131n\u0131z\u0131 s\u0131n\u0131rlamak i\u00e7in kullan\u0131l\u0131r.<\/p>\n\n\n\n<h2 class=\"wp-block-heading\">Di\u011fer izleme teknolojileri<\/h2>\n\n\n\n<p>Kullan\u0131c\u0131 davran\u0131\u015f\u0131n\u0131 analiz etmek, pazarlama etkinli\u011fini \u00f6l\u00e7mek ve siteyi optimize etmek i\u00e7in pikseller ve web i\u015faret\u00e7ileri kullanabiliriz.<\/p>\n\n\n\n<h2 class=\"wp-block-heading\">Hedefli reklamc\u0131l\u0131k<\/h2>\n\n\n\n<p>\u00dc\u00e7\u00fcnc\u00fc taraf hizmetler, ilgi alanlar\u0131n\u0131z\u0131 analiz etmek ve ilgili reklamlar\u0131 g\u00f6stermek i\u00e7in \u00e7erezleri kullanabilir. Bu veriler, siz sa\u011flamad\u0131\u011f\u0131n\u0131z s\u00fcrece ki\u015fisel bilgiler i\u00e7ermez.<\/p>\n\n\n\n<h2 class=\"wp-block-heading\">\u00c7erezleri Y\u00f6netme<\/h2>\n\n\n\n<p>\u00c7erezleri taray\u0131c\u0131 ayarlar\u0131n\u0131z \u00fczerinden y\u00f6netebilirsiniz. Baz\u0131 \u00e7erezleri devre d\u0131\u015f\u0131 b\u0131rakmak, belirli web sitesi \u00f6zelliklerinin d\u00fczg\u00fcn \u00e7al\u0131\u015fmas\u0131n\u0131 engelleyebilir.<\/p>\n\n\n\n<h2 class=\"wp-block-heading\">Politika G\u00fcncellemeleri<\/h2>\n\n\n\n<p>Bu Politikay\u0131 periyodik olarak g\u00fcncelleyebiliriz. Herhangi bir de\u011fi\u015fiklikten haberdar olmak i\u00e7in bu sayfay\u0131 d\u00fczenli olarak kontrol etmenizi \u00f6neririz.<\/p>\n\n\n\n<h2 class=\"wp-block-heading\">Ki\u015filer<\/h2>\n\n\n\n<p>Herhangi bir sorunuz varsa, l\u00fctfen bize \u015fu adresten yaz\u0131n: <a href=\"mailto:info@betacompany.net\">info@betacompany.net<\/a>.<\/p>","protected":false},"excerpt":{"rendered":"<p>\u041a\u043e\u0433\u0434\u0430 \u043c\u044b \u0433\u043e\u0432\u043e\u0440\u0438\u043c \u00ab\u043c\u044b\u00bb, \u00ab\u043d\u0430\u0441\u00bb, \u00ab\u043d\u0430\u0448\u00bb, \u043c\u044b \u0438\u043c\u0435\u0435\u043c \u0432 \u0432\u0438\u0434\u0443 didvirtualnumbers.com (\u043f\u043e\u0434 \u0443\u043f\u0440\u0430\u0432\u043b\u0435\u043d\u0438\u0435\u043c Beta company sp. z o.o., REGON 146444560). \u0412 \u044d\u0442\u043e\u043c \u041f\u043e\u043b\u043e\u0436\u0435\u043d\u0438\u0438 \u043e\u0431\u044a\u044f\u0441\u043d\u044f\u0435\u0442\u0441\u044f, \u043a\u0430\u043a \u043c\u044b \u0438\u0441\u043f\u043e\u043b\u044c\u0437\u0443\u0435\u043c \u0444\u0430\u0439\u043b\u044b cookie \u0438 \u043f\u043e\u0445\u043e\u0436\u0438\u0435 \u0442\u0435\u0445\u043d\u043e\u043b\u043e\u0433\u0438\u0438, \u043a\u043e\u0433\u0434\u0430 \u0432\u044b \u043f\u043e\u0441\u0435\u0449\u0430\u0435\u0442\u0435 \u043d\u0430\u0448\u0438 \u0441\u0430\u0439\u0442\u044b \u0438\u043b\u0438 \u043b\u044e\u0431\u044b\u0435 \u0434\u0440\u0443\u0433\u0438\u0435 \u043f\u043b\u0430\u0442\u0444\u043e\u0440\u043c\u044b \u043f\u043e\u0434 \u043d\u0430\u0448\u0438\u043c \u0443\u043f\u0440\u0430\u0432\u043b\u0435\u043d\u0438\u0435\u043c (\u0441\u043e\u0432\u043c\u0435\u0441\u0442\u043d\u043e \u00ab\u0412\u0435\u0431-\u0441\u0430\u0439\u0442\u044b\u00bb). \u0417\u0434\u0435\u0441\u044c \u043e\u043f\u0438\u0441\u0430\u043d\u043e, \u0447\u0442\u043e \u044d\u0442\u043e \u0437\u0430 \u0442\u0435\u0445\u043d\u043e\u043b\u043e\u0433\u0438\u0438, \u0437\u0430\u0447\u0435\u043c \u043e\u043d\u0438 \u043d\u0430\u043c [&hellip;]<\/p>\n","protected":false},"author":1,"featured_media":0,"parent":0,"menu_order":0,"comment_status":"closed","ping_status":"closed","template":"","meta":{"zakra_sidebar_layout":"customizer","zakra_remove_content_margin":false,"zakra_sidebar":"customizer","zakra_transparent_header":"customizer","zakra_logo":0,"zakra_main_header_style":"default","zakra_menu_item_color":"","zakra_menu_item_hover_color":"","zakra_menu_item_active_color":"","zakra_menu_active_style":"","zakra_page_header":true,"footnotes":""},"class_list":["post-1638","page","type-page","status-publish","hentry"],"yoast_head":"<!-- This site is optimized with the Yoast SEO plugin v27.0 - https:\/\/yoast.com\/product\/yoast-seo-wordpress\/ -->\n<title>\u041f\u0440\u0430\u0432\u0438\u043b\u0430 \u043e\u0431\u0440\u0430\u0431\u043e\u0442\u043a\u0438 \u0444\u0430\u0439\u043b\u043e\u0432 cookie - DIDVN<\/title>\n<meta name=\"description\" content=\"\u041e\u0441\u043d\u043e\u0432\u043d\u044b\u0435 \u043f\u0440\u0430\u0432\u0438\u043b\u0430 \u043e\u0431\u0440\u0430\u0431\u043e\u0442\u043a\u0438 \u0444\u0430\u0439\u043b\u043e\u0432 cookie \u043d\u0430 \u0441\u0430\u0439\u0442\u0435 DID Virtual Numbers DID Virtual Numbers. \u0411\u044b\u0441\u0442\u0440\u043e\u0435 \u043f\u043e\u0434\u043a\u043b\u044e\u0447\u0435\u043d\u0438\u0435 \u0438 \u0437\u0430\u0449\u0438\u0449\u0451\u043d\u043d\u043e\u0441\u0442\u044c.\" \/>\n<meta name=\"robots\" content=\"index, follow, max-snippet:-1, max-image-preview:large, max-video-preview:-1\" \/>\n<link rel=\"canonical\" href=\"https:\/\/didvirtualnumbers.com\/tr\/cookie-statement\/\" \/>\n<meta property=\"og:locale\" content=\"tr_TR\" \/>\n<meta property=\"og:type\" content=\"article\" \/>\n<meta property=\"og:title\" content=\"\u041f\u0440\u0430\u0432\u0438\u043b\u0430 \u043e\u0431\u0440\u0430\u0431\u043e\u0442\u043a\u0438 \u0444\u0430\u0439\u043b\u043e\u0432 cookie - DIDVN\" \/>\n<meta property=\"og:description\" content=\"\u041e\u0441\u043d\u043e\u0432\u043d\u044b\u0435 \u043f\u0440\u0430\u0432\u0438\u043b\u0430 \u043e\u0431\u0440\u0430\u0431\u043e\u0442\u043a\u0438 \u0444\u0430\u0439\u043b\u043e\u0432 cookie \u043d\u0430 \u0441\u0430\u0439\u0442\u0435 DID Virtual Numbers DID Virtual Numbers. \u0411\u044b\u0441\u0442\u0440\u043e\u0435 \u043f\u043e\u0434\u043a\u043b\u044e\u0447\u0435\u043d\u0438\u0435 \u0438 \u0437\u0430\u0449\u0438\u0449\u0451\u043d\u043d\u043e\u0441\u0442\u044c.\" \/>\n<meta property=\"og:url\" content=\"https:\/\/didvirtualnumbers.com\/tr\/cookie-statement\/\" \/>\n<meta property=\"og:site_name\" content=\"DIDVirtualNumbers.com\" \/>\n<meta property=\"article:modified_time\" content=\"2026-04-14T17:38:54+00:00\" \/>\n<meta name=\"twitter:card\" content=\"summary_large_image\" \/>\n<meta name=\"twitter:title\" content=\"\u041f\u0440\u0430\u0432\u0438\u043b\u0430 \u043e\u0431\u0440\u0430\u0431\u043e\u0442\u043a\u0438 \u0444\u0430\u0439\u043b\u043e\u0432 cookie - DIDVN\" \/>\n<meta name=\"twitter:description\" content=\"\u041e\u0441\u043d\u043e\u0432\u043d\u044b\u0435 \u043f\u0440\u0430\u0432\u0438\u043b\u0430 \u043e\u0431\u0440\u0430\u0431\u043e\u0442\u043a\u0438 \u0444\u0430\u0439\u043b\u043e\u0432 cookie \u043d\u0430 \u0441\u0430\u0439\u0442\u0435 DID Virtual Numbers DID Virtual Numbers. \u0411\u044b\u0441\u0442\u0440\u043e\u0435 \u043f\u043e\u0434\u043a\u043b\u044e\u0447\u0435\u043d\u0438\u0435 \u0438 \u0437\u0430\u0449\u0438\u0449\u0451\u043d\u043d\u043e\u0441\u0442\u044c.\" \/>\n<meta name=\"twitter:label1\" content=\"Tahmini okuma s\u00fcresi\" \/>\n\t<meta name=\"twitter:data1\" content=\"3 dakika\" \/>\n<script type=\"application\/ld+json\" class=\"yoast-schema-graph\">{\"@context\":\"https:\/\/schema.org\",\"@graph\":[{\"@type\":\"WebPage\",\"@id\":\"https:\/\/didvirtualnumbers.com\/cookie-statement\/\",\"url\":\"https:\/\/didvirtualnumbers.com\/cookie-statement\/\",\"name\":\"\u041f\u0440\u0430\u0432\u0438\u043b\u0430 \u043e\u0431\u0440\u0430\u0431\u043e\u0442\u043a\u0438 \u0444\u0430\u0439\u043b\u043e\u0432 cookie - DIDVN\",\"isPartOf\":{\"@id\":\"https:\/\/didvirtualnumbers.com\/#website\"},\"datePublished\":\"2023-04-03T10:50:24+00:00\",\"dateModified\":\"2026-04-14T17:38:54+00:00\",\"description\":\"\u041e\u0441\u043d\u043e\u0432\u043d\u044b\u0435 \u043f\u0440\u0430\u0432\u0438\u043b\u0430 \u043e\u0431\u0440\u0430\u0431\u043e\u0442\u043a\u0438 \u0444\u0430\u0439\u043b\u043e\u0432 cookie \u043d\u0430 \u0441\u0430\u0439\u0442\u0435 DID Virtual Numbers DID Virtual Numbers. \u0411\u044b\u0441\u0442\u0440\u043e\u0435 \u043f\u043e\u0434\u043a\u043b\u044e\u0447\u0435\u043d\u0438\u0435 \u0438 \u0437\u0430\u0449\u0438\u0449\u0451\u043d\u043d\u043e\u0441\u0442\u044c.\",\"breadcrumb\":{\"@id\":\"https:\/\/didvirtualnumbers.com\/cookie-statement\/#breadcrumb\"},\"inLanguage\":\"tr\",\"potentialAction\":[{\"@type\":\"ReadAction\",\"target\":[\"https:\/\/didvirtualnumbers.com\/cookie-statement\/\"]}]},{\"@type\":\"BreadcrumbList\",\"@id\":\"https:\/\/didvirtualnumbers.com\/cookie-statement\/#breadcrumb\",\"itemListElement\":[{\"@type\":\"ListItem\",\"position\":1,\"name\":\"\u0413\u043b\u0430\u0432\u043d\u0430\u044f \u0441\u0442\u0440\u0430\u043d\u0438\u0446\u0430\",\"item\":\"https:\/\/didvirtualnumbers.com\/\"},{\"@type\":\"ListItem\",\"position\":2,\"name\":\"\u041f\u0440\u0430\u0432\u0438\u043b\u0430 \u043e\u0431\u0440\u0430\u0431\u043e\u0442\u043a\u0438 \u0444\u0430\u0439\u043b\u043e\u0432 cookie\"}]},{\"@type\":\"WebSite\",\"@id\":\"https:\/\/didvirtualnumbers.com\/#website\",\"url\":\"https:\/\/didvirtualnumbers.com\/\",\"name\":\"DIDVirtualNumbers.com\",\"description\":\"\u0412\u0438\u0440\u0442\u0443\u0430\u043b\u044c\u043d\u044b\u0435 \u043d\u043e\u043c\u0435\u0440\u0430 \u0442\u0435\u043b\u0435\u0444\u043e\u043d\u043e\u0432\",\"publisher\":{\"@id\":\"https:\/\/didvirtualnumbers.com\/#organization\"},\"potentialAction\":[{\"@type\":\"SearchAction\",\"target\":{\"@type\":\"EntryPoint\",\"urlTemplate\":\"https:\/\/didvirtualnumbers.com\/?s={search_term_string}\"},\"query-input\":{\"@type\":\"PropertyValueSpecification\",\"valueRequired\":true,\"valueName\":\"search_term_string\"}}],\"inLanguage\":\"tr\"},{\"@type\":\"Organization\",\"@id\":\"https:\/\/didvirtualnumbers.com\/#organization\",\"name\":\"DID Virtual Numbers\",\"url\":\"https:\/\/didvirtualnumbers.com\/\",\"logo\":{\"@type\":\"ImageObject\",\"inLanguage\":\"tr\",\"@id\":\"https:\/\/didvirtualnumbers.com\/#\/schema\/logo\/image\/\",\"url\":\"https:\/\/didvirtualnumbers.com\/wp-content\/uploads\/2023\/03\/Logo-3.png\",\"contentUrl\":\"https:\/\/didvirtualnumbers.com\/wp-content\/uploads\/2023\/03\/Logo-3.png\",\"width\":121,\"height\":69,\"caption\":\"DID Virtual Numbers\"},\"image\":{\"@id\":\"https:\/\/didvirtualnumbers.com\/#\/schema\/logo\/image\/\"}}]}<\/script>\n<!-- \/ Yoast SEO plugin. -->","yoast_head_json":{"title":"\u00c7erez Politikas\u0131 - DIDVN","description":"DID Virtual Numbers web sitesindeki \u00e7erezlerin i\u015flenmesine ili\u015fkin temel kurallar DID Virtual Numbers. H\u0131zl\u0131 ba\u011flant\u0131 ve g\u00fcvenlik.","robots":{"index":"index","follow":"follow","max-snippet":"max-snippet:-1","max-image-preview":"max-image-preview:large","max-video-preview":"max-video-preview:-1"},"canonical":"https:\/\/didvirtualnumbers.com\/tr\/cookie-statement\/","og_locale":"tr_TR","og_type":"article","og_title":"\u041f\u0440\u0430\u0432\u0438\u043b\u0430 \u043e\u0431\u0440\u0430\u0431\u043e\u0442\u043a\u0438 \u0444\u0430\u0439\u043b\u043e\u0432 cookie - DIDVN","og_description":"\u041e\u0441\u043d\u043e\u0432\u043d\u044b\u0435 \u043f\u0440\u0430\u0432\u0438\u043b\u0430 \u043e\u0431\u0440\u0430\u0431\u043e\u0442\u043a\u0438 \u0444\u0430\u0439\u043b\u043e\u0432 cookie \u043d\u0430 \u0441\u0430\u0439\u0442\u0435 DID Virtual Numbers DID Virtual Numbers. \u0411\u044b\u0441\u0442\u0440\u043e\u0435 \u043f\u043e\u0434\u043a\u043b\u044e\u0447\u0435\u043d\u0438\u0435 \u0438 \u0437\u0430\u0449\u0438\u0449\u0451\u043d\u043d\u043e\u0441\u0442\u044c.","og_url":"https:\/\/didvirtualnumbers.com\/tr\/cookie-statement\/","og_site_name":"DIDVirtualNumbers.com","article_modified_time":"2026-04-14T17:38:54+00:00","twitter_card":"summary_large_image","twitter_title":"\u041f\u0440\u0430\u0432\u0438\u043b\u0430 \u043e\u0431\u0440\u0430\u0431\u043e\u0442\u043a\u0438 \u0444\u0430\u0439\u043b\u043e\u0432 cookie - DIDVN","twitter_description":"\u041e\u0441\u043d\u043e\u0432\u043d\u044b\u0435 \u043f\u0440\u0430\u0432\u0438\u043b\u0430 \u043e\u0431\u0440\u0430\u0431\u043e\u0442\u043a\u0438 \u0444\u0430\u0439\u043b\u043e\u0432 cookie \u043d\u0430 \u0441\u0430\u0439\u0442\u0435 DID Virtual Numbers DID Virtual Numbers. \u0411\u044b\u0441\u0442\u0440\u043e\u0435 \u043f\u043e\u0434\u043a\u043b\u044e\u0447\u0435\u043d\u0438\u0435 \u0438 \u0437\u0430\u0449\u0438\u0449\u0451\u043d\u043d\u043e\u0441\u0442\u044c.","twitter_misc":{"Tahmini okuma s\u00fcresi":"3 dakika"},"schema":{"@context":"https:\/\/schema.org","@graph":[{"@type":"WebPage","@id":"https:\/\/didvirtualnumbers.com\/cookie-statement\/","url":"https:\/\/didvirtualnumbers.com\/cookie-statement\/","name":"\u00c7erez Politikas\u0131 - DIDVN","isPartOf":{"@id":"https:\/\/didvirtualnumbers.com\/#website"},"datePublished":"2023-04-03T10:50:24+00:00","dateModified":"2026-04-14T17:38:54+00:00","description":"DID Virtual Numbers web sitesindeki \u00e7erezlerin i\u015flenmesine ili\u015fkin temel kurallar DID Virtual Numbers. H\u0131zl\u0131 ba\u011flant\u0131 ve g\u00fcvenlik.","breadcrumb":{"@id":"https:\/\/didvirtualnumbers.com\/cookie-statement\/#breadcrumb"},"inLanguage":"tr","potentialAction":[{"@type":"ReadAction","target":["https:\/\/didvirtualnumbers.com\/cookie-statement\/"]}]},{"@type":"BreadcrumbList","@id":"https:\/\/didvirtualnumbers.com\/cookie-statement\/#breadcrumb","itemListElement":[{"@type":"ListItem","position":1,"name":"\u0413\u043b\u0430\u0432\u043d\u0430\u044f \u0441\u0442\u0440\u0430\u043d\u0438\u0446\u0430","item":"https:\/\/didvirtualnumbers.com\/"},{"@type":"ListItem","position":2,"name":"\u041f\u0440\u0430\u0432\u0438\u043b\u0430 \u043e\u0431\u0440\u0430\u0431\u043e\u0442\u043a\u0438 \u0444\u0430\u0439\u043b\u043e\u0432 cookie"}]},{"@type":"WebSite","@id":"https:\/\/didvirtualnumbers.com\/#website","url":"https:\/\/didvirtualnumbers.com\/","name":"DIDVirtualNumbers.com","description":"Sanal telefon numaralar\u0131","publisher":{"@id":"https:\/\/didvirtualnumbers.com\/#organization"},"potentialAction":[{"@type":"SearchAction","target":{"@type":"EntryPoint","urlTemplate":"https:\/\/didvirtualnumbers.com\/?s={search_term_string}"},"query-input":{"@type":"PropertyValueSpecification","valueRequired":true,"valueName":"search_term_string"}}],"inLanguage":"tr"},{"@type":"Organization","@id":"https:\/\/didvirtualnumbers.com\/#organization","name":"DID Sanal Numaralar\u0131","url":"https:\/\/didvirtualnumbers.com\/","logo":{"@type":"ImageObject","inLanguage":"tr","@id":"https:\/\/didvirtualnumbers.com\/#\/schema\/logo\/image\/","url":"https:\/\/didvirtualnumbers.com\/wp-content\/uploads\/2023\/03\/Logo-3.png","contentUrl":"https:\/\/didvirtualnumbers.com\/wp-content\/uploads\/2023\/03\/Logo-3.png","width":121,"height":69,"caption":"DID Virtual Numbers"},"image":{"@id":"https:\/\/didvirtualnumbers.com\/#\/schema\/logo\/image\/"}}]}},"_links":{"self":[{"href":"https:\/\/didvirtualnumbers.com\/tr\/wp-json\/wp\/v2\/pages\/1638","targetHints":{"allow":["GET"]}}],"collection":[{"href":"https:\/\/didvirtualnumbers.com\/tr\/wp-json\/wp\/v2\/pages"}],"about":[{"href":"https:\/\/didvirtualnumbers.com\/tr\/wp-json\/wp\/v2\/types\/page"}],"author":[{"embeddable":true,"href":"https:\/\/didvirtualnumbers.com\/tr\/wp-json\/wp\/v2\/users\/1"}],"replies":[{"embeddable":true,"href":"https:\/\/didvirtualnumbers.com\/tr\/wp-json\/wp\/v2\/comments?post=1638"}],"version-history":[{"count":2,"href":"https:\/\/didvirtualnumbers.com\/tr\/wp-json\/wp\/v2\/pages\/1638\/revisions"}],"predecessor-version":[{"id":3541,"href":"https:\/\/didvirtualnumbers.com\/tr\/wp-json\/wp\/v2\/pages\/1638\/revisions\/3541"}],"wp:attachment":[{"href":"https:\/\/didvirtualnumbers.com\/tr\/wp-json\/wp\/v2\/media?parent=1638"}],"curies":[{"name":"wp","href":"https:\/\/api.w.org\/{rel}","templated":true}]}}