{"id":1620,"date":"2023-03-28T18:03:44","date_gmt":"2023-03-28T18:03:44","guid":{"rendered":"https:\/\/didvirtualnumbers.com\/?page_id=1620"},"modified":"2026-04-14T17:35:18","modified_gmt":"2026-04-14T17:35:18","slug":"refund-policy","status":"publish","type":"page","link":"https:\/\/didvirtualnumbers.com\/tr\/refund-policy\/","title":{"rendered":"\u0130ade Politikas\u0131"},"content":{"rendered":"<p>Say\u0131n M\u00fc\u015fteri! Hizmetimizi se\u00e7ti\u011finiz ve sitedeki \u00fcr\u00fcnleri sat\u0131n ald\u0131\u011f\u0131n\u0131z i\u00e7in te\u015fekk\u00fcr ederiz. <a href=\"https:\/\/didvirtualnumbers.com\/tr\/\" target=\"_blank\" rel=\"noreferrer noopener\">didvirtualnumbers.com<\/a>.<\/p>\n\n\n\n<p>L\u00fctfen a\u015fa\u011f\u0131da yer alan sanal ve tek kullan\u0131ml\u0131k numaralara ili\u015fkin iade bilgilerini dikkatlice okuyunuz.<\/p>\n\n\n\n<h2 class=\"wp-block-heading\">Sanal numaralar i\u00e7in geri \u00f6demeler<\/h2>\n\n\n\n<p><strong>A\u015fa\u011f\u0131daki durumlarda para iadesi yapm\u0131yoruz:<\/strong><\/p>\n\n\n\n<ul class=\"wp-block-list\">\n<li>M\u00fc\u015fteri, \u00fccretli d\u00f6nemin bitiminden \u00f6nce kendi iste\u011fiyle hizmeti devre d\u0131\u015f\u0131 b\u0131rakm\u0131\u015ft\u0131r ve bu durum teknik ar\u0131zalarla ilgili de\u011fildir;<\/li>\n\n\n\n<li>M\u00fc\u015fteri \u00fccretli hizmetleri devre d\u0131\u015f\u0131 b\u0131rakm\u0131\u015f veya silmi\u015f ve bakiyede kullan\u0131lmam\u0131\u015f fonlar kalm\u0131\u015ft\u0131r;<\/li>\n\n\n\n<li>Numaray\u0131 aktif hale getirmek i\u00e7in belgeler talep ediyoruz, ancak m\u00fc\u015fteri bunlar\u0131 vermeyi reddediyor;<\/li>\n\n\n\n<li>M\u00fc\u015fteri, hizmetleri kanuna ayk\u0131r\u0131 veya doland\u0131r\u0131c\u0131l\u0131k amac\u0131yla kulland\u0131;<\/li>\n\n\n\n<li>M\u00fc\u015fteri SMS numaras\u0131 k\u0131s\u0131tlamalar\u0131n\u0131 dikkate almad\u0131;<\/li>\n\n\n\n<li>&quot;Kay\u0131t i\u00e7in&quot; numaras\u0131 \u00e7al\u0131\u015f\u0131yor ancak belirli bir servisten gelen SMS&#039;leri kabul etmiyor;<\/li>\n\n\n\n<li>Teknik nedenlerden dolay\u0131 arayan kimli\u011fi g\u00f6sterilemiyor;<\/li>\n\n\n\n<li>M\u00fc\u015fteri sipari\u015fi verdikten sonra fikrini de\u011fi\u015ftirdi;<\/li>\n\n\n\n<li>M\u00fc\u015fteri yanl\u0131\u015fl\u0131kla bakiyeye ekleme yapt\u0131;<\/li>\n\n\n\n<li>M\u00fc\u015fteri hizmetin nas\u0131l i\u015fledi\u011fini yanl\u0131\u015f anlad\u0131;<\/li>\n\n\n\n<li>\u00dc\u00e7\u00fcnc\u00fc taraf hizmetler SMS al\u0131m\u0131n\u0131 s\u0131n\u0131rlayabilir;<\/li>\n\n\n\n<li><strong>Numaram\u0131zla olu\u015fturulan bir hesap \u00fc\u00e7\u00fcnc\u00fc taraf bir platform taraf\u0131ndan bloke edilirse, para iadesi yap\u0131lmayacakt\u0131r.<\/strong><\/li>\n<\/ul>\n\n\n\n<p><strong>A\u015fa\u011f\u0131daki durumlarda bakiyenize para iadesi yap\u0131laca\u011f\u0131n\u0131 garanti ediyoruz:<\/strong><\/p>\n\n\n\n<ul class=\"wp-block-list\">\n<li>Numara 24 saatten fazla s\u00fcredir hizmet d\u0131\u015f\u0131;<\/li>\n\n\n\n<li>M\u00fc\u015fterinin hi\u00e7bir hatas\u0131 olmaks\u0131z\u0131n, operat\u00f6r taraf\u0131ndan numara ba\u011flant\u0131s\u0131 kesildi;<\/li>\n\n\n\n<li>Bir rakam veremiyoruz.<\/li>\n<\/ul>\n\n\n\n<p><strong>A\u015fa\u011f\u0131daki durumlarda m\u00fc\u015fteriye para iadesi m\u00fcmk\u00fcnd\u00fcr:<\/strong><\/p>\n\n\n\n<ul class=\"wp-block-list\">\n<li>\u00d6deme yap\u0131ld\u0131ktan sonra numara kullan\u0131lamaz;<\/li>\n\n\n\n<li>Numara art\u0131k \u00e7al\u0131\u015fm\u0131yor ve de\u011fi\u015ftirilmesi m\u00fcmk\u00fcn de\u011fil.<\/li>\n<\/ul>\n\n\n\n<p>Bakiye iadeleri 1-5 i\u015f g\u00fcn\u00fc i\u00e7inde i\u015fleme al\u0131n\u0131r.<\/p>\n\n\n\n<p>Para iade talepleri e-posta yoluyla kabul edilmektedir: <a href=\"mailto:refund@didvirtualnumbers.com\" rel=\"nofollow\">refund@didvirtualnumbers.com<\/a><\/p>\n\n\n\n<h2 class=\"wp-block-heading\">Tek kullan\u0131ml\u0131k numaralar i\u00e7in geri \u00f6demeler<\/h2>\n\n\n\n<p><strong>A\u015fa\u011f\u0131daki durumlarda para iadesi yap\u0131lmaz:<\/strong><\/p>\n\n\n\n<ul class=\"wp-block-list\">\n<li>Al\u0131nan SMS sistemde g\u00f6r\u00fcnt\u00fcleniyor.<\/li>\n<\/ul>\n\n\n\n<p><strong>Otomatik iade:<\/strong><\/p>\n\n\n\n<ul class=\"wp-block-list\">\n<li>SMS al\u0131nmad\u0131ysa, para iadesi otomatik olarak ger\u00e7ekle\u015fir.<\/li>\n<\/ul>\n\n\n\n<p>Hizmet tamamen otomatiktir. Sipari\u015f verirken talimatlar\u0131 takip edin.<\/p>","protected":false},"excerpt":{"rendered":"<p>\u0423\u0432\u0430\u0436\u0430\u0435\u043c\u044b\u0439 \u043a\u043b\u0438\u0435\u043d\u0442! \u0411\u043b\u0430\u0433\u043e\u0434\u0430\u0440\u0438\u043c \u0412\u0430\u0441 \u0437\u0430 \u0432\u044b\u0431\u043e\u0440 \u043d\u0430\u0448\u0435\u0433\u043e \u0441\u0435\u0440\u0432\u0438\u0441\u0430 \u0438 \u043f\u043e\u043a\u0443\u043f\u043a\u0443 \u043f\u0440\u043e\u0434\u0443\u043a\u0442\u043e\u0432 \u043d\u0430 \u0441\u0430\u0439\u0442\u0435 didvirtualnumbers.com. \u041f\u043e\u0436\u0430\u043b\u0443\u0439\u0441\u0442\u0430, \u0432\u043d\u0438\u043c\u0430\u0442\u0435\u043b\u044c\u043d\u043e \u043f\u0440\u043e\u0447\u0438\u0442\u0430\u0439\u0442\u0435 \u0438\u043d\u0444\u043e\u0440\u043c\u0430\u0446\u0438\u044e \u043e \u0432\u043e\u0437\u0432\u0440\u0430\u0442\u0435 \u0441\u0440\u0435\u0434\u0441\u0442\u0432 \u0437\u0430 \u0432\u0438\u0440\u0442\u0443\u0430\u043b\u044c\u043d\u044b\u0435 \u0438 \u043e\u0434\u043d\u043e\u0440\u0430\u0437\u043e\u0432\u044b\u0435 (disposable) \u043d\u043e\u043c\u0435\u0440\u0430 \u043d\u0438\u0436\u0435. \u0412\u043e\u0437\u0432\u0440\u0430\u0442 \u0441\u0440\u0435\u0434\u0441\u0442\u0432 \u0437\u0430 \u0432\u0438\u0440\u0442\u0443\u0430\u043b\u044c\u043d\u044b\u0435 \u043d\u043e\u043c\u0435\u0440\u0430 \u041c\u044b \u043d\u0435 \u043f\u0440\u0435\u0434\u043e\u0441\u0442\u0430\u0432\u043b\u044f\u0435\u043c \u0432\u043e\u0437\u0432\u0440\u0430\u0442 \u0432 \u0441\u043b\u0435\u0434\u0443\u044e\u0449\u0438\u0445 \u0441\u043b\u0443\u0447\u0430\u044f\u0445: \u041c\u044b \u0433\u0430\u0440\u0430\u043d\u0442\u0438\u0440\u0443\u0435\u043c \u0432\u043e\u0437\u0432\u0440\u0430\u0442 \u043d\u0430 \u0431\u0430\u043b\u0430\u043d\u0441 \u0432 \u0441\u043b\u0435\u0434\u0443\u044e\u0449\u0438\u0445 \u0441\u043b\u0443\u0447\u0430\u044f\u0445: \u0412\u043e\u0437\u0432\u0440\u0430\u0442 \u043a\u043b\u0438\u0435\u043d\u0442\u0443 \u0432\u043e\u0437\u043c\u043e\u0436\u0435\u043d \u0432 \u0441\u043b\u0435\u0434\u0443\u044e\u0449\u0438\u0445 \u0441\u043b\u0443\u0447\u0430\u044f\u0445: \u0412\u043e\u0437\u0432\u0440\u0430\u0442\u044b [&hellip;]<\/p>\n","protected":false},"author":1,"featured_media":0,"parent":0,"menu_order":0,"comment_status":"closed","ping_status":"closed","template":"","meta":{"zakra_sidebar_layout":"customizer","zakra_remove_content_margin":false,"zakra_sidebar":"customizer","zakra_transparent_header":"customizer","zakra_logo":0,"zakra_main_header_style":"default","zakra_menu_item_color":"","zakra_menu_item_hover_color":"","zakra_menu_item_active_color":"","zakra_menu_active_style":"","zakra_page_header":true,"footnotes":""},"class_list":["post-1620","page","type-page","status-publish","hentry"],"yoast_head":"<!-- This site is optimized with the Yoast SEO plugin v27.0 - https:\/\/yoast.com\/product\/yoast-seo-wordpress\/ -->\n<title>\u041f\u043e\u043b\u0438\u0442\u0438\u043a\u0430 \u0432\u043e\u0437\u0432\u0440\u0430\u0442\u043e\u0432 - DIDVirtualNumbers.com<\/title>\n<meta name=\"description\" content=\"\u041f\u043e\u043b\u0438\u0442\u0438\u043a\u0430 \u0432\u043e\u0437\u0432\u0440\u0430\u0442\u043e\u0432 DID Virtual Numbers. \u0411\u044b\u0441\u0442\u0440\u043e\u0435 \u043f\u043e\u0434\u043a\u043b\u044e\u0447\u0435\u043d\u0438\u0435 \u0438 \u0437\u0430\u0449\u0438\u0449\u0451\u043d\u043d\u043e\u0441\u0442\u044c \ud83d\udd12 \u0411\u043e\u043b\u0435\u0435 90+ \u0441\u0442\u0440\u0430\u043d \u0434\u043e\u0441\u0442\u0443\u043f\u043d\u043e \ud83d\udcb0 \u041f\u0440\u0438\u043d\u0438\u043c\u0430\u0435\u043c \u043a\u0440\u0438\u043f\u0442\u0443.\" \/>\n<meta name=\"robots\" content=\"index, follow, max-snippet:-1, max-image-preview:large, max-video-preview:-1\" \/>\n<link rel=\"canonical\" href=\"https:\/\/didvirtualnumbers.com\/tr\/refund-policy\/\" \/>\n<meta property=\"og:locale\" content=\"tr_TR\" \/>\n<meta property=\"og:type\" content=\"article\" \/>\n<meta property=\"og:title\" content=\"\u041f\u043e\u043b\u0438\u0442\u0438\u043a\u0430 \u0432\u043e\u0437\u0432\u0440\u0430\u0442\u043e\u0432 - DID Virtual Numbers\" \/>\n<meta property=\"og:description\" content=\"\u041f\u043e\u043b\u0438\u0442\u0438\u043a\u0430 \u0432\u043e\u0437\u0432\u0440\u0430\u0442\u043e\u0432 DID Virtual Numbers. \u0411\u044b\u0441\u0442\u0440\u043e\u0435 \u043f\u043e\u0434\u043a\u043b\u044e\u0447\u0435\u043d\u0438\u0435 \u0438 \u0437\u0430\u0449\u0438\u0449\u0451\u043d\u043d\u043e\u0441\u0442\u044c \ud83d\udd12 \u0411\u043e\u043b\u0435\u0435 90+ \u0441\u0442\u0440\u0430\u043d \u0434\u043e\u0441\u0442\u0443\u043f\u043d\u043e \ud83d\udcb0 \u041f\u0440\u0438\u043d\u0438\u043c\u0430\u0435\u043c \u043a\u0440\u0438\u043f\u0442\u0443.\" \/>\n<meta property=\"og:url\" content=\"https:\/\/didvirtualnumbers.com\/tr\/refund-policy\/\" \/>\n<meta property=\"og:site_name\" content=\"DIDVirtualNumbers.com\" \/>\n<meta property=\"article:modified_time\" content=\"2026-04-14T17:35:18+00:00\" \/>\n<meta name=\"twitter:card\" content=\"summary_large_image\" \/>\n<meta name=\"twitter:title\" content=\"\u041f\u043e\u043b\u0438\u0442\u0438\u043a\u0430 \u0432\u043e\u0437\u0432\u0440\u0430\u0442\u043e\u0432 - DID Virtual Numbers\" \/>\n<meta name=\"twitter:description\" content=\"\u041f\u043e\u043b\u0438\u0442\u0438\u043a\u0430 \u0432\u043e\u0437\u0432\u0440\u0430\u0442\u043e\u0432 DID Virtual Numbers. \u0411\u044b\u0441\u0442\u0440\u043e\u0435 \u043f\u043e\u0434\u043a\u043b\u044e\u0447\u0435\u043d\u0438\u0435 \u0438 \u0437\u0430\u0449\u0438\u0449\u0451\u043d\u043d\u043e\u0441\u0442\u044c \ud83d\udd12 \u0411\u043e\u043b\u0435\u0435 90+ \u0441\u0442\u0440\u0430\u043d \u0434\u043e\u0441\u0442\u0443\u043f\u043d\u043e \ud83d\udcb0 \u041f\u0440\u0438\u043d\u0438\u043c\u0430\u0435\u043c \u043a\u0440\u0438\u043f\u0442\u0443.\" \/>\n<meta name=\"twitter:label1\" content=\"Tahmini okuma s\u00fcresi\" \/>\n\t<meta name=\"twitter:data1\" content=\"2 dakika\" \/>\n<script type=\"application\/ld+json\" class=\"yoast-schema-graph\">{\"@context\":\"https:\/\/schema.org\",\"@graph\":[{\"@type\":\"WebPage\",\"@id\":\"https:\/\/didvirtualnumbers.com\/refund-policy\/\",\"url\":\"https:\/\/didvirtualnumbers.com\/refund-policy\/\",\"name\":\"\u041f\u043e\u043b\u0438\u0442\u0438\u043a\u0430 \u0432\u043e\u0437\u0432\u0440\u0430\u0442\u043e\u0432 - DIDVirtualNumbers.com\",\"isPartOf\":{\"@id\":\"https:\/\/didvirtualnumbers.com\/#website\"},\"datePublished\":\"2023-03-28T18:03:44+00:00\",\"dateModified\":\"2026-04-14T17:35:18+00:00\",\"description\":\"\u041f\u043e\u043b\u0438\u0442\u0438\u043a\u0430 \u0432\u043e\u0437\u0432\u0440\u0430\u0442\u043e\u0432 DID Virtual Numbers. \u0411\u044b\u0441\u0442\u0440\u043e\u0435 \u043f\u043e\u0434\u043a\u043b\u044e\u0447\u0435\u043d\u0438\u0435 \u0438 \u0437\u0430\u0449\u0438\u0449\u0451\u043d\u043d\u043e\u0441\u0442\u044c \ud83d\udd12 \u0411\u043e\u043b\u0435\u0435 90+ \u0441\u0442\u0440\u0430\u043d \u0434\u043e\u0441\u0442\u0443\u043f\u043d\u043e \ud83d\udcb0 \u041f\u0440\u0438\u043d\u0438\u043c\u0430\u0435\u043c \u043a\u0440\u0438\u043f\u0442\u0443.\",\"breadcrumb\":{\"@id\":\"https:\/\/didvirtualnumbers.com\/refund-policy\/#breadcrumb\"},\"inLanguage\":\"tr\",\"potentialAction\":[{\"@type\":\"ReadAction\",\"target\":[\"https:\/\/didvirtualnumbers.com\/refund-policy\/\"]}]},{\"@type\":\"BreadcrumbList\",\"@id\":\"https:\/\/didvirtualnumbers.com\/refund-policy\/#breadcrumb\",\"itemListElement\":[{\"@type\":\"ListItem\",\"position\":1,\"name\":\"\u0413\u043b\u0430\u0432\u043d\u0430\u044f \u0441\u0442\u0440\u0430\u043d\u0438\u0446\u0430\",\"item\":\"https:\/\/didvirtualnumbers.com\/\"},{\"@type\":\"ListItem\",\"position\":2,\"name\":\"\u041f\u043e\u043b\u0438\u0442\u0438\u043a\u0430 \u0432\u043e\u0437\u0432\u0440\u0430\u0442\u043e\u0432\"}]},{\"@type\":\"WebSite\",\"@id\":\"https:\/\/didvirtualnumbers.com\/#website\",\"url\":\"https:\/\/didvirtualnumbers.com\/\",\"name\":\"DIDVirtualNumbers.com\",\"description\":\"\u0412\u0438\u0440\u0442\u0443\u0430\u043b\u044c\u043d\u044b\u0435 \u043d\u043e\u043c\u0435\u0440\u0430 \u0442\u0435\u043b\u0435\u0444\u043e\u043d\u043e\u0432\",\"publisher\":{\"@id\":\"https:\/\/didvirtualnumbers.com\/#organization\"},\"potentialAction\":[{\"@type\":\"SearchAction\",\"target\":{\"@type\":\"EntryPoint\",\"urlTemplate\":\"https:\/\/didvirtualnumbers.com\/?s={search_term_string}\"},\"query-input\":{\"@type\":\"PropertyValueSpecification\",\"valueRequired\":true,\"valueName\":\"search_term_string\"}}],\"inLanguage\":\"tr\"},{\"@type\":\"Organization\",\"@id\":\"https:\/\/didvirtualnumbers.com\/#organization\",\"name\":\"DID Virtual Numbers\",\"url\":\"https:\/\/didvirtualnumbers.com\/\",\"logo\":{\"@type\":\"ImageObject\",\"inLanguage\":\"tr\",\"@id\":\"https:\/\/didvirtualnumbers.com\/#\/schema\/logo\/image\/\",\"url\":\"https:\/\/didvirtualnumbers.com\/wp-content\/uploads\/2023\/03\/Logo-3.png\",\"contentUrl\":\"https:\/\/didvirtualnumbers.com\/wp-content\/uploads\/2023\/03\/Logo-3.png\",\"width\":121,\"height\":69,\"caption\":\"DID Virtual Numbers\"},\"image\":{\"@id\":\"https:\/\/didvirtualnumbers.com\/#\/schema\/logo\/image\/\"}}]}<\/script>\n<!-- \/ Yoast SEO plugin. -->","yoast_head_json":{"title":"\u0130ade Politikas\u0131 - DIDVirtualNumbers.com","description":"DID Sanal Numaralar \u0130ade Politikas\u0131. H\u0131zl\u0131 ba\u011flant\u0131 ve g\u00fcvenlik \ud83d\udd12 90&#039;dan fazla \u00fclkede mevcut \ud83d\udcb0 Kripto kabul ediyoruz.","robots":{"index":"index","follow":"follow","max-snippet":"max-snippet:-1","max-image-preview":"max-image-preview:large","max-video-preview":"max-video-preview:-1"},"canonical":"https:\/\/didvirtualnumbers.com\/tr\/refund-policy\/","og_locale":"tr_TR","og_type":"article","og_title":"\u041f\u043e\u043b\u0438\u0442\u0438\u043a\u0430 \u0432\u043e\u0437\u0432\u0440\u0430\u0442\u043e\u0432 - DID Virtual Numbers","og_description":"\u041f\u043e\u043b\u0438\u0442\u0438\u043a\u0430 \u0432\u043e\u0437\u0432\u0440\u0430\u0442\u043e\u0432 DID Virtual Numbers. \u0411\u044b\u0441\u0442\u0440\u043e\u0435 \u043f\u043e\u0434\u043a\u043b\u044e\u0447\u0435\u043d\u0438\u0435 \u0438 \u0437\u0430\u0449\u0438\u0449\u0451\u043d\u043d\u043e\u0441\u0442\u044c \ud83d\udd12 \u0411\u043e\u043b\u0435\u0435 90+ \u0441\u0442\u0440\u0430\u043d \u0434\u043e\u0441\u0442\u0443\u043f\u043d\u043e \ud83d\udcb0 \u041f\u0440\u0438\u043d\u0438\u043c\u0430\u0435\u043c \u043a\u0440\u0438\u043f\u0442\u0443.","og_url":"https:\/\/didvirtualnumbers.com\/tr\/refund-policy\/","og_site_name":"DIDVirtualNumbers.com","article_modified_time":"2026-04-14T17:35:18+00:00","twitter_card":"summary_large_image","twitter_title":"\u041f\u043e\u043b\u0438\u0442\u0438\u043a\u0430 \u0432\u043e\u0437\u0432\u0440\u0430\u0442\u043e\u0432 - DID Virtual Numbers","twitter_description":"\u041f\u043e\u043b\u0438\u0442\u0438\u043a\u0430 \u0432\u043e\u0437\u0432\u0440\u0430\u0442\u043e\u0432 DID Virtual Numbers. \u0411\u044b\u0441\u0442\u0440\u043e\u0435 \u043f\u043e\u0434\u043a\u043b\u044e\u0447\u0435\u043d\u0438\u0435 \u0438 \u0437\u0430\u0449\u0438\u0449\u0451\u043d\u043d\u043e\u0441\u0442\u044c \ud83d\udd12 \u0411\u043e\u043b\u0435\u0435 90+ \u0441\u0442\u0440\u0430\u043d \u0434\u043e\u0441\u0442\u0443\u043f\u043d\u043e \ud83d\udcb0 \u041f\u0440\u0438\u043d\u0438\u043c\u0430\u0435\u043c \u043a\u0440\u0438\u043f\u0442\u0443.","twitter_misc":{"Tahmini okuma s\u00fcresi":"2 dakika"},"schema":{"@context":"https:\/\/schema.org","@graph":[{"@type":"WebPage","@id":"https:\/\/didvirtualnumbers.com\/refund-policy\/","url":"https:\/\/didvirtualnumbers.com\/refund-policy\/","name":"\u0130ade Politikas\u0131 - DIDVirtualNumbers.com","isPartOf":{"@id":"https:\/\/didvirtualnumbers.com\/#website"},"datePublished":"2023-03-28T18:03:44+00:00","dateModified":"2026-04-14T17:35:18+00:00","description":"DID Sanal Numaralar \u0130ade Politikas\u0131. H\u0131zl\u0131 ba\u011flant\u0131 ve g\u00fcvenlik \ud83d\udd12 90&#039;dan fazla \u00fclkede mevcut \ud83d\udcb0 Kripto kabul ediyoruz.","breadcrumb":{"@id":"https:\/\/didvirtualnumbers.com\/refund-policy\/#breadcrumb"},"inLanguage":"tr","potentialAction":[{"@type":"ReadAction","target":["https:\/\/didvirtualnumbers.com\/refund-policy\/"]}]},{"@type":"BreadcrumbList","@id":"https:\/\/didvirtualnumbers.com\/refund-policy\/#breadcrumb","itemListElement":[{"@type":"ListItem","position":1,"name":"\u0413\u043b\u0430\u0432\u043d\u0430\u044f \u0441\u0442\u0440\u0430\u043d\u0438\u0446\u0430","item":"https:\/\/didvirtualnumbers.com\/"},{"@type":"ListItem","position":2,"name":"\u041f\u043e\u043b\u0438\u0442\u0438\u043a\u0430 \u0432\u043e\u0437\u0432\u0440\u0430\u0442\u043e\u0432"}]},{"@type":"WebSite","@id":"https:\/\/didvirtualnumbers.com\/#website","url":"https:\/\/didvirtualnumbers.com\/","name":"DIDVirtualNumbers.com","description":"Sanal telefon numaralar\u0131","publisher":{"@id":"https:\/\/didvirtualnumbers.com\/#organization"},"potentialAction":[{"@type":"SearchAction","target":{"@type":"EntryPoint","urlTemplate":"https:\/\/didvirtualnumbers.com\/?s={search_term_string}"},"query-input":{"@type":"PropertyValueSpecification","valueRequired":true,"valueName":"search_term_string"}}],"inLanguage":"tr"},{"@type":"Organization","@id":"https:\/\/didvirtualnumbers.com\/#organization","name":"DID Sanal Numaralar\u0131","url":"https:\/\/didvirtualnumbers.com\/","logo":{"@type":"ImageObject","inLanguage":"tr","@id":"https:\/\/didvirtualnumbers.com\/#\/schema\/logo\/image\/","url":"https:\/\/didvirtualnumbers.com\/wp-content\/uploads\/2023\/03\/Logo-3.png","contentUrl":"https:\/\/didvirtualnumbers.com\/wp-content\/uploads\/2023\/03\/Logo-3.png","width":121,"height":69,"caption":"DID Virtual Numbers"},"image":{"@id":"https:\/\/didvirtualnumbers.com\/#\/schema\/logo\/image\/"}}]}},"_links":{"self":[{"href":"https:\/\/didvirtualnumbers.com\/tr\/wp-json\/wp\/v2\/pages\/1620","targetHints":{"allow":["GET"]}}],"collection":[{"href":"https:\/\/didvirtualnumbers.com\/tr\/wp-json\/wp\/v2\/pages"}],"about":[{"href":"https:\/\/didvirtualnumbers.com\/tr\/wp-json\/wp\/v2\/types\/page"}],"author":[{"embeddable":true,"href":"https:\/\/didvirtualnumbers.com\/tr\/wp-json\/wp\/v2\/users\/1"}],"replies":[{"embeddable":true,"href":"https:\/\/didvirtualnumbers.com\/tr\/wp-json\/wp\/v2\/comments?post=1620"}],"version-history":[{"count":4,"href":"https:\/\/didvirtualnumbers.com\/tr\/wp-json\/wp\/v2\/pages\/1620\/revisions"}],"predecessor-version":[{"id":3538,"href":"https:\/\/didvirtualnumbers.com\/tr\/wp-json\/wp\/v2\/pages\/1620\/revisions\/3538"}],"wp:attachment":[{"href":"https:\/\/didvirtualnumbers.com\/tr\/wp-json\/wp\/v2\/media?parent=1620"}],"curies":[{"name":"wp","href":"https:\/\/api.w.org\/{rel}","templated":true}]}}