{"id":1618,"date":"2023-03-28T18:00:25","date_gmt":"2023-03-28T18:00:25","guid":{"rendered":"https:\/\/didvirtualnumbers.com\/?page_id=1618"},"modified":"2026-04-14T17:25:06","modified_gmt":"2026-04-14T17:25:06","slug":"terms","status":"publish","type":"page","link":"https:\/\/didvirtualnumbers.com\/tr\/terms\/","title":{"rendered":"kullan\u0131m Ko\u015fullar\u0131"},"content":{"rendered":"<h2 class=\"wp-block-heading\">Anla\u015fman\u0131n taraflar\u0131 ve hukuki dayana\u011f\u0131<\/h2>\n\n\n\n<p>Bu Kullan\u0131c\u0131 S\u00f6zle\u015fmesi (bundan sonra &quot;S\u00f6zle\u015fme&quot; olarak an\u0131lacakt\u0131r), \u015firket ile aram\u0131zda yap\u0131lan yasal bir s\u00f6zle\u015fmedir. <a href=\"https:\/\/didvirtualnumbers.com\/tr\/\" target=\"_blank\" rel=\"noreferrer noopener\">didvirtualnumbers.com<\/a> (Beta company sp. z oo&#039;nun kontrol\u00fc alt\u0131nda, REGON 146444560, bundan b\u00f6yle &quot;\u015eirket&quot;, &quot;biz&quot; veya &quot;bize&quot; olarak an\u0131lacakt\u0131r) ve hizmetlerin kullan\u0131c\u0131s\u0131 (bundan b\u00f6yle &quot;M\u00fc\u015fteri&quot; veya &quot;siz&quot; olarak an\u0131lacakt\u0131r).<\/p>\n\n\n\n<h2 class=\"wp-block-heading\">\u015eartlar\u0131 kabul edip hesap kayd\u0131 olu\u015fturmak<\/h2>\n\n\n\n<p>Web sitemizde bir hesap olu\u015fturarak bu S\u00f6zle\u015fmenin \u015fartlar\u0131n\u0131 kabul etmi\u015f olursunuz. Birincil ileti\u015fim kanal\u0131m\u0131z olarak e-postay\u0131 kullan\u0131yoruz ve bizden sistem bildirimleri almay\u0131 kabul ediyorsunuz. Ayr\u0131ca, bu S\u00f6zle\u015fmenin s\u00fcresi boyunca ki\u015fisel verilerinizin i\u015flenmesine ve saklanmas\u0131na da onay veriyorsunuz. T\u00fcm sipari\u015fler, \u00f6demeler ve hizmet y\u00f6netimi do\u011frudan ki\u015fisel hesab\u0131n\u0131z \u00fczerinden i\u015flenir.<\/p>\n\n\n\n<h2 class=\"wp-block-heading\">Uygulama amac\u0131 ve kapsam\u0131<\/h2>\n\n\n\n<p>Bu S\u00f6zle\u015fme, didvirtualnumbers.com platformu taraf\u0131ndan sunulan telekom\u00fcnikasyon hizmetlerinin \u015fartlar\u0131n\u0131 ve ko\u015fullar\u0131n\u0131 belirler.<\/p>\n\n\n\n<h2 class=\"wp-block-heading\">Taraflar\u0131n hak ve y\u00fck\u00fcml\u00fcl\u00fckleri<\/h2>\n\n\n\n<p><strong>Sorumluluklar\u0131m\u0131z:<\/strong><\/p>\n\n\n\n<ol class=\"wp-block-list\">\n<li>Sanal numaralar kiral\u0131yoruz, sesli aramalar\u0131, SMS&#039;leri ve ilgili ileti\u015fim hizmetlerini sa\u011fl\u0131yoruz.<\/li>\n\n\n\n<li>Numaralar\u0131 yaln\u0131zca mevcut veri taban\u0131m\u0131zdan tahsis ediyoruz ve bireysel talepler \u00fczerine belirli numaralar sa\u011flam\u0131yoruz.<\/li>\n\n\n\n<li>Hizmetin kesintisiz devam etmesini sa\u011flamak i\u00e7in ekipmanlar\u0131m\u0131z\u0131n bak\u0131m\u0131n\u0131 ve g\u00fcncellemelerini yap\u0131yoruz.<\/li>\n\n\n\n<li>Aktif olarak sundu\u011funuz hizmetlerle ilgili s\u00fcrekli destek ve dan\u0131\u015fmanl\u0131k hizmeti veriyoruz.<\/li>\n\n\n\n<li>Mevzuat de\u011fi\u015fiklikleri veya yerel operat\u00f6r\u00fcn\u00fczdeki teknik sorunlar nedeniyle gerekirse numaran\u0131z\u0131 de\u011fi\u015ftirebiliriz. Bunu \u00fccretsiz olarak yapacak ve sizi en k\u0131sa s\u00fcrede bilgilendirece\u011fiz. Bu t\u00fcr bir de\u011fi\u015fiklikle ilgili dolayl\u0131 maliyetlerden sorumlu de\u011filiz.<\/li>\n\n\n\n<li>Bu S\u00f6zle\u015fmeyi ihlal etmeniz, sahte belgeler sunman\u0131z veya yasa d\u0131\u015f\u0131 faaliyetlerde bulundu\u011funuzdan \u015f\u00fcphelenmemiz durumunda, geri \u00f6deme yapmaks\u0131z\u0131n hizmetleri ask\u0131ya alma veya sonland\u0131rma hakk\u0131m\u0131z\u0131 sakl\u0131 tutar\u0131z.<\/li>\n\n\n\n<li>G\u00fcvenlik gereksinimleri veya piyasa de\u011fi\u015fiklikleri gerektirdi\u011fi takdirde, \u00f6nceden bildirimde bulunmaks\u0131z\u0131n fiyatlar\u0131m\u0131z\u0131 veya bu S\u00f6zle\u015fmenin \u015fartlar\u0131n\u0131 g\u00fcncelleyebiliriz.<\/li>\n<\/ol>\n\n\n\n<p><strong>Sorumluluklar\u0131n\u0131z:<\/strong><\/p>\n\n\n\n<ol class=\"wp-block-list\">\n<li>Hizmetler i\u00e7in \u00f6demelerinizi zaman\u0131nda yapmak ve ki\u015fisel hesab\u0131n\u0131zda pozitif bir bakiye bulundurmak sizin sorumlulu\u011funuzdad\u0131r.<\/li>\n\n\n\n<li>Belirli bir numaray\u0131 etkinle\u015ftirmek i\u00e7in gerekli olmas\u0131 halinde ge\u00e7erli kimlik veya \u015firket kay\u0131t belgelerini sa\u011flamay\u0131 kabul ediyorsunuz.<\/li>\n\n\n\n<li>Teknik sorun ya\u015f\u0131yorsan\u0131z l\u00fctfen Destek Ekibimizle ileti\u015fime ge\u00e7in ve gerekli t\u00fcm bilgileri sa\u011flay\u0131n. Bu bilgiler olmadan \u00e7\u00f6z\u00fcm garantisi veremeyiz.<\/li>\n\n\n\n<li>Numaralar\u0131m\u0131z\u0131 doland\u0131r\u0131c\u0131l\u0131k, spam, yasa d\u0131\u015f\u0131 faaliyet veya k\u00f6t\u00fc ama\u00e7l\u0131 i\u00e7erik da\u011f\u0131t\u0131m\u0131 i\u00e7in kullanmayaca\u011f\u0131n\u0131z\u0131 kesinlikle kabul ediyorsunuz.<\/li>\n\n\n\n<li>L\u00fctfen destek ekibimizle nazik\u00e7e ileti\u015fim kurun. Hakaret i\u00e7eren veya kaba talepleri dikkate almama hakk\u0131m\u0131z\u0131 sakl\u0131 tutuyoruz.<\/li>\n\n\n\n<li>Hesab\u0131n\u0131za ba\u011fl\u0131 hizmetleri \u00fc\u00e7\u00fcnc\u00fc taraflar\u0131n nas\u0131l kulland\u0131\u011f\u0131ndan tamamen siz sorumlusunuz.<\/li>\n\n\n\n<li>IP telefon kullan\u0131m\u0131n\u0131n \u00fclkenizde yasal oldu\u011funu kabul ediyor ve yerel yasalar\u0131n herhangi bir ihlali durumunda t\u00fcm sorumlulu\u011fu \u00fcstleniyorsunuz.<\/li>\n\n\n\n<li>En az 18 ya\u015f\u0131nda oldu\u011funuzu onayl\u0131yorsunuz.<\/li>\n\n\n\n<li>Hesab\u0131n\u0131z\u0131n haklar\u0131n\u0131 yaz\u0131l\u0131 iznimiz olmadan herhangi bir \u00fc\u00e7\u00fcnc\u00fc tarafa devredemezsiniz.<\/li>\n<\/ol>\n\n\n\n<h2 class=\"wp-block-heading\">Kullan\u0131m \u015eartlar\u0131 ve Hizmet K\u0131s\u0131tlamalar\u0131<\/h2>\n\n\n\n<ul class=\"wp-block-list\">\n<li>\u0130stikrarl\u0131 bir \u00e7al\u0131\u015fma i\u00e7in \u00e7aba g\u00f6steriyoruz, ancak 100%&#039;nin kesintisiz hizmet verece\u011fini garanti edemeyiz.<\/li>\n\n\n\n<li>Acil servisleri (\u00f6rne\u011fin 112, 911) arama olana\u011f\u0131 sa\u011flayan teknik bir hizmet sunmuyoruz.<\/li>\n\n\n\n<li>Sanal numaralar yaln\u0131zca gelen aramalar\u0131 ve SMS&#039;leri almak i\u00e7in tasarlanm\u0131\u015ft\u0131r. Giden aramalar talep \u00fczerine etkinle\u015ftirilir ve varsay\u0131lan olarak arayan kimli\u011fi g\u00f6sterilmez. Arayan kimli\u011fi \u00f6zelli\u011finin kullan\u0131labilirli\u011fi hedef \u00fclkeye ba\u011fl\u0131d\u0131r ve garanti edilmez.<\/li>\n\n\n\n<li>Numara aktivasyonu genellikle 1 ila 5 g\u00fcn s\u00fcrer, ancak belge do\u011frulamas\u0131 15 g\u00fcne kadar uzayabilir. Aktivasyondaki gecikmeler para iadesi i\u00e7in gerek\u00e7e olu\u015fturmaz.<\/li>\n\n\n\n<li>\u00dccretsiz numaralara (\u00f6rne\u011fin, 800) gelen aramalar, numara sahibi taraf\u0131ndan dakika ba\u015f\u0131na \u00fccretlendirilir. Bu numaralara kay\u0131tl\u0131 olduklar\u0131 \u00fclke d\u0131\u015f\u0131ndan yap\u0131lan aramalar\u0131n yan\u0131tlanmas\u0131 garanti edilmez.<\/li>\n\n\n\n<li>&quot;Kay\u0131t i\u00e7in&quot; olarak i\u015faretlenmi\u015f SMS numaralar\u0131 \u00e7o\u011fu \u00e7evrimi\u00e7i platformdan gelen mesajlar\u0131 kabul eder, ancak 100% adresinin her hizmetten teslim edilece\u011fini garanti etmiyoruz. Bu i\u015faret bulunmayan numaralar, bankalardan veya uluslararas\u0131 g\u00f6ndericilerden gelen mesajlar i\u00e7in yerel operat\u00f6rler taraf\u0131ndan engellenebilir.<\/li>\n\n\n\n<li>T\u00fcm sanal numaralar kiralan\u0131r. Aboneli\u011finizin sona ermesiyle birlikte numara yeni bir kullan\u0131c\u0131ya devredilebilir.<\/li>\n<\/ul>\n\n\n\n<h2 class=\"wp-block-heading\">Finansal \u015fartlar ve \u00f6deme prosed\u00fcrleri<\/h2>\n\n\n\n<ul class=\"wp-block-list\">\n<li>T\u00fcm hizmetler \u00f6n \u00f6demelidir ve bakiyenizde yeterli para oldu\u011fu s\u00fcrece aktif kal\u0131r.<\/li>\n\n\n\n<li>\u00dccretlere ba\u011flant\u0131 \u00fccretleri, ayl\u0131k abonelik \u00fccretleri, \u00e7a\u011fr\u0131 y\u00f6nlendirme \u00fccretleri ve giden arama \u00fccretleri dahil olabilir.<\/li>\n\n\n\n<li>Ayl\u0131k abonelik \u00fccreti otomatik olarak tahsil edilir. Bakiyeniz eksiye d\u00fc\u015ferse, \u00f6deme yap\u0131lana kadar hizmetiniz ask\u0131ya al\u0131nacakt\u0131r.<\/li>\n\n\n\n<li>\u00d6denmemi\u015f bakiyeler nedeniyle kiralanan numaray\u0131 \u00f6nceden haber vermeksizin iptal etme hakk\u0131m\u0131z\u0131 sakl\u0131 tutuyoruz. \u00dccretlendirmeden ka\u00e7\u0131nmak i\u00e7in, bir sonraki faturaland\u0131rma d\u00f6nemi ba\u015flamadan \u00f6nce numaray\u0131 hesab\u0131n\u0131zdan iptal etmelisiniz.<\/li>\n\n\n\n<li>T\u00fcm iadeler ve bakiye d\u00fczeltmeleri, \u0130ade Politikam\u0131za uygun olarak i\u015flenir.<\/li>\n<\/ul>\n\n\n\n<h2 class=\"wp-block-heading\">Fikri m\u00fclkiyet haklar\u0131<\/h2>\n\n\n\n<p>Her iki taraf da fikri m\u00fclkiyet haklar\u0131n\u0131 sakl\u0131 tutar. didvirtualnumbers.com&#039;un ad\u0131n\u0131, ticari markalar\u0131n\u0131 veya materyallerini a\u00e7\u0131k yaz\u0131l\u0131 iznimiz olmadan kullanamazs\u0131n\u0131z.<\/p>\n\n\n\n<h2 class=\"wp-block-heading\">Gizlilik ve veri i\u015fleme<\/h2>\n\n\n\n<p>Ki\u015fisel verilerinizi g\u00fcvenilir bir \u015fekilde koruyoruz. Ayr\u0131nt\u0131lar Gizlilik Politikam\u0131zda yer almaktad\u0131r. Resmi bir yasal talep almam\u0131z durumunda, gerekli bilgileri yerel telekom operat\u00f6rleri veya kolluk kuvvetleriyle payla\u015fabilece\u011fimizi l\u00fctfen unutmay\u0131n.<\/p>\n\n\n\n<h2 class=\"wp-block-heading\">\u015eirket sorumlulu\u011funun s\u0131n\u0131rland\u0131r\u0131lmas\u0131<\/h2>\n\n\n\n<p>Hizmet kesintilerinden kaynaklanan dolayl\u0131 zararlardan, veri kayb\u0131ndan veya kar kayb\u0131ndan sorumlu de\u011filiz. Ayr\u0131ca, numaran\u0131z\u0131n kay\u0131tl\u0131 oldu\u011fu \u00fclkenin yasalar\u0131n\u0131n ihlalinden kaynaklanabilecek herhangi bir yasal sorundan da sorumlu de\u011filiz. Web sitesinde veya faturalarda bulunan yaz\u0131m hatalar\u0131, tespit edildikleri anda d\u00fczeltilecektir, ancak mali tazminat talebinde bulunma gerek\u00e7esi olu\u015fturmazlar.<\/p>\n\n\n\n<h2 class=\"wp-block-heading\">m\u00fccbir sebep halleri<\/h2>\n\n\n\n<p>Do\u011fal afetler, elektrik kesintileri, askeri harekatlar, yapt\u0131r\u0131mlar, h\u00fck\u00fcmet eylemleri veya telekom\u00fcnikasyon operat\u00f6rlerinin altyap\u0131s\u0131ndaki ar\u0131zalar gibi kontrol\u00fcm\u00fcz d\u0131\u015f\u0131nda geli\u015fen olaylardan kaynaklanan aksakl\u0131klardan sorumlu de\u011filiz.<\/p>\n\n\n\n<h2 class=\"wp-block-heading\">Geri \u00f6deme ko\u015fullar\u0131 ve m\u00fc\u015fteri sorumlulu\u011fu<\/h2>\n\n\n\n<p>\u015eirketimizin, y\u00f6netiminin ve \u00e7al\u0131\u015fanlar\u0131n\u0131n, sistem ar\u0131zalar\u0131 veya veri iletimindeki gecikmeler de dahil olmak \u00fczere hizmetlerimizi kullanamamaktan kaynaklanan zararlar\u0131 tazmin etmek veya ceza \u00f6demekle y\u00fck\u00fcml\u00fc olmad\u0131\u011f\u0131n\u0131 kabul edersiniz.<\/p>\n\n\n\n<h2 class=\"wp-block-heading\">S\u00fcre ve fesih prosed\u00fcr\u00fc<\/h2>\n\n\n\n<p>Bu S\u00f6zle\u015fme, hesab\u0131n\u0131z\u0131 olu\u015fturdu\u011funuz anda ba\u015flar ve taraflardan biri taraf\u0131ndan feshedilene kadar y\u00fcr\u00fcrl\u00fckte kal\u0131r. Bu \u015fartlar\u0131 ciddi \u015fekilde ihlal etmeniz durumunda hesab\u0131n\u0131z\u0131 kapatabiliriz. Fesih \u00fczerine, size kar\u015f\u0131 t\u00fcm y\u00fck\u00fcml\u00fcl\u00fcklerimiz yerine getirilmi\u015f say\u0131l\u0131r.<\/p>\n\n\n\n<h2 class=\"wp-block-heading\">Son H\u00fck\u00fcmler<\/h2>\n\n\n\n<p>Bu S\u00f6zle\u015fme, aram\u0131zdaki eksiksiz ve nihai anla\u015fmay\u0131 olu\u015fturmaktad\u0131r. T\u00fcm ihtilaflar Polonya Cumhuriyeti ve Avrupa Birli\u011fi kanunlar\u0131na tabidir.<\/p>","protected":false},"excerpt":{"rendered":"<p>\u0423\u0447\u0430\u0441\u0442\u043d\u0438\u043a\u0438 \u0441\u043e\u0433\u043b\u0430\u0448\u0435\u043d\u0438\u044f \u0438 \u043f\u0440\u0430\u0432\u043e\u0432\u0430\u044f \u043e\u0441\u043d\u043e\u0432\u0430 \u042d\u0442\u043e \u041f\u043e\u043b\u044c\u0437\u043e\u0432\u0430\u0442\u0435\u043b\u044c\u0441\u043a\u043e\u0435 \u0441\u043e\u0433\u043b\u0430\u0448\u0435\u043d\u0438\u0435 (\u0434\u0430\u043b\u0435\u0435 \u00ab\u0421\u043e\u0433\u043b\u0430\u0448\u0435\u043d\u0438\u0435\u00bb) \u044f\u0432\u043b\u044f\u0435\u0442\u0441\u044f \u044e\u0440\u0438\u0434\u0438\u0447\u0435\u0441\u043a\u0438\u043c \u0434\u043e\u0433\u043e\u0432\u043e\u0440\u043e\u043c \u043c\u0435\u0436\u0434\u0443 \u043a\u043e\u043c\u043f\u0430\u043d\u0438\u0435\u0439 didvirtualnumbers.com (\u043f\u043e\u0434 \u0443\u043f\u0440\u0430\u0432\u043b\u0435\u043d\u0438\u0435\u043c Beta company sp. z o.o., REGON 146444560, \u0434\u0430\u043b\u0435\u0435 \u00ab\u041a\u043e\u043c\u043f\u0430\u043d\u0438\u044f\u00bb, \u00ab\u043c\u044b\u00bb \u0438\u043b\u0438 \u00ab\u043d\u0430\u0441\u00bb) \u0438 \u043f\u043e\u043b\u044c\u0437\u043e\u0432\u0430\u0442\u0435\u043b\u0435\u043c \u0443\u0441\u043b\u0443\u0433 (\u0434\u0430\u043b\u0435\u0435 \u00ab\u041a\u043b\u0438\u0435\u043d\u0442\u00bb \u0438\u043b\u0438 \u00ab\u0432\u044b\u00bb). \u041f\u0440\u0438\u043d\u044f\u0442\u0438\u0435 \u0443\u0441\u043b\u043e\u0432\u0438\u0439 \u0438 \u0440\u0435\u0433\u0438\u0441\u0442\u0440\u0430\u0446\u0438\u044f \u0430\u043a\u043a\u0430\u0443\u043d\u0442\u0430 \u0420\u0435\u0433\u0438\u0441\u0442\u0440\u0438\u0440\u0443\u044f \u0430\u043a\u043a\u0430\u0443\u043d\u0442 \u043d\u0430 \u043d\u0430\u0448\u0435\u043c \u0441\u0430\u0439\u0442\u0435, \u0432\u044b \u0441\u043e\u0433\u043b\u0430\u0448\u0430\u0435\u0442\u0435\u0441\u044c \u0441 \u0443\u0441\u043b\u043e\u0432\u0438\u044f\u043c\u0438 \u044d\u0442\u043e\u0433\u043e \u0421\u043e\u0433\u043b\u0430\u0448\u0435\u043d\u0438\u044f. \u041c\u044b \u0438\u0441\u043f\u043e\u043b\u044c\u0437\u0443\u0435\u043c [&hellip;]<\/p>\n","protected":false},"author":1,"featured_media":0,"parent":0,"menu_order":0,"comment_status":"closed","ping_status":"closed","template":"","meta":{"zakra_sidebar_layout":"customizer","zakra_remove_content_margin":false,"zakra_sidebar":"customizer","zakra_transparent_header":"customizer","zakra_logo":0,"zakra_main_header_style":"default","zakra_menu_item_color":"","zakra_menu_item_hover_color":"","zakra_menu_item_active_color":"","zakra_menu_active_style":"","zakra_page_header":true,"footnotes":""},"class_list":["post-1618","page","type-page","status-publish","hentry"],"yoast_head":"<!-- This site is optimized with the Yoast SEO plugin v27.0 - https:\/\/yoast.com\/product\/yoast-seo-wordpress\/ -->\n<title>\u0423\u0441\u043b\u043e\u0432\u0438\u044f \u0438 \u043f\u0440\u0430\u0432\u0438\u043b\u0430 \u0438\u0441\u043f\u043e\u043b\u044c\u0437\u043e\u0432\u0430\u043d\u0438\u044f - DIDVN<\/title>\n<meta name=\"description\" content=\"\u0423\u0441\u043b\u043e\u0432\u0438\u044f \u0438 \u043f\u0440\u0430\u0432\u0438\u043b\u0430 \u0438\u0441\u043f\u043e\u043b\u044c\u0437\u043e\u0432\u0430\u043d\u0438\u044f \u0441\u0435\u0440\u0432\u0438\u0441\u0430 DID Virtual Numbers. \u0411\u044b\u0441\u0442\u0440\u043e\u0435 \u043f\u043e\u0434\u043a\u043b\u044e\u0447\u0435\u043d\u0438\u0435 \u0438 \u0437\u0430\u0449\u0438\u0449\u0451\u043d\u043d\u043e\u0441\u0442\u044c \ud83d\udd12 \u0411\u043e\u043b\u0435\u0435 90+ \u0441\u0442\u0440\u0430\u043d \ud83d\udcb0 \u041f\u0440\u0438\u043d\u0438\u043c\u0430\u0435\u043c \u043a\u0440\u0438\u043f\u0442\u0443.\" \/>\n<meta name=\"robots\" content=\"index, follow, max-snippet:-1, max-image-preview:large, max-video-preview:-1\" \/>\n<link rel=\"canonical\" href=\"https:\/\/didvirtualnumbers.com\/tr\/terms\/\" \/>\n<meta property=\"og:locale\" content=\"tr_TR\" \/>\n<meta property=\"og:type\" content=\"article\" \/>\n<meta property=\"og:title\" content=\"\u0423\u0441\u043b\u043e\u0432\u0438\u044f \u0438 \u043f\u0440\u0430\u0432\u0438\u043b\u0430 \u0438\u0441\u043f\u043e\u043b\u044c\u0437\u043e\u0432\u0430\u043d\u0438\u044f - DIDVN\" \/>\n<meta property=\"og:description\" content=\"\u0423\u0441\u043b\u043e\u0432\u0438\u044f \u0438 \u043f\u0440\u0430\u0432\u0438\u043b\u0430 \u0438\u0441\u043f\u043e\u043b\u044c\u0437\u043e\u0432\u0430\u043d\u0438\u044f \u0441\u0435\u0440\u0432\u0438\u0441\u0430 DID Virtual Numbers. \u0411\u044b\u0441\u0442\u0440\u043e\u0435 \u043f\u043e\u0434\u043a\u043b\u044e\u0447\u0435\u043d\u0438\u0435 \u0438 \u0437\u0430\u0449\u0438\u0449\u0451\u043d\u043d\u043e\u0441\u0442\u044c \ud83d\udd12 \u0411\u043e\u043b\u0435\u0435 90+ \u0441\u0442\u0440\u0430\u043d \ud83d\udcb0 \u041f\u0440\u0438\u043d\u0438\u043c\u0430\u0435\u043c \u043a\u0440\u0438\u043f\u0442\u0443.\" \/>\n<meta property=\"og:url\" content=\"https:\/\/didvirtualnumbers.com\/tr\/terms\/\" \/>\n<meta property=\"og:site_name\" content=\"DIDVirtualNumbers.com\" \/>\n<meta property=\"article:modified_time\" content=\"2026-04-14T17:25:06+00:00\" \/>\n<meta name=\"twitter:card\" content=\"summary_large_image\" \/>\n<meta name=\"twitter:title\" content=\"\u0423\u0441\u043b\u043e\u0432\u0438\u044f \u0438 \u043f\u0440\u0430\u0432\u0438\u043b\u0430 \u0438\u0441\u043f\u043e\u043b\u044c\u0437\u043e\u0432\u0430\u043d\u0438\u044f - DIDVN\" \/>\n<meta name=\"twitter:description\" content=\"\u0423\u0441\u043b\u043e\u0432\u0438\u044f \u0438 \u043f\u0440\u0430\u0432\u0438\u043b\u0430 \u0438\u0441\u043f\u043e\u043b\u044c\u0437\u043e\u0432\u0430\u043d\u0438\u044f \u0441\u0435\u0440\u0432\u0438\u0441\u0430 DID Virtual Numbers. \u0411\u044b\u0441\u0442\u0440\u043e\u0435 \u043f\u043e\u0434\u043a\u043b\u044e\u0447\u0435\u043d\u0438\u0435 \u0438 \u0437\u0430\u0449\u0438\u0449\u0451\u043d\u043d\u043e\u0441\u0442\u044c \ud83d\udd12 \u0411\u043e\u043b\u0435\u0435 90+ \u0441\u0442\u0440\u0430\u043d \ud83d\udcb0 \u041f\u0440\u0438\u043d\u0438\u043c\u0430\u0435\u043c \u043a\u0440\u0438\u043f\u0442\u0443.\" \/>\n<meta name=\"twitter:label1\" content=\"Tahmini okuma s\u00fcresi\" \/>\n\t<meta name=\"twitter:data1\" content=\"5 dakika\" \/>\n<script type=\"application\/ld+json\" class=\"yoast-schema-graph\">{\"@context\":\"https:\/\/schema.org\",\"@graph\":[{\"@type\":\"WebPage\",\"@id\":\"https:\/\/didvirtualnumbers.com\/terms\/\",\"url\":\"https:\/\/didvirtualnumbers.com\/terms\/\",\"name\":\"\u0423\u0441\u043b\u043e\u0432\u0438\u044f \u0438 \u043f\u0440\u0430\u0432\u0438\u043b\u0430 \u0438\u0441\u043f\u043e\u043b\u044c\u0437\u043e\u0432\u0430\u043d\u0438\u044f - DIDVN\",\"isPartOf\":{\"@id\":\"https:\/\/didvirtualnumbers.com\/#website\"},\"datePublished\":\"2023-03-28T18:00:25+00:00\",\"dateModified\":\"2026-04-14T17:25:06+00:00\",\"description\":\"\u0423\u0441\u043b\u043e\u0432\u0438\u044f \u0438 \u043f\u0440\u0430\u0432\u0438\u043b\u0430 \u0438\u0441\u043f\u043e\u043b\u044c\u0437\u043e\u0432\u0430\u043d\u0438\u044f \u0441\u0435\u0440\u0432\u0438\u0441\u0430 DID Virtual Numbers. \u0411\u044b\u0441\u0442\u0440\u043e\u0435 \u043f\u043e\u0434\u043a\u043b\u044e\u0447\u0435\u043d\u0438\u0435 \u0438 \u0437\u0430\u0449\u0438\u0449\u0451\u043d\u043d\u043e\u0441\u0442\u044c \ud83d\udd12 \u0411\u043e\u043b\u0435\u0435 90+ \u0441\u0442\u0440\u0430\u043d \ud83d\udcb0 \u041f\u0440\u0438\u043d\u0438\u043c\u0430\u0435\u043c \u043a\u0440\u0438\u043f\u0442\u0443.\",\"breadcrumb\":{\"@id\":\"https:\/\/didvirtualnumbers.com\/terms\/#breadcrumb\"},\"inLanguage\":\"tr\",\"potentialAction\":[{\"@type\":\"ReadAction\",\"target\":[\"https:\/\/didvirtualnumbers.com\/terms\/\"]}]},{\"@type\":\"BreadcrumbList\",\"@id\":\"https:\/\/didvirtualnumbers.com\/terms\/#breadcrumb\",\"itemListElement\":[{\"@type\":\"ListItem\",\"position\":1,\"name\":\"\u0413\u043b\u0430\u0432\u043d\u0430\u044f \u0441\u0442\u0440\u0430\u043d\u0438\u0446\u0430\",\"item\":\"https:\/\/didvirtualnumbers.com\/\"},{\"@type\":\"ListItem\",\"position\":2,\"name\":\"\u0423\u0441\u043b\u043e\u0432\u0438\u044f \u0438 \u043f\u0440\u0430\u0432\u0438\u043b\u0430 \u0438\u0441\u043f\u043e\u043b\u044c\u0437\u043e\u0432\u0430\u043d\u0438\u044f\"}]},{\"@type\":\"WebSite\",\"@id\":\"https:\/\/didvirtualnumbers.com\/#website\",\"url\":\"https:\/\/didvirtualnumbers.com\/\",\"name\":\"DIDVirtualNumbers.com\",\"description\":\"\u0412\u0438\u0440\u0442\u0443\u0430\u043b\u044c\u043d\u044b\u0435 \u043d\u043e\u043c\u0435\u0440\u0430 \u0442\u0435\u043b\u0435\u0444\u043e\u043d\u043e\u0432\",\"publisher\":{\"@id\":\"https:\/\/didvirtualnumbers.com\/#organization\"},\"potentialAction\":[{\"@type\":\"SearchAction\",\"target\":{\"@type\":\"EntryPoint\",\"urlTemplate\":\"https:\/\/didvirtualnumbers.com\/?s={search_term_string}\"},\"query-input\":{\"@type\":\"PropertyValueSpecification\",\"valueRequired\":true,\"valueName\":\"search_term_string\"}}],\"inLanguage\":\"tr\"},{\"@type\":\"Organization\",\"@id\":\"https:\/\/didvirtualnumbers.com\/#organization\",\"name\":\"DID Virtual Numbers\",\"url\":\"https:\/\/didvirtualnumbers.com\/\",\"logo\":{\"@type\":\"ImageObject\",\"inLanguage\":\"tr\",\"@id\":\"https:\/\/didvirtualnumbers.com\/#\/schema\/logo\/image\/\",\"url\":\"https:\/\/didvirtualnumbers.com\/wp-content\/uploads\/2023\/03\/Logo-3.png\",\"contentUrl\":\"https:\/\/didvirtualnumbers.com\/wp-content\/uploads\/2023\/03\/Logo-3.png\",\"width\":121,\"height\":69,\"caption\":\"DID Virtual Numbers\"},\"image\":{\"@id\":\"https:\/\/didvirtualnumbers.com\/#\/schema\/logo\/image\/\"}}]}<\/script>\n<!-- \/ Yoast SEO plugin. -->","yoast_head_json":{"title":"Kullan\u0131m \u015eartlar\u0131 ve Ko\u015fullar\u0131 - DIDVN","description":"DID Sanal Numaralar hizmetini kullanma \u015fartlar\u0131 ve ko\u015fullar\u0131. H\u0131zl\u0131 ba\u011flant\u0131 ve g\u00fcvenlik \ud83d\udd12 90&#039;dan fazla \u00fclke \ud83d\udcb0 Kripto para kabul ediyoruz.","robots":{"index":"index","follow":"follow","max-snippet":"max-snippet:-1","max-image-preview":"max-image-preview:large","max-video-preview":"max-video-preview:-1"},"canonical":"https:\/\/didvirtualnumbers.com\/tr\/terms\/","og_locale":"tr_TR","og_type":"article","og_title":"\u0423\u0441\u043b\u043e\u0432\u0438\u044f \u0438 \u043f\u0440\u0430\u0432\u0438\u043b\u0430 \u0438\u0441\u043f\u043e\u043b\u044c\u0437\u043e\u0432\u0430\u043d\u0438\u044f - DIDVN","og_description":"\u0423\u0441\u043b\u043e\u0432\u0438\u044f \u0438 \u043f\u0440\u0430\u0432\u0438\u043b\u0430 \u0438\u0441\u043f\u043e\u043b\u044c\u0437\u043e\u0432\u0430\u043d\u0438\u044f \u0441\u0435\u0440\u0432\u0438\u0441\u0430 DID Virtual Numbers. \u0411\u044b\u0441\u0442\u0440\u043e\u0435 \u043f\u043e\u0434\u043a\u043b\u044e\u0447\u0435\u043d\u0438\u0435 \u0438 \u0437\u0430\u0449\u0438\u0449\u0451\u043d\u043d\u043e\u0441\u0442\u044c \ud83d\udd12 \u0411\u043e\u043b\u0435\u0435 90+ \u0441\u0442\u0440\u0430\u043d \ud83d\udcb0 \u041f\u0440\u0438\u043d\u0438\u043c\u0430\u0435\u043c \u043a\u0440\u0438\u043f\u0442\u0443.","og_url":"https:\/\/didvirtualnumbers.com\/tr\/terms\/","og_site_name":"DIDVirtualNumbers.com","article_modified_time":"2026-04-14T17:25:06+00:00","twitter_card":"summary_large_image","twitter_title":"\u0423\u0441\u043b\u043e\u0432\u0438\u044f \u0438 \u043f\u0440\u0430\u0432\u0438\u043b\u0430 \u0438\u0441\u043f\u043e\u043b\u044c\u0437\u043e\u0432\u0430\u043d\u0438\u044f - DIDVN","twitter_description":"\u0423\u0441\u043b\u043e\u0432\u0438\u044f \u0438 \u043f\u0440\u0430\u0432\u0438\u043b\u0430 \u0438\u0441\u043f\u043e\u043b\u044c\u0437\u043e\u0432\u0430\u043d\u0438\u044f \u0441\u0435\u0440\u0432\u0438\u0441\u0430 DID Virtual Numbers. \u0411\u044b\u0441\u0442\u0440\u043e\u0435 \u043f\u043e\u0434\u043a\u043b\u044e\u0447\u0435\u043d\u0438\u0435 \u0438 \u0437\u0430\u0449\u0438\u0449\u0451\u043d\u043d\u043e\u0441\u0442\u044c \ud83d\udd12 \u0411\u043e\u043b\u0435\u0435 90+ \u0441\u0442\u0440\u0430\u043d \ud83d\udcb0 \u041f\u0440\u0438\u043d\u0438\u043c\u0430\u0435\u043c \u043a\u0440\u0438\u043f\u0442\u0443.","twitter_misc":{"Tahmini okuma s\u00fcresi":"5 dakika"},"schema":{"@context":"https:\/\/schema.org","@graph":[{"@type":"WebPage","@id":"https:\/\/didvirtualnumbers.com\/terms\/","url":"https:\/\/didvirtualnumbers.com\/terms\/","name":"Kullan\u0131m \u015eartlar\u0131 ve Ko\u015fullar\u0131 - DIDVN","isPartOf":{"@id":"https:\/\/didvirtualnumbers.com\/#website"},"datePublished":"2023-03-28T18:00:25+00:00","dateModified":"2026-04-14T17:25:06+00:00","description":"DID Sanal Numaralar hizmetini kullanma \u015fartlar\u0131 ve ko\u015fullar\u0131. H\u0131zl\u0131 ba\u011flant\u0131 ve g\u00fcvenlik \ud83d\udd12 90&#039;dan fazla \u00fclke \ud83d\udcb0 Kripto para kabul ediyoruz.","breadcrumb":{"@id":"https:\/\/didvirtualnumbers.com\/terms\/#breadcrumb"},"inLanguage":"tr","potentialAction":[{"@type":"ReadAction","target":["https:\/\/didvirtualnumbers.com\/terms\/"]}]},{"@type":"BreadcrumbList","@id":"https:\/\/didvirtualnumbers.com\/terms\/#breadcrumb","itemListElement":[{"@type":"ListItem","position":1,"name":"\u0413\u043b\u0430\u0432\u043d\u0430\u044f \u0441\u0442\u0440\u0430\u043d\u0438\u0446\u0430","item":"https:\/\/didvirtualnumbers.com\/"},{"@type":"ListItem","position":2,"name":"\u0423\u0441\u043b\u043e\u0432\u0438\u044f \u0438 \u043f\u0440\u0430\u0432\u0438\u043b\u0430 \u0438\u0441\u043f\u043e\u043b\u044c\u0437\u043e\u0432\u0430\u043d\u0438\u044f"}]},{"@type":"WebSite","@id":"https:\/\/didvirtualnumbers.com\/#website","url":"https:\/\/didvirtualnumbers.com\/","name":"DIDVirtualNumbers.com","description":"Sanal telefon numaralar\u0131","publisher":{"@id":"https:\/\/didvirtualnumbers.com\/#organization"},"potentialAction":[{"@type":"SearchAction","target":{"@type":"EntryPoint","urlTemplate":"https:\/\/didvirtualnumbers.com\/?s={search_term_string}"},"query-input":{"@type":"PropertyValueSpecification","valueRequired":true,"valueName":"search_term_string"}}],"inLanguage":"tr"},{"@type":"Organization","@id":"https:\/\/didvirtualnumbers.com\/#organization","name":"DID Sanal Numaralar\u0131","url":"https:\/\/didvirtualnumbers.com\/","logo":{"@type":"ImageObject","inLanguage":"tr","@id":"https:\/\/didvirtualnumbers.com\/#\/schema\/logo\/image\/","url":"https:\/\/didvirtualnumbers.com\/wp-content\/uploads\/2023\/03\/Logo-3.png","contentUrl":"https:\/\/didvirtualnumbers.com\/wp-content\/uploads\/2023\/03\/Logo-3.png","width":121,"height":69,"caption":"DID Virtual Numbers"},"image":{"@id":"https:\/\/didvirtualnumbers.com\/#\/schema\/logo\/image\/"}}]}},"_links":{"self":[{"href":"https:\/\/didvirtualnumbers.com\/tr\/wp-json\/wp\/v2\/pages\/1618","targetHints":{"allow":["GET"]}}],"collection":[{"href":"https:\/\/didvirtualnumbers.com\/tr\/wp-json\/wp\/v2\/pages"}],"about":[{"href":"https:\/\/didvirtualnumbers.com\/tr\/wp-json\/wp\/v2\/types\/page"}],"author":[{"embeddable":true,"href":"https:\/\/didvirtualnumbers.com\/tr\/wp-json\/wp\/v2\/users\/1"}],"replies":[{"embeddable":true,"href":"https:\/\/didvirtualnumbers.com\/tr\/wp-json\/wp\/v2\/comments?post=1618"}],"version-history":[{"count":4,"href":"https:\/\/didvirtualnumbers.com\/tr\/wp-json\/wp\/v2\/pages\/1618\/revisions"}],"predecessor-version":[{"id":3534,"href":"https:\/\/didvirtualnumbers.com\/tr\/wp-json\/wp\/v2\/pages\/1618\/revisions\/3534"}],"wp:attachment":[{"href":"https:\/\/didvirtualnumbers.com\/tr\/wp-json\/wp\/v2\/media?parent=1618"}],"curies":[{"name":"wp","href":"https:\/\/api.w.org\/{rel}","templated":true}]}}