{"id":1620,"date":"2023-03-28T18:03:44","date_gmt":"2023-03-28T18:03:44","guid":{"rendered":"https:\/\/didvirtualnumbers.com\/?page_id=1620"},"modified":"2025-04-30T08:59:22","modified_gmt":"2025-04-30T08:59:22","slug":"refund-policy","status":"publish","type":"page","link":"https:\/\/didvirtualnumbers.com\/nl\/refund-policy\/","title":{"rendered":"Retourbeleid"},"content":{"rendered":"<p>Beste klant! Dank u voor uw interesse in onze service. <a href=\"https:\/\/didvirtualnumbers.com\/nl\/\" rel=\"nofollow\">https:\/\/didvirtualnumbers.com\/<\/a> en het vertrouwen dat u stelt bij het kiezen en kopen van producten op onze website. Wij waarderen uw keuze en doen er alles aan om u een stabiele en kwalitatief hoogwaardige service te bieden. <\/p>\n\n\n\n<p>Voordat u gebruikmaakt van onze diensten, verzoeken wij u vriendelijk het restitutiebeleid voor het huren van virtuele en wegwerpnummers te lezen.<\/p>\n\n\n\n<h2 class=\"wp-block-heading\">Restitutiebeleid voor virtuele nummers<\/h2>\n\n\n\n<p>\u2757 <strong>In de volgende situaties wordt het geld niet terugbetaald:<\/strong><\/p>\n\n\n\n<ul class=\"wp-block-list\">\n<li>De dienst is door de klant op eigen initiatief, zonder technische redenen, v\u00f3\u00f3r het einde van de betaalde periode be\u00ebindigd;<\/li>\n\n\n\n<li>De gebruiker heeft zelfstandig de actieve dienst verwijderd, terwijl er nog steeds geld op het interne saldo stond;<\/li>\n\n\n\n<li>Voor het activeren van het nummer is verificatie van de identiteit van de eindgebruiker vereist. Indien de klant, na vooraf de algemene voorwaarden te hebben gelezen, weigert de vereiste documenten te verstrekken, is een retourzending niet mogelijk;<\/li>\n\n\n\n<li>Bij het gebruik van de dienst werden overtredingen van de wet geconstateerd, werden signalen van fraude vastgesteld of werden klachten geregistreerd van exploitanten of wetshandhavingsinstanties. Weigering is ook mogelijk indien vaststaat dat de cli\u00ebnt van plan is de dienst voor illegale doeleinden te gebruiken;<\/li>\n\n\n\n<li>De beperkingen die waren opgegeven bij het bestellen van het sms-nummer, werden genegeerd. Dergelijke gevallen zijn geen reden voor retournering of kosteloze vervanging;<\/li>\n\n\n\n<li>Een met het &quot;Te registreren&quot;-merk gekocht nummer is technisch functioneel en ontvangt berichten, maar niet van een specifieke dienst. Dit wordt niet beschouwd als een schending van de verplichtingen van het bedrijf;<\/li>\n\n\n\n<li>De nummerherkenningsservice (weergave van het nummer bij een oproep) kan om technische redenen niet worden aangeboden. Er wordt geen compensatie verstrekt.<\/li>\n\n\n\n<li>De gebruiker is van gedachten veranderd over het gebruik van de dienst nadat hij zich hiervoor heeft geregistreerd;<\/li>\n\n\n\n<li>Het saldo is per ongeluk aangevuld;<\/li>\n\n\n\n<li>In andere gevallen is het zo dat de klant het doel of de werking van onze producten verkeerd heeft begrepen.<\/li>\n<\/ul>\n\n\n\n<p><em>Sommige externe diensten kunnen hun eigen beperkingen opleggen aan het ontvangen van berichten van specifieke nummers of operators. Het hangt niet van ons af.<\/em><\/p>\n\n\n\n<hr class=\"wp-block-separator has-alpha-channel-opacity\"\/>\n\n\n\n<p>\u2757 <strong>Een volledige terugbetaling van het interne saldo is mogelijk in de volgende gevallen:<\/strong><\/p>\n\n\n\n<ol class=\"wp-block-list\">\n<li>Het virtuele nummer functioneert al meer dan 24 uur achter elkaar niet. De downtime wordt gerekend vanaf het moment van het eerste contact met de supportdienst;<\/li>\n\n\n\n<li>Het nummer werd door de operator gedeactiveerd of opgeschort om redenen die geen verband houden met de handelingen van de klant;<\/li>\n\n\n\n<li>Het is technisch onmogelijk om het bestelde aantal te leveren en het probleem ligt buiten de controle van het bedrijf.<\/li>\n<\/ol>\n\n\n\n<hr class=\"wp-block-separator has-alpha-channel-opacity\"\/>\n\n\n\n<p>\u2757 <strong>Terugbetalingen van het saldo aan de klant worden gedaan indien:<\/strong><\/p>\n\n\n\n<ul class=\"wp-block-list\">\n<li>De bestelling kon niet worden verwerkt omdat het geselecteerde artikel niet beschikbaar is;<\/li>\n\n\n\n<li>Het gekochte nummer blijkt door een fout van de lokale operator niet te werken en wij kunnen geen vergelijkbaar vervangend nummer leveren.<\/li>\n<\/ul>\n\n\n\n<p><em>Let op: Niet alle betaalmethoden ondersteunen directe terugbetalingen. In dergelijke gevallen bieden wij u een alternatieve compensatieoptie aan.<\/em><\/p>\n\n\n\n<hr class=\"wp-block-separator has-alpha-channel-opacity\"\/>\n\n\n\n<p>\u2757 <strong>Retourvoorwaarden:<\/strong><\/p>\n\n\n\n<ol class=\"wp-block-list\">\n<li>Verwerking van terugbetaling naar intern saldo - van 1 tot 5 werkdagen;<\/li>\n\n\n\n<li>De totale verwerkingstermijn van een retourzending bedraagt maximaal 30 kalenderdagen;<\/li>\n\n\n\n<li>Terugboeking van gelden naar de klant is enkel mogelijk op persoonlijk verzoek per e-mail: <a href=\"mailto:refund@didvirtualnumbers.com\" target=\"_blank\" rel=\"noreferrer noopener nofollow\">refund@didvirtualnumbers.com<\/a><br>Uw aanvraag wordt binnen twee werkdagen beoordeeld door een gespecialiseerde afdeling.<\/li>\n<\/ol>\n\n\n\n<p>\u2757 <strong>Het is noodzakelijk om in de brief aan te geven:<\/strong><\/p>\n\n\n\n<ul class=\"wp-block-list\">\n<li>Servicenaam;<\/li>\n\n\n\n<li>De reden en het bedrag van de terugbetaling;<\/li>\n\n\n\n<li>Betaalgegevens of een andere handige manier om geld te ontvangen.<\/li>\n<\/ul>\n\n\n\n<p><em>Zonder deze gegevens wordt uw aanvraag niet in behandeling genomen.<\/em><\/p>\n\n\n\n<hr class=\"wp-block-separator has-alpha-channel-opacity\"\/>\n\n\n\n<h2 class=\"wp-block-heading\">Retourvoorwaarden voor wegwerpnummers<\/h2>\n\n\n\n<p>\u2757 <strong>Retourneren is niet mogelijk indien:<\/strong><\/p>\n\n\n\n<ul class=\"wp-block-list\">\n<li>De opdracht geeft de tekst van het binnenkomende sms-bericht weer. Dit geeft aan dat de dienst volledig is verleend. Alle kwesties die verband houden met het gebruik van het nummer na ontvangst van de code vallen buiten de verantwoordelijkheid van het bedrijf.<\/li>\n<\/ul>\n\n\n\n<hr class=\"wp-block-separator has-alpha-channel-opacity\"\/>\n\n\n\n<p>\u2757 <strong>Er vindt een terugbetaling van het interne saldo plaats indien:<\/strong><\/p>\n\n\n\n<ul class=\"wp-block-list\">\n<li>Het bericht is nooit aangekomen en er staan geen inkomende sms-berichten in de besteltabel. In deze gevallen wordt de retourzending automatisch binnen 15-20 minuten na de bestelling verwerkt.<\/li>\n<\/ul>\n\n\n\n<p><em>Houd er rekening mee dat de berekening van wegwerpnummers volledig geautomatiseerd is. Volg de instructies op de website om misverstanden bij het gebruik te voorkomen.<\/em><\/p>","protected":false},"excerpt":{"rendered":"<p>\u0423\u0432\u0430\u0436\u0430\u0435\u043c\u044b\u0439 \u043a\u043b\u0438\u0435\u043d\u0442! \u0411\u043b\u0430\u0433\u043e\u0434\u0430\u0440\u0438\u043c \u0432\u0430\u0441 \u0437\u0430 \u043f\u0440\u043e\u044f\u0432\u043b\u0435\u043d\u043d\u044b\u0439 \u0438\u043d\u0442\u0435\u0440\u0435\u0441 \u043a \u043d\u0430\u0448\u0435\u043c\u0443 \u0441\u0435\u0440\u0432\u0438\u0441\u0443 https:\/\/didvirtualnumbers.com\/ \u0438 \u0434\u043e\u0432\u0435\u0440\u0438\u0435, \u043e\u043a\u0430\u0437\u0430\u043d\u043d\u043e\u0435 \u043f\u0440\u0438 \u0432\u044b\u0431\u043e\u0440\u0435 \u0438 \u043f\u0440\u0438\u043e\u0431\u0440\u0435\u0442\u0435\u043d\u0438\u0438 \u043f\u0440\u043e\u0434\u0443\u043a\u0442\u043e\u0432 \u043d\u0430 \u043d\u0430\u0448\u0435\u043c \u0441\u0430\u0439\u0442\u0435. \u041c\u044b \u0432\u044b\u0441\u043e\u043a\u043e \u0446\u0435\u043d\u0438\u043c \u0432\u0430\u0448 \u0432\u044b\u0431\u043e\u0440 \u0438 \u043f\u0440\u0438\u043b\u0430\u0433\u0430\u0435\u043c \u0432\u0441\u0435 \u0443\u0441\u0438\u043b\u0438\u044f \u0434\u043b\u044f \u043e\u0431\u0435\u0441\u043f\u0435\u0447\u0435\u043d\u0438\u044f \u043a\u0430\u0447\u0435\u0441\u0442\u0432\u0435\u043d\u043d\u043e\u0433\u043e \u0438 \u0441\u0442\u0430\u0431\u0438\u043b\u044c\u043d\u043e\u0433\u043e \u043e\u0431\u0441\u043b\u0443\u0436\u0438\u0432\u0430\u043d\u0438\u044f. \u041f\u0435\u0440\u0435\u0434 \u0438\u0441\u043f\u043e\u043b\u044c\u0437\u043e\u0432\u0430\u043d\u0438\u0435\u043c \u043d\u0430\u0448\u0438\u0445 \u0443\u0441\u043b\u0443\u0433 \u0443\u0431\u0435\u0434\u0438\u0442\u0435\u043b\u044c\u043d\u043e \u043f\u0440\u043e\u0441\u0438\u043c \u043e\u0437\u043d\u0430\u043a\u043e\u043c\u0438\u0442\u044c\u0441\u044f \u0441 \u043f\u043e\u043b\u0438\u0442\u0438\u043a\u043e\u0439 \u0432\u043e\u0437\u0432\u0440\u0430\u0442\u0430 \u0441\u0440\u0435\u0434\u0441\u0442\u0432 \u0437\u0430 \u0430\u0440\u0435\u043d\u0434\u0443 \u0432\u0438\u0440\u0442\u0443\u0430\u043b\u044c\u043d\u044b\u0445 \u0438 \u043e\u0434\u043d\u043e\u0440\u0430\u0437\u043e\u0432\u044b\u0445 (disposable) \u043d\u043e\u043c\u0435\u0440\u043e\u0432. [&hellip;]<\/p>\n","protected":false},"author":1,"featured_media":0,"parent":0,"menu_order":0,"comment_status":"closed","ping_status":"closed","template":"","meta":{"zakra_sidebar_layout":"customizer","zakra_remove_content_margin":false,"zakra_sidebar":"customizer","zakra_transparent_header":"customizer","zakra_logo":0,"zakra_main_header_style":"default","zakra_menu_item_color":"","zakra_menu_item_hover_color":"","zakra_menu_item_active_color":"","zakra_menu_active_style":"","zakra_page_header":true,"footnotes":""},"class_list":["post-1620","page","type-page","status-publish","hentry"],"yoast_head":"<!-- This site is optimized with the Yoast SEO plugin v27.0 - https:\/\/yoast.com\/product\/yoast-seo-wordpress\/ -->\n<title>\u041f\u043e\u043b\u0438\u0442\u0438\u043a\u0430 \u0432\u043e\u0437\u0432\u0440\u0430\u0442\u043e\u0432 - DIDVirtualNumbers.com<\/title>\n<meta name=\"description\" content=\"\u041f\u043e\u043b\u0438\u0442\u0438\u043a\u0430 \u0432\u043e\u0437\u0432\u0440\u0430\u0442\u043e\u0432 DID Virtual Numbers. \u0411\u044b\u0441\u0442\u0440\u043e\u0435 \u043f\u043e\u0434\u043a\u043b\u044e\u0447\u0435\u043d\u0438\u0435 \u0438 \u0437\u0430\u0449\u0438\u0449\u0451\u043d\u043d\u043e\u0441\u0442\u044c \ud83d\udd12 \u0411\u043e\u043b\u0435\u0435 90+ \u0441\u0442\u0440\u0430\u043d \u0434\u043e\u0441\u0442\u0443\u043f\u043d\u043e \ud83d\udcb0 \u041f\u0440\u0438\u043d\u0438\u043c\u0430\u0435\u043c \u043a\u0440\u0438\u043f\u0442\u0443.\" \/>\n<meta name=\"robots\" content=\"index, follow, max-snippet:-1, max-image-preview:large, max-video-preview:-1\" \/>\n<link rel=\"canonical\" href=\"https:\/\/didvirtualnumbers.com\/nl\/refund-policy\/\" \/>\n<meta property=\"og:locale\" content=\"nl_NL\" \/>\n<meta property=\"og:type\" content=\"article\" \/>\n<meta property=\"og:title\" content=\"\u041f\u043e\u043b\u0438\u0442\u0438\u043a\u0430 \u0432\u043e\u0437\u0432\u0440\u0430\u0442\u043e\u0432 - DID Virtual Numbers\" \/>\n<meta property=\"og:description\" content=\"\u041f\u043e\u043b\u0438\u0442\u0438\u043a\u0430 \u0432\u043e\u0437\u0432\u0440\u0430\u0442\u043e\u0432 DID Virtual Numbers. \u0411\u044b\u0441\u0442\u0440\u043e\u0435 \u043f\u043e\u0434\u043a\u043b\u044e\u0447\u0435\u043d\u0438\u0435 \u0438 \u0437\u0430\u0449\u0438\u0449\u0451\u043d\u043d\u043e\u0441\u0442\u044c \ud83d\udd12 \u0411\u043e\u043b\u0435\u0435 90+ \u0441\u0442\u0440\u0430\u043d \u0434\u043e\u0441\u0442\u0443\u043f\u043d\u043e \ud83d\udcb0 \u041f\u0440\u0438\u043d\u0438\u043c\u0430\u0435\u043c \u043a\u0440\u0438\u043f\u0442\u0443.\" \/>\n<meta property=\"og:url\" content=\"https:\/\/didvirtualnumbers.com\/nl\/refund-policy\/\" \/>\n<meta property=\"og:site_name\" content=\"DIDVirtualNumbers.com\" \/>\n<meta property=\"article:modified_time\" content=\"2025-04-30T08:59:22+00:00\" \/>\n<meta name=\"twitter:card\" content=\"summary_large_image\" \/>\n<meta name=\"twitter:title\" content=\"\u041f\u043e\u043b\u0438\u0442\u0438\u043a\u0430 \u0432\u043e\u0437\u0432\u0440\u0430\u0442\u043e\u0432 - DID Virtual Numbers\" \/>\n<meta name=\"twitter:description\" content=\"\u041f\u043e\u043b\u0438\u0442\u0438\u043a\u0430 \u0432\u043e\u0437\u0432\u0440\u0430\u0442\u043e\u0432 DID Virtual Numbers. \u0411\u044b\u0441\u0442\u0440\u043e\u0435 \u043f\u043e\u0434\u043a\u043b\u044e\u0447\u0435\u043d\u0438\u0435 \u0438 \u0437\u0430\u0449\u0438\u0449\u0451\u043d\u043d\u043e\u0441\u0442\u044c \ud83d\udd12 \u0411\u043e\u043b\u0435\u0435 90+ \u0441\u0442\u0440\u0430\u043d \u0434\u043e\u0441\u0442\u0443\u043f\u043d\u043e \ud83d\udcb0 \u041f\u0440\u0438\u043d\u0438\u043c\u0430\u0435\u043c \u043a\u0440\u0438\u043f\u0442\u0443.\" \/>\n<meta name=\"twitter:label1\" content=\"Geschatte leestijd\" \/>\n\t<meta name=\"twitter:data1\" content=\"3 minuten\" \/>\n<script type=\"application\/ld+json\" class=\"yoast-schema-graph\">{\"@context\":\"https:\/\/schema.org\",\"@graph\":[{\"@type\":\"WebPage\",\"@id\":\"https:\/\/didvirtualnumbers.com\/refund-policy\/\",\"url\":\"https:\/\/didvirtualnumbers.com\/refund-policy\/\",\"name\":\"\u041f\u043e\u043b\u0438\u0442\u0438\u043a\u0430 \u0432\u043e\u0437\u0432\u0440\u0430\u0442\u043e\u0432 - DIDVirtualNumbers.com\",\"isPartOf\":{\"@id\":\"https:\/\/didvirtualnumbers.com\/#website\"},\"datePublished\":\"2023-03-28T18:03:44+00:00\",\"dateModified\":\"2025-04-30T08:59:22+00:00\",\"description\":\"\u041f\u043e\u043b\u0438\u0442\u0438\u043a\u0430 \u0432\u043e\u0437\u0432\u0440\u0430\u0442\u043e\u0432 DID Virtual Numbers. \u0411\u044b\u0441\u0442\u0440\u043e\u0435 \u043f\u043e\u0434\u043a\u043b\u044e\u0447\u0435\u043d\u0438\u0435 \u0438 \u0437\u0430\u0449\u0438\u0449\u0451\u043d\u043d\u043e\u0441\u0442\u044c \ud83d\udd12 \u0411\u043e\u043b\u0435\u0435 90+ \u0441\u0442\u0440\u0430\u043d \u0434\u043e\u0441\u0442\u0443\u043f\u043d\u043e \ud83d\udcb0 \u041f\u0440\u0438\u043d\u0438\u043c\u0430\u0435\u043c \u043a\u0440\u0438\u043f\u0442\u0443.\",\"breadcrumb\":{\"@id\":\"https:\/\/didvirtualnumbers.com\/refund-policy\/#breadcrumb\"},\"inLanguage\":\"nl-NL\",\"potentialAction\":[{\"@type\":\"ReadAction\",\"target\":[\"https:\/\/didvirtualnumbers.com\/refund-policy\/\"]}]},{\"@type\":\"BreadcrumbList\",\"@id\":\"https:\/\/didvirtualnumbers.com\/refund-policy\/#breadcrumb\",\"itemListElement\":[{\"@type\":\"ListItem\",\"position\":1,\"name\":\"\u0413\u043b\u0430\u0432\u043d\u0430\u044f \u0441\u0442\u0440\u0430\u043d\u0438\u0446\u0430\",\"item\":\"https:\/\/didvirtualnumbers.com\/\"},{\"@type\":\"ListItem\",\"position\":2,\"name\":\"\u041f\u043e\u043b\u0438\u0442\u0438\u043a\u0430 \u0432\u043e\u0437\u0432\u0440\u0430\u0442\u043e\u0432\"}]},{\"@type\":\"WebSite\",\"@id\":\"https:\/\/didvirtualnumbers.com\/#website\",\"url\":\"https:\/\/didvirtualnumbers.com\/\",\"name\":\"DIDVirtualNumbers.com\",\"description\":\"\u0412\u0438\u0440\u0442\u0443\u0430\u043b\u044c\u043d\u044b\u0435 \u043d\u043e\u043c\u0435\u0440\u0430 \u0442\u0435\u043b\u0435\u0444\u043e\u043d\u043e\u0432\",\"publisher\":{\"@id\":\"https:\/\/didvirtualnumbers.com\/#organization\"},\"potentialAction\":[{\"@type\":\"SearchAction\",\"target\":{\"@type\":\"EntryPoint\",\"urlTemplate\":\"https:\/\/didvirtualnumbers.com\/?s={search_term_string}\"},\"query-input\":{\"@type\":\"PropertyValueSpecification\",\"valueRequired\":true,\"valueName\":\"search_term_string\"}}],\"inLanguage\":\"nl-NL\"},{\"@type\":\"Organization\",\"@id\":\"https:\/\/didvirtualnumbers.com\/#organization\",\"name\":\"DID Virtual Numbers\",\"url\":\"https:\/\/didvirtualnumbers.com\/\",\"logo\":{\"@type\":\"ImageObject\",\"inLanguage\":\"nl-NL\",\"@id\":\"https:\/\/didvirtualnumbers.com\/#\/schema\/logo\/image\/\",\"url\":\"https:\/\/didvirtualnumbers.com\/wp-content\/uploads\/2023\/03\/Logo-3.png\",\"contentUrl\":\"https:\/\/didvirtualnumbers.com\/wp-content\/uploads\/2023\/03\/Logo-3.png\",\"width\":121,\"height\":69,\"caption\":\"DID Virtual Numbers\"},\"image\":{\"@id\":\"https:\/\/didvirtualnumbers.com\/#\/schema\/logo\/image\/\"}}]}<\/script>\n<!-- \/ Yoast SEO plugin. -->","yoast_head_json":{"title":"Retourbeleid - DIDVirtualNumbers.com","description":"DID Virtuele nummers Retourbeleid. Snelle verbinding en veiligheid \ud83d\udd12 Meer dan 90+ landen beschikbaar \ud83d\udcb0 Wij accepteren crypto.","robots":{"index":"index","follow":"follow","max-snippet":"max-snippet:-1","max-image-preview":"max-image-preview:large","max-video-preview":"max-video-preview:-1"},"canonical":"https:\/\/didvirtualnumbers.com\/nl\/refund-policy\/","og_locale":"nl_NL","og_type":"article","og_title":"\u041f\u043e\u043b\u0438\u0442\u0438\u043a\u0430 \u0432\u043e\u0437\u0432\u0440\u0430\u0442\u043e\u0432 - DID Virtual Numbers","og_description":"\u041f\u043e\u043b\u0438\u0442\u0438\u043a\u0430 \u0432\u043e\u0437\u0432\u0440\u0430\u0442\u043e\u0432 DID Virtual Numbers. \u0411\u044b\u0441\u0442\u0440\u043e\u0435 \u043f\u043e\u0434\u043a\u043b\u044e\u0447\u0435\u043d\u0438\u0435 \u0438 \u0437\u0430\u0449\u0438\u0449\u0451\u043d\u043d\u043e\u0441\u0442\u044c \ud83d\udd12 \u0411\u043e\u043b\u0435\u0435 90+ \u0441\u0442\u0440\u0430\u043d \u0434\u043e\u0441\u0442\u0443\u043f\u043d\u043e \ud83d\udcb0 \u041f\u0440\u0438\u043d\u0438\u043c\u0430\u0435\u043c \u043a\u0440\u0438\u043f\u0442\u0443.","og_url":"https:\/\/didvirtualnumbers.com\/nl\/refund-policy\/","og_site_name":"DIDVirtualNumbers.com","article_modified_time":"2025-04-30T08:59:22+00:00","twitter_card":"summary_large_image","twitter_title":"\u041f\u043e\u043b\u0438\u0442\u0438\u043a\u0430 \u0432\u043e\u0437\u0432\u0440\u0430\u0442\u043e\u0432 - DID Virtual Numbers","twitter_description":"\u041f\u043e\u043b\u0438\u0442\u0438\u043a\u0430 \u0432\u043e\u0437\u0432\u0440\u0430\u0442\u043e\u0432 DID Virtual Numbers. \u0411\u044b\u0441\u0442\u0440\u043e\u0435 \u043f\u043e\u0434\u043a\u043b\u044e\u0447\u0435\u043d\u0438\u0435 \u0438 \u0437\u0430\u0449\u0438\u0449\u0451\u043d\u043d\u043e\u0441\u0442\u044c \ud83d\udd12 \u0411\u043e\u043b\u0435\u0435 90+ \u0441\u0442\u0440\u0430\u043d \u0434\u043e\u0441\u0442\u0443\u043f\u043d\u043e \ud83d\udcb0 \u041f\u0440\u0438\u043d\u0438\u043c\u0430\u0435\u043c \u043a\u0440\u0438\u043f\u0442\u0443.","twitter_misc":{"Geschatte leestijd":"3 minuten"},"schema":{"@context":"https:\/\/schema.org","@graph":[{"@type":"WebPage","@id":"https:\/\/didvirtualnumbers.com\/refund-policy\/","url":"https:\/\/didvirtualnumbers.com\/refund-policy\/","name":"Retourbeleid - DIDVirtualNumbers.com","isPartOf":{"@id":"https:\/\/didvirtualnumbers.com\/#website"},"datePublished":"2023-03-28T18:03:44+00:00","dateModified":"2025-04-30T08:59:22+00:00","description":"DID Virtuele nummers Retourbeleid. Snelle verbinding en veiligheid \ud83d\udd12 Meer dan 90+ landen beschikbaar \ud83d\udcb0 Wij accepteren crypto.","breadcrumb":{"@id":"https:\/\/didvirtualnumbers.com\/refund-policy\/#breadcrumb"},"inLanguage":"nl-NL","potentialAction":[{"@type":"ReadAction","target":["https:\/\/didvirtualnumbers.com\/refund-policy\/"]}]},{"@type":"BreadcrumbList","@id":"https:\/\/didvirtualnumbers.com\/refund-policy\/#breadcrumb","itemListElement":[{"@type":"ListItem","position":1,"name":"\u0413\u043b\u0430\u0432\u043d\u0430\u044f \u0441\u0442\u0440\u0430\u043d\u0438\u0446\u0430","item":"https:\/\/didvirtualnumbers.com\/"},{"@type":"ListItem","position":2,"name":"\u041f\u043e\u043b\u0438\u0442\u0438\u043a\u0430 \u0432\u043e\u0437\u0432\u0440\u0430\u0442\u043e\u0432"}]},{"@type":"WebSite","@id":"https:\/\/didvirtualnumbers.com\/#website","url":"https:\/\/didvirtualnumbers.com\/","name":"DIDVirtualNumbers.com","description":"Virtuele telefoonnummers","publisher":{"@id":"https:\/\/didvirtualnumbers.com\/#organization"},"potentialAction":[{"@type":"SearchAction","target":{"@type":"EntryPoint","urlTemplate":"https:\/\/didvirtualnumbers.com\/?s={search_term_string}"},"query-input":{"@type":"PropertyValueSpecification","valueRequired":true,"valueName":"search_term_string"}}],"inLanguage":"nl-NL"},{"@type":"Organization","@id":"https:\/\/didvirtualnumbers.com\/#organization","name":"DID virtuele nummers","url":"https:\/\/didvirtualnumbers.com\/","logo":{"@type":"ImageObject","inLanguage":"nl-NL","@id":"https:\/\/didvirtualnumbers.com\/#\/schema\/logo\/image\/","url":"https:\/\/didvirtualnumbers.com\/wp-content\/uploads\/2023\/03\/Logo-3.png","contentUrl":"https:\/\/didvirtualnumbers.com\/wp-content\/uploads\/2023\/03\/Logo-3.png","width":121,"height":69,"caption":"DID Virtual Numbers"},"image":{"@id":"https:\/\/didvirtualnumbers.com\/#\/schema\/logo\/image\/"}}]}},"_links":{"self":[{"href":"https:\/\/didvirtualnumbers.com\/nl\/wp-json\/wp\/v2\/pages\/1620","targetHints":{"allow":["GET"]}}],"collection":[{"href":"https:\/\/didvirtualnumbers.com\/nl\/wp-json\/wp\/v2\/pages"}],"about":[{"href":"https:\/\/didvirtualnumbers.com\/nl\/wp-json\/wp\/v2\/types\/page"}],"author":[{"embeddable":true,"href":"https:\/\/didvirtualnumbers.com\/nl\/wp-json\/wp\/v2\/users\/1"}],"replies":[{"embeddable":true,"href":"https:\/\/didvirtualnumbers.com\/nl\/wp-json\/wp\/v2\/comments?post=1620"}],"version-history":[{"count":3,"href":"https:\/\/didvirtualnumbers.com\/nl\/wp-json\/wp\/v2\/pages\/1620\/revisions"}],"predecessor-version":[{"id":3341,"href":"https:\/\/didvirtualnumbers.com\/nl\/wp-json\/wp\/v2\/pages\/1620\/revisions\/3341"}],"wp:attachment":[{"href":"https:\/\/didvirtualnumbers.com\/nl\/wp-json\/wp\/v2\/media?parent=1620"}],"curies":[{"name":"wp","href":"https:\/\/api.w.org\/{rel}","templated":true}]}}