{"id":563,"date":"2021-12-13T04:15:18","date_gmt":"2021-12-13T04:15:18","guid":{"rendered":"https:\/\/blockart-agency.sites.qsandbox.com\/?page_id=563"},"modified":"2024-02-06T19:32:22","modified_gmt":"2024-02-06T19:32:22","slug":"about","status":"publish","type":"page","link":"https:\/\/didvirtualnumbers.com\/de\/about\/","title":{"rendered":"\u00dcber uns"},"content":{"rendered":"<div class=\"blockart-section blockart-section-05875b6b\"><div class=\"blockart-container\"><div class=\"blockart-section-inner\">\n<div class=\"blockart-column blockart-column-8dfdd3dd\"><div class=\"blockart-column-inner\">\n<p>Willkommen auf der Website <a href=\"https:\/\/didvirtulnumbers.com\">DID virtuelle Nummern<\/a> - ein f\u00fchrendes Unternehmen im Bereich virtueller Telefonie, IP-Telefonie und dem Verkauf virtueller Nummern. Unser Unternehmen blickt auf eine reiche Geschichte zur\u00fcck, die bis ins Jahr 2008 zur\u00fcckreicht.<\/p>\n\n\n\n<p>In den ersten Betriebsjahren stie\u00dfen wir auf einige technische Probleme, die die Expansion unseres Unternehmens verhinderten. Aber wir gaben nicht auf und arbeiteten weiter, verbesserten unser Produkt und erweiterten unseren Markt. Im Jahr 2010 begannen wir, Dienstleistungen in mehr als 50 L\u00e4ndern anzubieten, wodurch wir noch mehr Kunden gewinnen konnten.<\/p>\n\n\n\n<p>Seit 2012 haben wir neue Technologien und Produkte wie das Anrufmanagement eingef\u00fchrt, die es uns erm\u00f6glicht haben, die Qualit\u00e4t unserer Dienstleistungen zu verbessern und alle Bed\u00fcrfnisse unserer Kunden zu erf\u00fcllen.<\/p>\n\n\n\n<p>Im Jahr 2015 haben wir unser Team erheblich erweitert, um unseren Kunden einen schnellen und qualitativ hochwertigen Service zu bieten. Dar\u00fcber hinaus wurden neue Produkte wie Telefonkonferenzen und die automatische Weiterleitung von Anrufen auf mobile Ger\u00e4te eingef\u00fchrt.<\/p>\n\n\n\n<p>Im Jahr 2018 haben wir neue innovative Technologien wie k\u00fcnstliche Intelligenz und Cloud Computing eingef\u00fchrt, um die Qualit\u00e4t unserer Dienstleistungen zu verbessern und unseren Kunden noch mehr M\u00f6glichkeiten zu bieten.<\/p>\n\n\n\n<p>Heute entwickeln und verbessern wir uns weiter und werden fortschrittlicher und innovativer. Wir bieten unseren Kunden ein breites Spektrum an Dienstleistungen wie virtuelle Nummern, Sprachnachrichten, SMS-Nachrichten, Telefonkonferenzen, Anrufverwaltung und vieles mehr. Alle Dienstleistungen werden zu wettbewerbsf\u00e4higen Preisen und mit Qualit\u00e4tsgarantie erbracht.<\/p>\n<\/div><\/div>\n<\/div><\/div><\/div>\n\n\n\n<div class=\"blockart-section blockart-section-566c8f4b\"><div class=\"blockart-container\"><div class=\"blockart-section-inner\">\n<div class=\"blockart-column blockart-column-9ff6855a\"><div class=\"blockart-column-inner\"><\/div><\/div>\n<\/div><\/div><\/div>\n\n\n\n<div class=\"blockart-section blockart-section-2e69ecbb\"><div class=\"blockart-container\"><div class=\"blockart-section-inner\">\n<div class=\"blockart-column blockart-column-013c9c67\"><div class=\"blockart-column-inner\"><\/div><\/div>\n\n\n\n<div class=\"blockart-column blockart-column-cf0de680\"><div class=\"blockart-column-inner\">\n<h2 class=\"blockart-heading blockart-heading-3b0ddb89\">Unsere Missionen<\/h2>\n\n\n\n<p class=\"blockart-paragraph blockart-paragraph-573d3261\"><em>Ihr Gesch\u00e4ft, unser Anliegen<\/em><\/p>\n<\/div><\/div>\n\n\n\n<div class=\"blockart-column blockart-column-1d0cfb97\"><div class=\"blockart-column-inner\"><\/div><\/div>\n<\/div><\/div><\/div>\n\n\n\n<div class=\"blockart-section blockart-section-c6ea6a51\"><div class=\"blockart-container\"><div class=\"blockart-section-inner\">\n<div class=\"blockart-column blockart-column-d3e8fb46\"><div class=\"blockart-column-inner\">\n<h3 class=\"blockart-heading blockart-heading-aa9f2df7\">Innovation<\/h3>\n\n\n\n<p class=\"blockart-paragraph blockart-paragraph-4bbf359f\">Wir f\u00fchren st\u00e4ndig neue Technologien ein und verbessern unsere Produkte, um Marktf\u00fchrer zu sein und unseren Kunden modernste Dienstleistungen zu bieten.<\/p>\n<\/div><\/div>\n\n\n\n<div class=\"blockart-column blockart-column-7251f4d6\"><div class=\"blockart-column-inner\">\n<h3 class=\"blockart-heading blockart-heading-b3380f3a\">Sicherheit<\/h3>\n\n\n\n<p class=\"blockart-paragraph blockart-paragraph-bdb7bf36\">Wir gew\u00e4hrleisten die Sicherheit und Vertraulichkeit unserer Kunden mithilfe modernster Technologien und Datenschutzmethoden.<\/p>\n<\/div><\/div>\n<\/div><\/div><\/div>\n\n\n\n<div class=\"blockart-section blockart-section-467ff805\"><div class=\"blockart-container\"><div class=\"blockart-section-inner\">\n<div class=\"blockart-column blockart-column-a348aa7a\"><div class=\"blockart-column-inner\">\n<h3 class=\"blockart-heading blockart-heading-bef30328\">Verantwortung<\/h3>\n\n\n\n<p class=\"blockart-paragraph blockart-paragraph-9b899adc\">Wir glauben, dass unser Unternehmen f\u00fcr die sozio\u00f6konomische Entwicklung der Gesellschaft verantwortlich ist und Anstrengungen unternimmt, um die Qualit\u00e4t von Dienstleistungen und Produkten zu verbessern.<\/p>\n<\/div><\/div>\n\n\n\n<div class=\"blockart-column blockart-column-cf614b9f\"><div class=\"blockart-column-inner\">\n<h3 class=\"blockart-heading blockart-heading-02a0b435\">Globalit\u00e4t<\/h3>\n\n\n\n<p class=\"blockart-paragraph blockart-paragraph-8c2591b4\">Wir streben danach, f\u00fchrend auf dem Weltmarkt f\u00fcr virtuelle Telefonie und den Verkauf virtueller Nummern zu sein und unsere Aktivit\u00e4ten in neue Regionen und L\u00e4nder auszuweiten.<\/p>\n<\/div><\/div>\n<\/div><\/div><\/div>\n\n\n\n<div class=\"blockart-section blockart-section-9ade65a0\"><div class=\"blockart-container\"><div class=\"blockart-section-inner\">\n<div class=\"blockart-column blockart-column-9cd1395d\"><div class=\"blockart-column-inner\">\n<h3 class=\"blockart-heading blockart-heading-3c58fe65\">Verf\u00fcgbarkeit<\/h3>\n\n\n\n<p class=\"blockart-paragraph blockart-paragraph-a29c7121\">Wir sind bestrebt, unseren Kunden zu jeder Tageszeit und an jedem Ort der Welt Dienstleistungen anzubieten, damit sie ihren Kunden zu jeder f\u00fcr sie passenden Zeit zur Verf\u00fcgung stehen k\u00f6nnen.<\/p>\n<\/div><\/div>\n\n\n\n<div class=\"blockart-column blockart-column-c0e0831e\"><div class=\"blockart-column-inner\">\n<h3 class=\"blockart-heading blockart-heading-bf956345\">Entwicklung<\/h3>\n\n\n\n<p class=\"blockart-paragraph blockart-paragraph-8ce2a8e3\">Wir helfen unseren Kunden, ihr Gesch\u00e4ft auszubauen und ihren Markt zu erweitern, indem wir ihnen fortschrittliche Kommunikations- und Anrufverwaltungstools zur Verf\u00fcgung stellen.<\/p>\n<\/div><\/div>\n<\/div><\/div><\/div>\n\n\n\n<div class=\"blockart-section blockart-section-6cffd591\"><div class=\"blockart-container\"><div class=\"blockart-section-inner\">\n<div class=\"blockart-column blockart-column-263dd468\"><div class=\"blockart-column-inner\">\n<h4 class=\"blockart-heading blockart-heading-0a1747ef\">Sie haben noch Fragen?<\/h4>\n\n\n\n<p class=\"blockart-paragraph blockart-paragraph-98be4072\">Habe Fragen? Unser technisches Support-Team steht Ihnen gerne zur Verf\u00fcgung. Kontaktieren Sie uns \u00fcber das Feedback-Formular auf der Website oder schreiben Sie uns per E-Mail. Wir werden Ihnen antworten und alle notwendigen Informationen bereitstellen.<\/p>\n<\/div><\/div>\n\n\n\n<div class=\"blockart-column blockart-column-edf7c39e\"><div class=\"blockart-column-inner\">\n<div class=\"blockart-buttons blockart-buttons-4a28b5fd is-wrap is-horizontal justify-right\">\n<div class=\"blockart-button blockart-button-5c80f038\"><a class=\"blockart-button-link is-custom is-style-filled\" href=\"mailto:customer.care@didvirtualnumbers.com\">VERBINDE DICH MIT UNS<\/a><\/div>\n<\/div>\n<\/div><\/div>\n<\/div><\/div><\/div>","protected":false},"excerpt":{"rendered":"","protected":false},"author":1,"featured_media":0,"parent":0,"menu_order":0,"comment_status":"closed","ping_status":"closed","template":"page-templates\/pagebuilder.php","meta":{"zakra_sidebar_layout":"stretched","zakra_remove_content_margin":true,"zakra_sidebar":"customizer","zakra_transparent_header":"customizer","zakra_logo":0,"zakra_main_header_style":"default","zakra_menu_item_color":"","zakra_menu_item_hover_color":"#000000","zakra_menu_item_active_color":"#23ab70","zakra_menu_active_style":"","zakra_page_header":true,"footnotes":""},"class_list":["post-563","page","type-page","status-publish","hentry"],"yoast_head":"<!-- This site is optimized with the Yoast SEO plugin v27.0 - https:\/\/yoast.com\/product\/yoast-seo-wordpress\/ -->\n<title>\u041e\u043f\u0438\u0441\u0430\u043d\u0438\u0435 \u043a\u043e\u043c\u043f\u0430\u043d\u0438\u0438 \u0438 \u0432\u0430\u0436\u043d\u0430\u044f \u0438\u043d\u0444\u043e\u0440\u043c\u0430\u0446\u0438\u044f - DID VN<\/title>\n<meta name=\"description\" content=\"\u0418\u043d\u0444\u043e\u0440\u043c\u0430\u0446\u0438\u044f \u043e \u043a\u043e\u043c\u043f\u0430\u043d\u0438\u0438 \ud83d\udcde DID Virtual Numbers. \u0423\u0434\u043e\u0431\u043d\u043e\u0435 \u043f\u043e\u0434\u043a\u043b\u044e\u0447\u0435\u043d\u0438\u0435 \u2611\ufe0f \u0411\u043e\u043b\u0435\u0435 90+ \u0441\u0442\u0440\u0430\u043d \u0434\u043e\u0441\u0442\u0443\u043f\u043d\u043e \ud83d\udcb2 \u041f\u0440\u0438\u043d\u0438\u043c\u0430\u0435\u043c \u043a\u0440\u0438\u043f\u0442\u043e\u0432\u0430\u043b\u044e\u0442\u044b.\" \/>\n<meta name=\"robots\" content=\"index, follow, max-snippet:-1, max-image-preview:large, max-video-preview:-1\" \/>\n<link rel=\"canonical\" href=\"https:\/\/didvirtualnumbers.com\/de\/about\/\" \/>\n<meta property=\"og:locale\" content=\"de_DE\" \/>\n<meta property=\"og:type\" content=\"article\" \/>\n<meta property=\"og:title\" content=\"\u041e\u043f\u0438\u0441\u0430\u043d\u0438\u0435 \u043a\u043e\u043c\u043f\u0430\u043d\u0438\u0438 \u0438 \u0432\u0430\u0436\u043d\u0430\u044f \u0438\u043d\u0444\u043e\u0440\u043c\u0430\u0446\u0438\u044f - DID VN\" \/>\n<meta property=\"og:description\" content=\"\u0418\u043d\u0444\u043e\u0440\u043c\u0430\u0446\u0438\u044f \u043e \u043a\u043e\u043c\u043f\u0430\u043d\u0438\u0438 \ud83d\udcde DID Virtual Numbers. \u0423\u0434\u043e\u0431\u043d\u043e\u0435 \u043f\u043e\u0434\u043a\u043b\u044e\u0447\u0435\u043d\u0438\u0435 \u2611\ufe0f \u0411\u043e\u043b\u0435\u0435 90+ \u0441\u0442\u0440\u0430\u043d \u0434\u043e\u0441\u0442\u0443\u043f\u043d\u043e \ud83d\udcb2 \u041f\u0440\u0438\u043d\u0438\u043c\u0430\u0435\u043c \u043a\u0440\u0438\u043f\u0442\u043e\u0432\u0430\u043b\u044e\u0442\u044b.\" \/>\n<meta property=\"og:url\" content=\"https:\/\/didvirtualnumbers.com\/de\/about\/\" \/>\n<meta property=\"og:site_name\" content=\"DIDVirtualNumbers.com\" \/>\n<meta property=\"article:modified_time\" content=\"2024-02-06T19:32:22+00:00\" \/>\n<meta name=\"twitter:card\" content=\"summary_large_image\" \/>\n<meta name=\"twitter:title\" content=\"\u041e\u043f\u0438\u0441\u0430\u043d\u0438\u0435 \u043a\u043e\u043c\u043f\u0430\u043d\u0438\u0438 \u0438 \u0432\u0430\u0436\u043d\u0430\u044f \u0438\u043d\u0444\u043e\u0440\u043c\u0430\u0446\u0438\u044f - DID VN\" \/>\n<meta name=\"twitter:description\" content=\"\u0418\u043d\u0444\u043e\u0440\u043c\u0430\u0446\u0438\u044f \u043e \u043a\u043e\u043c\u043f\u0430\u043d\u0438\u0438 \ud83d\udcde DID Virtual Numbers. \u0423\u0434\u043e\u0431\u043d\u043e\u0435 \u043f\u043e\u0434\u043a\u043b\u044e\u0447\u0435\u043d\u0438\u0435 \u2611\ufe0f \u0411\u043e\u043b\u0435\u0435 90+ \u0441\u0442\u0440\u0430\u043d \u0434\u043e\u0441\u0442\u0443\u043f\u043d\u043e \ud83d\udcb2 \u041f\u0440\u0438\u043d\u0438\u043c\u0430\u0435\u043c \u043a\u0440\u0438\u043f\u0442\u043e\u0432\u0430\u043b\u044e\u0442\u044b.\" \/>\n<meta name=\"twitter:label1\" content=\"Gesch\u00e4tzte Lesezeit\" \/>\n\t<meta name=\"twitter:data1\" content=\"2\u00a0Minuten\" \/>\n<script type=\"application\/ld+json\" class=\"yoast-schema-graph\">{\"@context\":\"https:\/\/schema.org\",\"@graph\":[{\"@type\":\"WebPage\",\"@id\":\"https:\/\/didvirtualnumbers.com\/about\/\",\"url\":\"https:\/\/didvirtualnumbers.com\/about\/\",\"name\":\"\u041e\u043f\u0438\u0441\u0430\u043d\u0438\u0435 \u043a\u043e\u043c\u043f\u0430\u043d\u0438\u0438 \u0438 \u0432\u0430\u0436\u043d\u0430\u044f \u0438\u043d\u0444\u043e\u0440\u043c\u0430\u0446\u0438\u044f - DID VN\",\"isPartOf\":{\"@id\":\"https:\/\/didvirtualnumbers.com\/#website\"},\"datePublished\":\"2021-12-13T04:15:18+00:00\",\"dateModified\":\"2024-02-06T19:32:22+00:00\",\"description\":\"\u0418\u043d\u0444\u043e\u0440\u043c\u0430\u0446\u0438\u044f \u043e \u043a\u043e\u043c\u043f\u0430\u043d\u0438\u0438 \ud83d\udcde DID Virtual Numbers. \u0423\u0434\u043e\u0431\u043d\u043e\u0435 \u043f\u043e\u0434\u043a\u043b\u044e\u0447\u0435\u043d\u0438\u0435 \u2611\ufe0f \u0411\u043e\u043b\u0435\u0435 90+ \u0441\u0442\u0440\u0430\u043d \u0434\u043e\u0441\u0442\u0443\u043f\u043d\u043e \ud83d\udcb2 \u041f\u0440\u0438\u043d\u0438\u043c\u0430\u0435\u043c \u043a\u0440\u0438\u043f\u0442\u043e\u0432\u0430\u043b\u044e\u0442\u044b.\",\"breadcrumb\":{\"@id\":\"https:\/\/didvirtualnumbers.com\/about\/#breadcrumb\"},\"inLanguage\":\"de\",\"potentialAction\":[{\"@type\":\"ReadAction\",\"target\":[\"https:\/\/didvirtualnumbers.com\/about\/\"]}]},{\"@type\":\"BreadcrumbList\",\"@id\":\"https:\/\/didvirtualnumbers.com\/about\/#breadcrumb\",\"itemListElement\":[{\"@type\":\"ListItem\",\"position\":1,\"name\":\"\u0413\u043b\u0430\u0432\u043d\u0430\u044f \u0441\u0442\u0440\u0430\u043d\u0438\u0446\u0430\",\"item\":\"https:\/\/didvirtualnumbers.com\/\"},{\"@type\":\"ListItem\",\"position\":2,\"name\":\"\u041e \u043d\u0430\u0441\"}]},{\"@type\":\"WebSite\",\"@id\":\"https:\/\/didvirtualnumbers.com\/#website\",\"url\":\"https:\/\/didvirtualnumbers.com\/\",\"name\":\"DIDVirtualNumbers.com\",\"description\":\"\u0412\u0438\u0440\u0442\u0443\u0430\u043b\u044c\u043d\u044b\u0435 \u043d\u043e\u043c\u0435\u0440\u0430 \u0442\u0435\u043b\u0435\u0444\u043e\u043d\u043e\u0432\",\"publisher\":{\"@id\":\"https:\/\/didvirtualnumbers.com\/#organization\"},\"potentialAction\":[{\"@type\":\"SearchAction\",\"target\":{\"@type\":\"EntryPoint\",\"urlTemplate\":\"https:\/\/didvirtualnumbers.com\/?s={search_term_string}\"},\"query-input\":{\"@type\":\"PropertyValueSpecification\",\"valueRequired\":true,\"valueName\":\"search_term_string\"}}],\"inLanguage\":\"de\"},{\"@type\":\"Organization\",\"@id\":\"https:\/\/didvirtualnumbers.com\/#organization\",\"name\":\"DID Virtual Numbers\",\"url\":\"https:\/\/didvirtualnumbers.com\/\",\"logo\":{\"@type\":\"ImageObject\",\"inLanguage\":\"de\",\"@id\":\"https:\/\/didvirtualnumbers.com\/#\/schema\/logo\/image\/\",\"url\":\"https:\/\/didvirtualnumbers.com\/wp-content\/uploads\/2023\/03\/Logo-3.png\",\"contentUrl\":\"https:\/\/didvirtualnumbers.com\/wp-content\/uploads\/2023\/03\/Logo-3.png\",\"width\":121,\"height\":69,\"caption\":\"DID Virtual Numbers\"},\"image\":{\"@id\":\"https:\/\/didvirtualnumbers.com\/#\/schema\/logo\/image\/\"}}]}<\/script>\n<!-- \/ Yoast SEO plugin. -->","yoast_head_json":{"title":"Firmenbeschreibung und wichtige Informationen - DID VN","description":"Unternehmensinformationen \ud83d\udcde DID Virtual Numbers. Bequeme Verbindung \u2611\ufe0f \u00dcber 90 L\u00e4nder verf\u00fcgbar \ud83d\udcb2 Wir akzeptieren Kryptow\u00e4hrungen.","robots":{"index":"index","follow":"follow","max-snippet":"max-snippet:-1","max-image-preview":"max-image-preview:large","max-video-preview":"max-video-preview:-1"},"canonical":"https:\/\/didvirtualnumbers.com\/de\/about\/","og_locale":"de_DE","og_type":"article","og_title":"\u041e\u043f\u0438\u0441\u0430\u043d\u0438\u0435 \u043a\u043e\u043c\u043f\u0430\u043d\u0438\u0438 \u0438 \u0432\u0430\u0436\u043d\u0430\u044f \u0438\u043d\u0444\u043e\u0440\u043c\u0430\u0446\u0438\u044f - DID VN","og_description":"\u0418\u043d\u0444\u043e\u0440\u043c\u0430\u0446\u0438\u044f \u043e \u043a\u043e\u043c\u043f\u0430\u043d\u0438\u0438 \ud83d\udcde DID Virtual Numbers. \u0423\u0434\u043e\u0431\u043d\u043e\u0435 \u043f\u043e\u0434\u043a\u043b\u044e\u0447\u0435\u043d\u0438\u0435 \u2611\ufe0f \u0411\u043e\u043b\u0435\u0435 90+ \u0441\u0442\u0440\u0430\u043d \u0434\u043e\u0441\u0442\u0443\u043f\u043d\u043e \ud83d\udcb2 \u041f\u0440\u0438\u043d\u0438\u043c\u0430\u0435\u043c \u043a\u0440\u0438\u043f\u0442\u043e\u0432\u0430\u043b\u044e\u0442\u044b.","og_url":"https:\/\/didvirtualnumbers.com\/de\/about\/","og_site_name":"DIDVirtualNumbers.com","article_modified_time":"2024-02-06T19:32:22+00:00","twitter_card":"summary_large_image","twitter_title":"\u041e\u043f\u0438\u0441\u0430\u043d\u0438\u0435 \u043a\u043e\u043c\u043f\u0430\u043d\u0438\u0438 \u0438 \u0432\u0430\u0436\u043d\u0430\u044f \u0438\u043d\u0444\u043e\u0440\u043c\u0430\u0446\u0438\u044f - DID VN","twitter_description":"\u0418\u043d\u0444\u043e\u0440\u043c\u0430\u0446\u0438\u044f \u043e \u043a\u043e\u043c\u043f\u0430\u043d\u0438\u0438 \ud83d\udcde DID Virtual Numbers. \u0423\u0434\u043e\u0431\u043d\u043e\u0435 \u043f\u043e\u0434\u043a\u043b\u044e\u0447\u0435\u043d\u0438\u0435 \u2611\ufe0f \u0411\u043e\u043b\u0435\u0435 90+ \u0441\u0442\u0440\u0430\u043d \u0434\u043e\u0441\u0442\u0443\u043f\u043d\u043e \ud83d\udcb2 \u041f\u0440\u0438\u043d\u0438\u043c\u0430\u0435\u043c \u043a\u0440\u0438\u043f\u0442\u043e\u0432\u0430\u043b\u044e\u0442\u044b.","twitter_misc":{"Gesch\u00e4tzte Lesezeit":"2\u00a0Minuten"},"schema":{"@context":"https:\/\/schema.org","@graph":[{"@type":"WebPage","@id":"https:\/\/didvirtualnumbers.com\/about\/","url":"https:\/\/didvirtualnumbers.com\/about\/","name":"Firmenbeschreibung und wichtige Informationen - DID VN","isPartOf":{"@id":"https:\/\/didvirtualnumbers.com\/#website"},"datePublished":"2021-12-13T04:15:18+00:00","dateModified":"2024-02-06T19:32:22+00:00","description":"Unternehmensinformationen \ud83d\udcde DID Virtual Numbers. Bequeme Verbindung \u2611\ufe0f \u00dcber 90 L\u00e4nder verf\u00fcgbar \ud83d\udcb2 Wir akzeptieren Kryptow\u00e4hrungen.","breadcrumb":{"@id":"https:\/\/didvirtualnumbers.com\/about\/#breadcrumb"},"inLanguage":"de","potentialAction":[{"@type":"ReadAction","target":["https:\/\/didvirtualnumbers.com\/about\/"]}]},{"@type":"BreadcrumbList","@id":"https:\/\/didvirtualnumbers.com\/about\/#breadcrumb","itemListElement":[{"@type":"ListItem","position":1,"name":"\u0413\u043b\u0430\u0432\u043d\u0430\u044f \u0441\u0442\u0440\u0430\u043d\u0438\u0446\u0430","item":"https:\/\/didvirtualnumbers.com\/"},{"@type":"ListItem","position":2,"name":"\u041e \u043d\u0430\u0441"}]},{"@type":"WebSite","@id":"https:\/\/didvirtualnumbers.com\/#website","url":"https:\/\/didvirtualnumbers.com\/","name":"DIDVirtualNumbers.com","description":"Virtuelle Telefonnummern","publisher":{"@id":"https:\/\/didvirtualnumbers.com\/#organization"},"potentialAction":[{"@type":"SearchAction","target":{"@type":"EntryPoint","urlTemplate":"https:\/\/didvirtualnumbers.com\/?s={search_term_string}"},"query-input":{"@type":"PropertyValueSpecification","valueRequired":true,"valueName":"search_term_string"}}],"inLanguage":"de"},{"@type":"Organization","@id":"https:\/\/didvirtualnumbers.com\/#organization","name":"DID virtuelle Nummern","url":"https:\/\/didvirtualnumbers.com\/","logo":{"@type":"ImageObject","inLanguage":"de","@id":"https:\/\/didvirtualnumbers.com\/#\/schema\/logo\/image\/","url":"https:\/\/didvirtualnumbers.com\/wp-content\/uploads\/2023\/03\/Logo-3.png","contentUrl":"https:\/\/didvirtualnumbers.com\/wp-content\/uploads\/2023\/03\/Logo-3.png","width":121,"height":69,"caption":"DID Virtual Numbers"},"image":{"@id":"https:\/\/didvirtualnumbers.com\/#\/schema\/logo\/image\/"}}]}},"_links":{"self":[{"href":"https:\/\/didvirtualnumbers.com\/de\/wp-json\/wp\/v2\/pages\/563","targetHints":{"allow":["GET"]}}],"collection":[{"href":"https:\/\/didvirtualnumbers.com\/de\/wp-json\/wp\/v2\/pages"}],"about":[{"href":"https:\/\/didvirtualnumbers.com\/de\/wp-json\/wp\/v2\/types\/page"}],"author":[{"embeddable":true,"href":"https:\/\/didvirtualnumbers.com\/de\/wp-json\/wp\/v2\/users\/1"}],"replies":[{"embeddable":true,"href":"https:\/\/didvirtualnumbers.com\/de\/wp-json\/wp\/v2\/comments?post=563"}],"version-history":[{"count":21,"href":"https:\/\/didvirtualnumbers.com\/de\/wp-json\/wp\/v2\/pages\/563\/revisions"}],"predecessor-version":[{"id":2804,"href":"https:\/\/didvirtualnumbers.com\/de\/wp-json\/wp\/v2\/pages\/563\/revisions\/2804"}],"wp:attachment":[{"href":"https:\/\/didvirtualnumbers.com\/de\/wp-json\/wp\/v2\/media?parent=563"}],"curies":[{"name":"wp","href":"https:\/\/api.w.org\/{rel}","templated":true}]}}