{"id":2973,"date":"2024-10-17T16:48:57","date_gmt":"2024-10-17T16:48:57","guid":{"rendered":"https:\/\/didvirtualnumbers.com\/?page_id=2973"},"modified":"2025-02-19T13:47:58","modified_gmt":"2025-02-19T13:47:58","slug":"for-partners","status":"publish","type":"page","link":"https:\/\/didvirtualnumbers.com\/de\/for-partners\/","title":{"rendered":"DID Virtual Numbers-Partnerprogramm"},"content":{"rendered":"<p>Unser Partnerprogramm bietet eine einzigartige Gelegenheit, Provisionen zwischen 5% und 9% zu verdienen. Abh\u00e4ngig von der Nutzungsdauer unserer virtuellen Telefondienste durch vermittelte Kunden. Je mehr Gespr\u00e4che sie f\u00fchren, desto h\u00f6her ist Ihr Einkommen.<\/p>\n\n\n\n<div style=\"height:40px\" aria-hidden=\"true\" class=\"wp-block-spacer\"><\/div>\n\n\n\n<h2 class=\"wp-block-heading\">Optimal f\u00fcr verschiedene Branchen<\/h2>\n\n\n\n<div class=\"wp-block-media-text is-stacked-on-mobile\" style=\"grid-template-columns:62% auto\"><figure class=\"wp-block-media-text__media\"><img loading=\"lazy\" decoding=\"async\" width=\"793\" height=\"499\" src=\"https:\/\/didvirtualnumbers.com\/wp-content\/uploads\/2024\/10\/image-1.png\" alt=\"\" class=\"wp-image-2975 size-full\" srcset=\"https:\/\/didvirtualnumbers.com\/wp-content\/uploads\/2024\/10\/image-1.png 793w, https:\/\/didvirtualnumbers.com\/wp-content\/uploads\/2024\/10\/image-1-300x189.png 300w, https:\/\/didvirtualnumbers.com\/wp-content\/uploads\/2024\/10\/image-1-768x483.png 768w, https:\/\/didvirtualnumbers.com\/wp-content\/uploads\/2024\/10\/image-1-18x12.png 18w\" sizes=\"auto, (max-width: 793px) 100vw, 793px\" \/><\/figure><div class=\"wp-block-media-text__content\">\n<div style=\"height:40px\" aria-hidden=\"true\" class=\"wp-block-spacer\"><\/div>\n\n\n\n<p>Dieses Empfehlungsprogramm ist ideal f\u00fcr Gesch\u00e4ftsinhaber, Administratoren von Bildungszentren und B2B-Netzwerkmanager. <\/p>\n\n\n\n<p>Online-H\u00e4ndler, Dienstleister und Unternehmen, die virtuelle Nummern und Cloud-Kommunikation nutzen, k\u00f6nnen von diesem Angebot stark profitieren.<\/p>\n<\/div><\/div>\n\n\n\n<div style=\"height:40px\" aria-hidden=\"true\" class=\"wp-block-spacer\"><\/div>\n\n\n\n<h2 class=\"wp-block-heading\">Vorteilhaft f\u00fcr Wiederverk\u00e4ufer und Berater<\/h2>\n\n\n\n<p>Dieses Partnerprogramm erg\u00e4nzt Ihr Portfolio und erschlie\u00dft eine neue Einnahmequelle. Angebot von <a href=\"https:\/\/didvirtualnumbers.com\/de\/\" target=\"_blank\" rel=\"noreferrer noopener\">DID virtuelle Nummern<\/a> relevant f\u00fcr diejenigen, die Telefondienste weiterverkaufen oder Unternehmen beraten, die virtuelle Nummern ben\u00f6tigen. Die Anbindung Ihres Netzwerks an unsere Premium-Dienste bietet nachhaltige Vorteile.<\/p>\n\n\n\n<p>Nehmen Sie noch heute teil, um Ihr Verdienstpotenzial durch Ihr Netzwerk zu steigern und gleichzeitig Unternehmen bei der Optimierung ihrer Kommunikation zu unterst\u00fctzen!<\/p>\n\n\n\n<div style=\"height:40px\" aria-hidden=\"true\" class=\"wp-block-spacer\"><\/div>\n\n\n\n<div class=\"blockart-section blockart-section-6cffd591\"><div class=\"blockart-container\"><div class=\"blockart-section-inner\">\n<div class=\"blockart-column blockart-column-263dd468\"><div class=\"blockart-column-inner\">\n<h3 class=\"blockart-heading blockart-heading-0a1747ef\">Noch Fragen? Fordern Sie sie zu uns auf!<\/h3>\n\n\n\n<p class=\"blockart-paragraph blockart-paragraph-98be4072\">Kontaktieren Sie uns auf die f\u00fcr Sie passende Weise.<\/p>\n<\/div><\/div>\n\n\n\n<div class=\"blockart-column blockart-column-edf7c39e\"><div class=\"blockart-column-inner\">\n<div class=\"blockart-buttons blockart-buttons-4a28b5fd is-wrap is-horizontal justify-right\">\n<div class=\"blockart-button blockart-button-5c80f038\"><a class=\"blockart-button-link is-custom is-style-filled\" href=\"mailto:customer.care@didvirtualnumbers.com\">VERBINDE DICH MIT UNS<\/a><\/div>\n<\/div>\n<\/div><\/div>\n<\/div><\/div><\/div>","protected":false},"excerpt":{"rendered":"<p>\u041d\u0430\u0448\u0430 \u043f\u0430\u0440\u0442\u043d\u0435\u0440\u0441\u043a\u0430\u044f \u043f\u0440\u043e\u0433\u0440\u0430\u043c\u043c\u0430 \u043f\u0440\u0435\u0434\u043e\u0441\u0442\u0430\u0432\u043b\u044f\u0435\u0442 \u0443\u043d\u0438\u043a\u0430\u043b\u044c\u043d\u0443\u044e \u0432\u043e\u0437\u043c\u043e\u0436\u043d\u043e\u0441\u0442\u044c \u0437\u0430\u0440\u0430\u0431\u0430\u0442\u044b\u0432\u0430\u0442\u044c \u043a\u043e\u043c\u0438\u0441\u0441\u0438\u043e\u043d\u043d\u044b\u0435 \u0432 \u0440\u0430\u0437\u043c\u0435\u0440\u0435 \u043e\u0442 5% \u0434\u043e 9%. \u0412 \u0437\u0430\u0432\u0438\u0441\u0438\u043c\u043e\u0441\u0442\u0438 \u043e\u0442 \u043f\u0440\u043e\u0434\u043e\u043b\u0436\u0438\u0442\u0435\u043b\u044c\u043d\u043e\u0441\u0442\u0438 \u0438\u0441\u043f\u043e\u043b\u044c\u0437\u043e\u0432\u0430\u043d\u0438\u044f \u043f\u0440\u0438\u0432\u043b\u0435\u0447\u0435\u043d\u043d\u044b\u043c\u0438 \u043a\u043b\u0438\u0435\u043d\u0442\u0430\u043c\u0438 \u043d\u0430\u0448\u0438\u0445 \u0432\u0438\u0440\u0442\u0443\u0430\u043b\u044c\u043d\u044b\u0445 \u0442\u0435\u043b\u0435\u0444\u043e\u043d\u043d\u044b\u0445 \u0443\u0441\u043b\u0443\u0433. \u0427\u0435\u043c \u0431\u043e\u043b\u044c\u0448\u0435 \u0438\u0445 \u0440\u0430\u0437\u0433\u043e\u0432\u043e\u0440\u043e\u0432, \u0442\u0435\u043c \u0432\u044b\u0448\u0435 \u0432\u0430\u0448 \u0434\u043e\u0445\u043e\u0434. \u041e\u043f\u0442\u0438\u043c\u0430\u043b\u044c\u043d\u043e \u0434\u043b\u044f \u0440\u0430\u0437\u043b\u0438\u0447\u043d\u044b\u0445 \u0441\u0435\u043a\u0442\u043e\u0440\u043e\u0432 \u0412\u044b\u0433\u043e\u0434\u043d\u043e \u0434\u043b\u044f \u0440\u0435\u0441\u0435\u043b\u043b\u0435\u0440\u043e\u0432 \u0438 \u043a\u043e\u043d\u0441\u0443\u043b\u044c\u0442\u0430\u043d\u0442\u043e\u0432 \u042d\u0442\u0430 \u043f\u0430\u0440\u0442\u043d\u0435\u0440\u0441\u043a\u0430\u044f \u043f\u0440\u043e\u0433\u0440\u0430\u043c\u043c\u0430 \u0434\u043e\u043f\u043e\u043b\u043d\u044f\u0435\u0442 \u0432\u0430\u0448 \u043f\u043e\u0440\u0442\u0444\u0435\u043b\u044c \u0438 \u043f\u0440\u0435\u0434\u0441\u0442\u0430\u0432\u043b\u044f\u0435\u0442 \u043d\u043e\u0432\u044b\u0439 \u0438\u0441\u0442\u043e\u0447\u043d\u0438\u043a \u0434\u043e\u0445\u043e\u0434\u0430. \u041f\u0440\u0435\u0434\u043b\u043e\u0436\u0435\u043d\u0438\u0435 \u043e\u0442 [&hellip;]<\/p>\n","protected":false},"author":1,"featured_media":0,"parent":0,"menu_order":0,"comment_status":"closed","ping_status":"closed","template":"","meta":{"zakra_sidebar_layout":"customizer","zakra_remove_content_margin":false,"zakra_sidebar":"customizer","zakra_transparent_header":"customizer","zakra_logo":0,"zakra_main_header_style":"default","zakra_menu_item_color":"","zakra_menu_item_hover_color":"","zakra_menu_item_active_color":"","zakra_menu_active_style":"","zakra_page_header":true,"footnotes":""},"class_list":["post-2973","page","type-page","status-publish","hentry"],"yoast_head":"<!-- This site is optimized with the Yoast SEO plugin v27.0 - https:\/\/yoast.com\/product\/yoast-seo-wordpress\/ -->\n<title>\u041f\u0430\u0440\u0442\u043d\u0435\u0440\u0441\u043a\u0430\u044f \u043f\u0440\u043e\u0433\u0440\u0430\u043c\u043c\u0430 \u043e\u0442 DID Virtual Numbers<\/title>\n<meta name=\"description\" content=\"\u0417\u0430\u0440\u0430\u0431\u0430\u0442\u044b\u0432\u0430\u0439\u0442\u0435 \u0434\u043e 9%, \u043f\u0440\u0438\u0432\u043b\u0435\u043a\u0430\u044f \u043d\u043e\u0432\u044b\u0445 \u043a\u043b\u0438\u0435\u043d\u0442\u043e\u0432 \u043a \u043d\u0430\u0448\u0438\u043c \u0443\u0441\u043b\u0443\u0433\u0430\u043c \ud83d\udcf2 \u041f\u0440\u0435\u0432\u0440\u0430\u0449\u0430\u0439\u0442\u0435 \u043a\u0430\u0436\u0434\u0443\u044e \u043c\u0438\u043d\u0443\u0442\u0443 \u0432 \u043f\u0440\u0438\u0431\u044b\u043b\u044c \ud83d\udcb0 \u0441 \u043d\u0430\u0448\u0435\u0439 \u043f\u0430\u0440\u0442\u043d\u0435\u0440\u0441\u043a\u043e\u0439 \u043f\u0440\u043e\u0433\u0440\u0430\u043c\u043c\u043e\u0439!\" \/>\n<meta name=\"robots\" content=\"index, follow, max-snippet:-1, max-image-preview:large, max-video-preview:-1\" \/>\n<link rel=\"canonical\" href=\"https:\/\/didvirtualnumbers.com\/de\/for-partners\/\" \/>\n<meta property=\"og:locale\" content=\"de_DE\" \/>\n<meta property=\"og:type\" content=\"article\" \/>\n<meta property=\"og:title\" content=\"\u041f\u0430\u0440\u0442\u043d\u0435\u0440\u0441\u043a\u0430\u044f \u043f\u0440\u043e\u0433\u0440\u0430\u043c\u043c\u0430 \u043e\u0442 DID Virtual Numbers\" \/>\n<meta property=\"og:description\" content=\"\u0417\u0430\u0440\u0430\u0431\u0430\u0442\u044b\u0432\u0430\u0439\u0442\u0435 \u0434\u043e 9%, \u043f\u0440\u0438\u0432\u043b\u0435\u043a\u0430\u044f \u043d\u043e\u0432\u044b\u0445 \u043a\u043b\u0438\u0435\u043d\u0442\u043e\u0432 \u043a \u043d\u0430\u0448\u0438\u043c \u0443\u0441\u043b\u0443\u0433\u0430\u043c \ud83d\udcf2 \u041f\u0440\u0435\u0432\u0440\u0430\u0449\u0430\u0439\u0442\u0435 \u043a\u0430\u0436\u0434\u0443\u044e \u043c\u0438\u043d\u0443\u0442\u0443 \u0432 \u043f\u0440\u0438\u0431\u044b\u043b\u044c \ud83d\udcb0 \u0441 \u043d\u0430\u0448\u0435\u0439 \u043f\u0430\u0440\u0442\u043d\u0435\u0440\u0441\u043a\u043e\u0439 \u043f\u0440\u043e\u0433\u0440\u0430\u043c\u043c\u043e\u0439!\" \/>\n<meta property=\"og:url\" content=\"https:\/\/didvirtualnumbers.com\/de\/for-partners\/\" \/>\n<meta property=\"og:site_name\" content=\"DIDVirtualNumbers.com\" \/>\n<meta property=\"article:modified_time\" content=\"2025-02-19T13:47:58+00:00\" \/>\n<meta property=\"og:image\" content=\"https:\/\/didvirtualnumbers.com\/wp-content\/uploads\/2024\/10\/image-1.png\" \/>\n\t<meta property=\"og:image:width\" content=\"793\" \/>\n\t<meta property=\"og:image:height\" content=\"499\" \/>\n\t<meta property=\"og:image:type\" content=\"image\/png\" \/>\n<meta name=\"twitter:card\" content=\"summary_large_image\" \/>\n<meta name=\"twitter:title\" content=\"\u041f\u0430\u0440\u0442\u043d\u0435\u0440\u0441\u043a\u0430\u044f \u043f\u0440\u043e\u0433\u0440\u0430\u043c\u043c\u0430 \u043e\u0442 DID Virtual Numbers\" \/>\n<meta name=\"twitter:description\" content=\"\u0417\u0430\u0440\u0430\u0431\u0430\u0442\u044b\u0432\u0430\u0439\u0442\u0435 \u0434\u043e 9%, \u043f\u0440\u0438\u0432\u043b\u0435\u043a\u0430\u044f \u043d\u043e\u0432\u044b\u0445 \u043a\u043b\u0438\u0435\u043d\u0442\u043e\u0432 \u043a \u043d\u0430\u0448\u0438\u043c \u0443\u0441\u043b\u0443\u0433\u0430\u043c \ud83d\udcf2 \u041f\u0440\u0435\u0432\u0440\u0430\u0449\u0430\u0439\u0442\u0435 \u043a\u0430\u0436\u0434\u0443\u044e \u043c\u0438\u043d\u0443\u0442\u0443 \u0432 \u043f\u0440\u0438\u0431\u044b\u043b\u044c \ud83d\udcb0 \u0441 \u043d\u0430\u0448\u0435\u0439 \u043f\u0430\u0440\u0442\u043d\u0435\u0440\u0441\u043a\u043e\u0439 \u043f\u0440\u043e\u0433\u0440\u0430\u043c\u043c\u043e\u0439!\" \/>\n<meta name=\"twitter:image\" content=\"https:\/\/didvirtualnumbers.com\/wp-content\/uploads\/2024\/10\/image-1.png\" \/>\n<meta name=\"twitter:label1\" content=\"Gesch\u00e4tzte Lesezeit\" \/>\n\t<meta name=\"twitter:data1\" content=\"1\u00a0Minute\" \/>\n<script type=\"application\/ld+json\" class=\"yoast-schema-graph\">{\"@context\":\"https:\/\/schema.org\",\"@graph\":[{\"@type\":\"WebPage\",\"@id\":\"https:\/\/didvirtualnumbers.com\/for-partners\/\",\"url\":\"https:\/\/didvirtualnumbers.com\/for-partners\/\",\"name\":\"\u041f\u0430\u0440\u0442\u043d\u0435\u0440\u0441\u043a\u0430\u044f \u043f\u0440\u043e\u0433\u0440\u0430\u043c\u043c\u0430 \u043e\u0442 DID Virtual Numbers\",\"isPartOf\":{\"@id\":\"https:\/\/didvirtualnumbers.com\/#website\"},\"primaryImageOfPage\":{\"@id\":\"https:\/\/didvirtualnumbers.com\/for-partners\/#primaryimage\"},\"image\":{\"@id\":\"https:\/\/didvirtualnumbers.com\/for-partners\/#primaryimage\"},\"thumbnailUrl\":\"https:\/\/didvirtualnumbers.com\/wp-content\/uploads\/2024\/10\/image-1.png\",\"datePublished\":\"2024-10-17T16:48:57+00:00\",\"dateModified\":\"2025-02-19T13:47:58+00:00\",\"description\":\"\u0417\u0430\u0440\u0430\u0431\u0430\u0442\u044b\u0432\u0430\u0439\u0442\u0435 \u0434\u043e 9%, \u043f\u0440\u0438\u0432\u043b\u0435\u043a\u0430\u044f \u043d\u043e\u0432\u044b\u0445 \u043a\u043b\u0438\u0435\u043d\u0442\u043e\u0432 \u043a \u043d\u0430\u0448\u0438\u043c \u0443\u0441\u043b\u0443\u0433\u0430\u043c \ud83d\udcf2 \u041f\u0440\u0435\u0432\u0440\u0430\u0449\u0430\u0439\u0442\u0435 \u043a\u0430\u0436\u0434\u0443\u044e \u043c\u0438\u043d\u0443\u0442\u0443 \u0432 \u043f\u0440\u0438\u0431\u044b\u043b\u044c \ud83d\udcb0 \u0441 \u043d\u0430\u0448\u0435\u0439 \u043f\u0430\u0440\u0442\u043d\u0435\u0440\u0441\u043a\u043e\u0439 \u043f\u0440\u043e\u0433\u0440\u0430\u043c\u043c\u043e\u0439!\",\"breadcrumb\":{\"@id\":\"https:\/\/didvirtualnumbers.com\/for-partners\/#breadcrumb\"},\"inLanguage\":\"de\",\"potentialAction\":[{\"@type\":\"ReadAction\",\"target\":[\"https:\/\/didvirtualnumbers.com\/for-partners\/\"]}]},{\"@type\":\"ImageObject\",\"inLanguage\":\"de\",\"@id\":\"https:\/\/didvirtualnumbers.com\/for-partners\/#primaryimage\",\"url\":\"https:\/\/didvirtualnumbers.com\/wp-content\/uploads\/2024\/10\/image-1.png\",\"contentUrl\":\"https:\/\/didvirtualnumbers.com\/wp-content\/uploads\/2024\/10\/image-1.png\"},{\"@type\":\"BreadcrumbList\",\"@id\":\"https:\/\/didvirtualnumbers.com\/for-partners\/#breadcrumb\",\"itemListElement\":[{\"@type\":\"ListItem\",\"position\":1,\"name\":\"\u0413\u043b\u0430\u0432\u043d\u0430\u044f \u0441\u0442\u0440\u0430\u043d\u0438\u0446\u0430\",\"item\":\"https:\/\/didvirtualnumbers.com\/\"},{\"@type\":\"ListItem\",\"position\":2,\"name\":\"\u041f\u0430\u0440\u0442\u043d\u0435\u0440\u0441\u043a\u0430\u044f \u043f\u0440\u043e\u0433\u0440\u0430\u043c\u043c\u0430 DID Virtual Numbers\"}]},{\"@type\":\"WebSite\",\"@id\":\"https:\/\/didvirtualnumbers.com\/#website\",\"url\":\"https:\/\/didvirtualnumbers.com\/\",\"name\":\"DIDVirtualNumbers.com\",\"description\":\"\u0412\u0438\u0440\u0442\u0443\u0430\u043b\u044c\u043d\u044b\u0435 \u043d\u043e\u043c\u0435\u0440\u0430 \u0442\u0435\u043b\u0435\u0444\u043e\u043d\u043e\u0432\",\"publisher\":{\"@id\":\"https:\/\/didvirtualnumbers.com\/#organization\"},\"potentialAction\":[{\"@type\":\"SearchAction\",\"target\":{\"@type\":\"EntryPoint\",\"urlTemplate\":\"https:\/\/didvirtualnumbers.com\/?s={search_term_string}\"},\"query-input\":{\"@type\":\"PropertyValueSpecification\",\"valueRequired\":true,\"valueName\":\"search_term_string\"}}],\"inLanguage\":\"de\"},{\"@type\":\"Organization\",\"@id\":\"https:\/\/didvirtualnumbers.com\/#organization\",\"name\":\"DID Virtual Numbers\",\"url\":\"https:\/\/didvirtualnumbers.com\/\",\"logo\":{\"@type\":\"ImageObject\",\"inLanguage\":\"de\",\"@id\":\"https:\/\/didvirtualnumbers.com\/#\/schema\/logo\/image\/\",\"url\":\"https:\/\/didvirtualnumbers.com\/wp-content\/uploads\/2023\/03\/Logo-3.png\",\"contentUrl\":\"https:\/\/didvirtualnumbers.com\/wp-content\/uploads\/2023\/03\/Logo-3.png\",\"width\":121,\"height\":69,\"caption\":\"DID Virtual Numbers\"},\"image\":{\"@id\":\"https:\/\/didvirtualnumbers.com\/#\/schema\/logo\/image\/\"}}]}<\/script>\n<!-- \/ Yoast SEO plugin. -->","yoast_head_json":{"title":"Partnerprogramm von DID Virtual Numbers","description":"Verdienen Sie bis zu 9%, indem Sie neue Kunden auf unsere Dienste verweisen. \ud83d\udcf2 Machen Sie jede Minute zu Gewinn \ud83d\udcb0 mit unserem Partnerprogramm!","robots":{"index":"index","follow":"follow","max-snippet":"max-snippet:-1","max-image-preview":"max-image-preview:large","max-video-preview":"max-video-preview:-1"},"canonical":"https:\/\/didvirtualnumbers.com\/de\/for-partners\/","og_locale":"de_DE","og_type":"article","og_title":"\u041f\u0430\u0440\u0442\u043d\u0435\u0440\u0441\u043a\u0430\u044f \u043f\u0440\u043e\u0433\u0440\u0430\u043c\u043c\u0430 \u043e\u0442 DID Virtual Numbers","og_description":"\u0417\u0430\u0440\u0430\u0431\u0430\u0442\u044b\u0432\u0430\u0439\u0442\u0435 \u0434\u043e 9%, \u043f\u0440\u0438\u0432\u043b\u0435\u043a\u0430\u044f \u043d\u043e\u0432\u044b\u0445 \u043a\u043b\u0438\u0435\u043d\u0442\u043e\u0432 \u043a \u043d\u0430\u0448\u0438\u043c \u0443\u0441\u043b\u0443\u0433\u0430\u043c \ud83d\udcf2 \u041f\u0440\u0435\u0432\u0440\u0430\u0449\u0430\u0439\u0442\u0435 \u043a\u0430\u0436\u0434\u0443\u044e \u043c\u0438\u043d\u0443\u0442\u0443 \u0432 \u043f\u0440\u0438\u0431\u044b\u043b\u044c \ud83d\udcb0 \u0441 \u043d\u0430\u0448\u0435\u0439 \u043f\u0430\u0440\u0442\u043d\u0435\u0440\u0441\u043a\u043e\u0439 \u043f\u0440\u043e\u0433\u0440\u0430\u043c\u043c\u043e\u0439!","og_url":"https:\/\/didvirtualnumbers.com\/de\/for-partners\/","og_site_name":"DIDVirtualNumbers.com","article_modified_time":"2025-02-19T13:47:58+00:00","og_image":[{"width":793,"height":499,"url":"https:\/\/didvirtualnumbers.com\/wp-content\/uploads\/2024\/10\/image-1.png","type":"image\/png"}],"twitter_card":"summary_large_image","twitter_title":"\u041f\u0430\u0440\u0442\u043d\u0435\u0440\u0441\u043a\u0430\u044f \u043f\u0440\u043e\u0433\u0440\u0430\u043c\u043c\u0430 \u043e\u0442 DID Virtual Numbers","twitter_description":"\u0417\u0430\u0440\u0430\u0431\u0430\u0442\u044b\u0432\u0430\u0439\u0442\u0435 \u0434\u043e 9%, \u043f\u0440\u0438\u0432\u043b\u0435\u043a\u0430\u044f \u043d\u043e\u0432\u044b\u0445 \u043a\u043b\u0438\u0435\u043d\u0442\u043e\u0432 \u043a \u043d\u0430\u0448\u0438\u043c \u0443\u0441\u043b\u0443\u0433\u0430\u043c \ud83d\udcf2 \u041f\u0440\u0435\u0432\u0440\u0430\u0449\u0430\u0439\u0442\u0435 \u043a\u0430\u0436\u0434\u0443\u044e \u043c\u0438\u043d\u0443\u0442\u0443 \u0432 \u043f\u0440\u0438\u0431\u044b\u043b\u044c \ud83d\udcb0 \u0441 \u043d\u0430\u0448\u0435\u0439 \u043f\u0430\u0440\u0442\u043d\u0435\u0440\u0441\u043a\u043e\u0439 \u043f\u0440\u043e\u0433\u0440\u0430\u043c\u043c\u043e\u0439!","twitter_image":"https:\/\/didvirtualnumbers.com\/wp-content\/uploads\/2024\/10\/image-1.png","twitter_misc":{"Gesch\u00e4tzte Lesezeit":"1\u00a0Minute"},"schema":{"@context":"https:\/\/schema.org","@graph":[{"@type":"WebPage","@id":"https:\/\/didvirtualnumbers.com\/for-partners\/","url":"https:\/\/didvirtualnumbers.com\/for-partners\/","name":"Partnerprogramm von DID Virtual Numbers","isPartOf":{"@id":"https:\/\/didvirtualnumbers.com\/#website"},"primaryImageOfPage":{"@id":"https:\/\/didvirtualnumbers.com\/for-partners\/#primaryimage"},"image":{"@id":"https:\/\/didvirtualnumbers.com\/for-partners\/#primaryimage"},"thumbnailUrl":"https:\/\/didvirtualnumbers.com\/wp-content\/uploads\/2024\/10\/image-1.png","datePublished":"2024-10-17T16:48:57+00:00","dateModified":"2025-02-19T13:47:58+00:00","description":"Verdienen Sie bis zu 9%, indem Sie neue Kunden auf unsere Dienste verweisen. \ud83d\udcf2 Machen Sie jede Minute zu Gewinn \ud83d\udcb0 mit unserem Partnerprogramm!","breadcrumb":{"@id":"https:\/\/didvirtualnumbers.com\/for-partners\/#breadcrumb"},"inLanguage":"de","potentialAction":[{"@type":"ReadAction","target":["https:\/\/didvirtualnumbers.com\/for-partners\/"]}]},{"@type":"ImageObject","inLanguage":"de","@id":"https:\/\/didvirtualnumbers.com\/for-partners\/#primaryimage","url":"https:\/\/didvirtualnumbers.com\/wp-content\/uploads\/2024\/10\/image-1.png","contentUrl":"https:\/\/didvirtualnumbers.com\/wp-content\/uploads\/2024\/10\/image-1.png"},{"@type":"BreadcrumbList","@id":"https:\/\/didvirtualnumbers.com\/for-partners\/#breadcrumb","itemListElement":[{"@type":"ListItem","position":1,"name":"\u0413\u043b\u0430\u0432\u043d\u0430\u044f \u0441\u0442\u0440\u0430\u043d\u0438\u0446\u0430","item":"https:\/\/didvirtualnumbers.com\/"},{"@type":"ListItem","position":2,"name":"\u041f\u0430\u0440\u0442\u043d\u0435\u0440\u0441\u043a\u0430\u044f \u043f\u0440\u043e\u0433\u0440\u0430\u043c\u043c\u0430 DID Virtual Numbers"}]},{"@type":"WebSite","@id":"https:\/\/didvirtualnumbers.com\/#website","url":"https:\/\/didvirtualnumbers.com\/","name":"DIDVirtualNumbers.com","description":"Virtuelle Telefonnummern","publisher":{"@id":"https:\/\/didvirtualnumbers.com\/#organization"},"potentialAction":[{"@type":"SearchAction","target":{"@type":"EntryPoint","urlTemplate":"https:\/\/didvirtualnumbers.com\/?s={search_term_string}"},"query-input":{"@type":"PropertyValueSpecification","valueRequired":true,"valueName":"search_term_string"}}],"inLanguage":"de"},{"@type":"Organization","@id":"https:\/\/didvirtualnumbers.com\/#organization","name":"DID virtuelle Nummern","url":"https:\/\/didvirtualnumbers.com\/","logo":{"@type":"ImageObject","inLanguage":"de","@id":"https:\/\/didvirtualnumbers.com\/#\/schema\/logo\/image\/","url":"https:\/\/didvirtualnumbers.com\/wp-content\/uploads\/2023\/03\/Logo-3.png","contentUrl":"https:\/\/didvirtualnumbers.com\/wp-content\/uploads\/2023\/03\/Logo-3.png","width":121,"height":69,"caption":"DID Virtual Numbers"},"image":{"@id":"https:\/\/didvirtualnumbers.com\/#\/schema\/logo\/image\/"}}]}},"_links":{"self":[{"href":"https:\/\/didvirtualnumbers.com\/de\/wp-json\/wp\/v2\/pages\/2973","targetHints":{"allow":["GET"]}}],"collection":[{"href":"https:\/\/didvirtualnumbers.com\/de\/wp-json\/wp\/v2\/pages"}],"about":[{"href":"https:\/\/didvirtualnumbers.com\/de\/wp-json\/wp\/v2\/types\/page"}],"author":[{"embeddable":true,"href":"https:\/\/didvirtualnumbers.com\/de\/wp-json\/wp\/v2\/users\/1"}],"replies":[{"embeddable":true,"href":"https:\/\/didvirtualnumbers.com\/de\/wp-json\/wp\/v2\/comments?post=2973"}],"version-history":[{"count":3,"href":"https:\/\/didvirtualnumbers.com\/de\/wp-json\/wp\/v2\/pages\/2973\/revisions"}],"predecessor-version":[{"id":2978,"href":"https:\/\/didvirtualnumbers.com\/de\/wp-json\/wp\/v2\/pages\/2973\/revisions\/2978"}],"wp:attachment":[{"href":"https:\/\/didvirtualnumbers.com\/de\/wp-json\/wp\/v2\/media?parent=2973"}],"curies":[{"name":"wp","href":"https:\/\/api.w.org\/{rel}","templated":true}]}}