{"id":1878,"date":"2023-04-07T12:16:30","date_gmt":"2023-04-07T12:16:30","guid":{"rendered":"https:\/\/didvirtualnumbers.com\/?page_id=1878"},"modified":"2023-05-02T11:07:27","modified_gmt":"2023-05-02T11:07:27","slug":"payments","status":"publish","type":"page","link":"https:\/\/didvirtualnumbers.com\/de\/payments\/","title":{"rendered":"Liste der Zahlungsmethoden"},"content":{"rendered":"<p>DID Virtual Numbers bietet eine bequeme und zuverl\u00e4ssige M\u00f6glichkeit, Zahlungen von Kunden auf der ganzen Welt zu akzeptieren. Wir unterst\u00fctzen eine breite Palette von Zahlungsmethoden, darunter Kreditkarten, elektronische Zahlungssysteme und Kryptow\u00e4hrungen sowie viele andere beliebte Methoden in verschiedenen Regionen. Unser Ziel ist es, den Bezahlvorgang f\u00fcr Sie und Ihre Kunden so einfach und bequem wie m\u00f6glich zu gestalten.<\/p>\n\n\n\n<h2 class=\"wp-block-heading\">Europa<\/h2>\n\n\n\n<div class=\"wp-block-columns is-layout-flex wp-container-core-columns-is-layout-28f84493 wp-block-columns-is-layout-flex\">\n<div class=\"wp-block-column is-layout-flow wp-block-column-is-layout-flow\">\n<ul class=\"wp-block-list\">\n<li>\u00dcberweisung EUR, USD<\/li>\n\n\n\n<li>Perfektes Geld USD<\/li>\n\n\n\n<li>Kreditkarte (Visa, Mastercard)<\/li>\n\n\n\n<li>Bitcoin<\/li>\n\n\n\n<li>Kryptow\u00e4hrung (BTC, BCH, ETH, Ripple, BUSD, Doge)<\/li>\n\n\n\n<li>Paypal<\/li>\n\n\n\n<li>WMZ, WME<\/li>\n\n\n\n<li>Sofort<\/li>\n\n\n\n<li>Giropay<\/li>\n\n\n\n<li>Ideal<\/li>\n\n\n\n<li>Bancontact<\/li>\n<\/ul>\n<\/div>\n\n\n\n<div class=\"wp-block-column is-layout-flow wp-block-column-is-layout-flow\">\n<ul class=\"wp-block-list\">\n<li>EPS<\/li>\n\n\n\n<li>Bancaire-Karte<\/li>\n\n\n\n<li>CartaSi<\/li>\n\n\n\n<li>Dankort<\/li>\n\n\n\n<li>6000 Euro<\/li>\n\n\n\n<li>Girocard<\/li>\n\n\n\n<li>KBC\/CBC-Zahlungstaste<\/li>\n\n\n\n<li>Herr Cash<\/li>\n\n\n\n<li>Multibanco<\/li>\n\n\n\n<li>Przelewy24<\/li>\n\n\n\n<li>Satispay<\/li>\n<\/ul>\n<\/div>\n\n\n\n<div class=\"wp-block-column is-layout-flow wp-block-column-is-layout-flow\">\n<ul class=\"wp-block-list\">\n<li>Swish<\/li>\n\n\n\n<li>Tikkie<\/li>\n\n\n\n<li>Vipps<\/li>\n\n\n\n<li>Yandex-Geld<\/li>\n\n\n\n<li>Paysera<\/li>\n\n\n\n<li>Zahler<\/li>\n\n\n\n<li>Revolut<\/li>\n\n\n\n<li>Vertrauensw\u00fcrdig<\/li>\n\n\n\n<li>Skrill<\/li>\n\n\n\n<li>Neteller<\/li>\n<\/ul>\n<\/div>\n<\/div>\n\n\n\n<h2 class=\"wp-block-heading\">Asien<\/h2>\n\n\n\n<div class=\"wp-block-columns is-layout-flex wp-container-core-columns-is-layout-28f84493 wp-block-columns-is-layout-flex\">\n<div class=\"wp-block-column is-layout-flow wp-block-column-is-layout-flow\">\n<ul class=\"wp-block-list\">\n<li>7-Eleven<\/li>\n\n\n\n<li>Affin Bank<\/li>\n\n\n\n<li>Alfamart<\/li>\n\n\n\n<li>Alipay<\/li>\n\n\n\n<li>Bin online<\/li>\n\n\n\n<li>Geldautomat Bersama<\/li>\n\n\n\n<li>Bancnet Online<\/li>\n\n\n\n<li>Bayad Center<\/li>\n\n\n\n<li>Bitcash<\/li>\n\n\n\n<li>Cebuana Lhuillier<\/li>\n\n\n\n<li>Cherry Credits<\/li>\n\n\n\n<li>CIMB-Klicks (Malaysia)<\/li>\n\n\n\n<li>Gemischtwarenladen<\/li>\n\n\n\n<li>Docomo-Anbieterabrechnung<\/li>\n\n\n\n<li>Doku<\/li>\n\n\n\n<li>Dragonpay<\/li>\n<\/ul>\n<\/div>\n\n\n\n<div class=\"wp-block-column is-layout-flow wp-block-column-is-layout-flow\">\n<ul class=\"wp-block-list\">\n<li>ECPay<\/li>\n\n\n\n<li>ENets<\/li>\n\n\n\n<li>Epay<\/li>\n\n\n\n<li>Esapay<\/li>\n\n\n\n<li>Schnitt<\/li>\n\n\n\n<li>Globe Gcash<\/li>\n\n\n\n<li>Hong Leong (Malaysia)<\/li>\n\n\n\n<li>L.B.C.<\/li>\n\n\n\n<li>M. Lhuillier<\/li>\n\n\n\n<li>Mandiri Clickpay<\/li>\n\n\n\n<li>Maybank2u (Malaysia)<\/li>\n\n\n\n<li>MOLPunkte<\/li>\n\n\n\n<li>MOLWallet<\/li>\n\n\n\n<li>MoMo<\/li>\n\n\n\n<li>Myclear FPX (Malaysia)<\/li>\n\n\n\n<li>Netcash<\/li>\n<\/ul>\n<\/div>\n\n\n\n<div class=\"wp-block-column is-layout-flow wp-block-column-is-layout-flow\">\n<ul class=\"wp-block-list\">\n<li>Kryptow\u00e4hrung (BTC, BCH, ETH, Ripple, BUSD, Doge)<\/li>\n\n\n\n<li>Ooredoo<\/li>\n\n\n\n<li>Paysbuy<\/li>\n\n\n\n<li>Rabbit LINE Pay<\/li>\n\n\n\n<li>Red Dot Pay<\/li>\n\n\n\n<li>RHB jetzt<\/li>\n\n\n\n<li>Robinsons Kaufhaus<\/li>\n\n\n\n<li>SAM von SingPost<\/li>\n\n\n\n<li>SM-Zahlungsschalter<\/li>\n\n\n\n<li>Telenor<\/li>\n\n\n\n<li>Tenpay<\/li>\n\n\n\n<li>Unionpay<\/li>\n\n\n\n<li>VTCPay<\/li>\n\n\n\n<li>Wellengeld<\/li>\n\n\n\n<li>Webcash<\/li>\n<\/ul>\n<\/div>\n<\/div>\n\n\n\n<h2 class=\"wp-block-heading\">Nordamerika<\/h2>\n\n\n\n<div class=\"wp-block-columns is-layout-flex wp-container-core-columns-is-layout-28f84493 wp-block-columns-is-layout-flex\">\n<div class=\"wp-block-column is-layout-flow wp-block-column-is-layout-flow\">\n<ul class=\"wp-block-list\">\n<li>Kreditkarten: Visa, Mastercard, American Express, Discover<\/li>\n\n\n\n<li>PayPal<\/li>\n\n\n\n<li>Apple Pay<\/li>\n\n\n\n<li>Google Pay<\/li>\n\n\n\n<li>Samsung Pay<\/li>\n\n\n\n<li>Venmo<\/li>\n<\/ul>\n<\/div>\n\n\n\n<div class=\"wp-block-column is-layout-flow wp-block-column-is-layout-flow\">\n<ul class=\"wp-block-list\">\n<li>Kryptow\u00e4hrung (BTC, BCH, ETH, Ripple, BUSD, Doge)<\/li>\n\n\n\n<li>Zelle<\/li>\n\n\n\n<li>Streifen<\/li>\n\n\n\n<li>Quadrat<\/li>\n\n\n\n<li>Amazon Pay<\/li>\n\n\n\n<li>Zahler<\/li>\n\n\n\n<li>Dwolla<\/li>\n<\/ul>\n<\/div>\n\n\n\n<div class=\"wp-block-column is-layout-flow wp-block-column-is-layout-flow\">\n<ul class=\"wp-block-list\">\n<li>Wir bezahlen<\/li>\n\n\n\n<li>QuickBooks-Zahlungen<\/li>\n\n\n\n<li>BlueSnap<\/li>\n\n\n\n<li>Erste Daten<\/li>\n\n\n\n<li>Autorisieren.net<\/li>\n\n\n\n<li>Dwolla<\/li>\n<\/ul>\n<\/div>\n<\/div>\n\n\n\n<h2 class=\"wp-block-heading\">S\u00fcdamerika<\/h2>\n\n\n\n<div class=\"wp-block-columns is-layout-flex wp-container-core-columns-is-layout-28f84493 wp-block-columns-is-layout-flex\">\n<div class=\"wp-block-column is-layout-flow wp-block-column-is-layout-flow\">\n<ul class=\"wp-block-list\">\n<li>Kreditkarten: Visa, Mastercard, American Express<\/li>\n\n\n\n<li>PayPal<\/li>\n\n\n\n<li>MercadoPago (verf\u00fcgbar in mehreren s\u00fcdamerikanischen L\u00e4ndern)<\/li>\n\n\n\n<li>PagSeguro (verf\u00fcgbar in Brasilien)<\/li>\n\n\n\n<li>Boletos Banc\u00e1rios (erh\u00e4ltlich in Brasilien)<\/li>\n<\/ul>\n<\/div>\n\n\n\n<div class=\"wp-block-column is-layout-flow wp-block-column-is-layout-flow\">\n<ul class=\"wp-block-list\">\n<li>Kryptow\u00e4hrung (BTC, BCH, ETH, Ripple, BUSD, Doge)<\/li>\n\n\n\n<li>Cielo (verf\u00fcgbar in Brasilien)<\/li>\n\n\n\n<li>Pago F\u00e1cil (erh\u00e4ltlich in Argentinien)<\/li>\n\n\n\n<li>RapiPago (verf\u00fcgbar in Argentinien)<\/li>\n\n\n\n<li>Todo Pago (erh\u00e4ltlich in Argentinien)<\/li>\n<\/ul>\n<\/div>\n\n\n\n<div class=\"wp-block-column is-layout-flow wp-block-column-is-layout-flow\">\n<ul class=\"wp-block-list\">\n<li>Redpagos (erh\u00e4ltlich in Uruguay)<\/li>\n\n\n\n<li>OXXO (verf\u00fcgbar in Mexiko)<\/li>\n\n\n\n<li>Baloto (erh\u00e4ltlich in Kolumbien)<\/li>\n\n\n\n<li>Davivienda (erh\u00e4ltlich in Kolumbien)<\/li>\n<\/ul>\n<\/div>\n<\/div>\n\n\n\n<h2 class=\"wp-block-heading\">Afrika<\/h2>\n\n\n\n<div class=\"wp-block-columns is-layout-flex wp-container-core-columns-is-layout-28f84493 wp-block-columns-is-layout-flex\">\n<div class=\"wp-block-column is-layout-flow wp-block-column-is-layout-flow\">\n<ul class=\"wp-block-list\">\n<li>\u00dcberweisung EUR, USD<\/li>\n\n\n\n<li>Kreditkarte (Visa, Mastercard)<\/li>\n\n\n\n<li>PayPal<\/li>\n\n\n\n<li>Zahler<\/li>\n\n\n\n<li>Flatterwelle<\/li>\n\n\n\n<li>Gehaltsstapel<\/li>\n\n\n\n<li>M-Pesa<\/li>\n\n\n\n<li>Paga<\/li>\n<\/ul>\n<\/div>\n\n\n\n<div class=\"wp-block-column is-layout-flow wp-block-column-is-layout-flow\">\n<ul class=\"wp-block-list\">\n<li>Kryptow\u00e4hrung (BTC, BCH, ETH, Ripple, BUSD, Doge)<\/li>\n\n\n\n<li>Interswitch Webpay<\/li>\n\n\n\n<li>UBA UCollect<\/li>\n\n\n\n<li>VoguePay<\/li>\n\n\n\n<li>Ecobank-Mobile-App<\/li>\n\n\n\n<li>Schnellerz\u00e4hler<\/li>\n\n\n\n<li>Bargeldgesandter<\/li>\n\n\n\n<li>GTPay<\/li>\n\n\n\n<li>eTranzact<\/li>\n<\/ul>\n<\/div>\n\n\n\n<div class=\"wp-block-column is-layout-flow wp-block-column-is-layout-flow\">\n<ul class=\"wp-block-list\">\n<li>SimplePay<\/li>\n\n\n\n<li>PayFast<\/li>\n\n\n\n<li>ich zahle<\/li>\n\n\n\n<li>Pfirsichzahlungen<\/li>\n\n\n\n<li>Bluecode<\/li>\n\n\n\n<li>Yoco<\/li>\n\n\n\n<li>SnapScan<\/li>\n\n\n\n<li>Ozow<\/li>\n<\/ul>\n<\/div>\n<\/div>\n\n\n\n<h2 class=\"wp-block-heading\">Ozeanien<\/h2>\n\n\n\n<div class=\"wp-block-columns is-layout-flex wp-container-core-columns-is-layout-28f84493 wp-block-columns-is-layout-flex\">\n<div class=\"wp-block-column is-layout-flow wp-block-column-is-layout-flow\">\n<ul class=\"wp-block-list\">\n<li>Kreditkarten: Visa, Mastercard, American Express<\/li>\n\n\n\n<li>PayPal<\/li>\n\n\n\n<li>Apple Pay<\/li>\n\n\n\n<li>Google Pay<\/li>\n\n\n\n<li>Samsung Pay<\/li>\n\n\n\n<li>Nachzahlung<\/li>\n\n\n\n<li>Zip Pay<\/li>\n\n\n\n<li>Openpay<\/li>\n<\/ul>\n<\/div>\n\n\n\n<div class=\"wp-block-column is-layout-flow wp-block-column-is-layout-flow\">\n<ul class=\"wp-block-list\">\n<li>Kryptow\u00e4hrung (BTC, BCH, ETH, Ripple, BUSD, Doge)<\/li>\n\n\n\n<li>Klarna<\/li>\n\n\n\n<li>Laybuy<\/li>\n\n\n\n<li>Hmm<\/li>\n\n\n\n<li>LatitudePay<\/li>\n\n\n\n<li>PayRight<\/li>\n\n\n\n<li>PayItLater<\/li>\n\n\n\n<li>PayID<\/li>\n\n\n\n<li>BPAY<\/li>\n<\/ul>\n<\/div>\n\n\n\n<div class=\"wp-block-column is-layout-flow wp-block-column-is-layout-flow\">\n<ul class=\"wp-block-list\">\n<li>POLi<\/li>\n\n\n\n<li>Bank\u00fcberweisung<\/li>\n\n\n\n<li>Zahlkamerad<\/li>\n\n\n\n<li>Pin-Zahlungen<\/li>\n\n\n\n<li>eWay<\/li>\n\n\n\n<li>SecurePay<\/li>\n\n\n\n<li>Fettes Zebra<\/li>\n\n\n\n<li>CoinJar<\/li>\n<\/ul>\n<\/div>\n<\/div>\n\n\n\n<p><em>*Wenn aus irgendeinem Grund eine oder mehrere Zahlungsmethoden nicht verf\u00fcgbar sind oder Sie Probleme mit der Zahlung haben, kontaktieren Sie uns bitte per E-Mail oder Online-Chat-Support. Unsere Kundendienstabteilung hilft Ihnen in dieser Situation und bietet eine alternative Zahlungsm\u00f6glichkeit f\u00fcr DID Virtual Numbers-Dienste an.<\/em><\/p>\n\n\n\n<div style=\"height:40px\" aria-hidden=\"true\" class=\"wp-block-spacer\"><\/div>\n\n\n\n<div class=\"blockart-section blockart-section-6cffd591\"><div class=\"blockart-container\"><div class=\"blockart-section-inner\">\n<div class=\"blockart-column blockart-column-263dd468\"><div class=\"blockart-column-inner\">\n<h4 class=\"blockart-heading blockart-heading-0a1747ef\">Sie haben noch Fragen?<\/h4>\n\n\n\n<p class=\"blockart-paragraph blockart-paragraph-98be4072\">Habe Fragen? Unser technisches Support-Team steht Ihnen gerne zur Verf\u00fcgung. Kontaktieren Sie uns \u00fcber das Feedback-Formular auf der Website oder schreiben Sie uns per E-Mail. Wir werden Ihnen antworten und alle notwendigen Informationen bereitstellen.<\/p>\n<\/div><\/div>\n\n\n\n<div class=\"blockart-column blockart-column-edf7c39e\"><div class=\"blockart-column-inner\">\n<div class=\"blockart-buttons blockart-buttons-4a28b5fd is-justification-right is-horizontal is-wrap\">\n<div class=\"blockart-button blockart-button-5c80f038\"><a class=\"blockart-button-link is-custom is-style-filled\" href=\"mailto:customer.care@didvirtualnumbers.com\">VERBINDE DICH MIT UNS<\/a><\/div>\n<\/div>\n<\/div><\/div>\n<\/div><\/div><\/div>","protected":false},"excerpt":{"rendered":"<p>DID Virtual Numbers \u043f\u0440\u0435\u0434\u043e\u0441\u0442\u0430\u0432\u043b\u044f\u0435\u0442 \u0443\u0434\u043e\u0431\u043d\u044b\u0439 \u0438 \u043d\u0430\u0434\u0435\u0436\u043d\u044b\u0439 \u0441\u043f\u043e\u0441\u043e\u0431 \u043f\u0440\u0438\u0435\u043c\u0430 \u043f\u043b\u0430\u0442\u0435\u0436\u0435\u0439 \u043e\u0442 \u043a\u043b\u0438\u0435\u043d\u0442\u043e\u0432 \u0441\u043e \u0432\u0441\u0435\u0433\u043e \u043c\u0438\u0440\u0430. \u041c\u044b \u043f\u043e\u0434\u0434\u0435\u0440\u0436\u0438\u0432\u0430\u0435\u043c \u0448\u0438\u0440\u043e\u043a\u0438\u0439 \u0441\u043f\u0435\u043a\u0442\u0440 \u043f\u043b\u0430\u0442\u0435\u0436\u043d\u044b\u0445 \u043c\u0435\u0442\u043e\u0434\u043e\u0432, \u0432\u043a\u043b\u044e\u0447\u0430\u044f \u043a\u0440\u0435\u0434\u0438\u0442\u043d\u044b\u0435 \u043a\u0430\u0440\u0442\u044b, \u0441\u0438\u0441\u0442\u0435\u043c\u044b \u044d\u043b\u0435\u043a\u0442\u0440\u043e\u043d\u043d\u044b\u0445 \u043f\u043b\u0430\u0442\u0435\u0436\u0435\u0439 \u0438 \u043a\u0440\u0438\u043f\u0442\u043e\u0432\u0430\u043b\u044e\u0442\u044b, \u0430 \u0442\u0430\u043a \u0436\u0435 \u043c\u043d\u043e\u0436\u0435\u0441\u0442\u0432\u043e \u0434\u0440\u0443\u0433\u0438\u0445 \u043f\u043e\u043f\u0443\u043b\u044f\u0440\u043d\u044b\u0445 \u043c\u0435\u0442\u043e\u0434\u043e\u0432 \u0432 \u0440\u0430\u0437\u043b\u0438\u0447\u043d\u044b\u0445 \u0440\u0435\u0433\u0438\u043e\u043d\u0430\u0445. \u041d\u0430\u0448\u0430 \u0446\u0435\u043b\u044c &#8212; \u0441\u0434\u0435\u043b\u0430\u0442\u044c \u043f\u0440\u043e\u0446\u0435\u0441\u0441 \u043f\u043b\u0430\u0442\u0435\u0436\u0435\u0439 \u0434\u043b\u044f \u0432\u0430\u0441 \u0438 \u0432\u0430\u0448\u0438\u0445 \u043a\u043b\u0438\u0435\u043d\u0442\u043e\u0432 \u043c\u0430\u043a\u0441\u0438\u043c\u0430\u043b\u044c\u043d\u043e \u043f\u0440\u043e\u0441\u0442\u044b\u043c \u0438 \u0443\u0434\u043e\u0431\u043d\u044b\u043c. \u0415\u0432\u0440\u043e\u043f\u0430 [&hellip;]<\/p>\n","protected":false},"author":1,"featured_media":0,"parent":0,"menu_order":0,"comment_status":"closed","ping_status":"closed","template":"","meta":{"zakra_sidebar_layout":"customizer","zakra_remove_content_margin":false,"zakra_sidebar":"customizer","zakra_transparent_header":"customizer","zakra_logo":0,"zakra_main_header_style":"default","zakra_menu_item_color":"","zakra_menu_item_hover_color":"","zakra_menu_item_active_color":"","zakra_menu_active_style":"","zakra_page_header":true,"footnotes":""},"class_list":["post-1878","page","type-page","status-publish","hentry"],"yoast_head":"<!-- This site is optimized with the Yoast SEO plugin v27.0 - https:\/\/yoast.com\/product\/yoast-seo-wordpress\/ -->\n<title>\u0421\u043f\u0438\u0441\u043e\u043a \u043f\u043b\u0430\u0442\u0435\u0436\u043d\u044b\u0445 \u043c\u0435\u0442\u043e\u0434\u043e\u0432 - DID Virtual Numbers<\/title>\n<meta name=\"description\" content=\"\u0414\u043e\u0441\u0442\u0443\u043f\u043d\u044b\u0435 \u043f\u043b\u0430\u0442\u0435\u0436\u043d\u044b\u0435 \u043c\u0435\u0442\u043e\u0434\u044b \u0438 \u0441\u0438\u0441\u0442\u0435\u043c\u044b \u043f\u043b\u0430\u0442\u0435\u0436\u0435\u0439 \u2705 DID Virtual Numbers. \u0410\u043d\u043e\u043d\u0438\u043c\u043d\u043e\u0441\u0442\u044c \u0438 \u0437\u0430\u0449\u0438\u0449\u0451\u043d\u043d\u043e\u0441\u0442\u044c \u23e9 \u0411\u043e\u043b\u0435\u0435 90+ \u0441\u0442\u0440\u0430\u043d \u0434\u043e\u0441\u0442\u0443\u043f\u043d\u043e \ud83d\udcb2 \u041f\u0440\u0438\u043d\u0438\u043c\u0430\u0435\u043c \u043a\u0440\u0438\u043f\u0442\u0443.\" \/>\n<meta name=\"robots\" content=\"index, follow, max-snippet:-1, max-image-preview:large, max-video-preview:-1\" \/>\n<link rel=\"canonical\" href=\"https:\/\/didvirtualnumbers.com\/de\/payments\/\" \/>\n<meta property=\"og:locale\" content=\"de_DE\" \/>\n<meta property=\"og:type\" content=\"article\" \/>\n<meta property=\"og:title\" content=\"\u0421\u043f\u0438\u0441\u043e\u043a \u043f\u043b\u0430\u0442\u0435\u0436\u043d\u044b\u0445 \u043c\u0435\u0442\u043e\u0434\u043e\u0432 - DID Virtual Numbers\" \/>\n<meta property=\"og:description\" content=\"\u0414\u043e\u0441\u0442\u0443\u043f\u043d\u044b\u0435 \u043f\u043b\u0430\u0442\u0435\u0436\u043d\u044b\u0435 \u043c\u0435\u0442\u043e\u0434\u044b \u0438 \u0441\u0438\u0441\u0442\u0435\u043c\u044b \u043f\u043b\u0430\u0442\u0435\u0436\u0435\u0439 \ud83d\udcf1 DID Virtual Numbers. \u0410\u043d\u043e\u043d\u0438\u043c\u043d\u043e\u0441\u0442\u044c \u0438 \u0437\u0430\u0449\u0438\u0449\u0451\u043d\u043d\u043e\u0441\u0442\u044c \ud83d\udd12 \u0411\u043e\u043b\u0435\u0435 90+ \u0441\u0442\u0440\u0430\u043d \u0434\u043e\u0441\u0442\u0443\u043f\u043d\u043e \ud83d\udcb0 \u041f\u0440\u0438\u043d\u0438\u043c\u0430\u0435\u043c \u043a\u0440\u0438\u043f\u0442\u0443.\" \/>\n<meta property=\"og:url\" content=\"https:\/\/didvirtualnumbers.com\/de\/payments\/\" \/>\n<meta property=\"og:site_name\" content=\"DIDVirtualNumbers.com\" \/>\n<meta property=\"article:modified_time\" content=\"2023-05-02T11:07:27+00:00\" \/>\n<meta name=\"twitter:card\" content=\"summary_large_image\" \/>\n<meta name=\"twitter:title\" content=\"\u0421\u043f\u0438\u0441\u043e\u043a \u043f\u043b\u0430\u0442\u0435\u0436\u043d\u044b\u0445 \u043c\u0435\u0442\u043e\u0434\u043e\u0432 - DID Virtual Numbers\" \/>\n<meta name=\"twitter:description\" content=\"\u0414\u043e\u0441\u0442\u0443\u043f\u043d\u044b\u0435 \u043f\u043b\u0430\u0442\u0435\u0436\u043d\u044b\u0435 \u043c\u0435\u0442\u043e\u0434\u044b \u0438 \u0441\u0438\u0441\u0442\u0435\u043c\u044b \u043f\u043b\u0430\u0442\u0435\u0436\u0435\u0439 \ud83d\udcf1 DID Virtual Numbers. \u0410\u043d\u043e\u043d\u0438\u043c\u043d\u043e\u0441\u0442\u044c \u0438 \u0437\u0430\u0449\u0438\u0449\u0451\u043d\u043d\u043e\u0441\u0442\u044c \ud83d\udd12 \u0411\u043e\u043b\u0435\u0435 90+ \u0441\u0442\u0440\u0430\u043d \u0434\u043e\u0441\u0442\u0443\u043f\u043d\u043e \ud83d\udcb0 \u041f\u0440\u0438\u043d\u0438\u043c\u0430\u0435\u043c \u043a\u0440\u0438\u043f\u0442\u0443.\" \/>\n<meta name=\"twitter:label1\" content=\"Gesch\u00e4tzte Lesezeit\" \/>\n\t<meta name=\"twitter:data1\" content=\"3\u00a0Minuten\" \/>\n<script type=\"application\/ld+json\" class=\"yoast-schema-graph\">{\"@context\":\"https:\/\/schema.org\",\"@graph\":[{\"@type\":\"WebPage\",\"@id\":\"https:\/\/didvirtualnumbers.com\/payments\/\",\"url\":\"https:\/\/didvirtualnumbers.com\/payments\/\",\"name\":\"\u0421\u043f\u0438\u0441\u043e\u043a \u043f\u043b\u0430\u0442\u0435\u0436\u043d\u044b\u0445 \u043c\u0435\u0442\u043e\u0434\u043e\u0432 - DID Virtual Numbers\",\"isPartOf\":{\"@id\":\"https:\/\/didvirtualnumbers.com\/#website\"},\"datePublished\":\"2023-04-07T12:16:30+00:00\",\"dateModified\":\"2023-05-02T11:07:27+00:00\",\"description\":\"\u0414\u043e\u0441\u0442\u0443\u043f\u043d\u044b\u0435 \u043f\u043b\u0430\u0442\u0435\u0436\u043d\u044b\u0435 \u043c\u0435\u0442\u043e\u0434\u044b \u0438 \u0441\u0438\u0441\u0442\u0435\u043c\u044b \u043f\u043b\u0430\u0442\u0435\u0436\u0435\u0439 \u2705 DID Virtual Numbers. \u0410\u043d\u043e\u043d\u0438\u043c\u043d\u043e\u0441\u0442\u044c \u0438 \u0437\u0430\u0449\u0438\u0449\u0451\u043d\u043d\u043e\u0441\u0442\u044c \u23e9 \u0411\u043e\u043b\u0435\u0435 90+ \u0441\u0442\u0440\u0430\u043d \u0434\u043e\u0441\u0442\u0443\u043f\u043d\u043e \ud83d\udcb2 \u041f\u0440\u0438\u043d\u0438\u043c\u0430\u0435\u043c \u043a\u0440\u0438\u043f\u0442\u0443.\",\"breadcrumb\":{\"@id\":\"https:\/\/didvirtualnumbers.com\/payments\/#breadcrumb\"},\"inLanguage\":\"de\",\"potentialAction\":[{\"@type\":\"ReadAction\",\"target\":[\"https:\/\/didvirtualnumbers.com\/payments\/\"]}]},{\"@type\":\"BreadcrumbList\",\"@id\":\"https:\/\/didvirtualnumbers.com\/payments\/#breadcrumb\",\"itemListElement\":[{\"@type\":\"ListItem\",\"position\":1,\"name\":\"\u0413\u043b\u0430\u0432\u043d\u0430\u044f \u0441\u0442\u0440\u0430\u043d\u0438\u0446\u0430\",\"item\":\"https:\/\/didvirtualnumbers.com\/\"},{\"@type\":\"ListItem\",\"position\":2,\"name\":\"\u0421\u043f\u0438\u0441\u043e\u043a \u043f\u043b\u0430\u0442\u0435\u0436\u043d\u044b\u0445 \u043c\u0435\u0442\u043e\u0434\u043e\u0432\"}]},{\"@type\":\"WebSite\",\"@id\":\"https:\/\/didvirtualnumbers.com\/#website\",\"url\":\"https:\/\/didvirtualnumbers.com\/\",\"name\":\"DIDVirtualNumbers.com\",\"description\":\"\u0412\u0438\u0440\u0442\u0443\u0430\u043b\u044c\u043d\u044b\u0435 \u043d\u043e\u043c\u0435\u0440\u0430 \u0442\u0435\u043b\u0435\u0444\u043e\u043d\u043e\u0432\",\"publisher\":{\"@id\":\"https:\/\/didvirtualnumbers.com\/#organization\"},\"potentialAction\":[{\"@type\":\"SearchAction\",\"target\":{\"@type\":\"EntryPoint\",\"urlTemplate\":\"https:\/\/didvirtualnumbers.com\/?s={search_term_string}\"},\"query-input\":{\"@type\":\"PropertyValueSpecification\",\"valueRequired\":true,\"valueName\":\"search_term_string\"}}],\"inLanguage\":\"de\"},{\"@type\":\"Organization\",\"@id\":\"https:\/\/didvirtualnumbers.com\/#organization\",\"name\":\"DID Virtual Numbers\",\"url\":\"https:\/\/didvirtualnumbers.com\/\",\"logo\":{\"@type\":\"ImageObject\",\"inLanguage\":\"de\",\"@id\":\"https:\/\/didvirtualnumbers.com\/#\/schema\/logo\/image\/\",\"url\":\"https:\/\/didvirtualnumbers.com\/wp-content\/uploads\/2023\/03\/Logo-3.png\",\"contentUrl\":\"https:\/\/didvirtualnumbers.com\/wp-content\/uploads\/2023\/03\/Logo-3.png\",\"width\":121,\"height\":69,\"caption\":\"DID Virtual Numbers\"},\"image\":{\"@id\":\"https:\/\/didvirtualnumbers.com\/#\/schema\/logo\/image\/\"}}]}<\/script>\n<!-- \/ Yoast SEO plugin. -->","yoast_head_json":{"title":"Liste der Zahlungsmethoden \u2013 DID Virtual Numbers","description":"Verf\u00fcgbare Zahlungsmethoden und Zahlungssysteme \u2705 DID Virtual Numbers. Anonymit\u00e4t und Sicherheit \u23e9 Mehr als 90 L\u00e4nder verf\u00fcgbar \ud83d\udcb2 Wir akzeptieren Krypto.","robots":{"index":"index","follow":"follow","max-snippet":"max-snippet:-1","max-image-preview":"max-image-preview:large","max-video-preview":"max-video-preview:-1"},"canonical":"https:\/\/didvirtualnumbers.com\/de\/payments\/","og_locale":"de_DE","og_type":"article","og_title":"\u0421\u043f\u0438\u0441\u043e\u043a \u043f\u043b\u0430\u0442\u0435\u0436\u043d\u044b\u0445 \u043c\u0435\u0442\u043e\u0434\u043e\u0432 - DID Virtual Numbers","og_description":"\u0414\u043e\u0441\u0442\u0443\u043f\u043d\u044b\u0435 \u043f\u043b\u0430\u0442\u0435\u0436\u043d\u044b\u0435 \u043c\u0435\u0442\u043e\u0434\u044b \u0438 \u0441\u0438\u0441\u0442\u0435\u043c\u044b \u043f\u043b\u0430\u0442\u0435\u0436\u0435\u0439 \ud83d\udcf1 DID Virtual Numbers. \u0410\u043d\u043e\u043d\u0438\u043c\u043d\u043e\u0441\u0442\u044c \u0438 \u0437\u0430\u0449\u0438\u0449\u0451\u043d\u043d\u043e\u0441\u0442\u044c \ud83d\udd12 \u0411\u043e\u043b\u0435\u0435 90+ \u0441\u0442\u0440\u0430\u043d \u0434\u043e\u0441\u0442\u0443\u043f\u043d\u043e \ud83d\udcb0 \u041f\u0440\u0438\u043d\u0438\u043c\u0430\u0435\u043c \u043a\u0440\u0438\u043f\u0442\u0443.","og_url":"https:\/\/didvirtualnumbers.com\/de\/payments\/","og_site_name":"DIDVirtualNumbers.com","article_modified_time":"2023-05-02T11:07:27+00:00","twitter_card":"summary_large_image","twitter_title":"\u0421\u043f\u0438\u0441\u043e\u043a \u043f\u043b\u0430\u0442\u0435\u0436\u043d\u044b\u0445 \u043c\u0435\u0442\u043e\u0434\u043e\u0432 - DID Virtual Numbers","twitter_description":"\u0414\u043e\u0441\u0442\u0443\u043f\u043d\u044b\u0435 \u043f\u043b\u0430\u0442\u0435\u0436\u043d\u044b\u0435 \u043c\u0435\u0442\u043e\u0434\u044b \u0438 \u0441\u0438\u0441\u0442\u0435\u043c\u044b \u043f\u043b\u0430\u0442\u0435\u0436\u0435\u0439 \ud83d\udcf1 DID Virtual Numbers. \u0410\u043d\u043e\u043d\u0438\u043c\u043d\u043e\u0441\u0442\u044c \u0438 \u0437\u0430\u0449\u0438\u0449\u0451\u043d\u043d\u043e\u0441\u0442\u044c \ud83d\udd12 \u0411\u043e\u043b\u0435\u0435 90+ \u0441\u0442\u0440\u0430\u043d \u0434\u043e\u0441\u0442\u0443\u043f\u043d\u043e \ud83d\udcb0 \u041f\u0440\u0438\u043d\u0438\u043c\u0430\u0435\u043c \u043a\u0440\u0438\u043f\u0442\u0443.","twitter_misc":{"Gesch\u00e4tzte Lesezeit":"3\u00a0Minuten"},"schema":{"@context":"https:\/\/schema.org","@graph":[{"@type":"WebPage","@id":"https:\/\/didvirtualnumbers.com\/payments\/","url":"https:\/\/didvirtualnumbers.com\/payments\/","name":"Liste der Zahlungsmethoden \u2013 DID Virtual Numbers","isPartOf":{"@id":"https:\/\/didvirtualnumbers.com\/#website"},"datePublished":"2023-04-07T12:16:30+00:00","dateModified":"2023-05-02T11:07:27+00:00","description":"Verf\u00fcgbare Zahlungsmethoden und Zahlungssysteme \u2705 DID Virtual Numbers. Anonymit\u00e4t und Sicherheit \u23e9 Mehr als 90 L\u00e4nder verf\u00fcgbar \ud83d\udcb2 Wir akzeptieren Krypto.","breadcrumb":{"@id":"https:\/\/didvirtualnumbers.com\/payments\/#breadcrumb"},"inLanguage":"de","potentialAction":[{"@type":"ReadAction","target":["https:\/\/didvirtualnumbers.com\/payments\/"]}]},{"@type":"BreadcrumbList","@id":"https:\/\/didvirtualnumbers.com\/payments\/#breadcrumb","itemListElement":[{"@type":"ListItem","position":1,"name":"\u0413\u043b\u0430\u0432\u043d\u0430\u044f \u0441\u0442\u0440\u0430\u043d\u0438\u0446\u0430","item":"https:\/\/didvirtualnumbers.com\/"},{"@type":"ListItem","position":2,"name":"\u0421\u043f\u0438\u0441\u043e\u043a \u043f\u043b\u0430\u0442\u0435\u0436\u043d\u044b\u0445 \u043c\u0435\u0442\u043e\u0434\u043e\u0432"}]},{"@type":"WebSite","@id":"https:\/\/didvirtualnumbers.com\/#website","url":"https:\/\/didvirtualnumbers.com\/","name":"DIDVirtualNumbers.com","description":"Virtuelle Telefonnummern","publisher":{"@id":"https:\/\/didvirtualnumbers.com\/#organization"},"potentialAction":[{"@type":"SearchAction","target":{"@type":"EntryPoint","urlTemplate":"https:\/\/didvirtualnumbers.com\/?s={search_term_string}"},"query-input":{"@type":"PropertyValueSpecification","valueRequired":true,"valueName":"search_term_string"}}],"inLanguage":"de"},{"@type":"Organization","@id":"https:\/\/didvirtualnumbers.com\/#organization","name":"DID virtuelle Nummern","url":"https:\/\/didvirtualnumbers.com\/","logo":{"@type":"ImageObject","inLanguage":"de","@id":"https:\/\/didvirtualnumbers.com\/#\/schema\/logo\/image\/","url":"https:\/\/didvirtualnumbers.com\/wp-content\/uploads\/2023\/03\/Logo-3.png","contentUrl":"https:\/\/didvirtualnumbers.com\/wp-content\/uploads\/2023\/03\/Logo-3.png","width":121,"height":69,"caption":"DID Virtual Numbers"},"image":{"@id":"https:\/\/didvirtualnumbers.com\/#\/schema\/logo\/image\/"}}]}},"_links":{"self":[{"href":"https:\/\/didvirtualnumbers.com\/de\/wp-json\/wp\/v2\/pages\/1878","targetHints":{"allow":["GET"]}}],"collection":[{"href":"https:\/\/didvirtualnumbers.com\/de\/wp-json\/wp\/v2\/pages"}],"about":[{"href":"https:\/\/didvirtualnumbers.com\/de\/wp-json\/wp\/v2\/types\/page"}],"author":[{"embeddable":true,"href":"https:\/\/didvirtualnumbers.com\/de\/wp-json\/wp\/v2\/users\/1"}],"replies":[{"embeddable":true,"href":"https:\/\/didvirtualnumbers.com\/de\/wp-json\/wp\/v2\/comments?post=1878"}],"version-history":[{"count":2,"href":"https:\/\/didvirtualnumbers.com\/de\/wp-json\/wp\/v2\/pages\/1878\/revisions"}],"predecessor-version":[{"id":2063,"href":"https:\/\/didvirtualnumbers.com\/de\/wp-json\/wp\/v2\/pages\/1878\/revisions\/2063"}],"wp:attachment":[{"href":"https:\/\/didvirtualnumbers.com\/de\/wp-json\/wp\/v2\/media?parent=1878"}],"curies":[{"name":"wp","href":"https:\/\/api.w.org\/{rel}","templated":true}]}}