{"id":1638,"date":"2023-04-03T10:50:24","date_gmt":"2023-04-03T10:50:24","guid":{"rendered":"https:\/\/didvirtualnumbers.com\/?page_id=1638"},"modified":"2024-01-24T16:37:54","modified_gmt":"2024-01-24T16:37:54","slug":"cookie-statement","status":"publish","type":"page","link":"https:\/\/didvirtualnumbers.com\/de\/cookie-statement\/","title":{"rendered":"Regeln f\u00fcr die Verarbeitung von Cookies"},"content":{"rendered":"<p>Wenn wir \u201ewir\u201c, \u201euns\u201c, \u201eunser\u201c sagen, meinen wir virtuelle DID-Nummern.<\/p>\n\n\n\n<p>In dieser Cookie-Erkl\u00e4rung wird erl\u00e4utert, wie wir Cookies und \u00e4hnliche Technologien im Rahmen unserer Gesch\u00e4ftst\u00e4tigkeit verwenden, einschlie\u00dflich auf unseren Websites, die auf diese Cookie-Erkl\u00e4rung verweisen, oder auf Websites oder Anwendungen, die uns geh\u00f6ren, von uns betrieben oder kontrolliert werden (gemeinsam die \u201eWebsites\u201c). oder \u201eWebsites\u201c). Es erkl\u00e4rt, was diese Technologien sind und warum wir sie nutzen, sowie Ihre Rechte, unsere Nutzung dieser Technologien zu kontrollieren. Diese Cookie-Erkl\u00e4rung ist und wird als Teil unserer betrachtet <a href=\"https:\/\/didvirtualnumbers.com\/de\/terms\/\" rel=\"nofollow\">Nutzungsbedingungen<\/a> und ist automatisch darin enthalten. Gro\u00dfgeschriebene Begriffe, die in dieser Cookie-Erkl\u00e4rung verwendet und nicht anderweitig definiert werden, haben die ihnen in unserer Datenschutzrichtlinie zugewiesene Bedeutung<\/p>\n\n\n\n<p>In einigen F\u00e4llen k\u00f6nnen wir Cookies und andere in dieser Cookie-Erkl\u00e4rung beschriebene Tracking-Technologien verwenden, um personenbezogene Daten zu erfassen oder um Informationen zu erfassen, die zu personenbezogenen Daten werden, wenn wir sie mit anderen Informationen kombinieren. Weitere Informationen dar\u00fcber, wie wir Ihre personenbezogenen Daten verarbeiten, finden Sie in unserer <a href=\"https:\/\/didvirtualnumbers.com\/de\/privacy-policy\/\" rel=\"nofollow\">Datenschutzrichtlinie<\/a>.<\/p>\n\n\n\n<h2 class=\"wp-block-heading\">Definition<\/h2>\n\n\n\n<p>Cookies sind kleine Datendateien, die auf Ihrem Computer oder Mobilger\u00e4t abgelegt werden, wenn Sie eine Website besuchen. Cookies werden h\u00e4ufig von Onlinedienstanbietern verwendet, um beispielsweise daf\u00fcr zu sorgen, dass ihre Websites oder Dienste effizienter funktionieren oder funktionieren, und um Berichtsinformationen bereitzustellen.<\/p>\n\n\n\n<p>Vom Websitebesitzer oder Dienstanbieter gesetzte Cookies werden \u201eErstanbieter-Cookies\u201c genannt. Cookies, die von anderen Parteien als dem Eigent\u00fcmer der Website gesetzt werden, werden als \u201eCookies von Drittanbietern\u201c bezeichnet. Cookies von Drittanbietern erm\u00f6glichen die Bereitstellung von Features oder Funktionen Dritter auf oder \u00fcber die von Ihnen genutzte Website (z. B. Werbung, interaktive Inhalte und Analysen). Die Drittanbieter, die diese Drittanbieter-Cookies setzen, k\u00f6nnen Ihren Computer sowohl dann erkennen, wenn Sie diese Website oder diesen Dienst besuchen, als auch wenn Sie bestimmte andere Websites oder Dienste besuchen.<\/p>\n\n\n\n<h2 class=\"wp-block-heading\">Warum verwenden wir Cookies und andere Tracking-Technologien?<\/h2>\n\n\n\n<p>.Wir verwenden aus mehreren Gr\u00fcnden Erst- und Drittanbieter-Cookies. Einige Cookies sind aus technischen Gr\u00fcnden f\u00fcr den Betrieb unserer Websites und Dienste erforderlich und wir nennen sie \u201ewesentlich\u201c oder \u201eunbedingt erforderlich\u201c. Andere Cookies erm\u00f6glichen es uns und den Dritten, mit denen wir zusammenarbeiten, die Interessen der Besucher unserer Websites zu verfolgen und gezielt darauf abzustimmen. Wir nennen sie \u201eLeistungs-\u201c oder \u201efunktionale\u201c Cookies. Beispielsweise verwenden wir Cookies, um die Inhalte und Informationen, die wir Ihnen senden oder anzeigen, anzupassen und um Ihr Erlebnis bei der Interaktion mit unseren Websites anderweitig zu personalisieren und um die Funktionalit\u00e4t der von uns bereitgestellten Dienste anderweitig zu verbessern. Wir gestatten unseren Nutzern auch die Verwendung von Cookies und \u00e4hnlichen Tracking-Technologien im Zusammenhang mit der Nutzung unserer Dienste, um uns und unseren Nutzern die Verfolgung ihrer Abonnenten zu erm\u00f6glichen. Schlie\u00dflich verwenden Dritte \u00fcber unsere Websites und Dienste Cookies f\u00fcr Werbe-, Analyse- und andere Zwecke.<\/p>\n\n\n\n<p><strong>Auf unseren Websites verwendete Cookies<\/strong><\/p>\n\n\n\n<p>Die spezifischen Arten von Erst- und Drittanbieter-Cookies, die auf unseren Websites verwendet werden, und die Zwecke, denen sie dienen, sind nachstehend aufgef\u00fchrt:<\/p>\n\n\n\n<h2 class=\"wp-block-heading\">Wesentliche Website-Cookies<\/h2>\n\n\n\n<p>Diese Cookies sind unbedingt erforderlich, um Ihnen die \u00fcber unsere Website verf\u00fcgbaren Dienste bereitzustellen und einige ihrer Funktionen zu nutzen, wie z. B. den Zugriff auf sichere Bereiche. Da diese Cookies f\u00fcr das Funktionieren der Websites unbedingt erforderlich sind, k\u00f6nnen Sie sie nicht ablehnen, ohne die Funktionalit\u00e4t unserer Websites zu beeintr\u00e4chtigen. Sie k\u00f6nnen sie blockieren oder l\u00f6schen, indem Sie Ihre Browsereinstellungen wie in der Cookie-Erkl\u00e4rung beschrieben \u00e4ndern.<\/p>\n\n\n\n<h3 class=\"wp-block-heading\">Cookies zur Verbesserung der Leistung und Funktionalit\u00e4t<\/h3>\n\n\n\n<p>Diese Cookies werden verwendet, um die Leistung und Funktionalit\u00e4t unserer Websites zu verbessern, sind jedoch f\u00fcr Ihre Nutzung nicht unbedingt erforderlich. Ohne diese Cookies sind jedoch bestimmte Funktionen m\u00f6glicherweise nicht verf\u00fcgbar.<\/p>\n\n\n\n<h3 class=\"wp-block-heading\">Cookies f\u00fcr Analyse und Personalisierung<\/h3>\n\n\n\n<p>Diese Cookies sammeln Informationen, die entweder in aggregierter Form verwendet werden, um uns zu helfen, zu verstehen, wie unsere Websites genutzt werden oder wie effektiv unsere Marketingkampagnen sind, oder um uns dabei zu helfen, unsere Websites und Apps so anzupassen, dass Sie Ihr Erlebnis verbessern.<\/p>\n\n\n\n<h3 class=\"wp-block-heading\">Werbe-(Targeting-)Cookies<\/h3>\n\n\n\n<p>Diese Cookies werden verwendet, um Werbebotschaften relevanter f\u00fcr Sie und Ihre Interessen zu machen. Sie erf\u00fcllen auch Funktionen wie das Verhindern der wiederholten Anzeige derselben Anzeige, die Sicherstellung, dass Anzeigen korrekt angezeigt werden, und in einigen F\u00e4llen die Auswahl von Anzeigen basierend auf Ihren Interessen. Weitere Informationen finden Sie im Abschnitt \u201eGezielte Online-Werbung\u201c der Cookie-Erkl\u00e4rung.<\/p>\n\n\n\n<h3 class=\"wp-block-heading\">Andere Tracking-Technologien<\/h3>\n\n\n\n<p>Wir und unsere Drittpartner k\u00f6nnen von Zeit zu Zeit andere \u00e4hnliche Technologien verwenden, wie zum Beispiel Web-Beacons, Pixel (oder \u201eClear Gifs\u201c) und andere Tracking-Technologien. Hierbei handelt es sich um winzige Grafikdateien mit einer eindeutigen Kennung, die es uns erm\u00f6glicht, zu erkennen, wann jemand unsere Websites besucht oder, im Fall von Web Beacons, eine E-Mail ge\u00f6ffnet hat, die wir ihm gesendet haben. Dies erm\u00f6glicht es uns beispielsweise, den Benutzerverkehr von einer Seite unserer Website zu einer anderen zu verfolgen, Cookies bereitzustellen oder zu \u00fcbertragen, zu verstehen, ob Sie \u00fcber eine Online-Werbung auf einer Website eines Drittanbieters auf unsere Website gelangt sind, Ihnen gezielte Werbung zu pr\u00e4sentieren und Andere wie Sie verbessern die Website-Leistung und messen den Erfolg von Marketingkampagnen. Obwohl Sie diese Tracking-Technologien m\u00f6glicherweise nicht ausdr\u00fccklich ablehnen oder deaktivieren k\u00f6nnen, sind diese Technologien in vielen F\u00e4llen auf Cookies angewiesen, um ordnungsgem\u00e4\u00df zu funktionieren. Dementsprechend f\u00fchrt die Ablehnung von Cookies in solchen F\u00e4llen zu einer Beeintr\u00e4chtigung der Leistung dieser Technologien.<\/p>\n\n\n\n<h3 class=\"wp-block-heading\">Gezielte Online-Werbung<\/h3>\n\n\n\n<p>Wir haben einen oder mehrere Drittanbieter damit beauftragt, sowohl die individuelle Nutzung als auch statistische Informationen \u00fcber den Umfang der Interaktion mit unseren Websites zu verfolgen und zu analysieren.<\/p>\n\n\n\n<p>Diese Dritten verwenden Cookies, Web-Beacons, Pixel-Tags und \u00e4hnliche Tracking-Technologien, um bestimmte Informationen \u00fcber Ihre Online-Aktivit\u00e4ten auf unseren Websites und\/oder anderen Websites oder mobilen Anwendungen zu sammeln und zu verwenden, um Ihre Interessen zu ermitteln und Ihnen gezieltere Werbung anzubieten, die besser auf Sie zugeschnitten ist basierend auf Ihren Online-Aktivit\u00e4ten und abgeleiteten Interessen.<\/p>\n\n\n\n<p>Unsere Drittanbieter k\u00f6nnen auch Cookies oder Web-Beacons verwenden, um Informationen \u00fcber Ihre Besuche auf unseren Websites und\/oder anderen Websites zu sammeln, um die Wirksamkeit von Werbung und unseren Online-Marketingaktivit\u00e4ten zu messen und zu verfolgen. Die von diesen Dritten erfassten Informationen umfassen keine personenbezogenen Daten, die Sie konkret identifizieren (z. B. anhand Ihres Namens oder Ihrer E-Mail-Adresse).<\/p>\n\n\n\n<h2 class=\"wp-block-heading\">Wie Sie Cookies kontrollieren k\u00f6nnen<\/h2>\n\n\n\n<p>Sie haben das Recht zu entscheiden, ob Sie Cookies akzeptieren oder ablehnen.<\/p>\n\n\n\n<p>Sie k\u00f6nnen die Einstellungen Ihres Webbrowsers so einstellen oder \u00e4ndern, dass er Cookies akzeptiert oder ablehnt. Wenn Sie sich daf\u00fcr entscheiden, Cookies abzulehnen, k\u00f6nnen Sie unsere Websites weiterhin nutzen, allerdings kann Ihr Zugriff auf einige Funktionen und Bereiche unserer Websites eingeschr\u00e4nkt sein. Da die M\u00f6glichkeiten, mit denen Sie Cookies \u00fcber die Steuerelemente Ihres Webbrowsers ablehnen k\u00f6nnen, von Browser zu Browser unterschiedlich sind, sollten Sie f\u00fcr weitere Informationen das Hilfemen\u00fc Ihres Browsers konsultieren.<\/p>\n\n\n\n<h3 class=\"wp-block-heading\">Wie oft wird diese Cookie-Erkl\u00e4rung aktualisiert?<\/h3>\n\n\n\n<p>Wir k\u00f6nnen diese Cookie-Erkl\u00e4rung von Zeit zu Zeit aktualisieren, um beispielsweise \u00c4nderungen an den von uns verwendeten Cookies widerzuspiegeln oder aus anderen betrieblichen, rechtlichen oder regulatorischen Gr\u00fcnden. Bitte lesen Sie diese Cookie-Erkl\u00e4rung daher regelm\u00e4\u00dfig durch, um \u00fcber unsere Verwendung von Cookies und verwandten Technologien auf dem Laufenden zu bleiben.<\/p>\n\n\n\n<p>Das Datum am Ende dieser Cookie-Erkl\u00e4rung gibt an, wann sie zuletzt aktualisiert wurde.<br>Wenn Sie Fragen zu unserer Verwendung von Cookies oder anderen Technologien haben, senden Sie uns bitte eine E-Mail oder nutzen Sie unseren Online-Kundensupport-Chat.<\/p>","protected":false},"excerpt":{"rendered":"<p>\u041a\u043e\u0433\u0434\u0430 \u043c\u044b \u0433\u043e\u0432\u043e\u0440\u0438\u043c &#171;\u043c\u044b&#187;, &#171;\u043d\u0430\u0441&#187;, &#171;\u043d\u0430\u0448&#187; \u043c\u044b \u0438\u043c\u0435\u0435\u043c \u0432 \u0432\u0438\u0434\u0443 \u043a\u043e\u043c\u043f\u0430\u043d\u0438\u044e DID Virtual Numbers. \u041d\u0430\u0441\u0442\u043e\u044f\u0449\u0435\u0435 \u041f\u043e\u043b\u043e\u0436\u0435\u043d\u0438\u0435 \u043e \u0444\u0430\u0439\u043b\u0430\u0445 cookie \u043e\u0431\u044a\u044f\u0441\u043d\u044f\u0435\u0442, \u043a\u0430\u043a \u043c\u044b \u0438\u0441\u043f\u043e\u043b\u044c\u0437\u0443\u0435\u043c \u0444\u0430\u0439\u043b\u044b cookie \u0438 \u0430\u043d\u0430\u043b\u043e\u0433\u0438\u0447\u043d\u044b\u0435 \u0442\u0435\u0445\u043d\u043e\u043b\u043e\u0433\u0438\u0438 \u0432 \u0445\u043e\u0434\u0435 \u043d\u0430\u0448\u0435\u0439 \u0434\u0435\u044f\u0442\u0435\u043b\u044c\u043d\u043e\u0441\u0442\u0438, \u0432 \u0442\u043e\u043c \u0447\u0438\u0441\u043b\u0435 \u043d\u0430 \u043d\u0430\u0448\u0438\u0445 \u0432\u0435\u0431-\u0441\u0430\u0439\u0442\u0430\u0445, \u043a\u043e\u0442\u043e\u0440\u044b\u0435 \u0441\u0441\u044b\u043b\u0430\u044e\u0442\u0441\u044f \u043d\u0430 \u0434\u0430\u043d\u043d\u043e\u0435 \u041f\u043e\u043b\u043e\u0436\u0435\u043d\u0438\u0435 \u043e \u0444\u0430\u0439\u043b\u0430\u0445 cookie, \u0438\u043b\u0438 \u043d\u0430 \u043b\u044e\u0431\u043e\u043c \u0432\u0435\u0431-\u0441\u0430\u0439\u0442\u0435 \u0438\u043b\u0438 \u043f\u0440\u0438\u043b\u043e\u0436\u0435\u043d\u0438\u0438, \u043f\u0440\u0438\u043d\u0430\u0434\u043b\u0435\u0436\u0430\u0449\u0435\u043c, \u0443\u043f\u0440\u0430\u0432\u043b\u044f\u0435\u043c\u043e\u043c \u0438\u043b\u0438 [&hellip;]<\/p>\n","protected":false},"author":1,"featured_media":0,"parent":0,"menu_order":0,"comment_status":"closed","ping_status":"closed","template":"","meta":{"zakra_sidebar_layout":"customizer","zakra_remove_content_margin":false,"zakra_sidebar":"customizer","zakra_transparent_header":"customizer","zakra_logo":0,"zakra_main_header_style":"default","zakra_menu_item_color":"","zakra_menu_item_hover_color":"","zakra_menu_item_active_color":"","zakra_menu_active_style":"","zakra_page_header":true,"footnotes":""},"class_list":["post-1638","page","type-page","status-publish","hentry"],"yoast_head":"<!-- This site is optimized with the Yoast SEO plugin v27.0 - https:\/\/yoast.com\/product\/yoast-seo-wordpress\/ -->\n<title>\u041f\u0440\u0430\u0432\u0438\u043b\u0430 \u043e\u0431\u0440\u0430\u0431\u043e\u0442\u043a\u0438 \u0444\u0430\u0439\u043b\u043e\u0432 cookie - DID Virtual Numbers<\/title>\n<meta name=\"description\" content=\"\u041e\u0441\u043d\u043e\u0432\u043d\u044b\u0435 \u043f\u0440\u0430\u0432\u0438\u043b\u0430 \u043e\u0431\u0440\u0430\u0431\u043e\u0442\u043a\u0438 \u0444\u0430\u0439\u043b\u043e\u0432 cookie \u043d\u0430 \u0441\u0430\u0439\u0442\u0435 DID Virtual Numbers DID Virtual Numbers. \u0411\u044b\u0441\u0442\u0440\u043e\u0435 \u043f\u043e\u0434\u043a\u043b\u044e\u0447\u0435\u043d\u0438\u0435 \u0438 \u0437\u0430\u0449\u0438\u0449\u0451\u043d\u043d\u043e\u0441\u0442\u044c.\" \/>\n<meta name=\"robots\" content=\"index, follow, max-snippet:-1, max-image-preview:large, max-video-preview:-1\" \/>\n<link rel=\"canonical\" href=\"https:\/\/didvirtualnumbers.com\/de\/cookie-statement\/\" \/>\n<meta property=\"og:locale\" content=\"de_DE\" \/>\n<meta property=\"og:type\" content=\"article\" \/>\n<meta property=\"og:title\" content=\"\u041f\u0440\u0430\u0432\u0438\u043b\u0430 \u043e\u0431\u0440\u0430\u0431\u043e\u0442\u043a\u0438 \u0444\u0430\u0439\u043b\u043e\u0432 cookie - DID Virtual Numbers\" \/>\n<meta property=\"og:description\" content=\"\u041e\u0441\u043d\u043e\u0432\u043d\u044b\u0435 \u043f\u0440\u0430\u0432\u0438\u043b\u0430 \u043e\u0431\u0440\u0430\u0431\u043e\u0442\u043a\u0438 \u0444\u0430\u0439\u043b\u043e\u0432 cookie \u043d\u0430 \u0441\u0430\u0439\u0442\u0435 DID Virtual Numbers DID Virtual Numbers. \u0411\u044b\u0441\u0442\u0440\u043e\u0435 \u043f\u043e\u0434\u043a\u043b\u044e\u0447\u0435\u043d\u0438\u0435 \u0438 \u0437\u0430\u0449\u0438\u0449\u0451\u043d\u043d\u043e\u0441\u0442\u044c.\" \/>\n<meta property=\"og:url\" content=\"https:\/\/didvirtualnumbers.com\/de\/cookie-statement\/\" \/>\n<meta property=\"og:site_name\" content=\"DIDVirtualNumbers.com\" \/>\n<meta property=\"article:modified_time\" content=\"2024-01-24T16:37:54+00:00\" \/>\n<meta name=\"twitter:card\" content=\"summary_large_image\" \/>\n<meta name=\"twitter:title\" content=\"\u041f\u0440\u0430\u0432\u0438\u043b\u0430 \u043e\u0431\u0440\u0430\u0431\u043e\u0442\u043a\u0438 \u0444\u0430\u0439\u043b\u043e\u0432 cookie - DID Virtual Numbers\" \/>\n<meta name=\"twitter:description\" content=\"\u041e\u0441\u043d\u043e\u0432\u043d\u044b\u0435 \u043f\u0440\u0430\u0432\u0438\u043b\u0430 \u043e\u0431\u0440\u0430\u0431\u043e\u0442\u043a\u0438 \u0444\u0430\u0439\u043b\u043e\u0432 cookie \u043d\u0430 \u0441\u0430\u0439\u0442\u0435 DID Virtual Numbers DID Virtual Numbers. \u0411\u044b\u0441\u0442\u0440\u043e\u0435 \u043f\u043e\u0434\u043a\u043b\u044e\u0447\u0435\u043d\u0438\u0435 \u0438 \u0437\u0430\u0449\u0438\u0449\u0451\u043d\u043d\u043e\u0441\u0442\u044c.\" \/>\n<meta name=\"twitter:label1\" content=\"Gesch\u00e4tzte Lesezeit\" \/>\n\t<meta name=\"twitter:data1\" content=\"7\u00a0Minuten\" \/>\n<script type=\"application\/ld+json\" class=\"yoast-schema-graph\">{\"@context\":\"https:\/\/schema.org\",\"@graph\":[{\"@type\":\"WebPage\",\"@id\":\"https:\/\/didvirtualnumbers.com\/cookie-statement\/\",\"url\":\"https:\/\/didvirtualnumbers.com\/cookie-statement\/\",\"name\":\"\u041f\u0440\u0430\u0432\u0438\u043b\u0430 \u043e\u0431\u0440\u0430\u0431\u043e\u0442\u043a\u0438 \u0444\u0430\u0439\u043b\u043e\u0432 cookie - DID Virtual Numbers\",\"isPartOf\":{\"@id\":\"https:\/\/didvirtualnumbers.com\/#website\"},\"datePublished\":\"2023-04-03T10:50:24+00:00\",\"dateModified\":\"2024-01-24T16:37:54+00:00\",\"description\":\"\u041e\u0441\u043d\u043e\u0432\u043d\u044b\u0435 \u043f\u0440\u0430\u0432\u0438\u043b\u0430 \u043e\u0431\u0440\u0430\u0431\u043e\u0442\u043a\u0438 \u0444\u0430\u0439\u043b\u043e\u0432 cookie \u043d\u0430 \u0441\u0430\u0439\u0442\u0435 DID Virtual Numbers DID Virtual Numbers. \u0411\u044b\u0441\u0442\u0440\u043e\u0435 \u043f\u043e\u0434\u043a\u043b\u044e\u0447\u0435\u043d\u0438\u0435 \u0438 \u0437\u0430\u0449\u0438\u0449\u0451\u043d\u043d\u043e\u0441\u0442\u044c.\",\"breadcrumb\":{\"@id\":\"https:\/\/didvirtualnumbers.com\/cookie-statement\/#breadcrumb\"},\"inLanguage\":\"de\",\"potentialAction\":[{\"@type\":\"ReadAction\",\"target\":[\"https:\/\/didvirtualnumbers.com\/cookie-statement\/\"]}]},{\"@type\":\"BreadcrumbList\",\"@id\":\"https:\/\/didvirtualnumbers.com\/cookie-statement\/#breadcrumb\",\"itemListElement\":[{\"@type\":\"ListItem\",\"position\":1,\"name\":\"\u0413\u043b\u0430\u0432\u043d\u0430\u044f \u0441\u0442\u0440\u0430\u043d\u0438\u0446\u0430\",\"item\":\"https:\/\/didvirtualnumbers.com\/\"},{\"@type\":\"ListItem\",\"position\":2,\"name\":\"\u041f\u0440\u0430\u0432\u0438\u043b\u0430 \u043e\u0431\u0440\u0430\u0431\u043e\u0442\u043a\u0438 \u0444\u0430\u0439\u043b\u043e\u0432 cookie\"}]},{\"@type\":\"WebSite\",\"@id\":\"https:\/\/didvirtualnumbers.com\/#website\",\"url\":\"https:\/\/didvirtualnumbers.com\/\",\"name\":\"DIDVirtualNumbers.com\",\"description\":\"\u0412\u0438\u0440\u0442\u0443\u0430\u043b\u044c\u043d\u044b\u0435 \u043d\u043e\u043c\u0435\u0440\u0430 \u0442\u0435\u043b\u0435\u0444\u043e\u043d\u043e\u0432\",\"publisher\":{\"@id\":\"https:\/\/didvirtualnumbers.com\/#organization\"},\"potentialAction\":[{\"@type\":\"SearchAction\",\"target\":{\"@type\":\"EntryPoint\",\"urlTemplate\":\"https:\/\/didvirtualnumbers.com\/?s={search_term_string}\"},\"query-input\":{\"@type\":\"PropertyValueSpecification\",\"valueRequired\":true,\"valueName\":\"search_term_string\"}}],\"inLanguage\":\"de\"},{\"@type\":\"Organization\",\"@id\":\"https:\/\/didvirtualnumbers.com\/#organization\",\"name\":\"DID Virtual Numbers\",\"url\":\"https:\/\/didvirtualnumbers.com\/\",\"logo\":{\"@type\":\"ImageObject\",\"inLanguage\":\"de\",\"@id\":\"https:\/\/didvirtualnumbers.com\/#\/schema\/logo\/image\/\",\"url\":\"https:\/\/didvirtualnumbers.com\/wp-content\/uploads\/2023\/03\/Logo-3.png\",\"contentUrl\":\"https:\/\/didvirtualnumbers.com\/wp-content\/uploads\/2023\/03\/Logo-3.png\",\"width\":121,\"height\":69,\"caption\":\"DID Virtual Numbers\"},\"image\":{\"@id\":\"https:\/\/didvirtualnumbers.com\/#\/schema\/logo\/image\/\"}}]}<\/script>\n<!-- \/ Yoast SEO plugin. -->","yoast_head_json":{"title":"Cookie-Richtlinie \u2013 DID Virtual Numbers","description":"Grundregeln f\u00fcr die Verarbeitung von Cookies auf der DID Virtual Numbers-Website DID Virtual Numbers. Schnelle Verbindung und Sicherheit.","robots":{"index":"index","follow":"follow","max-snippet":"max-snippet:-1","max-image-preview":"max-image-preview:large","max-video-preview":"max-video-preview:-1"},"canonical":"https:\/\/didvirtualnumbers.com\/de\/cookie-statement\/","og_locale":"de_DE","og_type":"article","og_title":"\u041f\u0440\u0430\u0432\u0438\u043b\u0430 \u043e\u0431\u0440\u0430\u0431\u043e\u0442\u043a\u0438 \u0444\u0430\u0439\u043b\u043e\u0432 cookie - DID Virtual Numbers","og_description":"\u041e\u0441\u043d\u043e\u0432\u043d\u044b\u0435 \u043f\u0440\u0430\u0432\u0438\u043b\u0430 \u043e\u0431\u0440\u0430\u0431\u043e\u0442\u043a\u0438 \u0444\u0430\u0439\u043b\u043e\u0432 cookie \u043d\u0430 \u0441\u0430\u0439\u0442\u0435 DID Virtual Numbers DID Virtual Numbers. \u0411\u044b\u0441\u0442\u0440\u043e\u0435 \u043f\u043e\u0434\u043a\u043b\u044e\u0447\u0435\u043d\u0438\u0435 \u0438 \u0437\u0430\u0449\u0438\u0449\u0451\u043d\u043d\u043e\u0441\u0442\u044c.","og_url":"https:\/\/didvirtualnumbers.com\/de\/cookie-statement\/","og_site_name":"DIDVirtualNumbers.com","article_modified_time":"2024-01-24T16:37:54+00:00","twitter_card":"summary_large_image","twitter_title":"\u041f\u0440\u0430\u0432\u0438\u043b\u0430 \u043e\u0431\u0440\u0430\u0431\u043e\u0442\u043a\u0438 \u0444\u0430\u0439\u043b\u043e\u0432 cookie - DID Virtual Numbers","twitter_description":"\u041e\u0441\u043d\u043e\u0432\u043d\u044b\u0435 \u043f\u0440\u0430\u0432\u0438\u043b\u0430 \u043e\u0431\u0440\u0430\u0431\u043e\u0442\u043a\u0438 \u0444\u0430\u0439\u043b\u043e\u0432 cookie \u043d\u0430 \u0441\u0430\u0439\u0442\u0435 DID Virtual Numbers DID Virtual Numbers. \u0411\u044b\u0441\u0442\u0440\u043e\u0435 \u043f\u043e\u0434\u043a\u043b\u044e\u0447\u0435\u043d\u0438\u0435 \u0438 \u0437\u0430\u0449\u0438\u0449\u0451\u043d\u043d\u043e\u0441\u0442\u044c.","twitter_misc":{"Gesch\u00e4tzte Lesezeit":"7\u00a0Minuten"},"schema":{"@context":"https:\/\/schema.org","@graph":[{"@type":"WebPage","@id":"https:\/\/didvirtualnumbers.com\/cookie-statement\/","url":"https:\/\/didvirtualnumbers.com\/cookie-statement\/","name":"Cookie-Richtlinie \u2013 DID Virtual Numbers","isPartOf":{"@id":"https:\/\/didvirtualnumbers.com\/#website"},"datePublished":"2023-04-03T10:50:24+00:00","dateModified":"2024-01-24T16:37:54+00:00","description":"Grundregeln f\u00fcr die Verarbeitung von Cookies auf der DID Virtual Numbers-Website DID Virtual Numbers. Schnelle Verbindung und Sicherheit.","breadcrumb":{"@id":"https:\/\/didvirtualnumbers.com\/cookie-statement\/#breadcrumb"},"inLanguage":"de","potentialAction":[{"@type":"ReadAction","target":["https:\/\/didvirtualnumbers.com\/cookie-statement\/"]}]},{"@type":"BreadcrumbList","@id":"https:\/\/didvirtualnumbers.com\/cookie-statement\/#breadcrumb","itemListElement":[{"@type":"ListItem","position":1,"name":"\u0413\u043b\u0430\u0432\u043d\u0430\u044f \u0441\u0442\u0440\u0430\u043d\u0438\u0446\u0430","item":"https:\/\/didvirtualnumbers.com\/"},{"@type":"ListItem","position":2,"name":"\u041f\u0440\u0430\u0432\u0438\u043b\u0430 \u043e\u0431\u0440\u0430\u0431\u043e\u0442\u043a\u0438 \u0444\u0430\u0439\u043b\u043e\u0432 cookie"}]},{"@type":"WebSite","@id":"https:\/\/didvirtualnumbers.com\/#website","url":"https:\/\/didvirtualnumbers.com\/","name":"DIDVirtualNumbers.com","description":"Virtuelle Telefonnummern","publisher":{"@id":"https:\/\/didvirtualnumbers.com\/#organization"},"potentialAction":[{"@type":"SearchAction","target":{"@type":"EntryPoint","urlTemplate":"https:\/\/didvirtualnumbers.com\/?s={search_term_string}"},"query-input":{"@type":"PropertyValueSpecification","valueRequired":true,"valueName":"search_term_string"}}],"inLanguage":"de"},{"@type":"Organization","@id":"https:\/\/didvirtualnumbers.com\/#organization","name":"DID virtuelle Nummern","url":"https:\/\/didvirtualnumbers.com\/","logo":{"@type":"ImageObject","inLanguage":"de","@id":"https:\/\/didvirtualnumbers.com\/#\/schema\/logo\/image\/","url":"https:\/\/didvirtualnumbers.com\/wp-content\/uploads\/2023\/03\/Logo-3.png","contentUrl":"https:\/\/didvirtualnumbers.com\/wp-content\/uploads\/2023\/03\/Logo-3.png","width":121,"height":69,"caption":"DID Virtual Numbers"},"image":{"@id":"https:\/\/didvirtualnumbers.com\/#\/schema\/logo\/image\/"}}]}},"_links":{"self":[{"href":"https:\/\/didvirtualnumbers.com\/de\/wp-json\/wp\/v2\/pages\/1638","targetHints":{"allow":["GET"]}}],"collection":[{"href":"https:\/\/didvirtualnumbers.com\/de\/wp-json\/wp\/v2\/pages"}],"about":[{"href":"https:\/\/didvirtualnumbers.com\/de\/wp-json\/wp\/v2\/types\/page"}],"author":[{"embeddable":true,"href":"https:\/\/didvirtualnumbers.com\/de\/wp-json\/wp\/v2\/users\/1"}],"replies":[{"embeddable":true,"href":"https:\/\/didvirtualnumbers.com\/de\/wp-json\/wp\/v2\/comments?post=1638"}],"version-history":[{"count":1,"href":"https:\/\/didvirtualnumbers.com\/de\/wp-json\/wp\/v2\/pages\/1638\/revisions"}],"predecessor-version":[{"id":1639,"href":"https:\/\/didvirtualnumbers.com\/de\/wp-json\/wp\/v2\/pages\/1638\/revisions\/1639"}],"wp:attachment":[{"href":"https:\/\/didvirtualnumbers.com\/de\/wp-json\/wp\/v2\/media?parent=1638"}],"curies":[{"name":"wp","href":"https:\/\/api.w.org\/{rel}","templated":true}]}}