{"id":1620,"date":"2023-03-28T18:03:44","date_gmt":"2023-03-28T18:03:44","guid":{"rendered":"https:\/\/didvirtualnumbers.com\/?page_id=1620"},"modified":"2026-04-14T17:35:18","modified_gmt":"2026-04-14T17:35:18","slug":"refund-policy","status":"publish","type":"page","link":"https:\/\/didvirtualnumbers.com\/de\/refund-policy\/","title":{"rendered":"R\u00fcckgaberecht"},"content":{"rendered":"<p>Lieber Kunde! Vielen Dank, dass Sie sich f\u00fcr unseren Service entschieden und Produkte auf der Website gekauft haben. <a href=\"https:\/\/didvirtualnumbers.com\/de\/\" target=\"_blank\" rel=\"noreferrer noopener\">didvirtualnumbers.com<\/a>.<\/p>\n\n\n\n<p>Bitte lesen Sie die unten stehenden Informationen zur R\u00fcckerstattung f\u00fcr virtuelle und Einwegnummern sorgf\u00e4ltig durch.<\/p>\n\n\n\n<h2 class=\"wp-block-heading\">R\u00fcckerstattungen f\u00fcr virtuelle Nummern<\/h2>\n\n\n\n<p><strong>In folgenden F\u00e4llen gew\u00e4hren wir keine R\u00fcckerstattungen:<\/strong><\/p>\n\n\n\n<ul class=\"wp-block-list\">\n<li>Der Kunde hat den Dienst vor Ablauf des bezahlten Zeitraums auf eigenen Wunsch deaktiviert, und dies steht nicht im Zusammenhang mit technischen St\u00f6rungen;<\/li>\n\n\n\n<li>Der Kunde hat kostenpflichtige Dienste deaktiviert oder gel\u00f6scht, und es befinden sich noch ungenutzte Gelder auf dem Konto.;<\/li>\n\n\n\n<li>Wir fordern Dokumente zur Aktivierung der Nummer an, aber der Kunde weigert sich, diese vorzulegen;<\/li>\n\n\n\n<li>Der Kunde nutzte die Dienstleistungen unter Versto\u00df gegen geltendes Recht oder zu betr\u00fcgerischen Zwecken;<\/li>\n\n\n\n<li>Der Kunde hat die Beschr\u00e4nkungen der SMS-Nummer ignoriert;<\/li>\n\n\n\n<li>Die Nummer \u00abZur Registrierung\u00bb funktioniert, empf\u00e4ngt aber keine SMS von einem bestimmten Dienst.;<\/li>\n\n\n\n<li>Die Anrufer-ID kann aus technischen Gr\u00fcnden nicht angezeigt werden;<\/li>\n\n\n\n<li>Der Kunde hat es sich nach der Bestellung anders \u00fcberlegt;<\/li>\n\n\n\n<li>Der Kunde hat versehentlich das Guthaben aufgeladen;<\/li>\n\n\n\n<li>Der Kunde hat die Funktionsweise des Dienstes falsch verstanden;<\/li>\n\n\n\n<li>Dienste von Drittanbietern k\u00f6nnen den Empfang von SMS einschr\u00e4nken;<\/li>\n\n\n\n<li><strong>Wenn ein mit unserer Nummer erstelltes Konto von einer Drittanbieterplattform gesperrt wurde, erfolgt keine R\u00fcckerstattung.<\/strong><\/li>\n<\/ul>\n\n\n\n<p><strong>Wir garantieren Ihnen in folgenden F\u00e4llen eine R\u00fcckerstattung auf Ihr Guthaben:<\/strong><\/p>\n\n\n\n<ul class=\"wp-block-list\">\n<li>Die Nummer ist seit mehr als 24 Stunden nicht erreichbar;<\/li>\n\n\n\n<li>Die Rufnummer wurde vom Netzbetreiber ohne Verschulden des Kunden abgeschaltet;<\/li>\n\n\n\n<li>Wir k\u00f6nnen keine Zahl nennen.<\/li>\n<\/ul>\n\n\n\n<p><strong>Eine R\u00fcckerstattung an den Kunden ist in folgenden F\u00e4llen m\u00f6glich:<\/strong><\/p>\n\n\n\n<ul class=\"wp-block-list\">\n<li>Die Nummer ist nach der Bezahlung nicht mehr verf\u00fcgbar;<\/li>\n\n\n\n<li>Die Nummer ist nicht mehr erreichbar und ein Ersatz ist nicht m\u00f6glich.<\/li>\n<\/ul>\n\n\n\n<p>R\u00fcckerstattungen auf das Guthaben werden innerhalb von 1-5 Werktagen bearbeitet.<\/p>\n\n\n\n<p>R\u00fcckerstattungsantr\u00e4ge werden per E-Mail entgegengenommen: <a href=\"mailto:refund@didvirtualnumbers.com\" rel=\"nofollow\">refund@didvirtualnumbers.com<\/a><\/p>\n\n\n\n<h2 class=\"wp-block-heading\">R\u00fcckerstattungen f\u00fcr Einwegnummern<\/h2>\n\n\n\n<p><strong>Eine R\u00fcckerstattung ist ausgeschlossen, wenn:<\/strong><\/p>\n\n\n\n<ul class=\"wp-block-list\">\n<li>SMS empfangen und im System angezeigt.<\/li>\n<\/ul>\n\n\n\n<p><strong>Automatische R\u00fcckgabe:<\/strong><\/p>\n\n\n\n<ul class=\"wp-block-list\">\n<li>Falls die SMS nicht empfangen wurde, erfolgt die R\u00fcckerstattung automatisch.<\/li>\n<\/ul>\n\n\n\n<p>Der Service ist vollautomatisiert. Bitte folgen Sie den Anweisungen bei der Bestellung.<\/p>","protected":false},"excerpt":{"rendered":"<p>\u0423\u0432\u0430\u0436\u0430\u0435\u043c\u044b\u0439 \u043a\u043b\u0438\u0435\u043d\u0442! \u0411\u043b\u0430\u0433\u043e\u0434\u0430\u0440\u0438\u043c \u0412\u0430\u0441 \u0437\u0430 \u0432\u044b\u0431\u043e\u0440 \u043d\u0430\u0448\u0435\u0433\u043e \u0441\u0435\u0440\u0432\u0438\u0441\u0430 \u0438 \u043f\u043e\u043a\u0443\u043f\u043a\u0443 \u043f\u0440\u043e\u0434\u0443\u043a\u0442\u043e\u0432 \u043d\u0430 \u0441\u0430\u0439\u0442\u0435 didvirtualnumbers.com. \u041f\u043e\u0436\u0430\u043b\u0443\u0439\u0441\u0442\u0430, \u0432\u043d\u0438\u043c\u0430\u0442\u0435\u043b\u044c\u043d\u043e \u043f\u0440\u043e\u0447\u0438\u0442\u0430\u0439\u0442\u0435 \u0438\u043d\u0444\u043e\u0440\u043c\u0430\u0446\u0438\u044e \u043e \u0432\u043e\u0437\u0432\u0440\u0430\u0442\u0435 \u0441\u0440\u0435\u0434\u0441\u0442\u0432 \u0437\u0430 \u0432\u0438\u0440\u0442\u0443\u0430\u043b\u044c\u043d\u044b\u0435 \u0438 \u043e\u0434\u043d\u043e\u0440\u0430\u0437\u043e\u0432\u044b\u0435 (disposable) \u043d\u043e\u043c\u0435\u0440\u0430 \u043d\u0438\u0436\u0435. \u0412\u043e\u0437\u0432\u0440\u0430\u0442 \u0441\u0440\u0435\u0434\u0441\u0442\u0432 \u0437\u0430 \u0432\u0438\u0440\u0442\u0443\u0430\u043b\u044c\u043d\u044b\u0435 \u043d\u043e\u043c\u0435\u0440\u0430 \u041c\u044b \u043d\u0435 \u043f\u0440\u0435\u0434\u043e\u0441\u0442\u0430\u0432\u043b\u044f\u0435\u043c \u0432\u043e\u0437\u0432\u0440\u0430\u0442 \u0432 \u0441\u043b\u0435\u0434\u0443\u044e\u0449\u0438\u0445 \u0441\u043b\u0443\u0447\u0430\u044f\u0445: \u041c\u044b \u0433\u0430\u0440\u0430\u043d\u0442\u0438\u0440\u0443\u0435\u043c \u0432\u043e\u0437\u0432\u0440\u0430\u0442 \u043d\u0430 \u0431\u0430\u043b\u0430\u043d\u0441 \u0432 \u0441\u043b\u0435\u0434\u0443\u044e\u0449\u0438\u0445 \u0441\u043b\u0443\u0447\u0430\u044f\u0445: \u0412\u043e\u0437\u0432\u0440\u0430\u0442 \u043a\u043b\u0438\u0435\u043d\u0442\u0443 \u0432\u043e\u0437\u043c\u043e\u0436\u0435\u043d \u0432 \u0441\u043b\u0435\u0434\u0443\u044e\u0449\u0438\u0445 \u0441\u043b\u0443\u0447\u0430\u044f\u0445: \u0412\u043e\u0437\u0432\u0440\u0430\u0442\u044b [&hellip;]<\/p>\n","protected":false},"author":1,"featured_media":0,"parent":0,"menu_order":0,"comment_status":"closed","ping_status":"closed","template":"","meta":{"zakra_sidebar_layout":"customizer","zakra_remove_content_margin":false,"zakra_sidebar":"customizer","zakra_transparent_header":"customizer","zakra_logo":0,"zakra_main_header_style":"default","zakra_menu_item_color":"","zakra_menu_item_hover_color":"","zakra_menu_item_active_color":"","zakra_menu_active_style":"","zakra_page_header":true,"footnotes":""},"class_list":["post-1620","page","type-page","status-publish","hentry"],"yoast_head":"<!-- This site is optimized with the Yoast SEO plugin v27.0 - https:\/\/yoast.com\/product\/yoast-seo-wordpress\/ -->\n<title>\u041f\u043e\u043b\u0438\u0442\u0438\u043a\u0430 \u0432\u043e\u0437\u0432\u0440\u0430\u0442\u043e\u0432 - DIDVirtualNumbers.com<\/title>\n<meta name=\"description\" content=\"\u041f\u043e\u043b\u0438\u0442\u0438\u043a\u0430 \u0432\u043e\u0437\u0432\u0440\u0430\u0442\u043e\u0432 DID Virtual Numbers. \u0411\u044b\u0441\u0442\u0440\u043e\u0435 \u043f\u043e\u0434\u043a\u043b\u044e\u0447\u0435\u043d\u0438\u0435 \u0438 \u0437\u0430\u0449\u0438\u0449\u0451\u043d\u043d\u043e\u0441\u0442\u044c \ud83d\udd12 \u0411\u043e\u043b\u0435\u0435 90+ \u0441\u0442\u0440\u0430\u043d \u0434\u043e\u0441\u0442\u0443\u043f\u043d\u043e \ud83d\udcb0 \u041f\u0440\u0438\u043d\u0438\u043c\u0430\u0435\u043c \u043a\u0440\u0438\u043f\u0442\u0443.\" \/>\n<meta name=\"robots\" content=\"index, follow, max-snippet:-1, max-image-preview:large, max-video-preview:-1\" \/>\n<link rel=\"canonical\" href=\"https:\/\/didvirtualnumbers.com\/de\/refund-policy\/\" \/>\n<meta property=\"og:locale\" content=\"de_DE\" \/>\n<meta property=\"og:type\" content=\"article\" \/>\n<meta property=\"og:title\" content=\"\u041f\u043e\u043b\u0438\u0442\u0438\u043a\u0430 \u0432\u043e\u0437\u0432\u0440\u0430\u0442\u043e\u0432 - DID Virtual Numbers\" \/>\n<meta property=\"og:description\" content=\"\u041f\u043e\u043b\u0438\u0442\u0438\u043a\u0430 \u0432\u043e\u0437\u0432\u0440\u0430\u0442\u043e\u0432 DID Virtual Numbers. \u0411\u044b\u0441\u0442\u0440\u043e\u0435 \u043f\u043e\u0434\u043a\u043b\u044e\u0447\u0435\u043d\u0438\u0435 \u0438 \u0437\u0430\u0449\u0438\u0449\u0451\u043d\u043d\u043e\u0441\u0442\u044c \ud83d\udd12 \u0411\u043e\u043b\u0435\u0435 90+ \u0441\u0442\u0440\u0430\u043d \u0434\u043e\u0441\u0442\u0443\u043f\u043d\u043e \ud83d\udcb0 \u041f\u0440\u0438\u043d\u0438\u043c\u0430\u0435\u043c \u043a\u0440\u0438\u043f\u0442\u0443.\" \/>\n<meta property=\"og:url\" content=\"https:\/\/didvirtualnumbers.com\/de\/refund-policy\/\" \/>\n<meta property=\"og:site_name\" content=\"DIDVirtualNumbers.com\" \/>\n<meta property=\"article:modified_time\" content=\"2026-04-14T17:35:18+00:00\" \/>\n<meta name=\"twitter:card\" content=\"summary_large_image\" \/>\n<meta name=\"twitter:title\" content=\"\u041f\u043e\u043b\u0438\u0442\u0438\u043a\u0430 \u0432\u043e\u0437\u0432\u0440\u0430\u0442\u043e\u0432 - DID Virtual Numbers\" \/>\n<meta name=\"twitter:description\" content=\"\u041f\u043e\u043b\u0438\u0442\u0438\u043a\u0430 \u0432\u043e\u0437\u0432\u0440\u0430\u0442\u043e\u0432 DID Virtual Numbers. \u0411\u044b\u0441\u0442\u0440\u043e\u0435 \u043f\u043e\u0434\u043a\u043b\u044e\u0447\u0435\u043d\u0438\u0435 \u0438 \u0437\u0430\u0449\u0438\u0449\u0451\u043d\u043d\u043e\u0441\u0442\u044c \ud83d\udd12 \u0411\u043e\u043b\u0435\u0435 90+ \u0441\u0442\u0440\u0430\u043d \u0434\u043e\u0441\u0442\u0443\u043f\u043d\u043e \ud83d\udcb0 \u041f\u0440\u0438\u043d\u0438\u043c\u0430\u0435\u043c \u043a\u0440\u0438\u043f\u0442\u0443.\" \/>\n<meta name=\"twitter:label1\" content=\"Gesch\u00e4tzte Lesezeit\" \/>\n\t<meta name=\"twitter:data1\" content=\"2\u00a0Minuten\" \/>\n<script type=\"application\/ld+json\" class=\"yoast-schema-graph\">{\"@context\":\"https:\/\/schema.org\",\"@graph\":[{\"@type\":\"WebPage\",\"@id\":\"https:\/\/didvirtualnumbers.com\/refund-policy\/\",\"url\":\"https:\/\/didvirtualnumbers.com\/refund-policy\/\",\"name\":\"\u041f\u043e\u043b\u0438\u0442\u0438\u043a\u0430 \u0432\u043e\u0437\u0432\u0440\u0430\u0442\u043e\u0432 - DIDVirtualNumbers.com\",\"isPartOf\":{\"@id\":\"https:\/\/didvirtualnumbers.com\/#website\"},\"datePublished\":\"2023-03-28T18:03:44+00:00\",\"dateModified\":\"2026-04-14T17:35:18+00:00\",\"description\":\"\u041f\u043e\u043b\u0438\u0442\u0438\u043a\u0430 \u0432\u043e\u0437\u0432\u0440\u0430\u0442\u043e\u0432 DID Virtual Numbers. \u0411\u044b\u0441\u0442\u0440\u043e\u0435 \u043f\u043e\u0434\u043a\u043b\u044e\u0447\u0435\u043d\u0438\u0435 \u0438 \u0437\u0430\u0449\u0438\u0449\u0451\u043d\u043d\u043e\u0441\u0442\u044c \ud83d\udd12 \u0411\u043e\u043b\u0435\u0435 90+ \u0441\u0442\u0440\u0430\u043d \u0434\u043e\u0441\u0442\u0443\u043f\u043d\u043e \ud83d\udcb0 \u041f\u0440\u0438\u043d\u0438\u043c\u0430\u0435\u043c \u043a\u0440\u0438\u043f\u0442\u0443.\",\"breadcrumb\":{\"@id\":\"https:\/\/didvirtualnumbers.com\/refund-policy\/#breadcrumb\"},\"inLanguage\":\"de\",\"potentialAction\":[{\"@type\":\"ReadAction\",\"target\":[\"https:\/\/didvirtualnumbers.com\/refund-policy\/\"]}]},{\"@type\":\"BreadcrumbList\",\"@id\":\"https:\/\/didvirtualnumbers.com\/refund-policy\/#breadcrumb\",\"itemListElement\":[{\"@type\":\"ListItem\",\"position\":1,\"name\":\"\u0413\u043b\u0430\u0432\u043d\u0430\u044f \u0441\u0442\u0440\u0430\u043d\u0438\u0446\u0430\",\"item\":\"https:\/\/didvirtualnumbers.com\/\"},{\"@type\":\"ListItem\",\"position\":2,\"name\":\"\u041f\u043e\u043b\u0438\u0442\u0438\u043a\u0430 \u0432\u043e\u0437\u0432\u0440\u0430\u0442\u043e\u0432\"}]},{\"@type\":\"WebSite\",\"@id\":\"https:\/\/didvirtualnumbers.com\/#website\",\"url\":\"https:\/\/didvirtualnumbers.com\/\",\"name\":\"DIDVirtualNumbers.com\",\"description\":\"\u0412\u0438\u0440\u0442\u0443\u0430\u043b\u044c\u043d\u044b\u0435 \u043d\u043e\u043c\u0435\u0440\u0430 \u0442\u0435\u043b\u0435\u0444\u043e\u043d\u043e\u0432\",\"publisher\":{\"@id\":\"https:\/\/didvirtualnumbers.com\/#organization\"},\"potentialAction\":[{\"@type\":\"SearchAction\",\"target\":{\"@type\":\"EntryPoint\",\"urlTemplate\":\"https:\/\/didvirtualnumbers.com\/?s={search_term_string}\"},\"query-input\":{\"@type\":\"PropertyValueSpecification\",\"valueRequired\":true,\"valueName\":\"search_term_string\"}}],\"inLanguage\":\"de\"},{\"@type\":\"Organization\",\"@id\":\"https:\/\/didvirtualnumbers.com\/#organization\",\"name\":\"DID Virtual Numbers\",\"url\":\"https:\/\/didvirtualnumbers.com\/\",\"logo\":{\"@type\":\"ImageObject\",\"inLanguage\":\"de\",\"@id\":\"https:\/\/didvirtualnumbers.com\/#\/schema\/logo\/image\/\",\"url\":\"https:\/\/didvirtualnumbers.com\/wp-content\/uploads\/2023\/03\/Logo-3.png\",\"contentUrl\":\"https:\/\/didvirtualnumbers.com\/wp-content\/uploads\/2023\/03\/Logo-3.png\",\"width\":121,\"height\":69,\"caption\":\"DID Virtual Numbers\"},\"image\":{\"@id\":\"https:\/\/didvirtualnumbers.com\/#\/schema\/logo\/image\/\"}}]}<\/script>\n<!-- \/ Yoast SEO plugin. -->","yoast_head_json":{"title":"R\u00fcckgabebedingungen \u2013 DIDVirtualNumbers.com","description":"R\u00fcckgabebedingungen f\u00fcr virtuelle DID-Nummern. Schnelle Verbindung und Sicherheit \ud83d\udd12 Mehr als 90 L\u00e4nder verf\u00fcgbar \ud83d\udcb0 Wir akzeptieren Krypto.","robots":{"index":"index","follow":"follow","max-snippet":"max-snippet:-1","max-image-preview":"max-image-preview:large","max-video-preview":"max-video-preview:-1"},"canonical":"https:\/\/didvirtualnumbers.com\/de\/refund-policy\/","og_locale":"de_DE","og_type":"article","og_title":"\u041f\u043e\u043b\u0438\u0442\u0438\u043a\u0430 \u0432\u043e\u0437\u0432\u0440\u0430\u0442\u043e\u0432 - DID Virtual Numbers","og_description":"\u041f\u043e\u043b\u0438\u0442\u0438\u043a\u0430 \u0432\u043e\u0437\u0432\u0440\u0430\u0442\u043e\u0432 DID Virtual Numbers. \u0411\u044b\u0441\u0442\u0440\u043e\u0435 \u043f\u043e\u0434\u043a\u043b\u044e\u0447\u0435\u043d\u0438\u0435 \u0438 \u0437\u0430\u0449\u0438\u0449\u0451\u043d\u043d\u043e\u0441\u0442\u044c \ud83d\udd12 \u0411\u043e\u043b\u0435\u0435 90+ \u0441\u0442\u0440\u0430\u043d \u0434\u043e\u0441\u0442\u0443\u043f\u043d\u043e \ud83d\udcb0 \u041f\u0440\u0438\u043d\u0438\u043c\u0430\u0435\u043c \u043a\u0440\u0438\u043f\u0442\u0443.","og_url":"https:\/\/didvirtualnumbers.com\/de\/refund-policy\/","og_site_name":"DIDVirtualNumbers.com","article_modified_time":"2026-04-14T17:35:18+00:00","twitter_card":"summary_large_image","twitter_title":"\u041f\u043e\u043b\u0438\u0442\u0438\u043a\u0430 \u0432\u043e\u0437\u0432\u0440\u0430\u0442\u043e\u0432 - DID Virtual Numbers","twitter_description":"\u041f\u043e\u043b\u0438\u0442\u0438\u043a\u0430 \u0432\u043e\u0437\u0432\u0440\u0430\u0442\u043e\u0432 DID Virtual Numbers. \u0411\u044b\u0441\u0442\u0440\u043e\u0435 \u043f\u043e\u0434\u043a\u043b\u044e\u0447\u0435\u043d\u0438\u0435 \u0438 \u0437\u0430\u0449\u0438\u0449\u0451\u043d\u043d\u043e\u0441\u0442\u044c \ud83d\udd12 \u0411\u043e\u043b\u0435\u0435 90+ \u0441\u0442\u0440\u0430\u043d \u0434\u043e\u0441\u0442\u0443\u043f\u043d\u043e \ud83d\udcb0 \u041f\u0440\u0438\u043d\u0438\u043c\u0430\u0435\u043c \u043a\u0440\u0438\u043f\u0442\u0443.","twitter_misc":{"Gesch\u00e4tzte Lesezeit":"2\u00a0Minuten"},"schema":{"@context":"https:\/\/schema.org","@graph":[{"@type":"WebPage","@id":"https:\/\/didvirtualnumbers.com\/refund-policy\/","url":"https:\/\/didvirtualnumbers.com\/refund-policy\/","name":"R\u00fcckgabebedingungen \u2013 DIDVirtualNumbers.com","isPartOf":{"@id":"https:\/\/didvirtualnumbers.com\/#website"},"datePublished":"2023-03-28T18:03:44+00:00","dateModified":"2026-04-14T17:35:18+00:00","description":"R\u00fcckgabebedingungen f\u00fcr virtuelle DID-Nummern. Schnelle Verbindung und Sicherheit \ud83d\udd12 Mehr als 90 L\u00e4nder verf\u00fcgbar \ud83d\udcb0 Wir akzeptieren Krypto.","breadcrumb":{"@id":"https:\/\/didvirtualnumbers.com\/refund-policy\/#breadcrumb"},"inLanguage":"de","potentialAction":[{"@type":"ReadAction","target":["https:\/\/didvirtualnumbers.com\/refund-policy\/"]}]},{"@type":"BreadcrumbList","@id":"https:\/\/didvirtualnumbers.com\/refund-policy\/#breadcrumb","itemListElement":[{"@type":"ListItem","position":1,"name":"\u0413\u043b\u0430\u0432\u043d\u0430\u044f \u0441\u0442\u0440\u0430\u043d\u0438\u0446\u0430","item":"https:\/\/didvirtualnumbers.com\/"},{"@type":"ListItem","position":2,"name":"\u041f\u043e\u043b\u0438\u0442\u0438\u043a\u0430 \u0432\u043e\u0437\u0432\u0440\u0430\u0442\u043e\u0432"}]},{"@type":"WebSite","@id":"https:\/\/didvirtualnumbers.com\/#website","url":"https:\/\/didvirtualnumbers.com\/","name":"DIDVirtualNumbers.com","description":"Virtuelle Telefonnummern","publisher":{"@id":"https:\/\/didvirtualnumbers.com\/#organization"},"potentialAction":[{"@type":"SearchAction","target":{"@type":"EntryPoint","urlTemplate":"https:\/\/didvirtualnumbers.com\/?s={search_term_string}"},"query-input":{"@type":"PropertyValueSpecification","valueRequired":true,"valueName":"search_term_string"}}],"inLanguage":"de"},{"@type":"Organization","@id":"https:\/\/didvirtualnumbers.com\/#organization","name":"DID virtuelle Nummern","url":"https:\/\/didvirtualnumbers.com\/","logo":{"@type":"ImageObject","inLanguage":"de","@id":"https:\/\/didvirtualnumbers.com\/#\/schema\/logo\/image\/","url":"https:\/\/didvirtualnumbers.com\/wp-content\/uploads\/2023\/03\/Logo-3.png","contentUrl":"https:\/\/didvirtualnumbers.com\/wp-content\/uploads\/2023\/03\/Logo-3.png","width":121,"height":69,"caption":"DID Virtual Numbers"},"image":{"@id":"https:\/\/didvirtualnumbers.com\/#\/schema\/logo\/image\/"}}]}},"_links":{"self":[{"href":"https:\/\/didvirtualnumbers.com\/de\/wp-json\/wp\/v2\/pages\/1620","targetHints":{"allow":["GET"]}}],"collection":[{"href":"https:\/\/didvirtualnumbers.com\/de\/wp-json\/wp\/v2\/pages"}],"about":[{"href":"https:\/\/didvirtualnumbers.com\/de\/wp-json\/wp\/v2\/types\/page"}],"author":[{"embeddable":true,"href":"https:\/\/didvirtualnumbers.com\/de\/wp-json\/wp\/v2\/users\/1"}],"replies":[{"embeddable":true,"href":"https:\/\/didvirtualnumbers.com\/de\/wp-json\/wp\/v2\/comments?post=1620"}],"version-history":[{"count":4,"href":"https:\/\/didvirtualnumbers.com\/de\/wp-json\/wp\/v2\/pages\/1620\/revisions"}],"predecessor-version":[{"id":3538,"href":"https:\/\/didvirtualnumbers.com\/de\/wp-json\/wp\/v2\/pages\/1620\/revisions\/3538"}],"wp:attachment":[{"href":"https:\/\/didvirtualnumbers.com\/de\/wp-json\/wp\/v2\/media?parent=1620"}],"curies":[{"name":"wp","href":"https:\/\/api.w.org\/{rel}","templated":true}]}}